{"id":77826,"date":"2025-05-03T13:32:04","date_gmt":"2025-05-03T13:32:04","guid":{"rendered":"https:\/\/mavideniz.com.tr\/?page_id=77826"},"modified":"2025-10-05T00:07:39","modified_gmt":"2025-10-05T00:07:39","slug":"colheitadeira-de-ervas-aquaticas","status":"publish","type":"page","link":"https:\/\/mavideniz.com.tr\/pt-pt\/embarcacoes-barcos\/colheitadeira-aquatica-barcaca\/colheitadeira-de-ervas-aquaticas\/","title":{"rendered":"Colheitadeira de Ervas Aqu\u00e1ticas"},"content":{"rendered":"\n<p>A Weed Cat \u00e9 uma Colheitadeira Aqu\u00e1tica multi-uso projetada para cortar e colher ervas daninhas subaqu\u00e1ticas, canas e outras plantas aqu\u00e1ticas para a gest\u00e3o do curso de \u00e1gua interior. A m\u00e1quina de colheita aqu\u00e1tica de Weed Cat \u00e9 uma s\u00e9rie mundial incorporada para o projeto padr\u00e3o confi\u00e1vel comprovado com componentes e equipamentos padronizados de alta qualidade.<\/p>\n<p>Quando as plantas crescem mais rapidamente, o aumento do escorrimento de fertilizantes e efluentes exacerbou o problema. Valas e bombas de irriga\u00e7\u00e3o podem se tornar superplantadas com vegeta\u00e7\u00e3o, usinas de energia, entradas de \u00e1gua de f\u00e1bricas podem ser bloqueadas, barcos podem ser prejudicados, os estoques de peixes podem ser interrompidos e a \u00e1gua se move mais lentamente, resultando em maior evapotranspira\u00e7\u00e3o e maior risco de inunda\u00e7\u00e3o. As ervas daninhas aqu\u00e1ticas fazem parte de um ecossistema equilibrado, introduzindo principalmente esp\u00e9cies de plantas aqu\u00e1ticas que se tornam invasivas e causam problemas por congestionamento com corpos de \u00e1gua. Os piores culpados em cursos de \u00e1gua temperados e tropicais s\u00e3o plantas flutuantes, como jacinto-d&#8217;\u00e1gua, alface-d&#8217;\u00e1gua e Salv\u00ednia, plantas totalmente submersas como hidrina, hidromilfoil e plantas enraizadas que alcan\u00e7am a superf\u00edcie, como o cattail, papiro, bulrush e junco.<\/p>\n<p>Colheitadeira de ervas daninhas aqu\u00e1tica coleta poluentes semissubmersos, algas, ervas daninhas, materiais pl\u00e1sticos, madeiras, lixo, garrafas, detritos s\u00f3lidos e mat\u00e9ria org\u00e2nica perto da costa e em marinas, lagos, lagoas, represas, p\u00e2ntanos, canais, ba\u00edas, \u00e1reas portu\u00e1rias e outras vias naveg\u00e1veis.<\/p>\n<p>Colheitadeira de ervas daninhas aqu\u00e1ticas \u00e9 uma limpeza eficaz de ervas daninhas aqu\u00e1ticas. Tamb\u00e9m pode operar em \u00e1guas estreitas e rasas, onde navios maiores com as mesmas habilidades t\u00e9cnicas n\u00e3o teriam acesso &#8211; projetados e equipados para marinas, lagos, p\u00e2ntanos, represas, p\u00e2ntanos, \u00e1reas portu\u00e1rias, canais, ba\u00edas e costas.<\/p>\n<p>A Aquatic Weed Harvester desenvolveu sistemas\/acess\u00f3rios para colheita, transporte e despejo de ervas daninhas. Uma correia transportadora hidr\u00e1ulica \u00e9 instalada na frente do navio, que coleta as biomassas flutuantes. O equipamento de corte da planta \u00e9 conduzido por um sistema hidr\u00e1ulico altamente eficiente que utiliza a engrenagem m\u00f3vel Weed Cat corta as ervas daninhas; eles voltam para um transportador girat\u00f3rio cont\u00ednuo e jog\u00e1-los no por\u00e3o de armazenamento. Com o rec\u00e9m-projetado Weed Cat pode coletar plantas flutuantes, jacinto-de-\u00e1gua, Salvinia, ervas-daninhas, algas, enraizadas submersas, milfoil, elodea, hidrina, ervas-daninhas, erva-de-campo, enraizada emergiu, bulrushes, cattails, canas, serragem, sedges. Nosso escrit\u00f3rio de engenharia ter\u00e1 o prazer de projetar um barco de coleta de ervas daninhas adequado para suas necessidades espec\u00edficas.<\/p>\n<p>A Organiza\u00e7\u00e3o Mar\u00edtima Internacional anunciou uma estrat\u00e9gia para reduzir as emiss\u00f5es de gases de efeito estufa (GEE) a zero at\u00e9 o final deste s\u00e9culo, e as regulamenta\u00e7\u00f5es ambientais marinhas foram endurecidas em todo o mundo. A implementa\u00e7\u00e3o de zonas de controlo das emiss\u00f5es come\u00e7ou a afetar as opera\u00e7\u00f5es dos navios. A Mavi Deniz iniciou com sucesso novos regulamentos de controle de emiss\u00f5es desenvolvendo solu\u00e7\u00f5es de duplo combust\u00edvel e tecnologias de energia verde mais limpas. Mavi Deniz&#8217;s Green Power Options; Sistema de Energia Solar, Sistema de Energia da Bateria, Sistema de C\u00e9lula de Combust\u00edvel a Hidrog\u00eanio e Sistema de GPL podem se integrar completamente na Colheitadeira Aqu\u00e1tica, incluindo equipamento de conv\u00e9s e sistema de propuls\u00e3o.<\/p>\n<p><strong>Colheitadeira de ervas daninhas aqu\u00e1ticas op\u00e7\u00f5es de energia verde<\/strong><\/p>\n<ul>\n<li>Alimentado por Sistema de Energia Solar<\/li>\n<li>Alimentado por sistema de alimenta\u00e7\u00e3o de bateria<\/li>\n<li>Alimentado por sistema de c\u00e9lula de combust\u00edvel de hidrog\u00eanio<\/li>\n<li>Alimentado por sistema de GPL<\/li>\n<\/ul>\n<p><strong>Recursos<\/strong><\/p>\n<ul>\n<li>Colheitadeira de ervas daninhas aqu\u00e1tica \u00e9 baseada em um catamar\u00e3 de a\u00e7o robusto ou monocasco.<\/li>\n<li>Uma constru\u00e7\u00e3o pesada.<\/li>\n<li>Recolhe res\u00edduos flutuantes e semissubmersos. (madeiras, trastes, lixo, garrafas, detritos s\u00f3lidos, etc.)<\/li>\n<li>Colheitadeira de ervas daninhas aqu\u00e1ticas cortou e coletou vegeta\u00e7\u00e3o flutuante, ervas daninhas, jacinto-de-\u00e1gua, Salvinia, ervas daninhas, algas, enraizadas submersas, milfoil eurasi\u00e1tico, elodea, hidrina, erva-da-praia, ervas daninhas, enraizadas emergiram, bulrushes, cattails, canas, serragem e sedge.<\/li>\n<\/ul>\n<p><strong>Opcional<\/strong><\/p>\n<ul>\n<li>Sol\/Cobertura da chuva<\/li>\n<li>Operador de cabina<\/li>\n<li>Pulveriza\u00e7\u00e3o de dispersante<\/li>\n<li>Combate a inc\u00eandios<\/li>\n<li>Ar condicionado<\/li>\n<li>Reboque Transportador<\/li>\n<li>Transportadora Mar\u00edtima<\/li>\n<li>Reboque de plataforma inclin\u00e1vel<\/li>\n<\/ul>\n<p>[id de wptm=67]<\/p>\n","protected":false},"excerpt":{"rendered":"<p>A Weed Cat \u00e9 uma Colheitadeira Aqu\u00e1tica multi-uso projetada para cortar e colher ervas daninhas subaqu\u00e1ticas, canas e outras plantas [&hellip;]<\/p>\n","protected":false},"author":1,"featured_media":0,"parent":77822,"menu_order":0,"comment_status":"closed","ping_status":"closed","template":"","meta":{"site-sidebar-layout":"default","site-content-layout":"","ast-site-content-layout":"default","site-content-style":"default","site-sidebar-style":"default","ast-global-header-display":"","ast-banner-title-visibility":"","ast-main-header-display":"","ast-hfb-above-header-display":"","ast-hfb-below-header-display":"","ast-hfb-mobile-header-display":"","site-post-title":"","ast-breadcrumbs-content":"","ast-featured-img":"","footer-sml-layout":"","ast-disable-related-posts":"","theme-transparent-header-meta":"","adv-header-id-meta":"","stick-header-meta":"","header-above-stick-meta":"","header-main-stick-meta":"","header-below-stick-meta":"","astra-migrate-meta-layouts":"default","ast-page-background-enabled":"default","ast-page-background-meta":{"desktop":{"background-color":"var(--ast-global-color-5)","background-image":"","background-repeat":"repeat","background-position":"center center","background-size":"auto","background-attachment":"scroll","background-type":"","background-media":"","overlay-type":"","overlay-color":"","overlay-opacity":"","overlay-gradient":""},"tablet":{"background-color":"","background-image":"","background-repeat":"repeat","background-position":"center center","background-size":"auto","background-attachment":"scroll","background-type":"","background-media":"","overlay-type":"","overlay-color":"","overlay-opacity":"","overlay-gradient":""},"mobile":{"background-color":"","background-image":"","background-repeat":"repeat","background-position":"center center","background-size":"auto","background-attachment":"scroll","background-type":"","background-media":"","overlay-type":"","overlay-color":"","overlay-opacity":"","overlay-gradient":""}},"ast-content-background-meta":{"desktop":{"background-color":"var(--ast-global-color-4)","background-image":"","background-repeat":"repeat","background-position":"center center","background-size":"auto","background-attachment":"scroll","background-type":"","background-media":"","overlay-type":"","overlay-color":"","overlay-opacity":"","overlay-gradient":""},"tablet":{"background-color":"var(--ast-global-color-4)","background-image":"","background-repeat":"repeat","background-position":"center center","background-size":"auto","background-attachment":"scroll","background-type":"","background-media":"","overlay-type":"","overlay-color":"","overlay-opacity":"","overlay-gradient":""},"mobile":{"background-color":"var(--ast-global-color-4)","background-image":"","background-repeat":"repeat","background-position":"center center","background-size":"auto","background-attachment":"scroll","background-type":"","background-media":"","overlay-type":"","overlay-color":"","overlay-opacity":"","overlay-gradient":""}},"footnotes":""},"class_list":["post-77826","page","type-page","status-publish","hentry"],"_links":{"self":[{"href":"https:\/\/mavideniz.com.tr\/pt-pt\/wp-json\/wp\/v2\/pages\/77826","targetHints":{"allow":["GET"]}}],"collection":[{"href":"https:\/\/mavideniz.com.tr\/pt-pt\/wp-json\/wp\/v2\/pages"}],"about":[{"href":"https:\/\/mavideniz.com.tr\/pt-pt\/wp-json\/wp\/v2\/types\/page"}],"author":[{"embeddable":true,"href":"https:\/\/mavideniz.com.tr\/pt-pt\/wp-json\/wp\/v2\/users\/1"}],"replies":[{"embeddable":true,"href":"https:\/\/mavideniz.com.tr\/pt-pt\/wp-json\/wp\/v2\/comments?post=77826"}],"version-history":[{"count":0,"href":"https:\/\/mavideniz.com.tr\/pt-pt\/wp-json\/wp\/v2\/pages\/77826\/revisions"}],"up":[{"embeddable":true,"href":"https:\/\/mavideniz.com.tr\/pt-pt\/wp-json\/wp\/v2\/pages\/77822"}],"wp:attachment":[{"href":"https:\/\/mavideniz.com.tr\/pt-pt\/wp-json\/wp\/v2\/media?parent=77826"}],"curies":[{"name":"wp","href":"https:\/\/api.w.org\/{rel}","templated":true}]}}