{"id":77827,"date":"2025-05-03T13:32:22","date_gmt":"2025-05-03T13:32:22","guid":{"rendered":"https:\/\/mavideniz.com.tr\/?page_id=77827"},"modified":"2025-10-05T00:07:39","modified_gmt":"2025-10-05T00:07:39","slug":"barcaca-de-transporte-de-ervas-daninhas-aquaticas","status":"publish","type":"page","link":"https:\/\/mavideniz.com.tr\/pt-pt\/embarcacoes-barcos\/colheitadeira-aquatica-barcaca\/barcaca-de-transporte-de-ervas-daninhas-aquaticas\/","title":{"rendered":"Barca\u00e7a de transporte de ervas daninhas aqu\u00e1ticas"},"content":{"rendered":"\n<p>Barca\u00e7a de transporte de ervas daninhas aqu\u00e1ticas projetada para o lixo, ervas daninhas, detritos e remo\u00e7\u00e3o s\u00f3lida para transferir da \u00e1gua para a costa. Barca\u00e7a de transporte de ervas daninhas aqu\u00e1ticas \u00e9 necess\u00e1ria para projetos onde poucos locais de descarga ou lugares distantes, com a barca\u00e7a de tempo de transporte e dinheiro, ficar no seu bolso. Os colhedores de ervas daninhas podem continuar trabalhando sem perder tempo. Barca\u00e7a de transporte de ervas daninhas carregar ou descarregar tudo. Transferir cargas de ervas daninhas para a costa, aumentando a efici\u00eancia da colheita.<\/p>\n<p>A Organiza\u00e7\u00e3o Mar\u00edtima Internacional anunciou uma estrat\u00e9gia para reduzir as emiss\u00f5es de gases de efeito estufa (GEE) a zero at\u00e9 o final deste s\u00e9culo, e as regulamenta\u00e7\u00f5es ambientais marinhas foram endurecidas em todo o mundo. A implementa\u00e7\u00e3o de zonas de controlo das emiss\u00f5es come\u00e7ou a afetar as opera\u00e7\u00f5es dos navios. A Mavi Deniz iniciou com sucesso novos regulamentos de controle de emiss\u00f5es desenvolvendo solu\u00e7\u00f5es de duplo combust\u00edvel e tecnologias de energia verde mais limpas. Mavi Deniz&#8217;s Green Power Options; Sistema de Energia Solar, Sistema de Energia da Bateria, Sistema de Pilhas de Combust\u00edvel a Hidrog\u00eanio e Sistema de GPL podem se integrar completamente na Barca\u00e7a de Transporte de Erva Aqu\u00e1tica, incluindo equipamento de conv\u00e9s e sistema de propuls\u00e3o.<\/p>\n<p><strong>Aquatic Weed Transport Barge Op\u00e7\u00f5es de energia verde<\/strong><\/p>\n<ul>\n<li>Alimentado por Sistema de Energia Solar<\/li>\n<li>Alimentado por sistema de alimenta\u00e7\u00e3o de bateria<\/li>\n<li>Alimentado por sistema de c\u00e9lula de combust\u00edvel de hidrog\u00eanio<\/li>\n<li>Alimentado por sistema de GPL<\/li>\n<\/ul>\n<h2><strong>Recursos<\/strong><\/h2>\n<ul>\n<li>Embarca\u00e7\u00e3o de carga e descarga autom\u00e1tica de abastecimento e de apoio<\/li>\n<li>Casco resistente com arco refor\u00e7ado e popa<\/li>\n<li>Escumadeiras de lixo, Limpador de rio, Limpador de lago, Limpador de marina<\/li>\n<li>Adapta\u00e7\u00e3o a outras marcas de colheitadeiras e Skimmer barcos dispon\u00edveis como personaliza\u00e7\u00e3o de f\u00e1brica.<\/li>\n<li>Visualiza\u00e7\u00e3o de 360 graus sobre a Control Bridge<\/li>\n<li>Controles Hidr\u00e1ulicos De Ponta Do Dedo.<\/li>\n<li>Alta capacidade de manobrabilidade com sistema de propuls\u00e3o dupla<\/li>\n<li>Tubos hidr\u00e1ulicos de a\u00e7o inoxid\u00e1vel e fixadores.<\/li>\n<li>Heavy Duty Movendo Transportador Mesh Andar de alimenta\u00e7\u00e3o Stern para curvar<\/li>\n<li>Transdutores Hidr\u00e1ulicos.<\/li>\n<li>Transportador de Descarga Articulante.<\/li>\n<\/ul>\n<p>[id de wptm=68]<\/p>\n","protected":false},"excerpt":{"rendered":"<p>Barca\u00e7a de transporte de ervas daninhas aqu\u00e1ticas projetada para o lixo, ervas daninhas, detritos e remo\u00e7\u00e3o s\u00f3lida para transferir da [&hellip;]<\/p>\n","protected":false},"author":1,"featured_media":0,"parent":77822,"menu_order":0,"comment_status":"closed","ping_status":"closed","template":"","meta":{"site-sidebar-layout":"default","site-content-layout":"","ast-site-content-layout":"default","site-content-style":"default","site-sidebar-style":"default","ast-global-header-display":"","ast-banner-title-visibility":"","ast-main-header-display":"","ast-hfb-above-header-display":"","ast-hfb-below-header-display":"","ast-hfb-mobile-header-display":"","site-post-title":"","ast-breadcrumbs-content":"","ast-featured-img":"","footer-sml-layout":"","ast-disable-related-posts":"","theme-transparent-header-meta":"","adv-header-id-meta":"","stick-header-meta":"","header-above-stick-meta":"","header-main-stick-meta":"","header-below-stick-meta":"","astra-migrate-meta-layouts":"default","ast-page-background-enabled":"default","ast-page-background-meta":{"desktop":{"background-color":"var(--ast-global-color-5)","background-image":"","background-repeat":"repeat","background-position":"center center","background-size":"auto","background-attachment":"scroll","background-type":"","background-media":"","overlay-type":"","overlay-color":"","overlay-opacity":"","overlay-gradient":""},"tablet":{"background-color":"","background-image":"","background-repeat":"repeat","background-position":"center center","background-size":"auto","background-attachment":"scroll","background-type":"","background-media":"","overlay-type":"","overlay-color":"","overlay-opacity":"","overlay-gradient":""},"mobile":{"background-color":"","background-image":"","background-repeat":"repeat","background-position":"center center","background-size":"auto","background-attachment":"scroll","background-type":"","background-media":"","overlay-type":"","overlay-color":"","overlay-opacity":"","overlay-gradient":""}},"ast-content-background-meta":{"desktop":{"background-color":"var(--ast-global-color-4)","background-image":"","background-repeat":"repeat","background-position":"center center","background-size":"auto","background-attachment":"scroll","background-type":"","background-media":"","overlay-type":"","overlay-color":"","overlay-opacity":"","overlay-gradient":""},"tablet":{"background-color":"var(--ast-global-color-4)","background-image":"","background-repeat":"repeat","background-position":"center center","background-size":"auto","background-attachment":"scroll","background-type":"","background-media":"","overlay-type":"","overlay-color":"","overlay-opacity":"","overlay-gradient":""},"mobile":{"background-color":"var(--ast-global-color-4)","background-image":"","background-repeat":"repeat","background-position":"center center","background-size":"auto","background-attachment":"scroll","background-type":"","background-media":"","overlay-type":"","overlay-color":"","overlay-opacity":"","overlay-gradient":""}},"footnotes":""},"class_list":["post-77827","page","type-page","status-publish","hentry"],"_links":{"self":[{"href":"https:\/\/mavideniz.com.tr\/pt-pt\/wp-json\/wp\/v2\/pages\/77827","targetHints":{"allow":["GET"]}}],"collection":[{"href":"https:\/\/mavideniz.com.tr\/pt-pt\/wp-json\/wp\/v2\/pages"}],"about":[{"href":"https:\/\/mavideniz.com.tr\/pt-pt\/wp-json\/wp\/v2\/types\/page"}],"author":[{"embeddable":true,"href":"https:\/\/mavideniz.com.tr\/pt-pt\/wp-json\/wp\/v2\/users\/1"}],"replies":[{"embeddable":true,"href":"https:\/\/mavideniz.com.tr\/pt-pt\/wp-json\/wp\/v2\/comments?post=77827"}],"version-history":[{"count":0,"href":"https:\/\/mavideniz.com.tr\/pt-pt\/wp-json\/wp\/v2\/pages\/77827\/revisions"}],"up":[{"embeddable":true,"href":"https:\/\/mavideniz.com.tr\/pt-pt\/wp-json\/wp\/v2\/pages\/77822"}],"wp:attachment":[{"href":"https:\/\/mavideniz.com.tr\/pt-pt\/wp-json\/wp\/v2\/media?parent=77827"}],"curies":[{"name":"wp","href":"https:\/\/api.w.org\/{rel}","templated":true}]}}