{"id":77832,"date":"2025-05-03T13:35:23","date_gmt":"2025-05-03T13:35:23","guid":{"rendered":"https:\/\/mavideniz.com.tr\/?page_id=77832"},"modified":"2025-10-05T00:07:39","modified_gmt":"2025-10-05T00:07:39","slug":"barcos-de-trabalho-de-aluminio","status":"publish","type":"page","link":"https:\/\/mavideniz.com.tr\/pt-pt\/embarcacoes-barcos\/camada-de-boia-embarcacao-de-apoio\/barcos-de-trabalho-de-aluminio\/","title":{"rendered":"Barcos de trabalho de alum\u00ednio"},"content":{"rendered":"\n<p>Barcos de alum\u00ednio s\u00e3o projetados para barcos de trabalho ou lazer. A linha de barcos de alum\u00ednio est\u00e1 dispon\u00edvel em v\u00e1rios comprimentos e constru\u00e7\u00f5es personalizadas. As embarca\u00e7\u00f5es de trabalho s\u00e3o feitas de alum\u00ednio marinho com uma forma profunda de casco em V, adequado para opera\u00e7\u00f5es costeiras. Barcos de trabalho em alum\u00ednio est\u00e3o dispon\u00edveis com um motor externo ou interno. As op\u00e7\u00f5es de propuls\u00e3o interior sterndrive ou waterjet est\u00e3o dispon\u00edveis.<\/p>\n<p>O bote de alum\u00ednio \u00e9 bem adequado para o desportista que procura um barco de pesca, uma plataforma para o trabalho de resgate, um barco de ca\u00e7a, ou um barco de todo o mundo para passeios em fam\u00edlia, al\u00e9m do trabalho de servi\u00e7o. As embarca\u00e7\u00f5es de trabalho t\u00eam um conv\u00e9s anti-deslizante e autossuficiente e v\u00eam, por padr\u00e3o, com um compartimento de \u00e2ncora, incluindo uma escotilha, dois cabe\u00e7os, pontos de eleva\u00e7\u00e3o \u2014 muita sala de carga \u00e0 frente do console central para equipamentos, macas, etc.<\/p>\n<p>[id de wptm=142]<\/p>\n","protected":false},"excerpt":{"rendered":"<p>Barcos de alum\u00ednio s\u00e3o projetados para barcos de trabalho ou lazer. A linha de barcos de alum\u00ednio est\u00e1 dispon\u00edvel em [&hellip;]<\/p>\n","protected":false},"author":1,"featured_media":0,"parent":77830,"menu_order":0,"comment_status":"closed","ping_status":"closed","template":"","meta":{"site-sidebar-layout":"default","site-content-layout":"","ast-site-content-layout":"default","site-content-style":"default","site-sidebar-style":"default","ast-global-header-display":"","ast-banner-title-visibility":"","ast-main-header-display":"","ast-hfb-above-header-display":"","ast-hfb-below-header-display":"","ast-hfb-mobile-header-display":"","site-post-title":"","ast-breadcrumbs-content":"","ast-featured-img":"","footer-sml-layout":"","ast-disable-related-posts":"","theme-transparent-header-meta":"","adv-header-id-meta":"","stick-header-meta":"","header-above-stick-meta":"","header-main-stick-meta":"","header-below-stick-meta":"","astra-migrate-meta-layouts":"default","ast-page-background-enabled":"default","ast-page-background-meta":{"desktop":{"background-color":"var(--ast-global-color-5)","background-image":"","background-repeat":"repeat","background-position":"center center","background-size":"auto","background-attachment":"scroll","background-type":"","background-media":"","overlay-type":"","overlay-color":"","overlay-opacity":"","overlay-gradient":""},"tablet":{"background-color":"","background-image":"","background-repeat":"repeat","background-position":"center center","background-size":"auto","background-attachment":"scroll","background-type":"","background-media":"","overlay-type":"","overlay-color":"","overlay-opacity":"","overlay-gradient":""},"mobile":{"background-color":"","background-image":"","background-repeat":"repeat","background-position":"center center","background-size":"auto","background-attachment":"scroll","background-type":"","background-media":"","overlay-type":"","overlay-color":"","overlay-opacity":"","overlay-gradient":""}},"ast-content-background-meta":{"desktop":{"background-color":"var(--ast-global-color-4)","background-image":"","background-repeat":"repeat","background-position":"center center","background-size":"auto","background-attachment":"scroll","background-type":"","background-media":"","overlay-type":"","overlay-color":"","overlay-opacity":"","overlay-gradient":""},"tablet":{"background-color":"var(--ast-global-color-4)","background-image":"","background-repeat":"repeat","background-position":"center center","background-size":"auto","background-attachment":"scroll","background-type":"","background-media":"","overlay-type":"","overlay-color":"","overlay-opacity":"","overlay-gradient":""},"mobile":{"background-color":"var(--ast-global-color-4)","background-image":"","background-repeat":"repeat","background-position":"center center","background-size":"auto","background-attachment":"scroll","background-type":"","background-media":"","overlay-type":"","overlay-color":"","overlay-opacity":"","overlay-gradient":""}},"footnotes":""},"class_list":["post-77832","page","type-page","status-publish","hentry"],"_links":{"self":[{"href":"https:\/\/mavideniz.com.tr\/pt-pt\/wp-json\/wp\/v2\/pages\/77832","targetHints":{"allow":["GET"]}}],"collection":[{"href":"https:\/\/mavideniz.com.tr\/pt-pt\/wp-json\/wp\/v2\/pages"}],"about":[{"href":"https:\/\/mavideniz.com.tr\/pt-pt\/wp-json\/wp\/v2\/types\/page"}],"author":[{"embeddable":true,"href":"https:\/\/mavideniz.com.tr\/pt-pt\/wp-json\/wp\/v2\/users\/1"}],"replies":[{"embeddable":true,"href":"https:\/\/mavideniz.com.tr\/pt-pt\/wp-json\/wp\/v2\/comments?post=77832"}],"version-history":[{"count":0,"href":"https:\/\/mavideniz.com.tr\/pt-pt\/wp-json\/wp\/v2\/pages\/77832\/revisions"}],"up":[{"embeddable":true,"href":"https:\/\/mavideniz.com.tr\/pt-pt\/wp-json\/wp\/v2\/pages\/77830"}],"wp:attachment":[{"href":"https:\/\/mavideniz.com.tr\/pt-pt\/wp-json\/wp\/v2\/media?parent=77832"}],"curies":[{"name":"wp","href":"https:\/\/api.w.org\/{rel}","templated":true}]}}