{"id":77833,"date":"2025-05-03T13:36:04","date_gmt":"2025-05-03T13:36:04","guid":{"rendered":"https:\/\/mavideniz.com.tr\/?page_id=77833"},"modified":"2025-10-05T00:07:39","modified_gmt":"2025-10-05T00:07:39","slug":"embarcacao-de-colocacao-de-boias","status":"publish","type":"page","link":"https:\/\/mavideniz.com.tr\/pt-pt\/embarcacoes-barcos\/camada-de-boia-embarcacao-de-apoio\/embarcacao-de-colocacao-de-boias\/","title":{"rendered":"Embarca\u00e7\u00e3o de Coloca\u00e7\u00e3o de B\u00f3ias"},"content":{"rendered":"\n<p>O Mavi Deniz Booy Laying Vessel \u00e9 projetado principalmente para instalar e manter boias de navega\u00e7\u00e3o e beacons em mares, portos e mares abertos. O objetivo principal do navio de boia est\u00e1 em manter e instalar as boias. Ela pode ajudar em opera\u00e7\u00f5es de busca e resgate, atividades de quebra-gelo, rebocadores, opera\u00e7\u00f5es de levantamento hidrogr\u00e1fico e situa\u00e7\u00f5es de combate a inc\u00eandios e petr\u00f3leo.<\/p>\n<p>O Booy Laying Vessel tem um casco refor\u00e7ado que pode ser usado como um navio multiuso. A boia do navio de assentamento pode operar no espa\u00e7o espa\u00e7oso, \u00fanico conv\u00e9s de trabalho para manuseio de boia\/corrente associada e m\u00e1quinas de eleva\u00e7\u00e3o com estrutura A ou grua.<\/p>\n<p>O Booy Laying Vessel pode operar durante todas as esta\u00e7\u00f5es e \u00e9 otimizado para fornecer uma plataforma de trabalho segura e uma opera\u00e7\u00e3o segura para levantar, implantar, colocar, manusear e manter a estabilidade e a manuten\u00e7\u00e3o do mar.<\/p>\n<p>Navio que deita boias utilizando continuamente a Dire\u00e7\u00e3o-Geral da Seguran\u00e7a Costeira Turca no Mar de M\u00e1rmara, Mar Negro, Mar Egeu e Mar Mediterr\u00e2neo. O navio lan\u00e7a-boias est\u00e1 tamb\u00e9m \u00e0 espera de um navio em espera no B\u00f3sforo de Istambul para uma opera\u00e7\u00e3o de emerg\u00eancia de derrame de petr\u00f3leo.<\/p>\n<p>A Organiza\u00e7\u00e3o Mar\u00edtima Internacional anunciou uma estrat\u00e9gia para reduzir as emiss\u00f5es de gases de efeito estufa (GEE) a zero at\u00e9 o final deste s\u00e9culo, e as regulamenta\u00e7\u00f5es ambientais marinhas foram endurecidas em todo o mundo. A implementa\u00e7\u00e3o de zonas de controlo das emiss\u00f5es come\u00e7ou a afetar as opera\u00e7\u00f5es dos navios. A Mavi Deniz iniciou com sucesso novos regulamentos de controle de emiss\u00f5es desenvolvendo solu\u00e7\u00f5es de duplo combust\u00edvel e tecnologias de energia verde mais limpas. Mavi Deniz&#8217;s Green Power Options; Sistema de Energia Solar, Sistema de Energia de Bateria, Sistema de Pilhas de Combust\u00edvel de Hidrog\u00eanio e Sistema LGG podem integrar-se totalmente em Boias de Vaso Poedeiras, incluindo equipamentos de conv\u00e9s e sistema de propuls\u00e3o.<\/p>\n<p><strong>Op\u00e7\u00f5es de energia verde do navio de boia<\/strong><\/p>\n<ul>\n<li>Alimentado por Sistema de Energia Solar<\/li>\n<li>Alimentado por sistema de alimenta\u00e7\u00e3o de bateria<\/li>\n<li>Alimentado por sistema de c\u00e9lula de combust\u00edvel de hidrog\u00eanio<\/li>\n<li>Alimentado por sistema de GPL<\/li>\n<\/ul>\n<p>N\u00f3s podemos organizar o projeto para suas necessidades, perfil operacional e requisitos, e tamb\u00e9m modelos de boia de navio de coloca\u00e7\u00e3o pode equipar com:<\/p>\n<ul>\n<li>Boia Coloca\u00e7\u00e3o + manuseio<\/li>\n<li>Manuseio de amarra\u00e7\u00e3o<\/li>\n<li>Resposta ao derramamento de petr\u00f3leo<\/li>\n<li>Suporte de Mergulho<\/li>\n<li>Combate a Inc\u00eandios<\/li>\n<li>Marca\u00e7\u00e3o de Destro\u00e7os<\/li>\n<li>Reboque<\/li>\n<li>Levantamento Hidrogr\u00e1fico<\/li>\n<li>Prote\u00e7\u00e3o das pescas<\/li>\n<li>Navio de abastecimento<\/li>\n<li>Posicionamento din\u00e2mico<\/li>\n<\/ul>\n<p>Depois de entregar o Booy Deitado Vaso, voc\u00ea ver\u00e1 o mesmo desempenho e qualidade anos e anos depois. Uma raz\u00e3o para pegar o desempenho e qualidade; N\u00f3s n\u00e3o escolher produtos baratos, escolher o melhor material e produtos para a constru\u00e7\u00e3o do boia Vaso de postura, e escolher os melhores trabalhadores e engenheiros.<\/p>\n<p>[id de wptm=82]<\/p>\n","protected":false},"excerpt":{"rendered":"<p>O Mavi Deniz Booy Laying Vessel \u00e9 projetado principalmente para instalar e manter boias de navega\u00e7\u00e3o e beacons em mares, [&hellip;]<\/p>\n","protected":false},"author":1,"featured_media":0,"parent":77830,"menu_order":0,"comment_status":"closed","ping_status":"closed","template":"","meta":{"site-sidebar-layout":"default","site-content-layout":"","ast-site-content-layout":"default","site-content-style":"default","site-sidebar-style":"default","ast-global-header-display":"","ast-banner-title-visibility":"","ast-main-header-display":"","ast-hfb-above-header-display":"","ast-hfb-below-header-display":"","ast-hfb-mobile-header-display":"","site-post-title":"","ast-breadcrumbs-content":"","ast-featured-img":"","footer-sml-layout":"","ast-disable-related-posts":"","theme-transparent-header-meta":"","adv-header-id-meta":"","stick-header-meta":"","header-above-stick-meta":"","header-main-stick-meta":"","header-below-stick-meta":"","astra-migrate-meta-layouts":"default","ast-page-background-enabled":"default","ast-page-background-meta":{"desktop":{"background-color":"var(--ast-global-color-5)","background-image":"","background-repeat":"repeat","background-position":"center center","background-size":"auto","background-attachment":"scroll","background-type":"","background-media":"","overlay-type":"","overlay-color":"","overlay-opacity":"","overlay-gradient":""},"tablet":{"background-color":"","background-image":"","background-repeat":"repeat","background-position":"center center","background-size":"auto","background-attachment":"scroll","background-type":"","background-media":"","overlay-type":"","overlay-color":"","overlay-opacity":"","overlay-gradient":""},"mobile":{"background-color":"","background-image":"","background-repeat":"repeat","background-position":"center center","background-size":"auto","background-attachment":"scroll","background-type":"","background-media":"","overlay-type":"","overlay-color":"","overlay-opacity":"","overlay-gradient":""}},"ast-content-background-meta":{"desktop":{"background-color":"var(--ast-global-color-4)","background-image":"","background-repeat":"repeat","background-position":"center center","background-size":"auto","background-attachment":"scroll","background-type":"","background-media":"","overlay-type":"","overlay-color":"","overlay-opacity":"","overlay-gradient":""},"tablet":{"background-color":"var(--ast-global-color-4)","background-image":"","background-repeat":"repeat","background-position":"center center","background-size":"auto","background-attachment":"scroll","background-type":"","background-media":"","overlay-type":"","overlay-color":"","overlay-opacity":"","overlay-gradient":""},"mobile":{"background-color":"var(--ast-global-color-4)","background-image":"","background-repeat":"repeat","background-position":"center center","background-size":"auto","background-attachment":"scroll","background-type":"","background-media":"","overlay-type":"","overlay-color":"","overlay-opacity":"","overlay-gradient":""}},"footnotes":""},"class_list":["post-77833","page","type-page","status-publish","hentry"],"_links":{"self":[{"href":"https:\/\/mavideniz.com.tr\/pt-pt\/wp-json\/wp\/v2\/pages\/77833","targetHints":{"allow":["GET"]}}],"collection":[{"href":"https:\/\/mavideniz.com.tr\/pt-pt\/wp-json\/wp\/v2\/pages"}],"about":[{"href":"https:\/\/mavideniz.com.tr\/pt-pt\/wp-json\/wp\/v2\/types\/page"}],"author":[{"embeddable":true,"href":"https:\/\/mavideniz.com.tr\/pt-pt\/wp-json\/wp\/v2\/users\/1"}],"replies":[{"embeddable":true,"href":"https:\/\/mavideniz.com.tr\/pt-pt\/wp-json\/wp\/v2\/comments?post=77833"}],"version-history":[{"count":0,"href":"https:\/\/mavideniz.com.tr\/pt-pt\/wp-json\/wp\/v2\/pages\/77833\/revisions"}],"up":[{"embeddable":true,"href":"https:\/\/mavideniz.com.tr\/pt-pt\/wp-json\/wp\/v2\/pages\/77830"}],"wp:attachment":[{"href":"https:\/\/mavideniz.com.tr\/pt-pt\/wp-json\/wp\/v2\/media?parent=77833"}],"curies":[{"name":"wp","href":"https:\/\/api.w.org\/{rel}","templated":true}]}}