{"id":77836,"date":"2025-05-03T13:37:06","date_gmt":"2025-05-03T13:37:06","guid":{"rendered":"https:\/\/mavideniz.com.tr\/?page_id=77836"},"modified":"2025-10-05T00:07:39","modified_gmt":"2025-10-05T00:07:39","slug":"embarcacao-utilitaria-catamara","status":"publish","type":"page","link":"https:\/\/mavideniz.com.tr\/pt-pt\/embarcacoes-barcos\/camada-de-boia-embarcacao-de-apoio\/embarcacao-utilitaria-catamara\/","title":{"rendered":"Embarca\u00e7\u00e3o Utilit\u00e1ria Catamar\u00e3"},"content":{"rendered":"\n<p>As embarca\u00e7\u00f5es utilit\u00e1rias Catamaran da Mavi Deniz s\u00e3o embarca\u00e7\u00f5es de trabalho catamar\u00e3 projetadas para opera\u00e7\u00f5es em terra e no mar. Os navios de servi\u00e7o p\u00fablico Catamaran podem usar suporte de manuten\u00e7\u00e3o, levantamento hidrogr\u00e1fico, apoio de mergulho, coloca\u00e7\u00e3o de boias, fornecimento de far\u00f3is, opera\u00e7\u00f5es de aquicultura, opera\u00e7\u00f5es de apoio ambiental, recupera\u00e7\u00e3o de derramamento de petr\u00f3leo e combate a inc\u00eandios.<\/p>\n<p>O navio utilit\u00e1rio oferece excelente efici\u00eancia de combust\u00edvel em um casco comprovado constru\u00eddo com m\u00e9todos e materiais de constru\u00e7\u00e3o avan\u00e7ados. Um interior confort\u00e1vel e funcional com um exterior seguro e dispon\u00edvel eram temas de design chave para o navio. O vers\u00e1til arranjo interior e exterior pode atender a v\u00e1rios usos e encaixes alternativos.<\/p>\n<p>O conv\u00e9s principal tem uma capacidade de transporte de at\u00e9 25 toneladas, arranjadas para m\u00faltiplos usos, incluindo uma piscina para servi\u00e7os de explora\u00e7\u00e3o, e pode transportar m\u00edn. 4 x 20 p\u00e9s cont\u00eaineres. Um guindaste de conv\u00e9s remoto hidr\u00e1ulico pode levantar 12 toneladas a 3 metros e 2,1 toneladas a 13 metros. Estrutura do conv\u00e9s para se adequar a um quadro A de luffing remov\u00edvel com uma carga de trabalho segura de 20 toneladas.<\/p>\n<p>O alojamento central \u00e9 para a frente e cont\u00e9m espa\u00e7o para uma tripula\u00e7\u00e3o de 14 pessoas. A cabine principal abriga a \u00e1rea de bagun\u00e7a da cozinha e da tripula\u00e7\u00e3o e duas cabines de tripula\u00e7\u00e3o para o pessoal s\u00eanior. Os alojamentos diurnos e os assentos podem proporcionar at\u00e9 46 pessoas, instala\u00e7\u00f5es para dormir e de servi\u00e7o para a tripula\u00e7\u00e3o\/pessoal de at\u00e9 32 pessoas em 15 camarotes.<\/p>\n<p>A casa do leme do navio utilit\u00e1rio est\u00e1 no andar superior e apresenta visibilidade total a partir do assento do leme. A tripula\u00e7\u00e3o e os lugares dos passageiros s\u00e3o fornecidos em torno do per\u00edmetro da cabina. Dois postos de controle de asa s\u00e3o montados para a frente em ambos os lados, com um barco de socorro localizado atr\u00e1s, de f\u00e1cil alcance da grua do conv\u00e9s. Est\u00e3o instalados os mais recentes dispositivos eletr\u00f4nicos de aux\u00edlio \u00e0 navega\u00e7\u00e3o, uma esta\u00e7\u00e3o de r\u00e1dio GMDSS completa e sistemas de comunica\u00e7\u00e3o por sat\u00e9lite Inmarsat Fleet e Iridium Openport.<\/p>\n<p>Catamaran Utility Vessel tem uma confort\u00e1vel \u00e1rea de conv\u00e9s com 360 campos de vis\u00e3o. Para a tripula\u00e7\u00e3o e as equipes de projeto, projeta acomoda\u00e7\u00f5es confort\u00e1veis e se sente em casa enquanto est\u00e1 no mar. Navio utilit\u00e1rio tem O conv\u00e9s de trabalho ir\u00e1 apresentar seus requisitos de espa\u00e7o de trabalho e acomodar um quarteto de cont\u00eaineres de 20 p\u00e9s. O conv\u00e9s pode ser equipado com uma grua telesc\u00f3pica dobr\u00e1vel at\u00e9 4S t. Uma piscina lunar tamb\u00e9m ser\u00e1 equipada e montagens para um A-Frame de luffing remov\u00edvel com 20 t de capacidade. A velocidade de servi\u00e7o ser\u00e1 de 20 n\u00f3s, e o alcance ser\u00e1 de 1800 n milhas.<\/p>\n<p>A Organiza\u00e7\u00e3o Mar\u00edtima Internacional anunciou uma estrat\u00e9gia para reduzir as emiss\u00f5es de gases de efeito estufa (GEE) a zero at\u00e9 o final deste s\u00e9culo, e as regulamenta\u00e7\u00f5es ambientais marinhas foram endurecidas em todo o mundo. A implementa\u00e7\u00e3o de zonas de controlo das emiss\u00f5es come\u00e7ou a afetar as opera\u00e7\u00f5es dos navios. A Mavi Deniz iniciou com sucesso novos regulamentos de controle de emiss\u00f5es desenvolvendo solu\u00e7\u00f5es de duplo combust\u00edvel e tecnologias de energia verde mais limpas. As op\u00e7\u00f5es de energia verde da Mavi Deniz; Sistema de Energia Solar, Sistema de Energia por Bateria, Sistema de Pilhas de Combust\u00edvel a Hidrog\u00eanio e Sistema LGG podem se integrar completamente ao Navio Utilit\u00e1rio Catamaran, incluindo equipamento de conv\u00e9s e sistema de propuls\u00e3o.<\/p>\n<p><strong>Catamaran Utility Vessel Green Power Op\u00e7\u00f5es<\/strong><\/p>\n<ul>\n<li>Alimentado por Sistema de Energia Solar<\/li>\n<li>Alimentado por sistema de alimenta\u00e7\u00e3o de bateria<\/li>\n<li>Alimentado por sistema de c\u00e9lula de combust\u00edvel de hidrog\u00eanio<\/li>\n<li>Alimentado por sistema de GPL<\/li>\n<\/ul>\n<p>Podemos organizar o projeto de acordo com suas necessidades, perfil operacional e requisitos.<\/p>\n<p>[id de wptm=143]<\/p>\n","protected":false},"excerpt":{"rendered":"<p>As embarca\u00e7\u00f5es utilit\u00e1rias Catamaran da Mavi Deniz s\u00e3o embarca\u00e7\u00f5es de trabalho catamar\u00e3 projetadas para opera\u00e7\u00f5es em terra e no mar. [&hellip;]<\/p>\n","protected":false},"author":1,"featured_media":0,"parent":77830,"menu_order":0,"comment_status":"closed","ping_status":"closed","template":"","meta":{"site-sidebar-layout":"default","site-content-layout":"","ast-site-content-layout":"default","site-content-style":"default","site-sidebar-style":"default","ast-global-header-display":"","ast-banner-title-visibility":"","ast-main-header-display":"","ast-hfb-above-header-display":"","ast-hfb-below-header-display":"","ast-hfb-mobile-header-display":"","site-post-title":"","ast-breadcrumbs-content":"","ast-featured-img":"","footer-sml-layout":"","ast-disable-related-posts":"","theme-transparent-header-meta":"","adv-header-id-meta":"","stick-header-meta":"","header-above-stick-meta":"","header-main-stick-meta":"","header-below-stick-meta":"","astra-migrate-meta-layouts":"default","ast-page-background-enabled":"default","ast-page-background-meta":{"desktop":{"background-color":"var(--ast-global-color-5)","background-image":"","background-repeat":"repeat","background-position":"center center","background-size":"auto","background-attachment":"scroll","background-type":"","background-media":"","overlay-type":"","overlay-color":"","overlay-opacity":"","overlay-gradient":""},"tablet":{"background-color":"","background-image":"","background-repeat":"repeat","background-position":"center center","background-size":"auto","background-attachment":"scroll","background-type":"","background-media":"","overlay-type":"","overlay-color":"","overlay-opacity":"","overlay-gradient":""},"mobile":{"background-color":"","background-image":"","background-repeat":"repeat","background-position":"center center","background-size":"auto","background-attachment":"scroll","background-type":"","background-media":"","overlay-type":"","overlay-color":"","overlay-opacity":"","overlay-gradient":""}},"ast-content-background-meta":{"desktop":{"background-color":"var(--ast-global-color-4)","background-image":"","background-repeat":"repeat","background-position":"center center","background-size":"auto","background-attachment":"scroll","background-type":"","background-media":"","overlay-type":"","overlay-color":"","overlay-opacity":"","overlay-gradient":""},"tablet":{"background-color":"var(--ast-global-color-4)","background-image":"","background-repeat":"repeat","background-position":"center center","background-size":"auto","background-attachment":"scroll","background-type":"","background-media":"","overlay-type":"","overlay-color":"","overlay-opacity":"","overlay-gradient":""},"mobile":{"background-color":"var(--ast-global-color-4)","background-image":"","background-repeat":"repeat","background-position":"center center","background-size":"auto","background-attachment":"scroll","background-type":"","background-media":"","overlay-type":"","overlay-color":"","overlay-opacity":"","overlay-gradient":""}},"footnotes":""},"class_list":["post-77836","page","type-page","status-publish","hentry"],"_links":{"self":[{"href":"https:\/\/mavideniz.com.tr\/pt-pt\/wp-json\/wp\/v2\/pages\/77836","targetHints":{"allow":["GET"]}}],"collection":[{"href":"https:\/\/mavideniz.com.tr\/pt-pt\/wp-json\/wp\/v2\/pages"}],"about":[{"href":"https:\/\/mavideniz.com.tr\/pt-pt\/wp-json\/wp\/v2\/types\/page"}],"author":[{"embeddable":true,"href":"https:\/\/mavideniz.com.tr\/pt-pt\/wp-json\/wp\/v2\/users\/1"}],"replies":[{"embeddable":true,"href":"https:\/\/mavideniz.com.tr\/pt-pt\/wp-json\/wp\/v2\/comments?post=77836"}],"version-history":[{"count":0,"href":"https:\/\/mavideniz.com.tr\/pt-pt\/wp-json\/wp\/v2\/pages\/77836\/revisions"}],"up":[{"embeddable":true,"href":"https:\/\/mavideniz.com.tr\/pt-pt\/wp-json\/wp\/v2\/pages\/77830"}],"wp:attachment":[{"href":"https:\/\/mavideniz.com.tr\/pt-pt\/wp-json\/wp\/v2\/media?parent=77836"}],"curies":[{"name":"wp","href":"https:\/\/api.w.org\/{rel}","templated":true}]}}