{"id":77837,"date":"2025-05-03T13:37:43","date_gmt":"2025-05-03T13:37:43","guid":{"rendered":"https:\/\/mavideniz.com.tr\/?page_id=77837"},"modified":"2025-10-05T00:07:39","modified_gmt":"2025-10-05T00:07:39","slug":"barco-de-trabalho-multiuso","status":"publish","type":"page","link":"https:\/\/mavideniz.com.tr\/pt-pt\/embarcacoes-barcos\/camada-de-boia-embarcacao-de-apoio\/barco-de-trabalho-multiuso\/","title":{"rendered":"Barco de trabalho multiuso"},"content":{"rendered":"\n<p>O Mavi Deniz WorkCat \u00e9 um barco de trabalho multiuso projetado para o trabalho profissional e pode implantar miss\u00f5es em terra e no mar no rio.<\/p>\n<p>A baleeira realizar\u00e1 m\u00faltiplas miss\u00f5es, incluindo manuseio de \u00e2ncoras, manuseio de \u00e2ncoras, servi\u00e7o de dragagem, apoio de mergulho, reboque, fornecimento, mangueira de manuseio, servi\u00e7os mar\u00edtimos gerais, transporte de equipamentos ao longo da costa, opera\u00e7\u00f5es de vistoria, implanta\u00e7\u00e3o e reboque de conten\u00e7\u00e3o boom, manuten\u00e7\u00e3o de boias, apoio \u00e0 fazenda de peixes, trabalhos de constru\u00e7\u00e3o dispon\u00edveis, apoio \u00e0s opera\u00e7\u00f5es de escumadeira, navio de controle de polui\u00e7\u00e3o. Mergulhadores e socorristas tamb\u00e9m apreciam o f\u00e1cil acesso oferecido pela rampa de popa.<\/p>\n<p>A capacidade de tanques Multipurpose Workboat a bordo pode ser arranjado para suas necessidades. Al\u00e9m disso, os tanques podem transportar \u00f3leo, \u00e1gua doce, \u00f3leo sujo, esgoto, lodo, \u00f3leos hidr\u00e1ulicos e lubrificantes e \u00e1gua de por\u00e3o.<\/p>\n<p>O motor de barco de trabalho multiuso e o sistema de propuls\u00e3o podem organizar seus requisitos em um padr\u00e3o; o sistema de propuls\u00e3o pode se integrar com um motor duplo ou um motor. Cada motor aciona com uma h\u00e9lice de passo fixo em bocais \u00f3timos atrav\u00e9s de uma caixa de engrenagens Reintjes. O sistema de propuls\u00e3o fornecer\u00e1 uma velocidade m\u00e1xima de 10kt.<\/p>\n<p>Para acomodar a tripula\u00e7\u00e3o at\u00e9 sete pessoas ou oficinas, a Workboat tem um layout moderno e eficiente padr\u00e3o com uma casa do leme de primeira classe. A casa do leme e o conv\u00e9s s\u00e3o totalmente isolados, reduzindo os n\u00edveis de ru\u00eddo. A casa do leme \u00e9 totalmente climatizada.<\/p>\n<p>A baleeira \u00e9 r\u00e1pida, est\u00e1vel, fornece tra\u00e7\u00e3o alta bollard, um conv\u00e9s de trabalho fornece uma capacidade de carga de at\u00e9 120t e pode operar bem em \u00e1guas rasas. O Workboat \u00e9 adaptado para atender \u00e0 demanda por um Workboat robusto, confi\u00e1vel e r\u00e1pido que atenda \u00e0s necessidades dos clientes.<\/p>\n<p><strong>Recursos<\/strong><\/p>\n<ul>\n<li>Fun\u00e7\u00f5es essenciais; tarefas gerais de barco de trabalho \/ Reboque \/ Empurrar \/ Manuseio de \u00e2ncora \/ Boia coloca\u00e7\u00e3o \/ Suporte de dragagem \/ Controle de polui\u00e7\u00e3o \/ Combust\u00edvel e servi\u00e7os de transfer\u00eancia de \u00e1gua doce.<\/li>\n<li>Equipamento opcional de navega\u00e7\u00e3o e comunica\u00e7\u00e3o<\/li>\n<li>Estrada transport\u00e1vel<\/li>\n<li>Casa do leme ergon\u00f4mica com 360 graus de visibilidade<\/li>\n<li>Calado raso, manobrabilidade superior.<\/li>\n<li>Variedade de modelos de casa do leme\/console.<\/li>\n<li>Todas as constru\u00e7\u00f5es de a\u00e7o marinhas soldadas.<\/li>\n<li>Pode ser instalado equipamento adicional, como um guincho hidr\u00e1ulico, hidr\u00e1ulico ou el\u00e9trico, equipamento de navega\u00e7\u00e3o, etc.<\/li>\n<li>Est\u00e3o dispon\u00edveis tamanhos personalizados e especifica\u00e7\u00f5es.<\/li>\n<\/ul>\n<p>[id de wptm=62]<\/p>\n","protected":false},"excerpt":{"rendered":"<p>O Mavi Deniz WorkCat \u00e9 um barco de trabalho multiuso projetado para o trabalho profissional e pode implantar miss\u00f5es em [&hellip;]<\/p>\n","protected":false},"author":1,"featured_media":0,"parent":77830,"menu_order":0,"comment_status":"closed","ping_status":"closed","template":"","meta":{"site-sidebar-layout":"default","site-content-layout":"","ast-site-content-layout":"default","site-content-style":"default","site-sidebar-style":"default","ast-global-header-display":"","ast-banner-title-visibility":"","ast-main-header-display":"","ast-hfb-above-header-display":"","ast-hfb-below-header-display":"","ast-hfb-mobile-header-display":"","site-post-title":"","ast-breadcrumbs-content":"","ast-featured-img":"","footer-sml-layout":"","ast-disable-related-posts":"","theme-transparent-header-meta":"","adv-header-id-meta":"","stick-header-meta":"","header-above-stick-meta":"","header-main-stick-meta":"","header-below-stick-meta":"","astra-migrate-meta-layouts":"default","ast-page-background-enabled":"default","ast-page-background-meta":{"desktop":{"background-color":"var(--ast-global-color-5)","background-image":"","background-repeat":"repeat","background-position":"center center","background-size":"auto","background-attachment":"scroll","background-type":"","background-media":"","overlay-type":"","overlay-color":"","overlay-opacity":"","overlay-gradient":""},"tablet":{"background-color":"","background-image":"","background-repeat":"repeat","background-position":"center center","background-size":"auto","background-attachment":"scroll","background-type":"","background-media":"","overlay-type":"","overlay-color":"","overlay-opacity":"","overlay-gradient":""},"mobile":{"background-color":"","background-image":"","background-repeat":"repeat","background-position":"center center","background-size":"auto","background-attachment":"scroll","background-type":"","background-media":"","overlay-type":"","overlay-color":"","overlay-opacity":"","overlay-gradient":""}},"ast-content-background-meta":{"desktop":{"background-color":"var(--ast-global-color-4)","background-image":"","background-repeat":"repeat","background-position":"center center","background-size":"auto","background-attachment":"scroll","background-type":"","background-media":"","overlay-type":"","overlay-color":"","overlay-opacity":"","overlay-gradient":""},"tablet":{"background-color":"var(--ast-global-color-4)","background-image":"","background-repeat":"repeat","background-position":"center center","background-size":"auto","background-attachment":"scroll","background-type":"","background-media":"","overlay-type":"","overlay-color":"","overlay-opacity":"","overlay-gradient":""},"mobile":{"background-color":"var(--ast-global-color-4)","background-image":"","background-repeat":"repeat","background-position":"center center","background-size":"auto","background-attachment":"scroll","background-type":"","background-media":"","overlay-type":"","overlay-color":"","overlay-opacity":"","overlay-gradient":""}},"footnotes":""},"class_list":["post-77837","page","type-page","status-publish","hentry"],"_links":{"self":[{"href":"https:\/\/mavideniz.com.tr\/pt-pt\/wp-json\/wp\/v2\/pages\/77837","targetHints":{"allow":["GET"]}}],"collection":[{"href":"https:\/\/mavideniz.com.tr\/pt-pt\/wp-json\/wp\/v2\/pages"}],"about":[{"href":"https:\/\/mavideniz.com.tr\/pt-pt\/wp-json\/wp\/v2\/types\/page"}],"author":[{"embeddable":true,"href":"https:\/\/mavideniz.com.tr\/pt-pt\/wp-json\/wp\/v2\/users\/1"}],"replies":[{"embeddable":true,"href":"https:\/\/mavideniz.com.tr\/pt-pt\/wp-json\/wp\/v2\/comments?post=77837"}],"version-history":[{"count":0,"href":"https:\/\/mavideniz.com.tr\/pt-pt\/wp-json\/wp\/v2\/pages\/77837\/revisions"}],"up":[{"embeddable":true,"href":"https:\/\/mavideniz.com.tr\/pt-pt\/wp-json\/wp\/v2\/pages\/77830"}],"wp:attachment":[{"href":"https:\/\/mavideniz.com.tr\/pt-pt\/wp-json\/wp\/v2\/media?parent=77837"}],"curies":[{"name":"wp","href":"https:\/\/api.w.org\/{rel}","templated":true}]}}