{"id":77843,"date":"2025-05-03T15:55:37","date_gmt":"2025-05-03T15:55:37","guid":{"rendered":"https:\/\/mavideniz.com.tr\/?page_id=77843"},"modified":"2025-10-05T00:07:39","modified_gmt":"2025-10-05T00:07:39","slug":"draga-de-succao-de-cortador","status":"publish","type":"page","link":"https:\/\/mavideniz.com.tr\/pt-pt\/embarcacoes-barcos\/draga-barcaca\/draga-de-succao-de-cortador\/","title":{"rendered":"Draga de Suc\u00e7\u00e3o de Cortador"},"content":{"rendered":"\n<p>A draga de su\u00e7\u00e3o Mavideniz Cutter \u00e9 projetada para dragar rochas, argila, lodo e areia e usar onde o solo \u00e9 muito duro para dragas de tremonha de su\u00e7\u00e3o. Secagem de su\u00e7\u00e3o de cortador dragado mecanicamente por uma cabe\u00e7a de cortador rotativa e adequado para recupera\u00e7\u00e3o de terras, aprofundamento de portos e a constru\u00e7\u00e3o e expans\u00e3o de portos e canais de navega\u00e7\u00e3o ou canais de trincheiras no fundo do mar, Constru\u00e7\u00e3o de ilhas de praia sacrificiais e bermas submarinas, dragagem de canal e porto, recupera\u00e7\u00e3o de terras e prote\u00e7\u00e3o costeira, Transfer\u00eancia de rejeitos, recupera\u00e7\u00e3o MFT e agricultura de lama (Areias de \u00f3leo), Escava\u00e7\u00e3o de buracos de gl\u00f3ria, Tend\u00eancia para dutos, coloca\u00e7\u00e3o de tubos e cabos e interven\u00e7\u00e3o, Coloca\u00e7\u00e3o de prote\u00e7\u00e3o \/ interven\u00e7\u00e3o de oleoduto, Plataforma e abordagens de cabe\u00e7a de po\u00e7o, Landfalls e terra Limpeza ambiental e elimina\u00e7\u00e3o.<\/p>\n<p>A profundidade da dragagem depende do tamanho da draga. A profundidade padr\u00e3o do cortador da draga de su\u00e7\u00e3o do cortador \u00e9 de at\u00e9 25 m com uma escada curta e spuds, enquanto uma profundidade de su\u00e7\u00e3o profunda nos fios pode atingir 45 m. Voc\u00ea pode trabalhar em todos os tipos de \u00e1guas, inclusive em \u00e1reas de \u00e1guas rasas. Todas as partes da draga de su\u00e7\u00e3o do cortador podem ser transportadas por estrada, trilho ou mar. Comece com o projeto; Cutter Suction Dredger tem excelente capacidade de produ\u00e7\u00e3o de dragagem.<\/p>\n<p>As dragas ser\u00e3o manipuladas pelo mestre de dragagem; todos os instrumentos e dispositivos de dire\u00e7\u00e3o necess\u00e1rios est\u00e3o aqui instalados dentro da cabine de opera\u00e7\u00e3o de primeira classe com ar-condicionado, amortecedores para minimizar a vibra\u00e7\u00e3o e o n\u00edvel de ru\u00eddo, e tamb\u00e9m montado sistema de controle e monitoramento de dragagem, sistema de medi\u00e7\u00e3o de densidade e taxa de fluxo, controle autom\u00e1tico do cortador, monitoramento da posi\u00e7\u00e3o do tubo de su\u00e7\u00e3o, calado e monitoramento de carga, a velocidade da mistura no tubo de entrega e tamb\u00e9m Relat\u00f3rio &#8211; Registro de dados e tend\u00eancias.<\/p>\n<p>A draga de su\u00e7\u00e3o do cortador pode ser autopropulsada ou exigir reboque entre locais de trabalho. Todos os motores e cilindros hidr\u00e1ulicos funcionam com uma bomba de pist\u00e3o radial acionada pelo motor diesel. As melhorias na efici\u00eancia e as poupan\u00e7as no consumo de combust\u00edvel s\u00e3o espetaculares em compara\u00e7\u00e3o com as dragas tradicionais. A pot\u00eancia instalada \u00e9 significativamente menor do que em outras dragas com entrega semelhante<\/p>\n<p>gasodutos. O motor diesel \u00e9 um moderno motor diesel controlado por computador com baixo consumo de combust\u00edvel e emiss\u00f5es de NOx e fuligem.<\/p>\n<p>Al\u00e9m disso, draga de su\u00e7\u00e3o do cortador, profundidade do cortador pode ser diminu\u00edda ou aumentada, Anchor boom installation, Spud carrinho pontoon, Plain sution installation with jet water pump, conex\u00e3o girat\u00f3ria para tubula\u00e7\u00e3o de descarga, Jib guindaste para troca de pe\u00e7as de reposi\u00e7\u00e3o da bomba, WC, luzes de navega\u00e7\u00e3o.<\/p>\n<p>Depois de entregar a embarca\u00e7\u00e3o, voc\u00ea ver\u00e1 o mesmo desempenho e qualidade anos e anos depois, sem altera\u00e7\u00f5es; h\u00e1 uma raz\u00e3o para pegar o desempenho e a qualidade; n\u00e3o escolhemos produtos baratos, escolhemos o melhor material e produtos para construir a balsa r\u00e1pida, e tamb\u00e9m escolhemos os melhores trabalhadores, engenheiros. Podemos organizar os projetos para seu perfil operacional e requisitos.<\/p>\n<p><strong>Recursos<\/strong><\/p>\n<ul>\n<li>Baixa manuten\u00e7\u00e3o, distribui\u00e7\u00e3o eficiente de energia e alto desempenho<\/li>\n<li>Pe\u00e7as de reposi\u00e7\u00e3o do estoque<\/li>\n<li>Baixo custo por m<sup>3<\/sup><\/li>\n<li>Desmont\u00e1veis e transport\u00e1veis por estrada, caminho de ferro ou mar<\/li>\n<li>Dentes refinados e design de ponta,<\/li>\n<li>Uma bomba de acionamento segura e robusta<\/li>\n<li>Quase todos os tipos de solos ( areia, limo, argila, rocha &lt;30 MPa )<\/li>\n<li>Manuten\u00e7\u00e3o simplificada, LONGA VIDA<\/li>\n<li>Profundidade m\u00e1xima de dragagem: 45 m<\/li>\n<li>A pot\u00eancia da cabe\u00e7a de corte varia de 25 kW a 500 kW<\/li>\n<li>Uma rocha pesada \u00e9 uma draga autopropulsionada que se desloca para o mar, projetada para operar em \u00e1guas abrigadas e costeiras at\u00e9 15 milhas da costa.<\/li>\n<li>Adequado para condi\u00e7\u00f5es de \u00e1guas rasas e profundas.<\/li>\n<li>Cortador Suction Dredger Equipado com trabalho em climas quentes, tropicais e locais isolados.<\/li>\n<\/ul>\n<p>[id de wptm=56]<\/p>\n","protected":false},"excerpt":{"rendered":"<p>A draga de su\u00e7\u00e3o Mavideniz Cutter \u00e9 projetada para dragar rochas, argila, lodo e areia e usar onde o solo [&hellip;]<\/p>\n","protected":false},"author":1,"featured_media":0,"parent":77840,"menu_order":0,"comment_status":"closed","ping_status":"closed","template":"","meta":{"site-sidebar-layout":"default","site-content-layout":"","ast-site-content-layout":"default","site-content-style":"default","site-sidebar-style":"default","ast-global-header-display":"","ast-banner-title-visibility":"","ast-main-header-display":"","ast-hfb-above-header-display":"","ast-hfb-below-header-display":"","ast-hfb-mobile-header-display":"","site-post-title":"","ast-breadcrumbs-content":"","ast-featured-img":"","footer-sml-layout":"","ast-disable-related-posts":"","theme-transparent-header-meta":"","adv-header-id-meta":"","stick-header-meta":"","header-above-stick-meta":"","header-main-stick-meta":"","header-below-stick-meta":"","astra-migrate-meta-layouts":"default","ast-page-background-enabled":"default","ast-page-background-meta":{"desktop":{"background-color":"var(--ast-global-color-5)","background-image":"","background-repeat":"repeat","background-position":"center center","background-size":"auto","background-attachment":"scroll","background-type":"","background-media":"","overlay-type":"","overlay-color":"","overlay-opacity":"","overlay-gradient":""},"tablet":{"background-color":"","background-image":"","background-repeat":"repeat","background-position":"center center","background-size":"auto","background-attachment":"scroll","background-type":"","background-media":"","overlay-type":"","overlay-color":"","overlay-opacity":"","overlay-gradient":""},"mobile":{"background-color":"","background-image":"","background-repeat":"repeat","background-position":"center center","background-size":"auto","background-attachment":"scroll","background-type":"","background-media":"","overlay-type":"","overlay-color":"","overlay-opacity":"","overlay-gradient":""}},"ast-content-background-meta":{"desktop":{"background-color":"var(--ast-global-color-4)","background-image":"","background-repeat":"repeat","background-position":"center center","background-size":"auto","background-attachment":"scroll","background-type":"","background-media":"","overlay-type":"","overlay-color":"","overlay-opacity":"","overlay-gradient":""},"tablet":{"background-color":"var(--ast-global-color-4)","background-image":"","background-repeat":"repeat","background-position":"center center","background-size":"auto","background-attachment":"scroll","background-type":"","background-media":"","overlay-type":"","overlay-color":"","overlay-opacity":"","overlay-gradient":""},"mobile":{"background-color":"var(--ast-global-color-4)","background-image":"","background-repeat":"repeat","background-position":"center center","background-size":"auto","background-attachment":"scroll","background-type":"","background-media":"","overlay-type":"","overlay-color":"","overlay-opacity":"","overlay-gradient":""}},"footnotes":""},"class_list":["post-77843","page","type-page","status-publish","hentry"],"_links":{"self":[{"href":"https:\/\/mavideniz.com.tr\/pt-pt\/wp-json\/wp\/v2\/pages\/77843","targetHints":{"allow":["GET"]}}],"collection":[{"href":"https:\/\/mavideniz.com.tr\/pt-pt\/wp-json\/wp\/v2\/pages"}],"about":[{"href":"https:\/\/mavideniz.com.tr\/pt-pt\/wp-json\/wp\/v2\/types\/page"}],"author":[{"embeddable":true,"href":"https:\/\/mavideniz.com.tr\/pt-pt\/wp-json\/wp\/v2\/users\/1"}],"replies":[{"embeddable":true,"href":"https:\/\/mavideniz.com.tr\/pt-pt\/wp-json\/wp\/v2\/comments?post=77843"}],"version-history":[{"count":0,"href":"https:\/\/mavideniz.com.tr\/pt-pt\/wp-json\/wp\/v2\/pages\/77843\/revisions"}],"up":[{"embeddable":true,"href":"https:\/\/mavideniz.com.tr\/pt-pt\/wp-json\/wp\/v2\/pages\/77840"}],"wp:attachment":[{"href":"https:\/\/mavideniz.com.tr\/pt-pt\/wp-json\/wp\/v2\/media?parent=77843"}],"curies":[{"name":"wp","href":"https:\/\/api.w.org\/{rel}","templated":true}]}}