{"id":77844,"date":"2025-05-03T15:56:11","date_gmt":"2025-05-03T15:56:11","guid":{"rendered":"https:\/\/mavideniz.com.tr\/?page_id=77844"},"modified":"2025-10-05T00:07:39","modified_gmt":"2025-10-05T00:07:39","slug":"barcaca-de-topo-plano-pontao","status":"publish","type":"page","link":"https:\/\/mavideniz.com.tr\/pt-pt\/embarcacoes-barcos\/draga-barcaca\/barcaca-de-topo-plano-pontao\/","title":{"rendered":"Barca\u00e7a de topo plano + pont\u00e3o"},"content":{"rendered":"\n<p>Projeto Flat Top Barge + Flat Top Pontoon para carga pesada ou leve e todas as opera\u00e7\u00f5es.<\/p>\n<p>AMARRA\u00c7\u00c3O + EQUIPAMENTO DE ANCORAGEM + FENDER + TABULEIRO + EQUIPAMENTO DE REBOQUE + LUZES DE NAVEGA\u00c7\u00c3O + EQUIPAMENTO DE SEGURAN\u00c7A est\u00e3o dispon\u00edveis Opcional para barca\u00e7a de topo plano + ponto de topo plano<\/p>\n<p>Barca\u00e7a de topo plano + Pont\u00e3o de topo plano adequado para a opera\u00e7\u00e3o de derramamento de petr\u00f3leo, dragagem de transfer\u00eancia de l\u00edquido a granel, opera\u00e7\u00e3o RoRo LINKSPAN, isqueiro, ferrying, transporte de carga em seu conv\u00e9s ou dentro dos tanques, e materiais de constru\u00e7\u00e3o.<\/p>\n<p>Estamos trabalhando com os melhores designers globalmente para o projeto de Flat Top Barge + Flat Top Pontoon. Flat Top Barge tem uma excelente capacidade para transportar e manter a produ\u00e7\u00e3o; voc\u00ea ver\u00e1 nossa qualidade, padr\u00f5es e diferen\u00e7as. Depois de entregar os navios, voc\u00ea ver\u00e1 o mesmo desempenho e qualidade anos e anos depois n\u00e3o mudou; h\u00e1 uma raz\u00e3o para pegar o desempenho e qualidade; n\u00e3o escolhemos produtos baratos, escolher o melhor material e produtos para a constru\u00e7\u00e3o do navio, e tamb\u00e9m escolher os melhores trabalhadores, engenheiros.<\/p>\n<p><strong>Batel\u00e3o de Topo Plano + Pont\u00e3o de Topo Plano<\/strong><\/p>\n<ul>\n<li>Equipamento de recupera\u00e7\u00e3o de derramamento de \u00f3leo<\/li>\n<li>Barca\u00e7a de derramamento de petr\u00f3leo + Pont\u00e3o de derramamento de petr\u00f3leo<\/li>\n<li>Fenderiza\u00e7\u00e3o<\/li>\n<li>Esquema De Reboque<\/li>\n<li>Reboque de emerg\u00eancia<\/li>\n<li>Winch de recupera\u00e7\u00e3o<\/li>\n<li>Luz de navega\u00e7\u00e3o<\/li>\n<li>Bomba de lastro<\/li>\n<li>Tinta anti-incrustante<\/li>\n<li>Painel de Rampa<\/li>\n<li>Trilhos de seguran\u00e7a<\/li>\n<li>Sistema de amarra\u00e7\u00e3o de \u00e2ncora<\/li>\n<\/ul>\n<p>[id de wptm=57]<\/p>\n","protected":false},"excerpt":{"rendered":"<p>Projeto Flat Top Barge + Flat Top Pontoon para carga pesada ou leve e todas as opera\u00e7\u00f5es. AMARRA\u00c7\u00c3O + EQUIPAMENTO [&hellip;]<\/p>\n","protected":false},"author":1,"featured_media":0,"parent":77840,"menu_order":0,"comment_status":"closed","ping_status":"closed","template":"","meta":{"site-sidebar-layout":"default","site-content-layout":"","ast-site-content-layout":"default","site-content-style":"default","site-sidebar-style":"default","ast-global-header-display":"","ast-banner-title-visibility":"","ast-main-header-display":"","ast-hfb-above-header-display":"","ast-hfb-below-header-display":"","ast-hfb-mobile-header-display":"","site-post-title":"","ast-breadcrumbs-content":"","ast-featured-img":"","footer-sml-layout":"","ast-disable-related-posts":"","theme-transparent-header-meta":"","adv-header-id-meta":"","stick-header-meta":"","header-above-stick-meta":"","header-main-stick-meta":"","header-below-stick-meta":"","astra-migrate-meta-layouts":"default","ast-page-background-enabled":"default","ast-page-background-meta":{"desktop":{"background-color":"var(--ast-global-color-5)","background-image":"","background-repeat":"repeat","background-position":"center center","background-size":"auto","background-attachment":"scroll","background-type":"","background-media":"","overlay-type":"","overlay-color":"","overlay-opacity":"","overlay-gradient":""},"tablet":{"background-color":"","background-image":"","background-repeat":"repeat","background-position":"center center","background-size":"auto","background-attachment":"scroll","background-type":"","background-media":"","overlay-type":"","overlay-color":"","overlay-opacity":"","overlay-gradient":""},"mobile":{"background-color":"","background-image":"","background-repeat":"repeat","background-position":"center center","background-size":"auto","background-attachment":"scroll","background-type":"","background-media":"","overlay-type":"","overlay-color":"","overlay-opacity":"","overlay-gradient":""}},"ast-content-background-meta":{"desktop":{"background-color":"var(--ast-global-color-4)","background-image":"","background-repeat":"repeat","background-position":"center center","background-size":"auto","background-attachment":"scroll","background-type":"","background-media":"","overlay-type":"","overlay-color":"","overlay-opacity":"","overlay-gradient":""},"tablet":{"background-color":"var(--ast-global-color-4)","background-image":"","background-repeat":"repeat","background-position":"center center","background-size":"auto","background-attachment":"scroll","background-type":"","background-media":"","overlay-type":"","overlay-color":"","overlay-opacity":"","overlay-gradient":""},"mobile":{"background-color":"var(--ast-global-color-4)","background-image":"","background-repeat":"repeat","background-position":"center center","background-size":"auto","background-attachment":"scroll","background-type":"","background-media":"","overlay-type":"","overlay-color":"","overlay-opacity":"","overlay-gradient":""}},"footnotes":""},"class_list":["post-77844","page","type-page","status-publish","hentry"],"_links":{"self":[{"href":"https:\/\/mavideniz.com.tr\/pt-pt\/wp-json\/wp\/v2\/pages\/77844","targetHints":{"allow":["GET"]}}],"collection":[{"href":"https:\/\/mavideniz.com.tr\/pt-pt\/wp-json\/wp\/v2\/pages"}],"about":[{"href":"https:\/\/mavideniz.com.tr\/pt-pt\/wp-json\/wp\/v2\/types\/page"}],"author":[{"embeddable":true,"href":"https:\/\/mavideniz.com.tr\/pt-pt\/wp-json\/wp\/v2\/users\/1"}],"replies":[{"embeddable":true,"href":"https:\/\/mavideniz.com.tr\/pt-pt\/wp-json\/wp\/v2\/comments?post=77844"}],"version-history":[{"count":0,"href":"https:\/\/mavideniz.com.tr\/pt-pt\/wp-json\/wp\/v2\/pages\/77844\/revisions"}],"up":[{"embeddable":true,"href":"https:\/\/mavideniz.com.tr\/pt-pt\/wp-json\/wp\/v2\/pages\/77840"}],"wp:attachment":[{"href":"https:\/\/mavideniz.com.tr\/pt-pt\/wp-json\/wp\/v2\/media?parent=77844"}],"curies":[{"name":"wp","href":"https:\/\/api.w.org\/{rel}","templated":true}]}}