{"id":77847,"date":"2025-05-03T15:56:52","date_gmt":"2025-05-03T15:56:52","guid":{"rendered":"https:\/\/mavideniz.com.tr\/?page_id=77847"},"modified":"2025-10-05T00:07:38","modified_gmt":"2025-10-05T00:07:38","slug":"barcaca-de-tremonha","status":"publish","type":"page","link":"https:\/\/mavideniz.com.tr\/pt-pt\/embarcacoes-barcos\/draga-barcaca\/barcaca-de-tremonha\/","title":{"rendered":"Barca\u00e7a de tremonha"},"content":{"rendered":"\n<p>Hopper Barge \u00e9 projetado para transportar agregados como cascalho ou pedra esmagada. Hopper Barges s\u00e3o transportes favor\u00e1veis ao CO2 para rios, mares e portos. A op\u00e7\u00e3o de po\u00e7o seco \u00e9 poss\u00edvel para batel\u00f5es de tremonha, que s\u00e3o adequados para todas as cargas, especialmente para carregar lamas de dragagem.<\/p>\n<p>Os batel\u00f5es t\u00eam uma constru\u00e7\u00e3o de casco duplo, em que os lados e o fundo do por\u00e3o de carga est\u00e3o separados do casco por espa\u00e7os vazios. Estes distintivos s\u00e3o projetados para transportar eficientemente mercadorias a granel, tais como cereais, carv\u00e3o, a\u00e7\u00facar, min\u00e9rio, a\u00e7o, agregados, e in\u00fameros outros carregamentos.<\/p>\n<p>Hopper projeto de barca\u00e7a pode organizar para suas necessidades e entrega mundial para o seu local do projeto.<\/p>\n<p>[id de wptm=144]<\/p>\n","protected":false},"excerpt":{"rendered":"<p>Hopper Barge \u00e9 projetado para transportar agregados como cascalho ou pedra esmagada. Hopper Barges s\u00e3o transportes favor\u00e1veis ao CO2 para [&hellip;]<\/p>\n","protected":false},"author":1,"featured_media":0,"parent":77840,"menu_order":0,"comment_status":"closed","ping_status":"closed","template":"","meta":{"site-sidebar-layout":"default","site-content-layout":"","ast-site-content-layout":"default","site-content-style":"default","site-sidebar-style":"default","ast-global-header-display":"","ast-banner-title-visibility":"","ast-main-header-display":"","ast-hfb-above-header-display":"","ast-hfb-below-header-display":"","ast-hfb-mobile-header-display":"","site-post-title":"","ast-breadcrumbs-content":"","ast-featured-img":"","footer-sml-layout":"","ast-disable-related-posts":"","theme-transparent-header-meta":"","adv-header-id-meta":"","stick-header-meta":"","header-above-stick-meta":"","header-main-stick-meta":"","header-below-stick-meta":"","astra-migrate-meta-layouts":"default","ast-page-background-enabled":"default","ast-page-background-meta":{"desktop":{"background-color":"var(--ast-global-color-5)","background-image":"","background-repeat":"repeat","background-position":"center center","background-size":"auto","background-attachment":"scroll","background-type":"","background-media":"","overlay-type":"","overlay-color":"","overlay-opacity":"","overlay-gradient":""},"tablet":{"background-color":"","background-image":"","background-repeat":"repeat","background-position":"center center","background-size":"auto","background-attachment":"scroll","background-type":"","background-media":"","overlay-type":"","overlay-color":"","overlay-opacity":"","overlay-gradient":""},"mobile":{"background-color":"","background-image":"","background-repeat":"repeat","background-position":"center center","background-size":"auto","background-attachment":"scroll","background-type":"","background-media":"","overlay-type":"","overlay-color":"","overlay-opacity":"","overlay-gradient":""}},"ast-content-background-meta":{"desktop":{"background-color":"var(--ast-global-color-4)","background-image":"","background-repeat":"repeat","background-position":"center center","background-size":"auto","background-attachment":"scroll","background-type":"","background-media":"","overlay-type":"","overlay-color":"","overlay-opacity":"","overlay-gradient":""},"tablet":{"background-color":"var(--ast-global-color-4)","background-image":"","background-repeat":"repeat","background-position":"center center","background-size":"auto","background-attachment":"scroll","background-type":"","background-media":"","overlay-type":"","overlay-color":"","overlay-opacity":"","overlay-gradient":""},"mobile":{"background-color":"var(--ast-global-color-4)","background-image":"","background-repeat":"repeat","background-position":"center center","background-size":"auto","background-attachment":"scroll","background-type":"","background-media":"","overlay-type":"","overlay-color":"","overlay-opacity":"","overlay-gradient":""}},"footnotes":""},"class_list":["post-77847","page","type-page","status-publish","hentry"],"_links":{"self":[{"href":"https:\/\/mavideniz.com.tr\/pt-pt\/wp-json\/wp\/v2\/pages\/77847","targetHints":{"allow":["GET"]}}],"collection":[{"href":"https:\/\/mavideniz.com.tr\/pt-pt\/wp-json\/wp\/v2\/pages"}],"about":[{"href":"https:\/\/mavideniz.com.tr\/pt-pt\/wp-json\/wp\/v2\/types\/page"}],"author":[{"embeddable":true,"href":"https:\/\/mavideniz.com.tr\/pt-pt\/wp-json\/wp\/v2\/users\/1"}],"replies":[{"embeddable":true,"href":"https:\/\/mavideniz.com.tr\/pt-pt\/wp-json\/wp\/v2\/comments?post=77847"}],"version-history":[{"count":0,"href":"https:\/\/mavideniz.com.tr\/pt-pt\/wp-json\/wp\/v2\/pages\/77847\/revisions"}],"up":[{"embeddable":true,"href":"https:\/\/mavideniz.com.tr\/pt-pt\/wp-json\/wp\/v2\/pages\/77840"}],"wp:attachment":[{"href":"https:\/\/mavideniz.com.tr\/pt-pt\/wp-json\/wp\/v2\/media?parent=77847"}],"curies":[{"name":"wp","href":"https:\/\/api.w.org\/{rel}","templated":true}]}}