{"id":77848,"date":"2025-05-03T15:57:44","date_gmt":"2025-05-03T15:57:44","guid":{"rendered":"https:\/\/mavideniz.com.tr\/?page_id=77848"},"modified":"2025-10-05T00:07:38","modified_gmt":"2025-10-05T00:07:38","slug":"draga-multiuso-anfibio","status":"publish","type":"page","link":"https:\/\/mavideniz.com.tr\/pt-pt\/embarcacoes-barcos\/draga-barcaca\/draga-multiuso-anfibio\/","title":{"rendered":"Draga multiuso + anf\u00edbio"},"content":{"rendered":"\n<p>Nossa draga multiuso \u00e9 projetado como um anf\u00edbio e embutido Istambul. O Crocodilo \u00e9 adequado para uma ampla gama de trabalhos em todos os tipos de corpos de \u00e1gua.<\/p>\n<p>O Crocodile Multi-Purpose Dredger \u00e9 vers\u00e1til na \u00e1gua, tornando-o adequado para trabalho pesado e resposta de emerg\u00eancia r\u00e1pida. Seu potente motor, sistema de propuls\u00e3o e bombas, mobilidade superior e sofisticados equipamentos de posicionamento o colocam em uma classe por si s\u00f3. Outra caracter\u00edstica ambiental cr\u00edtica da draga multiuso \u00e9 a sua capacidade de operar com baixos n\u00edveis de ru\u00eddo. \u00c9 equipado com um silenciador supercr\u00edtico que reduz o ru\u00eddo a n\u00edveis rasos.<\/p>\n<p><strong>Fun\u00e7\u00f5es<\/strong><\/p>\n<p>Limpeza e restaura\u00e7\u00e3o de rios e canais contaminados e outras vias naveg\u00e1veis \/ Reconstru\u00e7\u00e3o de costas \/ Cria\u00e7\u00e3o de h\u00e1bitats de vida selvagem \/ Controle de vegeta\u00e7\u00e3o \/ Instala\u00e7\u00e3o de tubula\u00e7\u00f5es de \u00e1gua, dutos e cabos submarinos \/ Controle de inunda\u00e7\u00f5es, Instala\u00e7\u00e3o de tubula\u00e7\u00f5es de \u00e1gua, dutos e cabos submarinos com a tecnologia Multi-Purpose Dredger \u00e9 poss\u00edvel para impulsionar pilhas da \u00e1gua. Isso protege as costas e permite a pilotagem a uma dist\u00e2ncia consider\u00e1vel da costa. A draga de m\u00faltiplos prop\u00f3sitos Crocodile se move independentemente na \u00e1gua com seu sistema de propuls\u00e3o e montagem de escavadora. Crocodilo Multi-Purpose Dredger \u00e2ncoras com seus spuds e n\u00e3o precisa de cabos de a\u00e7o para dragagem, o que pode perturbar o tr\u00e1fego de \u00e1gua que passa.<\/p>\n<p>A m\u00e1quina anf\u00edbia chega como uma unidade completa em um caminh\u00e3o ou cruzeiros l\u00e1 por si s\u00f3 na \u00e1gua. Depois de chegar ao local em um trailer, n\u00e3o h\u00e1 necessidade de assist\u00eancia dispendiosa do guindaste porque a m\u00e1quina \u00e9 anf\u00edbia &#8220;anda&#8221; dentro e fora da \u00e1gua sem qualquer ajuda externa. N\u00e3o h\u00e1 limite de reda\u00e7\u00e3o para as opera\u00e7\u00f5es de reboque, porque ela \u00e9 anf\u00edbio.<\/p>\n<p>A draga multiuso Crocodile pode remover vegeta\u00e7\u00e3o flutuante ou enraizada, pedras nocivas e lixo do fundo usando o rastelo.<\/p>\n<p>A draga multiuso pode bombear o solo atrav\u00e9s de um gasoduto para uma \u00e1rea de descarga a 1 km de dist\u00e2ncia. Neste processo, o solo \u00e9 misturado com grandes quantidades de \u00e1gua, 80-90 % do volume total.<\/p>\n<p>Os movimentos de dragagem e ancoragem independentes da draga multiuso Crocodile s\u00e3o baseados em estabilizadores hidr\u00e1ulicos. 2 estabilizadores traseiros est\u00e3o equipados com cilindros hidr\u00e1ulicos inclin\u00e1veis. Controle de profundidade atrav\u00e9s de dois estabilizadores frontais hidr\u00e1ulicos com flutuadores destac\u00e1veis e spuds remov\u00edveis.<\/p>\n<p>A Organiza\u00e7\u00e3o Mar\u00edtima Internacional anunciou uma estrat\u00e9gia para reduzir as emiss\u00f5es de gases de efeito estufa (GEE) a zero at\u00e9 o final deste s\u00e9culo; as regulamenta\u00e7\u00f5es ambientais marinhas foram endurecidas em todo o mundo. A implementa\u00e7\u00e3o de zonas de controlo das emiss\u00f5es come\u00e7ou a afetar as opera\u00e7\u00f5es dos navios. A Mavi Deniz iniciou com sucesso novos regulamentos de controle de emiss\u00f5es desenvolvendo solu\u00e7\u00f5es de duplo combust\u00edvel e tecnologias de energia verde mais limpas. Mavi Deniz&#8217;s Green Power Options; Sistema de Energia Solar, Sistema de Energia de Bateria, Sistema de Pilhas de Combust\u00edvel a Hidrog\u00eanio e Sistema de GPL podem integrar-se totalmente em dragagem multiuso + anf\u00edbio, incluindo equipamento de conv\u00e9s e sistema de propuls\u00e3o.<\/p>\n<p><strong>Draga multiuso + op\u00e7\u00f5es de energia verde anf\u00edbio<\/strong><\/p>\n<ul>\n<li>Alimentado por Sistema de Energia Solar<\/li>\n<li>Alimentado por sistema de alimenta\u00e7\u00e3o de bateria<\/li>\n<li>Alimentado por sistema de c\u00e9lula de combust\u00edvel de hidrog\u00eanio<\/li>\n<li>Alimentado por sistema de GPL<\/li>\n<\/ul>\n<p><strong>Aplicativo<\/strong><\/p>\n<ul>\n<li>Dragagem em locais onde \u00e9 dif\u00edcil ou imposs\u00edvel trabalhar com outras m\u00e1quinas<br \/>\n(lagos | rios | zonas \u00famidas | \u00e1guas pouco profundas | portos | canais | costas | piscinas industriais | sob pontes | t\u00faneis, etc. )<\/li>\n<li>Onde \u00e9 necess\u00e1ria uma draga \u00fanica\/vers\u00e1til, que pode bombear e escavar<\/li>\n<li>Quando n\u00e3o \u00e9 poss\u00edvel mobilizar v\u00e1rias m\u00e1quinas<br \/>\nde uso \u00fanico (draga de su\u00e7\u00e3o cortador | draga-retroescavadeira | escavadora | rebocador | montagem de gruas ou de embarca\u00e7\u00f5es auxiliares para fixa\u00e7\u00e3o ao local )<\/li>\n<li>Dragagem em locais onde h\u00e1 engarrafamento de \u00e1gua<\/li>\n<li>Sempre que sejam necess\u00e1rias condutas\/cabos submarinos\/empilhamento na \u00e1gua ou na orla costeira<\/li>\n<li>Quando a vegeta\u00e7\u00e3o n\u00e3o permite a dragagem convencional<\/li>\n<li>Onde a vegeta\u00e7\u00e3o flutuante ou enraizada tem de ser removida\/controlada do fundo<\/li>\n<li>Sempre que seja necess\u00e1ria dragagem ambiental<\/li>\n<li>Sempre que for necess\u00e1ria uma draga anf\u00edbia<\/li>\n<\/ul>\n<p><strong>Sistema de propuls\u00e3o<\/strong><\/p>\n<p>O sistema de propuls\u00e3o do Crocodile Multi-Purpose Dredger fornece pot\u00eancia m\u00e1xima com Crocodile m\u00ednimo. O Crocodilo pode navegar 4 a 8 n\u00f3s. A h\u00e9lice pode fazer a eleva\u00e7\u00e3o dobr\u00e1vel em \u00e1guas rasas para proteger a vegeta\u00e7\u00e3o aqu\u00e1tica e evitar perturbar o sedimento do leito do rio. Dragagem ambiental no clima tropical e \u00e1rtico.<\/p>\n<p><strong>Cabina<\/strong><\/p>\n<p>A Crocodile, Multi-Purpose Dredger&#8217;s cab atende aos mais altos padr\u00f5es de conforto e ergonomia com excelente visibilidade. O piloto controla todas as fun\u00e7\u00f5es hidr\u00e1ulicas da cabina. A draga anf\u00edbia est\u00e1 equipada com assentos deluxe totalmente ajust\u00e1veis, controles f\u00e1ceis de alcan\u00e7ar, janelas laterais que podem abrir e uma variedade de acess\u00f3rios padr\u00e3o e opcionais, como portinhola de teto solar, sistema de r\u00e1dio e gabarito para hidr\u00e1ulica\/motor.<\/p>\n<p><strong>Mecanismo<\/strong><\/p>\n<p>O Crocodile Multi-Purpose Dredger \u00e9 equipado com um leve, compacto, de baixa polui\u00e7\u00e3o Cummins \/ Caterpillar \/ Volvo \/ Perkins vs motor. A escavadora Amphibious Dredger tem a pot\u00eancia de reserva ( 260 a 700 hp &#8211; modelo padr\u00e3o: 260 hp).<\/p>\n<p><strong>Casco<\/strong><\/p>\n<p>Crocodile 1000 tem um corpo de uma pe\u00e7a dividida em sete compartimentos estanques para prote\u00e7\u00e3o. Crocodile 1400 tem um corpo de uma pe\u00e7a dividida em nove compartimentos estanques para seguran\u00e7a. Crocodilo 1500 tem um corpo de uma pe\u00e7a dividida em 13 compartimentos estanques para prote\u00e7\u00e3o. Sistema de pintura resistente \u00e0 corros\u00e3o por um m\u00ednimo de tr\u00eas anos de garantia. Barras derrapantes protetoras na parte inferior. Conv\u00e9s \u00e0 prova de derrapagem. Corrim\u00e3os.<\/p>\n<p><strong>Escavadora<\/strong><\/p>\n<p>Alcance m\u00e1ximo do balde: 5,3 m a 12 m a 180\u00ba Profundidade m\u00e1xima: 12 m<\/p>\n<p>For\u00e7a de ruptura (do ciclo do balde): 77 kN ( depende da op\u00e7\u00e3o selecionada )<\/p>\n<p>For\u00e7a de escava\u00e7\u00e3o (do ciclo do balde): 40 kN ( depende da op\u00e7\u00e3o selecionada )<\/p>\n<p>Capacidade de eleva\u00e7\u00e3o no m\u00e1ximo Alcance: 16 kN ( depende da op\u00e7\u00e3o selecionada )<\/p>\n<p><strong>Sistema de Bucket<\/strong><\/p>\n<p>V\u00e1rias ferramentas est\u00e3o dispon\u00edveis para a dragagem de retroescavadeiras; um balde de 400 lt com dentes para o trabalho di\u00e1rio, um balde de 800 lt para locais mais significativos e um balde de concha de clamshell para dragagem ambiental. Com o balde da draga anf\u00edbia, o material dragado pode ser depositado em batel\u00f5es ou, em canais estreitos, diretamente na costa. A remo\u00e7\u00e3o da pedra e do lixo pode ser feita com o balde retroescavadeira e o balde de concha. Pedras maiores podem ser movidas para a costa, mais fundo na \u00e1gua, enterradas, ou podem, por exemplo, ser usadas para fazer um quebra-mar.<\/p>\n<p>[id de wptm=58]<\/p>\n","protected":false},"excerpt":{"rendered":"<p>Nossa draga multiuso \u00e9 projetado como um anf\u00edbio e embutido Istambul. O Crocodilo \u00e9 adequado para uma ampla gama de [&hellip;]<\/p>\n","protected":false},"author":1,"featured_media":0,"parent":77840,"menu_order":0,"comment_status":"closed","ping_status":"closed","template":"","meta":{"site-sidebar-layout":"default","site-content-layout":"","ast-site-content-layout":"default","site-content-style":"default","site-sidebar-style":"default","ast-global-header-display":"","ast-banner-title-visibility":"","ast-main-header-display":"","ast-hfb-above-header-display":"","ast-hfb-below-header-display":"","ast-hfb-mobile-header-display":"","site-post-title":"","ast-breadcrumbs-content":"","ast-featured-img":"","footer-sml-layout":"","ast-disable-related-posts":"","theme-transparent-header-meta":"","adv-header-id-meta":"","stick-header-meta":"","header-above-stick-meta":"","header-main-stick-meta":"","header-below-stick-meta":"","astra-migrate-meta-layouts":"default","ast-page-background-enabled":"default","ast-page-background-meta":{"desktop":{"background-color":"var(--ast-global-color-5)","background-image":"","background-repeat":"repeat","background-position":"center center","background-size":"auto","background-attachment":"scroll","background-type":"","background-media":"","overlay-type":"","overlay-color":"","overlay-opacity":"","overlay-gradient":""},"tablet":{"background-color":"","background-image":"","background-repeat":"repeat","background-position":"center center","background-size":"auto","background-attachment":"scroll","background-type":"","background-media":"","overlay-type":"","overlay-color":"","overlay-opacity":"","overlay-gradient":""},"mobile":{"background-color":"","background-image":"","background-repeat":"repeat","background-position":"center center","background-size":"auto","background-attachment":"scroll","background-type":"","background-media":"","overlay-type":"","overlay-color":"","overlay-opacity":"","overlay-gradient":""}},"ast-content-background-meta":{"desktop":{"background-color":"var(--ast-global-color-4)","background-image":"","background-repeat":"repeat","background-position":"center center","background-size":"auto","background-attachment":"scroll","background-type":"","background-media":"","overlay-type":"","overlay-color":"","overlay-opacity":"","overlay-gradient":""},"tablet":{"background-color":"var(--ast-global-color-4)","background-image":"","background-repeat":"repeat","background-position":"center center","background-size":"auto","background-attachment":"scroll","background-type":"","background-media":"","overlay-type":"","overlay-color":"","overlay-opacity":"","overlay-gradient":""},"mobile":{"background-color":"var(--ast-global-color-4)","background-image":"","background-repeat":"repeat","background-position":"center center","background-size":"auto","background-attachment":"scroll","background-type":"","background-media":"","overlay-type":"","overlay-color":"","overlay-opacity":"","overlay-gradient":""}},"footnotes":""},"class_list":["post-77848","page","type-page","status-publish","hentry"],"_links":{"self":[{"href":"https:\/\/mavideniz.com.tr\/pt-pt\/wp-json\/wp\/v2\/pages\/77848","targetHints":{"allow":["GET"]}}],"collection":[{"href":"https:\/\/mavideniz.com.tr\/pt-pt\/wp-json\/wp\/v2\/pages"}],"about":[{"href":"https:\/\/mavideniz.com.tr\/pt-pt\/wp-json\/wp\/v2\/types\/page"}],"author":[{"embeddable":true,"href":"https:\/\/mavideniz.com.tr\/pt-pt\/wp-json\/wp\/v2\/users\/1"}],"replies":[{"embeddable":true,"href":"https:\/\/mavideniz.com.tr\/pt-pt\/wp-json\/wp\/v2\/comments?post=77848"}],"version-history":[{"count":0,"href":"https:\/\/mavideniz.com.tr\/pt-pt\/wp-json\/wp\/v2\/pages\/77848\/revisions"}],"up":[{"embeddable":true,"href":"https:\/\/mavideniz.com.tr\/pt-pt\/wp-json\/wp\/v2\/pages\/77840"}],"wp:attachment":[{"href":"https:\/\/mavideniz.com.tr\/pt-pt\/wp-json\/wp\/v2\/media?parent=77848"}],"curies":[{"name":"wp","href":"https:\/\/api.w.org\/{rel}","templated":true}]}}