{"id":77851,"date":"2025-05-03T15:58:41","date_gmt":"2025-05-03T15:58:41","guid":{"rendered":"https:\/\/mavideniz.com.tr\/?page_id=77851"},"modified":"2025-10-05T00:07:37","modified_gmt":"2025-10-05T00:07:37","slug":"barcaca-de-tremonha-dividida","status":"publish","type":"page","link":"https:\/\/mavideniz.com.tr\/pt-pt\/embarcacoes-barcos\/draga-barcaca\/barcaca-de-tremonha-dividida\/","title":{"rendered":"Barca\u00e7a de Tremonha Dividida"},"content":{"rendered":"\n<p>Nossa Barca\u00e7a de funil de separa\u00e7\u00e3o de alto-mar \u00e9 projetada para transportar todos os tipos de material dragado, e a barca\u00e7a de funil de divis\u00e3o \u00e9 uma embarca\u00e7\u00e3o de um \u00fanico conv\u00e9s com a tremonha no meio e um casco de a\u00e7o, que se abre ao longo do plano m\u00e9dio. Batel\u00e3o de tremonha dividida capaz de Spoil up-take da dragagem, Backfill de trincheiras com dutos subaqu\u00e1ticos, Transporte de Spoil e descarga para lixeira subaqu\u00e1tica, Sistema de instala\u00e7\u00f5es t\u00e9cnicas flutuantes para enterramento de tubula\u00e7\u00e3o subaqu\u00e1tica e dragagem offshore, o navio multi\u00faso para atividades de engenharia marinha e mergulho, reabastecimento de praia e costa, projetos de prote\u00e7\u00e3o de tubula\u00e7\u00e3o.<\/p>\n<p>Um batel\u00e3o de tremonha \u00e9 um navio de dragagem que pode se dividir em seu eixo longitudinal para descarregar sua carga. Permitir tal opera\u00e7\u00e3o; a barca\u00e7a \u00e9 constitu\u00edda por dois semircascos ligados por dobradi\u00e7as na parte superior e cilindros hidr\u00e1ulicos na parte inferior. As dobradi\u00e7as e os cilindros devem transferir todas as for\u00e7as que atuam na interface dos meios cascos. Presume-se que os limites de projeto das dobradi\u00e7as e dos cilindros hidr\u00e1ulicos regem a operacionalidade da barca\u00e7a.<\/p>\n<p>Projeto da Split Hopper Barge, trabalhamos com os melhores designers globais porque a Split Hopper Barge tem excelente volume de tremonha, desempenho e produ\u00e7\u00e3o; voc\u00ea ver\u00e1 nossas diferen\u00e7as de qualidade e entrega padr\u00e3o. Depois de entregar os navios, voc\u00ea ver\u00e1 o mesmo desempenho e qualidade anos e anos depois n\u00e3o mudou; h\u00e1 uma raz\u00e3o para pegar o desempenho e qualidade; n\u00e3o escolhemos produtos baratos, escolher o melhor material e produtos para a constru\u00e7\u00e3o do navio, e tamb\u00e9m escolher os melhores trabalhadores, engenheiros.<\/p>\n<p>[id de wptm=60]<\/p>\n","protected":false},"excerpt":{"rendered":"<p>Nossa Barca\u00e7a de funil de separa\u00e7\u00e3o de alto-mar \u00e9 projetada para transportar todos os tipos de material dragado, e a [&hellip;]<\/p>\n","protected":false},"author":1,"featured_media":0,"parent":77840,"menu_order":0,"comment_status":"closed","ping_status":"closed","template":"","meta":{"site-sidebar-layout":"default","site-content-layout":"","ast-site-content-layout":"default","site-content-style":"default","site-sidebar-style":"default","ast-global-header-display":"","ast-banner-title-visibility":"","ast-main-header-display":"","ast-hfb-above-header-display":"","ast-hfb-below-header-display":"","ast-hfb-mobile-header-display":"","site-post-title":"","ast-breadcrumbs-content":"","ast-featured-img":"","footer-sml-layout":"","ast-disable-related-posts":"","theme-transparent-header-meta":"","adv-header-id-meta":"","stick-header-meta":"","header-above-stick-meta":"","header-main-stick-meta":"","header-below-stick-meta":"","astra-migrate-meta-layouts":"default","ast-page-background-enabled":"default","ast-page-background-meta":{"desktop":{"background-color":"var(--ast-global-color-5)","background-image":"","background-repeat":"repeat","background-position":"center center","background-size":"auto","background-attachment":"scroll","background-type":"","background-media":"","overlay-type":"","overlay-color":"","overlay-opacity":"","overlay-gradient":""},"tablet":{"background-color":"","background-image":"","background-repeat":"repeat","background-position":"center center","background-size":"auto","background-attachment":"scroll","background-type":"","background-media":"","overlay-type":"","overlay-color":"","overlay-opacity":"","overlay-gradient":""},"mobile":{"background-color":"","background-image":"","background-repeat":"repeat","background-position":"center center","background-size":"auto","background-attachment":"scroll","background-type":"","background-media":"","overlay-type":"","overlay-color":"","overlay-opacity":"","overlay-gradient":""}},"ast-content-background-meta":{"desktop":{"background-color":"var(--ast-global-color-4)","background-image":"","background-repeat":"repeat","background-position":"center center","background-size":"auto","background-attachment":"scroll","background-type":"","background-media":"","overlay-type":"","overlay-color":"","overlay-opacity":"","overlay-gradient":""},"tablet":{"background-color":"var(--ast-global-color-4)","background-image":"","background-repeat":"repeat","background-position":"center center","background-size":"auto","background-attachment":"scroll","background-type":"","background-media":"","overlay-type":"","overlay-color":"","overlay-opacity":"","overlay-gradient":""},"mobile":{"background-color":"var(--ast-global-color-4)","background-image":"","background-repeat":"repeat","background-position":"center center","background-size":"auto","background-attachment":"scroll","background-type":"","background-media":"","overlay-type":"","overlay-color":"","overlay-opacity":"","overlay-gradient":""}},"footnotes":""},"class_list":["post-77851","page","type-page","status-publish","hentry"],"_links":{"self":[{"href":"https:\/\/mavideniz.com.tr\/pt-pt\/wp-json\/wp\/v2\/pages\/77851","targetHints":{"allow":["GET"]}}],"collection":[{"href":"https:\/\/mavideniz.com.tr\/pt-pt\/wp-json\/wp\/v2\/pages"}],"about":[{"href":"https:\/\/mavideniz.com.tr\/pt-pt\/wp-json\/wp\/v2\/types\/page"}],"author":[{"embeddable":true,"href":"https:\/\/mavideniz.com.tr\/pt-pt\/wp-json\/wp\/v2\/users\/1"}],"replies":[{"embeddable":true,"href":"https:\/\/mavideniz.com.tr\/pt-pt\/wp-json\/wp\/v2\/comments?post=77851"}],"version-history":[{"count":0,"href":"https:\/\/mavideniz.com.tr\/pt-pt\/wp-json\/wp\/v2\/pages\/77851\/revisions"}],"up":[{"embeddable":true,"href":"https:\/\/mavideniz.com.tr\/pt-pt\/wp-json\/wp\/v2\/pages\/77840"}],"wp:attachment":[{"href":"https:\/\/mavideniz.com.tr\/pt-pt\/wp-json\/wp\/v2\/media?parent=77851"}],"curies":[{"name":"wp","href":"https:\/\/api.w.org\/{rel}","templated":true}]}}