{"id":77857,"date":"2025-05-03T16:02:48","date_gmt":"2025-05-03T16:02:48","guid":{"rendered":"https:\/\/mavideniz.com.tr\/?page_id=77857"},"modified":"2025-10-05T00:07:37","modified_gmt":"2025-10-05T00:07:37","slug":"barco-ambulancia","status":"publish","type":"page","link":"https:\/\/mavideniz.com.tr\/pt-pt\/embarcacoes-barcos\/combate-a-incendio-barco-ambulancia\/barco-ambulancia\/","title":{"rendered":"Barco Ambul\u00e2ncia"},"content":{"rendered":"\n<p>Mavi Deniz, Barco de Ambul\u00e2ncia projetado para transfer\u00eancia de pacientes, resposta de emerg\u00eancia, tratamento ambulatorial e transfer\u00eancia de suprimentos m\u00e9dicos no mar, rio ou lago. O barco de ambul\u00e2ncia est\u00e1 equipado com equipamento m\u00e9dico igual a uma ambul\u00e2ncia rodovi\u00e1ria.<\/p>\n<p>O Barco de Ambul\u00e2ncia reduz significativamente o tempo necess\u00e1rio para alcan\u00e7ar os pacientes e iniciar opera\u00e7\u00f5es de resgate antes de chegar \u00e0 costa. Ambul\u00e2ncia de \u00e1gua cumpre todas as regras, e o equipamento m\u00e9dico est\u00e1 de acordo com a EN 1789. O casco, conv\u00e9s e superestrutura de constru\u00e7\u00e3o totalmente soldada em alum\u00ednio d\u00e3o um casco leve e facilmente dirigido e f\u00e1cil manuten\u00e7\u00e3o em \u00e1reas sem eletricidade para soldagem.<\/p>\n<p>O Barco de Ambul\u00e2ncia tem excelente costura, estabilidade, rigidez, resist\u00eancia ao rolamento e uma plataforma relativamente est\u00e1vel para opera\u00e7\u00f5es menores e procedimentos cir\u00fargicos, que s\u00e3o caracter\u00edsticas desej\u00e1veis em um barco de ambul\u00e2ncia no mar, rio ou tratamento de lago, e conforto e seguran\u00e7a s\u00e3o todos cr\u00edticos. Barco de Ambul\u00e2ncia tamb\u00e9m \u00e9 adequado para uso at\u00e9 o estado do mar 5.<\/p>\n<p>Depois de entregar o navio, voc\u00ea ver\u00e1 o mesmo desempenho e qualidade anos e anos depois, sem altera\u00e7\u00f5es, e h\u00e1 uma raz\u00e3o para pegar o desempenho e qualidade. N\u00e3o escolhemos produtos baratos, e escolhemos o melhor material e produtos para construir o Barco de Ambul\u00e2ncia e tamb\u00e9m escolhemos os melhores trabalhadores e engenheiros. O casco e a superestrutura s\u00e3o constru\u00eddos pelos c\u00f3digos ou requisitos aplic\u00e1veis do cliente, e tamb\u00e9m, podemos organizar os projetos para seu perfil operacional e necessidades.<\/p>\n<p><strong>Recursos<\/strong><\/p>\n<ul>\n<li>A \u00e1rea m\u00e9dica para o tratamento do paciente \u00e9 separada da cabine<\/li>\n<li>Equipamento M\u00e9dico Padr\u00e3o + Equipamento Especial para resgate e reanima\u00e7\u00e3o m\u00e9dica.<\/li>\n<li>Maca absorvente de choque<\/li>\n<li>Assentos de absor\u00e7\u00e3o de choques para o piloto<\/li>\n<li>Gabinete de armazenamento para assist\u00eancia m\u00e9dica<\/li>\n<\/ul>\n<p>[id de wptm=54]<\/p>\n","protected":false},"excerpt":{"rendered":"<p>Mavi Deniz, Barco de Ambul\u00e2ncia projetado para transfer\u00eancia de pacientes, resposta de emerg\u00eancia, tratamento ambulatorial e transfer\u00eancia de suprimentos m\u00e9dicos [&hellip;]<\/p>\n","protected":false},"author":1,"featured_media":0,"parent":77855,"menu_order":0,"comment_status":"closed","ping_status":"closed","template":"","meta":{"site-sidebar-layout":"default","site-content-layout":"","ast-site-content-layout":"default","site-content-style":"default","site-sidebar-style":"default","ast-global-header-display":"","ast-banner-title-visibility":"","ast-main-header-display":"","ast-hfb-above-header-display":"","ast-hfb-below-header-display":"","ast-hfb-mobile-header-display":"","site-post-title":"","ast-breadcrumbs-content":"","ast-featured-img":"","footer-sml-layout":"","ast-disable-related-posts":"","theme-transparent-header-meta":"","adv-header-id-meta":"","stick-header-meta":"","header-above-stick-meta":"","header-main-stick-meta":"","header-below-stick-meta":"","astra-migrate-meta-layouts":"default","ast-page-background-enabled":"default","ast-page-background-meta":{"desktop":{"background-color":"var(--ast-global-color-5)","background-image":"","background-repeat":"repeat","background-position":"center center","background-size":"auto","background-attachment":"scroll","background-type":"","background-media":"","overlay-type":"","overlay-color":"","overlay-opacity":"","overlay-gradient":""},"tablet":{"background-color":"","background-image":"","background-repeat":"repeat","background-position":"center center","background-size":"auto","background-attachment":"scroll","background-type":"","background-media":"","overlay-type":"","overlay-color":"","overlay-opacity":"","overlay-gradient":""},"mobile":{"background-color":"","background-image":"","background-repeat":"repeat","background-position":"center center","background-size":"auto","background-attachment":"scroll","background-type":"","background-media":"","overlay-type":"","overlay-color":"","overlay-opacity":"","overlay-gradient":""}},"ast-content-background-meta":{"desktop":{"background-color":"var(--ast-global-color-4)","background-image":"","background-repeat":"repeat","background-position":"center center","background-size":"auto","background-attachment":"scroll","background-type":"","background-media":"","overlay-type":"","overlay-color":"","overlay-opacity":"","overlay-gradient":""},"tablet":{"background-color":"var(--ast-global-color-4)","background-image":"","background-repeat":"repeat","background-position":"center center","background-size":"auto","background-attachment":"scroll","background-type":"","background-media":"","overlay-type":"","overlay-color":"","overlay-opacity":"","overlay-gradient":""},"mobile":{"background-color":"var(--ast-global-color-4)","background-image":"","background-repeat":"repeat","background-position":"center center","background-size":"auto","background-attachment":"scroll","background-type":"","background-media":"","overlay-type":"","overlay-color":"","overlay-opacity":"","overlay-gradient":""}},"footnotes":""},"class_list":["post-77857","page","type-page","status-publish","hentry"],"_links":{"self":[{"href":"https:\/\/mavideniz.com.tr\/pt-pt\/wp-json\/wp\/v2\/pages\/77857","targetHints":{"allow":["GET"]}}],"collection":[{"href":"https:\/\/mavideniz.com.tr\/pt-pt\/wp-json\/wp\/v2\/pages"}],"about":[{"href":"https:\/\/mavideniz.com.tr\/pt-pt\/wp-json\/wp\/v2\/types\/page"}],"author":[{"embeddable":true,"href":"https:\/\/mavideniz.com.tr\/pt-pt\/wp-json\/wp\/v2\/users\/1"}],"replies":[{"embeddable":true,"href":"https:\/\/mavideniz.com.tr\/pt-pt\/wp-json\/wp\/v2\/comments?post=77857"}],"version-history":[{"count":0,"href":"https:\/\/mavideniz.com.tr\/pt-pt\/wp-json\/wp\/v2\/pages\/77857\/revisions"}],"up":[{"embeddable":true,"href":"https:\/\/mavideniz.com.tr\/pt-pt\/wp-json\/wp\/v2\/pages\/77855"}],"wp:attachment":[{"href":"https:\/\/mavideniz.com.tr\/pt-pt\/wp-json\/wp\/v2\/media?parent=77857"}],"curies":[{"name":"wp","href":"https:\/\/api.w.org\/{rel}","templated":true}]}}