{"id":77858,"date":"2025-05-03T16:04:10","date_gmt":"2025-05-03T16:04:10","guid":{"rendered":"https:\/\/mavideniz.com.tr\/?page_id=77858"},"modified":"2025-10-05T00:07:37","modified_gmt":"2025-10-05T00:07:37","slug":"barco-de-bombeiros-barco-de-resgate","status":"publish","type":"page","link":"https:\/\/mavideniz.com.tr\/pt-pt\/embarcacoes-barcos\/combate-a-incendio-barco-ambulancia\/barco-de-bombeiros-barco-de-resgate\/","title":{"rendered":"Barco de Bombeiros + Barco de Resgate"},"content":{"rendered":"<p><br \/>\nO Mavideniz Fireboat and Rescue boat foi projetado para ser r\u00e1pido combate a inc\u00eandios, miss\u00f5es de resgate e opera\u00e7\u00f5es de resposta de emerg\u00eancia para emerg\u00eancias pr\u00f3ximas da costa, portos, marina, lagos e vias naveg\u00e1veis interiores. Temos modelos de pequenos a grandes barcos de bombeiro e resgate. O projeto de barco a fogo permite a opera\u00e7\u00e3o em \u00e1guas rasas ou inacess\u00edveis, e o navio pode manobrar perto da costa e em torno das menores marinas.<br \/>\nO Fire Boat + Rescue Boat pode ser equipado com dois a cinco monitores de inc\u00eandio operados remotamente. Barco de Inc\u00eandio tem uma grua no conv\u00e9s traseiro equipado com c\u00e2meras e um bocal de fogo para chegar ao conv\u00e9s de navios porta-cont\u00eaineres de alto bordo para visualizar pontos quentes e dirigir \u00e1gua e espuma, conforme necess\u00e1rio. Barco de Fogo + Barco de Resgate pode ser configurado com duplo 4-tempos Outboards ou um motor Inboard. Equipado com um par de bombas de inc\u00eandio que podem bombear mais de 7000 GPM, o navio tamb\u00e9m pode transportar uma fonte de espuma.<br \/>\nBarco de Inc\u00eandio + Barco de Salvamento Equipado com um gerador a bordo, aquecimento, ventila\u00e7\u00e3o e ar condicionado, o navio \u00e9 um confort\u00e1vel centro de comando m\u00f3vel. A cabine pode permitir que os pacientes feridos cuidem com armazenamento especializado, alongamento, fogo, resposta e equipamentos m\u00e9dicos. No entanto, todos os modelos Fire Boat + Rescue Boat podem ser equipados com um sistema CBRNE (Chemical Biological Radiation Nuclear Environment) que protege o interior dos agentes aerotransportados. Uma c\u00e2mara de ar para a frente permite que a tripula\u00e7\u00e3o saia e entre no espa\u00e7o e evite a contamina\u00e7\u00e3o dos espa\u00e7os interiores. Isso permite que a equipe opere a embarca\u00e7\u00e3o sem estar presa a cabos de r\u00e1dio ou aparelhos respirat\u00f3rios que podem impedir o movimento em uma emerg\u00eancia. O Fire Rescue Boat tamb\u00e9m pode ajudar na fase inicial de resposta a derrames\/polui\u00e7\u00e3o e est\u00e1 totalmente equipado para cumprir os requisitos para estas situa\u00e7\u00f5es. Pode transportar boias de conten\u00e7\u00e3o de \u00f3leo, escumadeiras de recupera\u00e7\u00e3o, equipamento de transporte, etc.<br \/>\nDepois que entregamos o barco de bombeiros e resgate, voc\u00ea ver\u00e1 o mesmo desempenho e qualidade anos e anos depois n\u00e3o mudou, e h\u00e1 uma raz\u00e3o para pegar o desempenho e a qualidade; N\u00e3o escolhemos produtos baratos, escolhemos o melhor material e produtos para a constru\u00e7\u00e3o do barco de bombeiros e resgate e tamb\u00e9m selecionamos os melhores trabalhadores e engenheiros. Podemos organizar o projeto e o equipamento para o seu perfil operacional e requisitos.<br \/>\nRecursos<br \/>\n\u25cf\tMenor consumo de combust\u00edvel<br \/>\n\u25cf\tPrazos de entrega curtos e confi\u00e1veis<br \/>\n\u25cf\tPre\u00e7os competitivos<br \/>\n\u25cf\tDesign ergon\u00f4mico moderno<br \/>\n\u25cf\tMaior estabilidade e seguran\u00e7a<br \/>\n\u25cf\t Resposta a derrames\/polui\u00e7\u00e3o<br \/>\n\u25cf\tRascunho<br \/>\n[id de wptm=55]<\/p>\n","protected":false},"excerpt":{"rendered":"<p>O Mavideniz Fireboat and Rescue boat foi projetado para ser r\u00e1pido combate a inc\u00eandios, miss\u00f5es de resgate e opera\u00e7\u00f5es de [&hellip;]<\/p>\n","protected":false},"author":1,"featured_media":0,"parent":77855,"menu_order":0,"comment_status":"closed","ping_status":"closed","template":"","meta":{"site-sidebar-layout":"default","site-content-layout":"","ast-site-content-layout":"default","site-content-style":"default","site-sidebar-style":"default","ast-global-header-display":"","ast-banner-title-visibility":"","ast-main-header-display":"","ast-hfb-above-header-display":"","ast-hfb-below-header-display":"","ast-hfb-mobile-header-display":"","site-post-title":"","ast-breadcrumbs-content":"","ast-featured-img":"","footer-sml-layout":"","ast-disable-related-posts":"","theme-transparent-header-meta":"","adv-header-id-meta":"","stick-header-meta":"","header-above-stick-meta":"","header-main-stick-meta":"","header-below-stick-meta":"","astra-migrate-meta-layouts":"default","ast-page-background-enabled":"default","ast-page-background-meta":{"desktop":{"background-color":"var(--ast-global-color-5)","background-image":"","background-repeat":"repeat","background-position":"center center","background-size":"auto","background-attachment":"scroll","background-type":"","background-media":"","overlay-type":"","overlay-color":"","overlay-opacity":"","overlay-gradient":""},"tablet":{"background-color":"","background-image":"","background-repeat":"repeat","background-position":"center center","background-size":"auto","background-attachment":"scroll","background-type":"","background-media":"","overlay-type":"","overlay-color":"","overlay-opacity":"","overlay-gradient":""},"mobile":{"background-color":"","background-image":"","background-repeat":"repeat","background-position":"center center","background-size":"auto","background-attachment":"scroll","background-type":"","background-media":"","overlay-type":"","overlay-color":"","overlay-opacity":"","overlay-gradient":""}},"ast-content-background-meta":{"desktop":{"background-color":"var(--ast-global-color-4)","background-image":"","background-repeat":"repeat","background-position":"center center","background-size":"auto","background-attachment":"scroll","background-type":"","background-media":"","overlay-type":"","overlay-color":"","overlay-opacity":"","overlay-gradient":""},"tablet":{"background-color":"var(--ast-global-color-4)","background-image":"","background-repeat":"repeat","background-position":"center center","background-size":"auto","background-attachment":"scroll","background-type":"","background-media":"","overlay-type":"","overlay-color":"","overlay-opacity":"","overlay-gradient":""},"mobile":{"background-color":"var(--ast-global-color-4)","background-image":"","background-repeat":"repeat","background-position":"center center","background-size":"auto","background-attachment":"scroll","background-type":"","background-media":"","overlay-type":"","overlay-color":"","overlay-opacity":"","overlay-gradient":""}},"footnotes":""},"class_list":["post-77858","page","type-page","status-publish","hentry"],"_links":{"self":[{"href":"https:\/\/mavideniz.com.tr\/pt-pt\/wp-json\/wp\/v2\/pages\/77858","targetHints":{"allow":["GET"]}}],"collection":[{"href":"https:\/\/mavideniz.com.tr\/pt-pt\/wp-json\/wp\/v2\/pages"}],"about":[{"href":"https:\/\/mavideniz.com.tr\/pt-pt\/wp-json\/wp\/v2\/types\/page"}],"author":[{"embeddable":true,"href":"https:\/\/mavideniz.com.tr\/pt-pt\/wp-json\/wp\/v2\/users\/1"}],"replies":[{"embeddable":true,"href":"https:\/\/mavideniz.com.tr\/pt-pt\/wp-json\/wp\/v2\/comments?post=77858"}],"version-history":[{"count":0,"href":"https:\/\/mavideniz.com.tr\/pt-pt\/wp-json\/wp\/v2\/pages\/77858\/revisions"}],"up":[{"embeddable":true,"href":"https:\/\/mavideniz.com.tr\/pt-pt\/wp-json\/wp\/v2\/pages\/77855"}],"wp:attachment":[{"href":"https:\/\/mavideniz.com.tr\/pt-pt\/wp-json\/wp\/v2\/media?parent=77858"}],"curies":[{"name":"wp","href":"https:\/\/api.w.org\/{rel}","templated":true}]}}