{"id":77862,"date":"2025-05-03T16:05:13","date_gmt":"2025-05-03T16:05:13","guid":{"rendered":"https:\/\/mavideniz.com.tr\/?page_id=77862"},"modified":"2025-10-05T00:07:36","modified_gmt":"2025-10-05T00:07:36","slug":"inspecao-de-pesca-controle-de-poluicao-barco-de-patrulha","status":"publish","type":"page","link":"https:\/\/mavideniz.com.tr\/pt-pt\/embarcacoes-barcos\/barco-de-patrulha\/inspecao-de-pesca-controle-de-poluicao-barco-de-patrulha\/","title":{"rendered":"Inspe\u00e7\u00e3o de Pesca + Controle de Polui\u00e7\u00e3o + Barco de Patrulha"},"content":{"rendered":"\n<p>O Barco de Patrulha Ambiental Mavi Deniz \u00e9 projetado para deveres de prote\u00e7\u00e3o da pesca, bem como contra pirataria, anti-contrabando, patrulha de fronteira, contraterrorismo, deveres de defesa mar\u00edtima, servi\u00e7o de prote\u00e7\u00e3o ambiental, patrulha costeira, patrulha de pesca &#8211; inspe\u00e7\u00e3o, e deveres de resposta de emerg\u00eancia de acordo com os requisitos de Classe, Marinha e Pesca bandeira de aplica\u00e7\u00e3o e bandeira, ela pode usar como uma patrulha r\u00e1pida, barco de resposta e tamb\u00e9m outras configura\u00e7\u00f5es est\u00e3o dispon\u00edveis.<\/p>\n<p>O barco de patrulha tem excelente costura, manobrabilidade e produ\u00e7\u00e3o; voc\u00ea ver\u00e1 nossa qualidade, padr\u00f5es e diferen\u00e7as no design.<\/p>\n<p>Projeto interior de barco de patrulha feito sob medida para condi\u00e7\u00f5es e requisitos locais ( assentos de primeira classe + cabine + LCD + ar condicionado + WC + piso de longa dura\u00e7\u00e3o &#8211; cobertura de teto &#8211; cobertura de parede, etc )<\/p>\n<p>Depois de entregar o Barco de Patrulha Ambiental, voc\u00ea ver\u00e1 o mesmo desempenho e qualidade anos e anos depois, sem altera\u00e7\u00f5es; h\u00e1 uma raz\u00e3o para pegar o desempenho e a qualidade. N\u00f3s n\u00e3o escolhemos produtos baratos, n\u00f3s escolhemos o melhor material e produtos para a constru\u00e7\u00e3o do navio e selecionamos os melhores trabalhadores e engenheiros. Podemos organizar os projetos para seu perfil operacional e requisitos.<\/p>\n<h2><strong>S\u00e9rie Alum\u00ednio<\/strong><\/h2>\n<p>[id de wptm=63]<\/p>\n<h2><strong>S\u00e9rie GRP<\/strong><\/h2>\n<p>[id de wptm=64]<\/p>\n<h2><strong>S\u00e9rie HDPE<\/strong><\/h2>\n<p>[id de wptm=65]<\/p>\n<p><strong>Recursos | Op\u00e7\u00f5es<\/strong><\/p>\n<ul>\n<li>Flybridge 360 graus campo de vis\u00e3o<\/li>\n<li>24\/7 grava\u00e7\u00e3o de c\u00e2mera de \u00e1rea total<\/li>\n<li>Sistema de c\u00e2mera (longo alcance + vis\u00e3o noturna + c\u00e2mera t\u00e9rmica )<\/li>\n<li>Comunica\u00e7\u00e3o costeira (acesso ilimitado)<\/li>\n<li>Ar condicionado<\/li>\n<li>Amostras de \u00e1gua especiais<\/li>\n<li>Alojamento<\/li>\n<li>An\u00e1lises da qualidade da \u00e1gua<\/li>\n<li>Guindaste de plataforma e estrutura A<\/li>\n<li>Capst\u00e3o<\/li>\n<li>WC + Chuveiro<\/li>\n<li>Luz de pesquisa<\/li>\n<li>Cozinha<\/li>\n<li>Estreito<\/li>\n<li>Equipamentos de bordo<\/li>\n<li>Sistema de detec\u00e7\u00e3o de derramamento de \u00f3leo<\/li>\n<li>Bobina de implanta\u00e7\u00e3o da explos\u00e3o ambiental<\/li>\n<li>Sistema De Pulveriza\u00e7\u00e3o Dispersante<\/li>\n<li>Sistema de Skimmer a \u00f3leo<\/li>\n<\/ul>\n<p><strong>Qual Material<\/strong><\/p>\n<p>[id de wptm=130]<\/p>\n<p><strong>Busca e resgate<\/strong><\/p>\n<p>Busca e salvamento (SAR) est\u00e3o buscando e fornecendo ajuda a pessoas em perigo iminente ou em perigo iminente. O campo geral de busca e salvamento inclui muitos subcampos de especialidade, normalmente determinados pelo tipo de terreno sobre o qual a investiga\u00e7\u00e3o \u00e9 conduzida. Estes incluem salvamento em montanha; busca e salvamento em terra, c\u00e3es de busca e salvamento; busca e salvamento urbano em cidades; busca e salvamento de combate no campo de batalha e salvamento ar-mar sobre a \u00e1gua.<\/p>\n<p>As opera\u00e7\u00f5es de busca e salvamento mar\u00edtimo s\u00e3o realizadas no mar para salvar marinheiros e passageiros em perigo ou sobreviventes de aeronaves abatidas. O tipo de ag\u00eancia que realiza buscas e resgates mar\u00edtimos varia de acordo com o pa\u00eds; pode ser a guarda costeira, a marinha ou organiza\u00e7\u00f5es volunt\u00e1rias. Quando uma embarca\u00e7\u00e3o em apuros ou desaparecida \u00e9 localizada, essas organiza\u00e7\u00f5es usam botes salva-vidas para devolv\u00ea-los \u00e0 terra. Em alguns casos, as ag\u00eancias podem realizar um salvamento a\u00e9reo-mar\u00edtimo (RAE). Refere-se ao uso combinado de aeronaves (hidroavi\u00f5es, hidroavi\u00f5es, helic\u00f3pteros anf\u00edbios e helic\u00f3pteros n\u00e3o anf\u00edbios equipados com guinchos) e embarca\u00e7\u00f5es de superf\u00edcie.<\/p>\n<p><strong>Patrulhamento de Fronteira<\/strong><\/p>\n<p>Um barco de patrulha de fronteira (tamb\u00e9m conhecido como um navio de patrulha, navio de patrulha ou navio de patrulha) \u00e9 um navio naval relativamente pequeno projetado para tarefas de defesa costeira. Houve muitos projetos para barcos de patrulha. Eles podem ser operados pela marinha, guarda costeira, pol\u00edcia ou costumes de uma na\u00e7\u00e3o e podem ser destinados a ambientes marinhos (\u00e1gua azul) ou estuarinos ou fluviais (&#8220;\u00e1gua marrom&#8221;). Eles geralmente se envolvem em v\u00e1rias fun\u00e7\u00f5es de prote\u00e7\u00e3o de fronteiras, incluindo anticontrabando, antipirataria, patrulhas de pesca e aplica\u00e7\u00e3o da lei de imigra\u00e7\u00e3o.<\/p>\n<p><strong>Antipirataria<\/strong><\/p>\n<p>Um barco antiprivacidade est\u00e1 inclu\u00eddo com sistemas de monitoramento que instalam sistemas de detec\u00e7\u00e3o de seguran\u00e7a mar\u00edtima. Nosso sistema oferece uma abordagem de seguran\u00e7a abrangente em camadas, com aviso de alarme antecipado a bordo para navios, plataformas e dutos marinhos contra atos de terrorismo, sequestros, pirataria e outras viola\u00e7\u00f5es de seguran\u00e7a, onde quer que um navio opere.<\/p>\n<p><strong>Inspe\u00e7\u00e3o das pescas<\/strong><\/p>\n<p>O navio gere o acompanhamento, a vigil\u00e2ncia e o controlo da pesca mar\u00edtima. Os peixes e os seus habitats nas vias naveg\u00e1veis interiores e para um limite de doze milhas ao largo da costa, a partir das linhas de base. As esp\u00e9cies protegidas incluem todas as esp\u00e9cies de peixes de \u00e1gua doce, incluindo esp\u00e9cies migrat\u00f3rias como o salm\u00e3o, a truta-marisca, a enguia e a lampreia.<\/p>\n<p>O Barco de Patrulha Ambiental pode ser equipado para a Aplica\u00e7\u00e3o da Pesca que realiza tarefas de controle na zona de pesca fora das \u00e1guas costeiras e apresenta um sistema de transporte de potes acionado por tomada de for\u00e7a, mas outras configura\u00e7\u00f5es est\u00e3o dispon\u00edveis.<\/p>\n<p>Os pescadores devem utilizar redes de pequena dimens\u00e3o, tais como 125 mm ou menos ou normalmente, os inspetores da Guarda Costeira, os inspetores da Ag\u00eancia Ambiental e os inspetores da Autoridade de Prote\u00e7\u00e3o das Pescas Mar\u00edtimas embarcam nos navios de pesca, apresentar aos capit\u00e3es os seus c\u00e1lculos da quantidade de peixe de tamanho inferior ao regulamentar que \u00e9 capturado e tentar convenc\u00ea-los da inefic\u00e1cia de prosseguir essa pesca. Os exemplos mais flagrantes s\u00e3o as tentativas de evitar a morte de peixes subterr\u00e2neos de tamanho inferior ao regulamentar na pesca.<\/p>\n<p><strong>Controlo Da Polui\u00e7\u00e3o &#8211; Resposta Aos Derrames De Petr\u00f3leo<\/strong><\/p>\n<p>O navio pode ser equipado com o boom de \u00f3leo, skimmer de \u00f3leo, bra\u00e7o de varredura ou coletor lateral para direcionar o \u00f3leo flutuante para v\u00e1rios sistemas de skimmer para coletar \u00f3leo de diferentes viscosidades.<\/p>\n<p><strong>Controle de polui\u00e7\u00e3o &#8211; Detec\u00e7\u00e3o de derramamento de \u00f3leo<\/strong><\/p>\n<p>Petr\u00f3leo, diesel e outros vazamentos ou vazamentos de subst\u00e2ncias qu\u00edmicas perigosas podem indicar problemas iminentes ou o resultado de um desastre. De qualquer forma, a origem e a extens\u00e3o da fuga podem ser determinadas imediatamente. A imagem t\u00e9rmica infravermelha pode detectar subst\u00e2ncias qu\u00edmicas flutuantes mesmo quando o olho nu n\u00e3o consegue no meio do dia. Os sistemas de imagem t\u00e9rmica podem ajudar os fuzileiros navais comerciais a evitar derramamentos ou limitar seu impacto e ajudar as equipes de resposta a limpar o dia todo.<\/p>\n<p>As propriedades fluorescentes da Search Light tamb\u00e9m entram em jogo quando se localiza vazamentos de \u00f3leo de um navio. O \u00f3leo tem uma fluoresc\u00eancia natural sob luz UV, por isso \u00e9 f\u00e1cil ver o brilho na \u00e1gua, independentemente da espessura do \u00f3leo ou do tipo de produto de \u00f3leo que flutua sobre ele. Assim, a luz \u00e9 excelente para navios e instala\u00e7\u00f5es para autopoliciar seus navios e tomar medidas em caso de vazamento ou derramamento antes que se torne grande ou perigoso para as pessoas ou o meio ambiente. Al\u00e9m disso, permite que a tripula\u00e7\u00e3o veja a espessura variada de um derramamento, direcionando assim uma a\u00e7\u00e3o de resposta de forma mais eficiente.<\/p>\n","protected":false},"excerpt":{"rendered":"<p>O Barco de Patrulha Ambiental Mavi Deniz \u00e9 projetado para deveres de prote\u00e7\u00e3o da pesca, bem como contra pirataria, anti-contrabando, [&hellip;]<\/p>\n","protected":false},"author":1,"featured_media":0,"parent":77861,"menu_order":0,"comment_status":"closed","ping_status":"closed","template":"","meta":{"site-sidebar-layout":"default","site-content-layout":"","ast-site-content-layout":"default","site-content-style":"default","site-sidebar-style":"default","ast-global-header-display":"","ast-banner-title-visibility":"","ast-main-header-display":"","ast-hfb-above-header-display":"","ast-hfb-below-header-display":"","ast-hfb-mobile-header-display":"","site-post-title":"","ast-breadcrumbs-content":"","ast-featured-img":"","footer-sml-layout":"","ast-disable-related-posts":"","theme-transparent-header-meta":"","adv-header-id-meta":"","stick-header-meta":"","header-above-stick-meta":"","header-main-stick-meta":"","header-below-stick-meta":"","astra-migrate-meta-layouts":"default","ast-page-background-enabled":"default","ast-page-background-meta":{"desktop":{"background-color":"var(--ast-global-color-5)","background-image":"","background-repeat":"repeat","background-position":"center center","background-size":"auto","background-attachment":"scroll","background-type":"","background-media":"","overlay-type":"","overlay-color":"","overlay-opacity":"","overlay-gradient":""},"tablet":{"background-color":"","background-image":"","background-repeat":"repeat","background-position":"center center","background-size":"auto","background-attachment":"scroll","background-type":"","background-media":"","overlay-type":"","overlay-color":"","overlay-opacity":"","overlay-gradient":""},"mobile":{"background-color":"","background-image":"","background-repeat":"repeat","background-position":"center center","background-size":"auto","background-attachment":"scroll","background-type":"","background-media":"","overlay-type":"","overlay-color":"","overlay-opacity":"","overlay-gradient":""}},"ast-content-background-meta":{"desktop":{"background-color":"var(--ast-global-color-4)","background-image":"","background-repeat":"repeat","background-position":"center center","background-size":"auto","background-attachment":"scroll","background-type":"","background-media":"","overlay-type":"","overlay-color":"","overlay-opacity":"","overlay-gradient":""},"tablet":{"background-color":"var(--ast-global-color-4)","background-image":"","background-repeat":"repeat","background-position":"center center","background-size":"auto","background-attachment":"scroll","background-type":"","background-media":"","overlay-type":"","overlay-color":"","overlay-opacity":"","overlay-gradient":""},"mobile":{"background-color":"var(--ast-global-color-4)","background-image":"","background-repeat":"repeat","background-position":"center center","background-size":"auto","background-attachment":"scroll","background-type":"","background-media":"","overlay-type":"","overlay-color":"","overlay-opacity":"","overlay-gradient":""}},"footnotes":""},"class_list":["post-77862","page","type-page","status-publish","hentry"],"_links":{"self":[{"href":"https:\/\/mavideniz.com.tr\/pt-pt\/wp-json\/wp\/v2\/pages\/77862","targetHints":{"allow":["GET"]}}],"collection":[{"href":"https:\/\/mavideniz.com.tr\/pt-pt\/wp-json\/wp\/v2\/pages"}],"about":[{"href":"https:\/\/mavideniz.com.tr\/pt-pt\/wp-json\/wp\/v2\/types\/page"}],"author":[{"embeddable":true,"href":"https:\/\/mavideniz.com.tr\/pt-pt\/wp-json\/wp\/v2\/users\/1"}],"replies":[{"embeddable":true,"href":"https:\/\/mavideniz.com.tr\/pt-pt\/wp-json\/wp\/v2\/comments?post=77862"}],"version-history":[{"count":0,"href":"https:\/\/mavideniz.com.tr\/pt-pt\/wp-json\/wp\/v2\/pages\/77862\/revisions"}],"up":[{"embeddable":true,"href":"https:\/\/mavideniz.com.tr\/pt-pt\/wp-json\/wp\/v2\/pages\/77861"}],"wp:attachment":[{"href":"https:\/\/mavideniz.com.tr\/pt-pt\/wp-json\/wp\/v2\/media?parent=77862"}],"curies":[{"name":"wp","href":"https:\/\/api.w.org\/{rel}","templated":true}]}}