{"id":77869,"date":"2025-05-03T16:09:04","date_gmt":"2025-05-03T16:09:04","guid":{"rendered":"https:\/\/mavideniz.com.tr\/?page_id=77869"},"modified":"2025-10-05T00:07:36","modified_gmt":"2025-10-05T00:07:36","slug":"barcaca-de-lixo","status":"publish","type":"page","link":"https:\/\/mavideniz.com.tr\/pt-pt\/embarcacoes-barcos\/marpol-embarcacao-de-recolha-de-residuos-barcaca\/barcaca-de-lixo\/","title":{"rendered":"Barca\u00e7a de lixo"},"content":{"rendered":"\n<p>O Garbage Barge foi projetado para armazenar e transportar lixo, detritos e res\u00edduos.<\/p>\n<p><strong>TIPOS DE RES\u00cdDUOS RECOLHIDOS DOS NAVIOS<\/strong><\/p>\n<p>1 ) Res\u00edduos fornecidos por hidrocarbonetos e por hidrocarbonetos no \u00e2mbito do anexo I da Conven\u00e7\u00e3o Marpol 73\/78, resultantes das atividades normais dos navios;<\/p>\n<p>Esgoto: \u00e1gua de percola\u00e7\u00e3o e \u00e1guas residuais oleosas formadas na m\u00e1quina e subtanques auxiliares de navios, represas de cofres, armaz\u00e9ns ou se\u00e7\u00f5es de navios semelhantes.<\/p>\n<p>Lamas: as lamas s\u00e3o constitu\u00eddas por res\u00edduos e sedimentos oleosos formados nas casas das m\u00e1quinas, nos tanques de combust\u00edvel dos navios ou nos tanques de carga dos petroleiros.<\/p>\n<p>Declive: \u00e1gua de lavagem do tanque formada devido aos tanques de carga dos navios e res\u00edduos de \u00e1gua oleosa acumulados nos tanques de declive.<\/p>\n<p>Lastro sujo: \u00e1gua de lastro que provoca o aparecimento de manchas de \u00f3leo, manchas de \u00f3leo ou manchas de \u00f3leo acima da \u00e1gua ou na costa, ou que cria altera\u00e7\u00f5es de cor acima ou debaixo da \u00e1gua ou que provoca o ac\u00famulo de materiais s\u00f3lidos\/emuls\u00e3o em suspens\u00e3o quando libertados do navio para o mar.<\/p>\n<p>\u00d3leos usados: \u00f3leos sujos que perderam a sua natureza depois de serem utilizados por m\u00e1quinas prim\u00e1rias e auxiliares no navio. Lamas s\u00f3lidas: lamas de \u00f3leo solidificadas no fundo do tanque de \u00f3leo do navio.<\/p>\n<p>2 ) \u00c1guas residuais\/\u00e1guas residuais abrangidas pelo \u00e2mbito de aplica\u00e7\u00e3o do anexo IV da Conven\u00e7\u00e3o Marpol 73\/78: \u00e1guas residuais: res\u00edduos de sanit\u00e1rios, urin\u00f3is e embornais de sanit\u00e1rios, res\u00edduos l\u00edquidos de lavabo, embornais e bacias em enfermarias, dispens\u00e1rios e hospitais, descarga de zonas onde se misturam animais vivos ou outras \u00e1guas residuais.<\/p>\n<p>3 ) Res\u00edduos de lixo\/lixo abrangidos pelo anexo V da Conven\u00e7\u00e3o Marpol 73\/78: res\u00edduos: \u00e1guas residuais urbanas e operacionais s\u00f3lidas formadas devido \u00e0 opera\u00e7\u00e3o normal do navio e ao \u00e2mbito do anexo V da Conven\u00e7\u00e3o Marpol 73\/78.<\/p>\n<p>Categoria 1: pl\u00e1stico<\/p>\n<p>Categoria 2: flutuantes; ferramentas de empilhamento, materiais de revestimento ou de embalagem<\/p>\n<p>Categoria 3: triturado; artigos de papel, sucata, vidro, metal, garrafas<\/p>\n<p>Categoria 4: artigos de papel, sucata, vidro, metal, garrafas, cer\u00e2mica<\/p>\n<p>Categoria 5: res\u00edduos alimentares<\/p>\n<p>Categoria 6: cinzas de forno, exceto as compostas por res\u00edduos de metais pesados ou produtos de pl\u00e1stico t\u00f3xicos<\/p>\n<p>[id de wptm=145]<\/p>\n","protected":false},"excerpt":{"rendered":"<p>O Garbage Barge foi projetado para armazenar e transportar lixo, detritos e res\u00edduos. TIPOS DE RES\u00cdDUOS RECOLHIDOS DOS NAVIOS 1 [&hellip;]<\/p>\n","protected":false},"author":1,"featured_media":0,"parent":77867,"menu_order":0,"comment_status":"closed","ping_status":"closed","template":"","meta":{"site-sidebar-layout":"default","site-content-layout":"","ast-site-content-layout":"default","site-content-style":"default","site-sidebar-style":"default","ast-global-header-display":"","ast-banner-title-visibility":"","ast-main-header-display":"","ast-hfb-above-header-display":"","ast-hfb-below-header-display":"","ast-hfb-mobile-header-display":"","site-post-title":"","ast-breadcrumbs-content":"","ast-featured-img":"","footer-sml-layout":"","ast-disable-related-posts":"","theme-transparent-header-meta":"","adv-header-id-meta":"","stick-header-meta":"","header-above-stick-meta":"","header-main-stick-meta":"","header-below-stick-meta":"","astra-migrate-meta-layouts":"default","ast-page-background-enabled":"default","ast-page-background-meta":{"desktop":{"background-color":"var(--ast-global-color-5)","background-image":"","background-repeat":"repeat","background-position":"center center","background-size":"auto","background-attachment":"scroll","background-type":"","background-media":"","overlay-type":"","overlay-color":"","overlay-opacity":"","overlay-gradient":""},"tablet":{"background-color":"","background-image":"","background-repeat":"repeat","background-position":"center center","background-size":"auto","background-attachment":"scroll","background-type":"","background-media":"","overlay-type":"","overlay-color":"","overlay-opacity":"","overlay-gradient":""},"mobile":{"background-color":"","background-image":"","background-repeat":"repeat","background-position":"center center","background-size":"auto","background-attachment":"scroll","background-type":"","background-media":"","overlay-type":"","overlay-color":"","overlay-opacity":"","overlay-gradient":""}},"ast-content-background-meta":{"desktop":{"background-color":"var(--ast-global-color-4)","background-image":"","background-repeat":"repeat","background-position":"center center","background-size":"auto","background-attachment":"scroll","background-type":"","background-media":"","overlay-type":"","overlay-color":"","overlay-opacity":"","overlay-gradient":""},"tablet":{"background-color":"var(--ast-global-color-4)","background-image":"","background-repeat":"repeat","background-position":"center center","background-size":"auto","background-attachment":"scroll","background-type":"","background-media":"","overlay-type":"","overlay-color":"","overlay-opacity":"","overlay-gradient":""},"mobile":{"background-color":"var(--ast-global-color-4)","background-image":"","background-repeat":"repeat","background-position":"center center","background-size":"auto","background-attachment":"scroll","background-type":"","background-media":"","overlay-type":"","overlay-color":"","overlay-opacity":"","overlay-gradient":""}},"footnotes":""},"class_list":["post-77869","page","type-page","status-publish","hentry"],"_links":{"self":[{"href":"https:\/\/mavideniz.com.tr\/pt-pt\/wp-json\/wp\/v2\/pages\/77869","targetHints":{"allow":["GET"]}}],"collection":[{"href":"https:\/\/mavideniz.com.tr\/pt-pt\/wp-json\/wp\/v2\/pages"}],"about":[{"href":"https:\/\/mavideniz.com.tr\/pt-pt\/wp-json\/wp\/v2\/types\/page"}],"author":[{"embeddable":true,"href":"https:\/\/mavideniz.com.tr\/pt-pt\/wp-json\/wp\/v2\/users\/1"}],"replies":[{"embeddable":true,"href":"https:\/\/mavideniz.com.tr\/pt-pt\/wp-json\/wp\/v2\/comments?post=77869"}],"version-history":[{"count":0,"href":"https:\/\/mavideniz.com.tr\/pt-pt\/wp-json\/wp\/v2\/pages\/77869\/revisions"}],"up":[{"embeddable":true,"href":"https:\/\/mavideniz.com.tr\/pt-pt\/wp-json\/wp\/v2\/pages\/77867"}],"wp:attachment":[{"href":"https:\/\/mavideniz.com.tr\/pt-pt\/wp-json\/wp\/v2\/media?parent=77869"}],"curies":[{"name":"wp","href":"https:\/\/api.w.org\/{rel}","templated":true}]}}