{"id":77875,"date":"2025-05-03T16:45:45","date_gmt":"2025-05-03T16:45:45","guid":{"rendered":"https:\/\/mavideniz.com.tr\/?page_id=77875"},"modified":"2025-05-04T19:17:26","modified_gmt":"2025-05-04T19:17:26","slug":"embarcacao-antipoluicao","status":"publish","type":"page","link":"https:\/\/mavideniz.com.tr\/pt-pt\/embarcacoes-barcos\/recuperacao-de-derramamento-de-oleo-navio-de-resposta\/embarcacao-antipoluicao\/","title":{"rendered":"Embarca\u00e7\u00e3o Antipolui\u00e7\u00e3o"},"content":{"rendered":"\n<p>A Mavi Deniz \u00e9 l\u00edder de mercado\/maior produtor mundial na concep\u00e7\u00e3o e fabrico de navios polivalentes contra a polui\u00e7\u00e3o.<\/p>\n<p>Os navios polivalentes antipolui\u00e7\u00e3o podem instalar todos os equipamentos necess\u00e1rios para implementar uma opera\u00e7\u00e3o eficiente e r\u00e1pida de limpeza do meio marinho. Mavi Deniz recentemente apresentou o Sea Cat, um navio polivalente antipolui\u00e7\u00e3o. O vers\u00e1til OSRV pode se encaixar com v\u00e1rios tipos de equipamentos de resposta para que possa utilizar em muitas aplica\u00e7\u00f5es diferentes, incluindo implanta\u00e7\u00e3o de lan\u00e7a, combate a inc\u00eandios, manuseio de boias, reboque, tarefas gerais de balsa, monitoramento, pulveriza\u00e7\u00e3o de dispersante, recupera\u00e7\u00e3o de petr\u00f3leo, coleta de lixo, armazenamento e descarte de micropoluentes do mar e opera\u00e7\u00f5es de limpeza de praia. Para combater a polui\u00e7\u00e3o no mar, Sea Cat: isola a \u00e1rea polu\u00edda com boias de petr\u00f3leo transportadas a bordo para recuperar os vazamentos de hidrocarbonetos; coleta e armazena res\u00edduos flutuantes e semisubmersos est\u00e1veis; combate inc\u00eandios, limpa rochas e recifes, al\u00e9m de fornecer apoio geral na \u00e1rea. Armazenamento de \u00f3leo aprimorado, energia hidr\u00e1ulica e um conv\u00e9s claro com um guindaste hidr\u00e1ulico oferecem uma ferramenta vers\u00e1til para muitas opera\u00e7\u00f5es ao redor da porta e do terminal.<\/p>\n<p>O Sea Cat \u00e9 um navio de recupera\u00e7\u00e3o de derramamento de \u00f3leo constru\u00eddo especificamente, que vem completo com um sistema de escumadeira de correia transportadora din\u00e2mica interna entre os cascos do catamar\u00e3 para a unidade para permitir a recupera\u00e7\u00e3o de todas as viscosidades do \u00f3leo; esta recupera\u00e7\u00e3o de derramamento de \u00f3leo projetada exclusivamente e \u00e9 a \u00fanica embarca\u00e7\u00e3o capaz de recuperar \u00f3leos de diesel leve para crudes altamente viscosos simplesmente dirigindo o navio atrav\u00e9s da mancha. Opcionalmente, o sistema de escumadeira de esfreg\u00e3o de \u00f3leo \u00e9 equipado com seus cascos de a\u00e7o. Um rolo de lan\u00e7a opcional e implantar v\u00e1rias boias ou monitores de espuma\/\u00e1gua para o combate a inc\u00eandios. O sistema de dispers\u00e3o permite aplicar o agente de dispers\u00e3o qu\u00edmica atrav\u00e9s de bra\u00e7os articulados montados em ambos os lados do navio. O navio de combate \u00e0 polui\u00e7\u00e3o por \u00f3leo tamb\u00e9m coleta lixo\/detritos com seu sistema de transporte de correia frontal.<\/p>\n<p>O navio de combate \u00e0 polui\u00e7\u00e3o foi especialmente concebido para operar em \u00e1reas portu\u00e1rias, \u00e1guas fechadas e atividades em mar aberto ou ao largo. O navio \u00e9 baseado em um casco de catamar\u00e3 de a\u00e7o robusto. O OSRV tem excelentes qualidades mar\u00edtimas, que permitem que o navio atinja o mesmo n\u00edvel elevado de desempenho em \u00e1guas abertas. Os Vasos de Recupera\u00e7\u00e3o de Derramamento de Petr\u00f3leo da Mavi Deniz s\u00e3o vistos em uso em todo o mundo.<\/p>\n<p>A Organiza\u00e7\u00e3o Mar\u00edtima Internacional anunciou uma estrat\u00e9gia para reduzir as emiss\u00f5es de gases de efeito estufa (GEE) a zero at\u00e9 este s\u00e9culo; as regulamenta\u00e7\u00f5es ambientais marinhas foram endurecidas em todo o mundo. A implementa\u00e7\u00e3o de zonas de controlo das emiss\u00f5es come\u00e7ou a afetar as opera\u00e7\u00f5es dos navios. A Mavi Deniz iniciou com sucesso novos regulamentos de controle de emiss\u00f5es desenvolvendo solu\u00e7\u00f5es de duplo combust\u00edvel e tecnologias de energia verde mais limpas. As op\u00e7\u00f5es de energia verde da Mavi Deniz; Sistema de energia solar, Sistema de energia da bateria, Sistema de c\u00e9lulas de combust\u00edvel de hidrog\u00eanio e Sistema de GPL podem se integrar completamente em navios antipolui\u00e7\u00e3o, incluindo equipamento de conv\u00e9s e sistema de propuls\u00e3o.<\/p>\n<p><strong>Op\u00e7\u00f5es de energia verde para navios antipolui\u00e7\u00e3o<\/strong><\/p>\n<ul>\n<li>Alimentado por Sistema de Energia Solar<\/li>\n<li>Alimentado por sistema de alimenta\u00e7\u00e3o de bateria<\/li>\n<li>Alimentado por sistema de c\u00e9lula de combust\u00edvel de hidrog\u00eanio<\/li>\n<li>Alimentado por sistema de GPL<\/li>\n<\/ul>\n<p><strong>Recursos<\/strong><\/p>\n<ul>\n<li>O navio anti-polui\u00e7\u00e3o \u00e9 baseado em um casco de catamar\u00e3 de a\u00e7o robusto.<\/li>\n<li>Gire 360 graus no lugar.<\/li>\n<li>Dois motores.<\/li>\n<li>Deveres gerais de barco de trabalho.<\/li>\n<li>Guindaste hidr\u00e1ulico de articula\u00e7\u00e3o para opera\u00e7\u00f5es de manuseio de equipamentos.<\/li>\n<li>O Sea Cat pode recuperar as viscosidades de todos os tipos de \u00f3leo do mar com seu sistema interno din\u00e2mico de skimmer esteira transportadora. Opcionalmente, o sistema de escumadeira de esfreg\u00e3o de \u00f3leo \u00e9 equipado simplesmente dirigindo o barco atrav\u00e9s da mancha.<\/li>\n<li>Taxa de recupera\u00e7\u00e3o de \u00f3leo; 100 m\u00b3\/hora.<\/li>\n<li>Res\u00edduos \/ sistemas de recupera\u00e7\u00e3o de lixo.<\/li>\n<li>Recep\u00e7\u00e3o de \u00e1gua oleosa. ( lamas, res\u00edduos, esgoto e res\u00edduos l\u00edquidos oleosos )<\/li>\n<li>Implanta\u00e7\u00e3o de booms de petr\u00f3leo e loja com rolo de lan\u00e7a.<\/li>\n<li>Combate A Inc\u00eandios.<\/li>\n<li>Sistema de pulveriza\u00e7\u00e3o por dispers\u00e3o.<\/li>\n<li>Sistemas de tratamento de esgoto &amp;; Separador de \u00e1gua oleosa<\/li>\n<li>Fun\u00e7\u00f5es de reboque com gancho de reboque.<\/li>\n<li>Alojamento com uma cabine para a tripula\u00e7\u00e3o, WC &amp; Casa de banho, ou uma oficina<\/li>\n<\/ul>\n<p>[id de wptm=75]<\/p>\n","protected":false},"excerpt":{"rendered":"<p>A Mavi Deniz \u00e9 l\u00edder de mercado\/maior produtor mundial na concep\u00e7\u00e3o e fabrico de navios polivalentes contra a polui\u00e7\u00e3o. Os [&hellip;]<\/p>\n","protected":false},"author":1,"featured_media":0,"parent":77873,"menu_order":0,"comment_status":"closed","ping_status":"closed","template":"","meta":{"site-sidebar-layout":"default","site-content-layout":"","ast-site-content-layout":"default","site-content-style":"default","site-sidebar-style":"default","ast-global-header-display":"","ast-banner-title-visibility":"","ast-main-header-display":"","ast-hfb-above-header-display":"","ast-hfb-below-header-display":"","ast-hfb-mobile-header-display":"","site-post-title":"","ast-breadcrumbs-content":"","ast-featured-img":"","footer-sml-layout":"","ast-disable-related-posts":"","theme-transparent-header-meta":"","adv-header-id-meta":"","stick-header-meta":"","header-above-stick-meta":"","header-main-stick-meta":"","header-below-stick-meta":"","astra-migrate-meta-layouts":"default","ast-page-background-enabled":"default","ast-page-background-meta":{"desktop":{"background-color":"var(--ast-global-color-5)","background-image":"","background-repeat":"repeat","background-position":"center center","background-size":"auto","background-attachment":"scroll","background-type":"","background-media":"","overlay-type":"","overlay-color":"","overlay-opacity":"","overlay-gradient":""},"tablet":{"background-color":"","background-image":"","background-repeat":"repeat","background-position":"center center","background-size":"auto","background-attachment":"scroll","background-type":"","background-media":"","overlay-type":"","overlay-color":"","overlay-opacity":"","overlay-gradient":""},"mobile":{"background-color":"","background-image":"","background-repeat":"repeat","background-position":"center center","background-size":"auto","background-attachment":"scroll","background-type":"","background-media":"","overlay-type":"","overlay-color":"","overlay-opacity":"","overlay-gradient":""}},"ast-content-background-meta":{"desktop":{"background-color":"var(--ast-global-color-4)","background-image":"","background-repeat":"repeat","background-position":"center center","background-size":"auto","background-attachment":"scroll","background-type":"","background-media":"","overlay-type":"","overlay-color":"","overlay-opacity":"","overlay-gradient":""},"tablet":{"background-color":"var(--ast-global-color-4)","background-image":"","background-repeat":"repeat","background-position":"center center","background-size":"auto","background-attachment":"scroll","background-type":"","background-media":"","overlay-type":"","overlay-color":"","overlay-opacity":"","overlay-gradient":""},"mobile":{"background-color":"var(--ast-global-color-4)","background-image":"","background-repeat":"repeat","background-position":"center center","background-size":"auto","background-attachment":"scroll","background-type":"","background-media":"","overlay-type":"","overlay-color":"","overlay-opacity":"","overlay-gradient":""}},"footnotes":""},"class_list":["post-77875","page","type-page","status-publish","hentry"],"_links":{"self":[{"href":"https:\/\/mavideniz.com.tr\/pt-pt\/wp-json\/wp\/v2\/pages\/77875","targetHints":{"allow":["GET"]}}],"collection":[{"href":"https:\/\/mavideniz.com.tr\/pt-pt\/wp-json\/wp\/v2\/pages"}],"about":[{"href":"https:\/\/mavideniz.com.tr\/pt-pt\/wp-json\/wp\/v2\/types\/page"}],"author":[{"embeddable":true,"href":"https:\/\/mavideniz.com.tr\/pt-pt\/wp-json\/wp\/v2\/users\/1"}],"replies":[{"embeddable":true,"href":"https:\/\/mavideniz.com.tr\/pt-pt\/wp-json\/wp\/v2\/comments?post=77875"}],"version-history":[{"count":0,"href":"https:\/\/mavideniz.com.tr\/pt-pt\/wp-json\/wp\/v2\/pages\/77875\/revisions"}],"up":[{"embeddable":true,"href":"https:\/\/mavideniz.com.tr\/pt-pt\/wp-json\/wp\/v2\/pages\/77873"}],"wp:attachment":[{"href":"https:\/\/mavideniz.com.tr\/pt-pt\/wp-json\/wp\/v2\/media?parent=77875"}],"curies":[{"name":"wp","href":"https:\/\/api.w.org\/{rel}","templated":true}]}}