{"id":77877,"date":"2025-05-03T16:46:21","date_gmt":"2025-05-03T16:46:21","guid":{"rendered":"https:\/\/mavideniz.com.tr\/?page_id=77877"},"modified":"2025-05-04T19:18:01","modified_gmt":"2025-05-04T19:18:01","slug":"barco-de-reboque-de-lanca-barco-de-amarracao","status":"publish","type":"page","link":"https:\/\/mavideniz.com.tr\/pt-pt\/embarcacoes-barcos\/recuperacao-de-derramamento-de-oleo-navio-de-resposta\/barco-de-reboque-de-lanca-barco-de-amarracao\/","title":{"rendered":"Barco de reboque de lan\u00e7a + barco de amarra\u00e7\u00e3o"},"content":{"rendered":"\n<p>Boom Reboque projeta para opera\u00e7\u00f5es de combate \u00e0 polui\u00e7\u00e3o e tamb\u00e9m pode usar a log\u00edstica para apoiar opera\u00e7\u00f5es no mar. Boom Reboque \u00e9 ideal para opera\u00e7\u00f5es portu\u00e1rias, costeiras e de amarra\u00e7\u00e3o.<\/p>\n<p>O ponto de reboque pode ser uma opera\u00e7\u00e3o particular e usar a popa, a proa ou o lado da embarca\u00e7\u00e3o. Boom Reboque pode combinar conten\u00e7\u00e3o boom e sistemas de recupera\u00e7\u00e3o com skimmers para melhor desempenho.<\/p>\n<p>Boom Reboque tem um layout padr\u00e3o moderno e eficiente com uma casa de rodas de primeira classe. A casa do leme e a acomoda\u00e7\u00e3o no conv\u00e9s s\u00e3o totalmente isoladas, reduzem os n\u00edveis de ru\u00eddo e s\u00e3o terminadas com um piso moderno e dur\u00e1vel. A Wheelhouse tem um ponto de vista de 360 graus e tamb\u00e9m \u00e9 totalmente climatizada.<\/p>\n<p><strong>O sucesso de opera\u00e7\u00f5es em expans\u00e3o:<\/strong> projetos de Boom Reboque com excelente costura, manobrabilidade, reboque e amarra\u00e7\u00e3o, e tamb\u00e9m para a produ\u00e7\u00e3o, voc\u00ea ver\u00e1 nossa qualidade, padr\u00f5es e diferen\u00e7as. Depois de entregar os navios, voc\u00ea ver\u00e1 o mesmo desempenho e qualidade anos e anos depois n\u00e3o mudou; h\u00e1 uma raz\u00e3o para pegar o desempenho e a qualidade; n\u00e3o usamos produtos de m\u00e1 qualidade, escolhemos o melhor material e produtos para construir o navio, e tamb\u00e9m escolhemos os melhores trabalhadores, e engenheiros.<\/p>\n<p>A Organiza\u00e7\u00e3o Mar\u00edtima Internacional anunciou uma estrat\u00e9gia para reduzir as emiss\u00f5es de gases de efeito estufa (GEE) a zero at\u00e9 este s\u00e9culo; as regulamenta\u00e7\u00f5es ambientais marinhas foram endurecidas em todo o mundo. A implementa\u00e7\u00e3o de zonas de controlo das emiss\u00f5es come\u00e7ou a afetar as opera\u00e7\u00f5es dos navios. A Mavi Deniz iniciou com sucesso novos regulamentos de controle de emiss\u00f5es desenvolvendo solu\u00e7\u00f5es de duplo combust\u00edvel e tecnologias de energia verde mais limpas. Mavi Deniz&#8217;s Green Power Options; Sistema de Energia Solar, Sistema de Energia da Bateria, Sistema de Pilhas de Combust\u00edvel a Hidrog\u00eanio e Sistema de GPL podem se integrar completamente no Boom Rebocador + Barco de amarra\u00e7\u00e3o, incluindo equipamento de conv\u00e9s e sistema de propuls\u00e3o.<\/p>\n<p><strong>Boom rebocador barco + amarrar barco op\u00e7\u00f5es de energia verde<\/strong><\/p>\n<ul>\n<li>Alimentado por Sistema de Energia Solar<\/li>\n<li>Alimentado por sistema de alimenta\u00e7\u00e3o de bateria<\/li>\n<li>Alimentado por sistema de c\u00e9lula de combust\u00edvel de hidrog\u00eanio<\/li>\n<li>Alimentado por sistema de GPL<\/li>\n<\/ul>\n<p><strong>Recursos<\/strong><\/p>\n<ul>\n<li>Ancorar Barco, Ideal para opera\u00e7\u00f5es em terminais mar\u00edtimos, portos, portos<\/li>\n<li>Fun\u00e7\u00f5es essenciais; Reboque \/ Empurrar \/ Transfer\u00eancia de pessoal \/ Amarra\u00e7\u00e3o \/ Opera\u00e7\u00e3o de mergulho de apoio \/ Coloca\u00e7\u00e3o de lan\u00e7a de conten\u00e7\u00e3o de \u00f3leo \/ Opera\u00e7\u00f5es de apoio de escumadeira de \u00f3leo<\/li>\n<li>Calado raso, manobrabilidade superior<\/li>\n<li>O espa\u00e7oso deck de popa, \u00e1rea de trabalho segura<\/li>\n<li>Constru\u00e7\u00e3o de a\u00e7o ou alum\u00ednio de qualidade mar\u00edtima totalmente soldada<\/li>\n<li>Para bobina opcional, al\u00e7as de reboque, ventilador de ar, boia, sistema de ancoragem.<\/li>\n<li>Variedade de modelos de casa do leme\/console<\/li>\n<li>Dispon\u00edvel em um ou dois mecanismos<\/li>\n<li>Equipamento adicional pode ser instalado, como um guindaste hidr\u00e1ulico, guincho hidr\u00e1ulico, bobina, skimmer, equipamento de navega\u00e7\u00e3o de lan\u00e7a, etc.<\/li>\n<li>Est\u00e3o dispon\u00edveis tamanhos personalizados e especifica\u00e7\u00f5es.<\/li>\n<\/ul>\n<p>[id de wptm=76]<\/p>\n","protected":false},"excerpt":{"rendered":"<p>Boom Reboque projeta para opera\u00e7\u00f5es de combate \u00e0 polui\u00e7\u00e3o e tamb\u00e9m pode usar a log\u00edstica para apoiar opera\u00e7\u00f5es no mar. [&hellip;]<\/p>\n","protected":false},"author":1,"featured_media":0,"parent":77873,"menu_order":0,"comment_status":"closed","ping_status":"closed","template":"","meta":{"site-sidebar-layout":"default","site-content-layout":"","ast-site-content-layout":"default","site-content-style":"default","site-sidebar-style":"default","ast-global-header-display":"","ast-banner-title-visibility":"","ast-main-header-display":"","ast-hfb-above-header-display":"","ast-hfb-below-header-display":"","ast-hfb-mobile-header-display":"","site-post-title":"","ast-breadcrumbs-content":"","ast-featured-img":"","footer-sml-layout":"","ast-disable-related-posts":"","theme-transparent-header-meta":"","adv-header-id-meta":"","stick-header-meta":"","header-above-stick-meta":"","header-main-stick-meta":"","header-below-stick-meta":"","astra-migrate-meta-layouts":"default","ast-page-background-enabled":"default","ast-page-background-meta":{"desktop":{"background-color":"var(--ast-global-color-5)","background-image":"","background-repeat":"repeat","background-position":"center center","background-size":"auto","background-attachment":"scroll","background-type":"","background-media":"","overlay-type":"","overlay-color":"","overlay-opacity":"","overlay-gradient":""},"tablet":{"background-color":"","background-image":"","background-repeat":"repeat","background-position":"center center","background-size":"auto","background-attachment":"scroll","background-type":"","background-media":"","overlay-type":"","overlay-color":"","overlay-opacity":"","overlay-gradient":""},"mobile":{"background-color":"","background-image":"","background-repeat":"repeat","background-position":"center center","background-size":"auto","background-attachment":"scroll","background-type":"","background-media":"","overlay-type":"","overlay-color":"","overlay-opacity":"","overlay-gradient":""}},"ast-content-background-meta":{"desktop":{"background-color":"var(--ast-global-color-4)","background-image":"","background-repeat":"repeat","background-position":"center center","background-size":"auto","background-attachment":"scroll","background-type":"","background-media":"","overlay-type":"","overlay-color":"","overlay-opacity":"","overlay-gradient":""},"tablet":{"background-color":"var(--ast-global-color-4)","background-image":"","background-repeat":"repeat","background-position":"center center","background-size":"auto","background-attachment":"scroll","background-type":"","background-media":"","overlay-type":"","overlay-color":"","overlay-opacity":"","overlay-gradient":""},"mobile":{"background-color":"var(--ast-global-color-4)","background-image":"","background-repeat":"repeat","background-position":"center center","background-size":"auto","background-attachment":"scroll","background-type":"","background-media":"","overlay-type":"","overlay-color":"","overlay-opacity":"","overlay-gradient":""}},"footnotes":""},"class_list":["post-77877","page","type-page","status-publish","hentry"],"_links":{"self":[{"href":"https:\/\/mavideniz.com.tr\/pt-pt\/wp-json\/wp\/v2\/pages\/77877","targetHints":{"allow":["GET"]}}],"collection":[{"href":"https:\/\/mavideniz.com.tr\/pt-pt\/wp-json\/wp\/v2\/pages"}],"about":[{"href":"https:\/\/mavideniz.com.tr\/pt-pt\/wp-json\/wp\/v2\/types\/page"}],"author":[{"embeddable":true,"href":"https:\/\/mavideniz.com.tr\/pt-pt\/wp-json\/wp\/v2\/users\/1"}],"replies":[{"embeddable":true,"href":"https:\/\/mavideniz.com.tr\/pt-pt\/wp-json\/wp\/v2\/comments?post=77877"}],"version-history":[{"count":0,"href":"https:\/\/mavideniz.com.tr\/pt-pt\/wp-json\/wp\/v2\/pages\/77877\/revisions"}],"up":[{"embeddable":true,"href":"https:\/\/mavideniz.com.tr\/pt-pt\/wp-json\/wp\/v2\/pages\/77873"}],"wp:attachment":[{"href":"https:\/\/mavideniz.com.tr\/pt-pt\/wp-json\/wp\/v2\/media?parent=77877"}],"curies":[{"name":"wp","href":"https:\/\/api.w.org\/{rel}","templated":true}]}}