{"id":77879,"date":"2025-05-03T16:47:07","date_gmt":"2025-05-03T16:47:07","guid":{"rendered":"https:\/\/mavideniz.com.tr\/?page_id=77879"},"modified":"2025-05-04T19:16:58","modified_gmt":"2025-05-04T19:16:58","slug":"navio-de-recuperacao-de-derramamento-de-petroleo-offshore","status":"publish","type":"page","link":"https:\/\/mavideniz.com.tr\/pt-pt\/embarcacoes-barcos\/recuperacao-de-derramamento-de-oleo-navio-de-resposta\/navio-de-recuperacao-de-derramamento-de-petroleo-offshore\/","title":{"rendered":"Navio de Recupera\u00e7\u00e3o de Derramamento de Petr\u00f3leo Offshore"},"content":{"rendered":"\n<p>A Mavi Deniz \u00e9 l\u00edder de mercado\/maior produtor mundial na concep\u00e7\u00e3o e fabrico de navios polivalentes de recupera\u00e7\u00e3o de petr\u00f3leo ao largo.<\/p>\n<p>A Mavi Deniz desenvolveu o \u00fanico Sea Barracuda, um navio multiuso para recupera\u00e7\u00e3o de derramamento de petr\u00f3leo no mar. Os navios multiusos para a recupera\u00e7\u00e3o de derrames de petr\u00f3leo no mar ( OSRV ) j\u00e1 podem ser abastecidos com todo o equipamento necess\u00e1rio para a execu\u00e7\u00e3o de opera\u00e7\u00f5es de limpeza r\u00e1pida e eficiente de petr\u00f3leo em alto mar.<\/p>\n<p>O vers\u00e1til OSRV pode ser equipado com v\u00e1rios tipos de equipamentos de resposta para que possa utilizar em muitas aplica\u00e7\u00f5es diferentes, incluindo implanta\u00e7\u00e3o de lan\u00e7a, combate a inc\u00eandios, manuseio de \u00e2ncora\/boia, reboque, tarefas gerais de balsa, monitoramento, pulveriza\u00e7\u00e3o de dispersante, recupera\u00e7\u00e3o de \u00f3leo, armazenamento de res\u00edduos de \u00f3leo e elimina\u00e7\u00e3o de micropoluentes das \u00e1reas mar\u00edtimas offshore.<\/p>\n<p>Mar Barracuda; O navio offshore de recupera\u00e7\u00e3o de derramamento de petr\u00f3leo coleta \u00f3leos automaticamente do mar com seus sistemas de armas r\u00edgidas varridas at\u00e9 5 condi\u00e7\u00f5es do estado do mar. Este navio de recupera\u00e7\u00e3o de derramamento de petr\u00f3leo offshore, projetado de forma exclusiva e sob medida, s\u00f3 pode recuperar \u00f3leos de diesel leve por meio de petr\u00f3leo bruto altamente viscoso ( 1.000.000 Cst ).<\/p>\n<p>A Organiza\u00e7\u00e3o Mar\u00edtima Internacional anunciou uma estrat\u00e9gia para reduzir as emiss\u00f5es de gases de efeito estufa (GEE) a zero at\u00e9 este s\u00e9culo; as regulamenta\u00e7\u00f5es ambientais marinhas foram endurecidas em todo o mundo. A implementa\u00e7\u00e3o de zonas de controlo das emiss\u00f5es come\u00e7ou a afetar as opera\u00e7\u00f5es dos navios. A Mavi Deniz iniciou com sucesso novos regulamentos de controle de emiss\u00f5es desenvolvendo solu\u00e7\u00f5es de duplo combust\u00edvel e tecnologias de energia verde mais limpas.<\/p>\n<p>As op\u00e7\u00f5es de energia verde da Mavi Deniz; Sistema de Energia Solar, Sistema de Energia da Bateria, Sistema de Pilhas de Combust\u00edvel a Hidrog\u00eanio e Sistema de GNL podem ser totalmente integrados no navio de recupera\u00e7\u00e3o de derramamento de petr\u00f3leo offshore, incluindo equipamento de conv\u00e9s e sistema de propuls\u00e3o.<\/p>\n<p><strong>Vaso de recupera\u00e7\u00e3o de derramamento de petr\u00f3leo offshore Op\u00e7\u00f5es de energia verde<\/strong><\/p>\n<ul>\n<li>Alimentado por Sistema de Energia Solar<\/li>\n<li>Alimentado por sistema de alimenta\u00e7\u00e3o de bateria<\/li>\n<li>Alimentado por sistema de c\u00e9lula de combust\u00edvel de hidrog\u00eanio<\/li>\n<li>Alimentado por sistema de GPL<\/li>\n<\/ul>\n<p><strong>Recursos<\/strong><\/p>\n<ul>\n<li>Com seu r\u00edgido sistema de escumadeira de bra\u00e7os, o Sea Barracuda pode coletar derramamentos de petr\u00f3leo para recuperar as viscosidades de todos os tipos de petr\u00f3leo do mar.\/li&gt;<\/li>\n<li>Taxa de recolha de hidrocarbonetos no mar; 150 toneladas\/hora &#8211; 200 toneladas\/hora &#8211; 300 toneladas\/hora.<\/li>\n<li>O sistema de pulveriza\u00e7\u00e3o dispersante adapta-se para aplicar o agente de dispers\u00e3o qu\u00edmica atrav\u00e9s de bra\u00e7os articulados montados em ambos os lados.<\/li>\n<li>Sistema OSD (Oil Spill Detection) para detec\u00e7\u00e3o\/rastreamento de derramamentos de \u00f3leo na \u00e1gua.<\/li>\n<li>O Sistema de Aquecimento T\u00e9rmico a \u00d3leo cabe no recipiente para aquecer os tanques.<\/li>\n<li>O navio de recupera\u00e7\u00e3o de derrames de petr\u00f3leo offshore tem um casco duplo e um fundo duplo.<\/li>\n<li>Um rolo de lan\u00e7a opcional pode ser usado para armazenar e implantar boias de v\u00e1rios tamanhos, monitores Fi-Fi 1 para combate a inc\u00eandios, uma grua A-Frame de popa para opera\u00e7\u00f5es de manuseio de boias, ou guincho de reboque para tarefas de manuseio de \u00e2ncora.<\/li>\n<\/ul>\n<p>Os principais objetivos do sistema OSD (Oil Spill Detection, detec\u00e7\u00e3o de derramamento de petr\u00f3leo) s\u00e3o detectar derramamentos de petr\u00f3leo na superf\u00edcie do mar e rastrear o derramamento de petr\u00f3leo ao longo do tempo. O sistema fornece ajuda tanto para aqueles que supervisionam os campos de petr\u00f3leo como para aqueles respons\u00e1veis pelas opera\u00e7\u00f5es de limpeza. O sistema OSD pode operar na escurid\u00e3o total ou nevoeiro 24 horas por dia, permitindo assim opera\u00e7\u00f5es de recupera\u00e7\u00e3o e skimming quando a visibilidade \u00e9 ruim. Capacidade para detectar derrames de petr\u00f3leo de pelo menos 100 litros em condi\u00e7\u00f5es de vento e estado do mar correspondentes \u00e0 escala de Beaufort 2-6. A Sea Barracuda foi especialmente concebida para operar em mar aberto ou em atividades offshore. O OSRV tem excelentes qualidades mar\u00edtimas, que permitem que o navio atinja o mesmo n\u00edvel elevado de desempenho em \u00e1guas abertas. Cuidados extras foram tomados para projetar um casco de vela liso para evitar que manchas de \u00f3leo na superf\u00edcie do mar sejam perturbadas pela ondula\u00e7\u00e3o e o veleiro do navio.<\/p>\n<p><strong>Os navios de recupera\u00e7\u00e3o de petr\u00f3leo da Mavi Deniz s\u00e3o vistos em uso em todo o mundo.<\/strong><\/p>\n<p>[id de wptm=77]<\/p>\n","protected":false},"excerpt":{"rendered":"<p>A Mavi Deniz \u00e9 l\u00edder de mercado\/maior produtor mundial na concep\u00e7\u00e3o e fabrico de navios polivalentes de recupera\u00e7\u00e3o de petr\u00f3leo [&hellip;]<\/p>\n","protected":false},"author":1,"featured_media":0,"parent":77873,"menu_order":0,"comment_status":"closed","ping_status":"closed","template":"","meta":{"site-sidebar-layout":"default","site-content-layout":"","ast-site-content-layout":"default","site-content-style":"default","site-sidebar-style":"default","ast-global-header-display":"","ast-banner-title-visibility":"","ast-main-header-display":"","ast-hfb-above-header-display":"","ast-hfb-below-header-display":"","ast-hfb-mobile-header-display":"","site-post-title":"","ast-breadcrumbs-content":"","ast-featured-img":"","footer-sml-layout":"","ast-disable-related-posts":"","theme-transparent-header-meta":"","adv-header-id-meta":"","stick-header-meta":"","header-above-stick-meta":"","header-main-stick-meta":"","header-below-stick-meta":"","astra-migrate-meta-layouts":"default","ast-page-background-enabled":"default","ast-page-background-meta":{"desktop":{"background-color":"var(--ast-global-color-5)","background-image":"","background-repeat":"repeat","background-position":"center center","background-size":"auto","background-attachment":"scroll","background-type":"","background-media":"","overlay-type":"","overlay-color":"","overlay-opacity":"","overlay-gradient":""},"tablet":{"background-color":"","background-image":"","background-repeat":"repeat","background-position":"center center","background-size":"auto","background-attachment":"scroll","background-type":"","background-media":"","overlay-type":"","overlay-color":"","overlay-opacity":"","overlay-gradient":""},"mobile":{"background-color":"","background-image":"","background-repeat":"repeat","background-position":"center center","background-size":"auto","background-attachment":"scroll","background-type":"","background-media":"","overlay-type":"","overlay-color":"","overlay-opacity":"","overlay-gradient":""}},"ast-content-background-meta":{"desktop":{"background-color":"var(--ast-global-color-4)","background-image":"","background-repeat":"repeat","background-position":"center center","background-size":"auto","background-attachment":"scroll","background-type":"","background-media":"","overlay-type":"","overlay-color":"","overlay-opacity":"","overlay-gradient":""},"tablet":{"background-color":"var(--ast-global-color-4)","background-image":"","background-repeat":"repeat","background-position":"center center","background-size":"auto","background-attachment":"scroll","background-type":"","background-media":"","overlay-type":"","overlay-color":"","overlay-opacity":"","overlay-gradient":""},"mobile":{"background-color":"var(--ast-global-color-4)","background-image":"","background-repeat":"repeat","background-position":"center center","background-size":"auto","background-attachment":"scroll","background-type":"","background-media":"","overlay-type":"","overlay-color":"","overlay-opacity":"","overlay-gradient":""}},"footnotes":""},"class_list":["post-77879","page","type-page","status-publish","hentry"],"_links":{"self":[{"href":"https:\/\/mavideniz.com.tr\/pt-pt\/wp-json\/wp\/v2\/pages\/77879","targetHints":{"allow":["GET"]}}],"collection":[{"href":"https:\/\/mavideniz.com.tr\/pt-pt\/wp-json\/wp\/v2\/pages"}],"about":[{"href":"https:\/\/mavideniz.com.tr\/pt-pt\/wp-json\/wp\/v2\/types\/page"}],"author":[{"embeddable":true,"href":"https:\/\/mavideniz.com.tr\/pt-pt\/wp-json\/wp\/v2\/users\/1"}],"replies":[{"embeddable":true,"href":"https:\/\/mavideniz.com.tr\/pt-pt\/wp-json\/wp\/v2\/comments?post=77879"}],"version-history":[{"count":0,"href":"https:\/\/mavideniz.com.tr\/pt-pt\/wp-json\/wp\/v2\/pages\/77879\/revisions"}],"up":[{"embeddable":true,"href":"https:\/\/mavideniz.com.tr\/pt-pt\/wp-json\/wp\/v2\/pages\/77873"}],"wp:attachment":[{"href":"https:\/\/mavideniz.com.tr\/pt-pt\/wp-json\/wp\/v2\/media?parent=77879"}],"curies":[{"name":"wp","href":"https:\/\/api.w.org\/{rel}","templated":true}]}}