{"id":77881,"date":"2025-05-03T16:48:52","date_gmt":"2025-05-03T16:48:52","guid":{"rendered":"https:\/\/mavideniz.com.tr\/?page_id=77881"},"modified":"2025-05-04T19:17:43","modified_gmt":"2025-05-04T19:17:43","slug":"barco-de-recuperacao-de-derramamento-de-oleo","status":"publish","type":"page","link":"https:\/\/mavideniz.com.tr\/pt-pt\/embarcacoes-barcos\/recuperacao-de-derramamento-de-oleo-navio-de-resposta\/barco-de-recuperacao-de-derramamento-de-oleo\/","title":{"rendered":"Barco de recupera\u00e7\u00e3o de derramamento de \u00f3leo"},"content":{"rendered":"\n<p>O MINI CAT, Oil Spill Recovery Boat, projetado para coletar petr\u00f3leo derramado antes de chegar \u00e0 costa, que \u00e9 um barco de recupera\u00e7\u00e3o de petr\u00f3leo incrivelmente inovador, destinado a ser usado em espa\u00e7os limitados e \u00e1guas rasas, \u00e1reas onde navios maiores com as mesmas habilidades operacionais s\u00e3o incapazes de operar, adequado para trabalhar no pouco calado, interior e vias naveg\u00e1veis costeiras. Portos, canais, ba\u00edas, marinas, lagos, marina, vias naveg\u00e1veis, litoral, efetuando os seguintes servi\u00e7os:<\/p>\n<ul>\n<li>Coletar, armazenar e descarregar micropoluentes flutuantes e semissubmersos (algas, pl\u00e1stico, plantas, latas, madeira, vegeta\u00e7\u00e3o, etc.)<\/li>\n<li>Recolha de \u00f3leos e de produtos \u00e0 base de hidrocarbonetos;<\/li>\n<li>Opera\u00e7\u00f5es de combate a inc\u00eandios e de limpeza de cais com canh\u00f5es de \u00e1gua colocados no conv\u00e9s;<\/li>\n<li>Remo\u00e7\u00e3o de espumas derramadas e de pel\u00edculas superficiais.<\/li>\n<li>O barco de recupera\u00e7\u00e3o de \u00f3leo tamb\u00e9m \u00e9 ideal como um navio multiuso para implanta\u00e7\u00e3o de lan\u00e7a e pulveriza\u00e7\u00e3o de dispersante.<\/li>\n<\/ul>\n<p>O Barco de Recupera\u00e7\u00e3o de Derramamento de Petr\u00f3leo tem um skimmer de escova montado no casco e pode ser montado na proa ou lado do casco, permitindo que o petr\u00f3leo recuperado seja entregue diretamente aos tanques de armazenamento de petr\u00f3leo recuperado no meio do barco. O Barco de Recupera\u00e7\u00e3o de Vazamento de \u00d3leo \u00e9 port\u00e1til e permite que o operador proponha ou realocar a unidade rapidamente para responder imediatamente ao acidente mar\u00edtimo. Al\u00e9m disso, os barcos de recupera\u00e7\u00e3o de \u00f3leo podem ser transferidos por cont\u00eainer ou reboque.<\/p>\n<p>O barco de recupera\u00e7\u00e3o de derramamento de petr\u00f3leo tem excelentes qualidades marinhas e mant\u00e9m um n\u00edvel de alta efici\u00eancia no mar aberto. O casco do catamar\u00e3 acentua o fluxo de \u00e1gua para o lado interno do barco, onde a h\u00e9lice de v\u00e1cuo posicionada atr\u00e1s da cesta de coleta cria um fluxo de aspira\u00e7\u00e3o. A h\u00e9lice de v\u00e1cuo de su\u00e7\u00e3o \u00e9 acionada dinamicamente diretamente da casa do leme. A cesta de coleta pode ser regulada de acordo com a guarni\u00e7\u00e3o para otimizar sua funcionalidade. Uma turbina puxa um fluxo de \u00e1gua atrav\u00e9s de um tanque com uma malha para filtrar os res\u00edduos s\u00f3lidos.<\/p>\n<p>O fluxo \u00e9 ent\u00e3o separado em dois:<\/p>\n<ul>\n<li>First Stream: a turbina bombeia para longe da \u00e1gua limpa.<\/li>\n<li>Segundo fluxo: as \u00e1guas superficiais polu\u00eddas com petr\u00f3leo e hidrocarbonetos s\u00e3o canalizadas para um separador de hidrocarbonetos, onde os hidrocarbonetos s\u00e3o mantidos flutuantes.<\/li>\n<\/ul>\n<p>A MAVI DENIZ \u00e9 l\u00edder de mercado\/maior produtor mundial na concep\u00e7\u00e3o e fabrico de embarca\u00e7\u00f5es de trabalho multiusos ecol\u00f3gicas antipolui\u00e7\u00e3o.<\/p>\n<p>MAVI DENIZ Inland &amp; Sheltered Waters OSRV, MINI CAT pode ser visto em uso em todo o mundo<\/p>\n<p>[id de wptm=78]<\/p>\n","protected":false},"excerpt":{"rendered":"<p>O MINI CAT, Oil Spill Recovery Boat, projetado para coletar petr\u00f3leo derramado antes de chegar \u00e0 costa, que \u00e9 um [&hellip;]<\/p>\n","protected":false},"author":1,"featured_media":0,"parent":77873,"menu_order":0,"comment_status":"closed","ping_status":"closed","template":"","meta":{"site-sidebar-layout":"default","site-content-layout":"","ast-site-content-layout":"default","site-content-style":"default","site-sidebar-style":"default","ast-global-header-display":"","ast-banner-title-visibility":"","ast-main-header-display":"","ast-hfb-above-header-display":"","ast-hfb-below-header-display":"","ast-hfb-mobile-header-display":"","site-post-title":"","ast-breadcrumbs-content":"","ast-featured-img":"","footer-sml-layout":"","ast-disable-related-posts":"","theme-transparent-header-meta":"","adv-header-id-meta":"","stick-header-meta":"","header-above-stick-meta":"","header-main-stick-meta":"","header-below-stick-meta":"","astra-migrate-meta-layouts":"default","ast-page-background-enabled":"default","ast-page-background-meta":{"desktop":{"background-color":"var(--ast-global-color-5)","background-image":"","background-repeat":"repeat","background-position":"center center","background-size":"auto","background-attachment":"scroll","background-type":"","background-media":"","overlay-type":"","overlay-color":"","overlay-opacity":"","overlay-gradient":""},"tablet":{"background-color":"","background-image":"","background-repeat":"repeat","background-position":"center center","background-size":"auto","background-attachment":"scroll","background-type":"","background-media":"","overlay-type":"","overlay-color":"","overlay-opacity":"","overlay-gradient":""},"mobile":{"background-color":"","background-image":"","background-repeat":"repeat","background-position":"center center","background-size":"auto","background-attachment":"scroll","background-type":"","background-media":"","overlay-type":"","overlay-color":"","overlay-opacity":"","overlay-gradient":""}},"ast-content-background-meta":{"desktop":{"background-color":"var(--ast-global-color-4)","background-image":"","background-repeat":"repeat","background-position":"center center","background-size":"auto","background-attachment":"scroll","background-type":"","background-media":"","overlay-type":"","overlay-color":"","overlay-opacity":"","overlay-gradient":""},"tablet":{"background-color":"var(--ast-global-color-4)","background-image":"","background-repeat":"repeat","background-position":"center center","background-size":"auto","background-attachment":"scroll","background-type":"","background-media":"","overlay-type":"","overlay-color":"","overlay-opacity":"","overlay-gradient":""},"mobile":{"background-color":"var(--ast-global-color-4)","background-image":"","background-repeat":"repeat","background-position":"center center","background-size":"auto","background-attachment":"scroll","background-type":"","background-media":"","overlay-type":"","overlay-color":"","overlay-opacity":"","overlay-gradient":""}},"footnotes":""},"class_list":["post-77881","page","type-page","status-publish","hentry"],"_links":{"self":[{"href":"https:\/\/mavideniz.com.tr\/pt-pt\/wp-json\/wp\/v2\/pages\/77881","targetHints":{"allow":["GET"]}}],"collection":[{"href":"https:\/\/mavideniz.com.tr\/pt-pt\/wp-json\/wp\/v2\/pages"}],"about":[{"href":"https:\/\/mavideniz.com.tr\/pt-pt\/wp-json\/wp\/v2\/types\/page"}],"author":[{"embeddable":true,"href":"https:\/\/mavideniz.com.tr\/pt-pt\/wp-json\/wp\/v2\/users\/1"}],"replies":[{"embeddable":true,"href":"https:\/\/mavideniz.com.tr\/pt-pt\/wp-json\/wp\/v2\/comments?post=77881"}],"version-history":[{"count":0,"href":"https:\/\/mavideniz.com.tr\/pt-pt\/wp-json\/wp\/v2\/pages\/77881\/revisions"}],"up":[{"embeddable":true,"href":"https:\/\/mavideniz.com.tr\/pt-pt\/wp-json\/wp\/v2\/pages\/77873"}],"wp:attachment":[{"href":"https:\/\/mavideniz.com.tr\/pt-pt\/wp-json\/wp\/v2\/media?parent=77881"}],"curies":[{"name":"wp","href":"https:\/\/api.w.org\/{rel}","templated":true}]}}