{"id":77883,"date":"2025-05-03T16:50:04","date_gmt":"2025-05-03T16:50:04","guid":{"rendered":"https:\/\/mavideniz.com.tr\/?page_id=77883"},"modified":"2025-05-04T19:17:38","modified_gmt":"2025-05-04T19:17:38","slug":"embarcacao-de-resposta-a-derramamento-de-oleo","status":"publish","type":"page","link":"https:\/\/mavideniz.com.tr\/pt-pt\/embarcacoes-barcos\/recuperacao-de-derramamento-de-oleo-navio-de-resposta\/embarcacao-de-resposta-a-derramamento-de-oleo\/","title":{"rendered":"Embarca\u00e7\u00e3o de Resposta a Derramamento de \u00d3leo"},"content":{"rendered":"\n<p>A Mavi Deniz \u00e9 l\u00edder de mercado\/maior produtor mundial na concep\u00e7\u00e3o e fabrico de navios de resposta \u00e0 polui\u00e7\u00e3o. A Sea Horse foi concebida para opera\u00e7\u00f5es de combate \u00e0 polui\u00e7\u00e3o como um navio multiusos de resposta a derrames de hidrocarbonetos. O OSRV (Oil Spill Response Vessel) da Mavi Deniz \u00e9 usado em todo o mundo. O navio de resposta a derrames de petr\u00f3leo pode fornecer todo o equipamento necess\u00e1rio para implementar uma opera\u00e7\u00e3o de limpeza marinha eficiente e r\u00e1pida.<\/p>\n<p>Mavi Deniz introduziu recentemente o Sea Horse, um navio polivalente de resposta a derrames de petr\u00f3leo ( OSRV ).<\/p>\n<p>O vers\u00e1til OSRV pode ser equipado com v\u00e1rios tipos de equipamentos de combate \u00e0 polui\u00e7\u00e3o para que possa ser utilizado em muitas aplica\u00e7\u00f5es diferentes, incluindo implanta\u00e7\u00e3o de lan\u00e7a, combate a inc\u00eandios, manuseio de boias, reboque, tarefas gerais de balsa, monitoramento, pulveriza\u00e7\u00e3o de dispersante, recupera\u00e7\u00e3o de \u00f3leo, coleta de lixo, armazenamento e elimina\u00e7\u00e3o de micropoluentes do mar e opera\u00e7\u00f5es de limpeza de praia. Para combater a polui\u00e7\u00e3o no mar, o navio de combate \u00e0 polui\u00e7\u00e3o: isola a \u00e1rea polu\u00edda com boias de petr\u00f3leo transportadas a bordo para recuperar os vazamentos de hidrocarbonetos; coleta e armazena res\u00edduos s\u00f3lidos flutuantes e semisubmersos; combate inc\u00eandios, limpa rochas e recifes, al\u00e9m de fornecer apoio geral na \u00e1rea. O armazenamento de \u00f3leo recuperado, a energia hidr\u00e1ulica e um conv\u00e9s claro com um guindaste hidr\u00e1ulico oferecem uma ferramenta vers\u00e1til para muitas opera\u00e7\u00f5es ao redor do porto e do terminal.<\/p>\n<p>O Sea Horse \u00e9 um OSRV (Oil Spill Response Vessel) constru\u00eddo especificamente para o efeito, que vem completo com um sistema de escumadeira com um estrondo exterior e varrimento perto do lado dos cascos para permitir a recupera\u00e7\u00e3o de todas as viscosidades do petr\u00f3leo; este projeto \u00fanico de recupera\u00e7\u00e3o de derrame de petr\u00f3leo constru\u00eddo sob medida e \u00e9 a \u00fanica embarca\u00e7\u00e3o capaz de recuperar \u00f3leos de diesel leve at\u00e9 crudes altamente viscosos simplesmente conduzindo o navio atrav\u00e9s da mancha. Opcionalmente, o sistema de escumadeira de esfreg\u00e3o de \u00f3leo \u00e9 montado lado do casco. Um rolo de lan\u00e7a opcional pode armazenar e implantar v\u00e1rias boias ou monitores de espuma\/\u00e1gua para combate a inc\u00eandios. O sistema de pulveriza\u00e7\u00e3o dispersante est\u00e1 equipado para aplicar o agente de dispers\u00e3o qu\u00edmica atrav\u00e9s de bra\u00e7os articulados montados em ambos os lados do navio. O navio de resposta a derramamento de \u00f3leo tamb\u00e9m coleta lixo\/detritos com seu sistema de transporte de correia frontal. A Sea Horse foi especialmente concebida para operar em \u00e1reas portu\u00e1rias, \u00e1guas pr\u00f3ximas e atividades em mar aberto ou offshore. O navio de resposta a derramamento de petr\u00f3leo \u00e9 baseado em um robusto casco de a\u00e7o. Os navios de combate \u00e0 polui\u00e7\u00e3o t\u00eam excelentes qualidades mar\u00edtimas, que permitem que atinjam o mesmo n\u00edvel elevado de desempenho em \u00e1guas abertas.<\/p>\n<p>A Organiza\u00e7\u00e3o Mar\u00edtima Internacional anunciou uma estrat\u00e9gia para reduzir as emiss\u00f5es de gases de efeito estufa (GEE) a zero at\u00e9 este s\u00e9culo; as regulamenta\u00e7\u00f5es ambientais marinhas foram endurecidas em todo o mundo. A implementa\u00e7\u00e3o de zonas de controlo das emiss\u00f5es come\u00e7ou a afetar as opera\u00e7\u00f5es dos navios. A Mavi Deniz iniciou com sucesso novos regulamentos de controle de emiss\u00f5es desenvolvendo solu\u00e7\u00f5es de duplo combust\u00edvel e tecnologias de energia verde mais limpas.<\/p>\n<p>Mavi Deniz&#8217;s Green Power Options; Sistema de Energia Solar, Sistema de Energia da Bateria, Sistema de Pilhas de Combust\u00edvel a Hidrog\u00eanio e Sistema de GPL podem integrar-se totalmente no Vaso de Resposta a Derramamento de Petr\u00f3leo, incluindo equipamento de conv\u00e9s e sistema de propuls\u00e3o.<\/p>\n<p><strong>Op\u00e7\u00f5es de energia verde do navio de resposta a derramamento de petr\u00f3leo<\/strong><\/p>\n<ul>\n<li>Alimentado por Sistema de Energia Solar<\/li>\n<li>Alimentado por sistema de alimenta\u00e7\u00e3o de bateria<\/li>\n<li>Alimentado por sistema de c\u00e9lula de combust\u00edvel de hidrog\u00eanio<\/li>\n<li>Alimentado por sistema de GPL<\/li>\n<\/ul>\n<p><strong>Recursos<\/strong><\/p>\n<ul>\n<li>O OSRV (Oil Spill Response Vessel) baseia-se num robusto casco em a\u00e7o. Gire 360 graus no lugar.<\/li>\n<li>Dois motores. Fun\u00e7\u00f5es gerais das embarca\u00e7\u00f5es de trabalho<\/li>\n<li>Guindaste hidr\u00e1ulico de articula\u00e7\u00e3o para ajudar nas opera\u00e7\u00f5es de manuseio de equipamentos<\/li>\n<li>Sea Horse, com o seu sistema de escova de escova com estrondo e varrimento perto do lado do sistema de casco para recuperar as viscosidades de todos os tipos de petr\u00f3leo do mar. Opcionalmente, o sistema de escumadeira de esfreg\u00e3o de \u00f3leo \u00e9 equipado simplesmente dirigindo o barco atrav\u00e9s da mancha<\/li>\n<li>Navio De Resposta \u00c0 Polui\u00e7\u00e3o, Navio De Resposta A Derrames De Petr\u00f3leo, Taxa De Recupera\u00e7\u00e3o De Petr\u00f3leo; 100 m\u00b3\/h<\/li>\n<li>Res\u00edduos \/ sistemas de recupera\u00e7\u00e3o de lixo. Recep\u00e7\u00e3o de \u00e1gua oleosa. (lamas, res\u00edduos, esgoto e res\u00edduos l\u00edquidos oleosos)<\/li>\n<li>Implanta\u00e7\u00e3o de booms de petr\u00f3leo e loja com rolo de lan\u00e7a<\/li>\n<li>Combate a Inc\u00eandios<\/li>\n<li>Sistema de pulveriza\u00e7\u00e3o por dispers\u00e3o<\/li>\n<li>Sistemas de tratamento de esgotos e separador de \u00e1gua oleosa<\/li>\n<li>Fun\u00e7\u00f5es de reboque com gancho de reboque<\/li>\n<li>Alojamento com uma cabine para a tripula\u00e7\u00e3o, WC &amp; Casa de banho, ou uma oficina<\/li>\n<\/ul>\n<p>[id de wptm=79]<\/p>\n","protected":false},"excerpt":{"rendered":"<p>A Mavi Deniz \u00e9 l\u00edder de mercado\/maior produtor mundial na concep\u00e7\u00e3o e fabrico de navios de resposta \u00e0 polui\u00e7\u00e3o. A [&hellip;]<\/p>\n","protected":false},"author":1,"featured_media":0,"parent":77873,"menu_order":0,"comment_status":"closed","ping_status":"closed","template":"","meta":{"site-sidebar-layout":"default","site-content-layout":"","ast-site-content-layout":"default","site-content-style":"default","site-sidebar-style":"default","ast-global-header-display":"","ast-banner-title-visibility":"","ast-main-header-display":"","ast-hfb-above-header-display":"","ast-hfb-below-header-display":"","ast-hfb-mobile-header-display":"","site-post-title":"","ast-breadcrumbs-content":"","ast-featured-img":"","footer-sml-layout":"","ast-disable-related-posts":"","theme-transparent-header-meta":"","adv-header-id-meta":"","stick-header-meta":"","header-above-stick-meta":"","header-main-stick-meta":"","header-below-stick-meta":"","astra-migrate-meta-layouts":"default","ast-page-background-enabled":"default","ast-page-background-meta":{"desktop":{"background-color":"var(--ast-global-color-5)","background-image":"","background-repeat":"repeat","background-position":"center center","background-size":"auto","background-attachment":"scroll","background-type":"","background-media":"","overlay-type":"","overlay-color":"","overlay-opacity":"","overlay-gradient":""},"tablet":{"background-color":"","background-image":"","background-repeat":"repeat","background-position":"center center","background-size":"auto","background-attachment":"scroll","background-type":"","background-media":"","overlay-type":"","overlay-color":"","overlay-opacity":"","overlay-gradient":""},"mobile":{"background-color":"","background-image":"","background-repeat":"repeat","background-position":"center center","background-size":"auto","background-attachment":"scroll","background-type":"","background-media":"","overlay-type":"","overlay-color":"","overlay-opacity":"","overlay-gradient":""}},"ast-content-background-meta":{"desktop":{"background-color":"var(--ast-global-color-4)","background-image":"","background-repeat":"repeat","background-position":"center center","background-size":"auto","background-attachment":"scroll","background-type":"","background-media":"","overlay-type":"","overlay-color":"","overlay-opacity":"","overlay-gradient":""},"tablet":{"background-color":"var(--ast-global-color-4)","background-image":"","background-repeat":"repeat","background-position":"center center","background-size":"auto","background-attachment":"scroll","background-type":"","background-media":"","overlay-type":"","overlay-color":"","overlay-opacity":"","overlay-gradient":""},"mobile":{"background-color":"var(--ast-global-color-4)","background-image":"","background-repeat":"repeat","background-position":"center center","background-size":"auto","background-attachment":"scroll","background-type":"","background-media":"","overlay-type":"","overlay-color":"","overlay-opacity":"","overlay-gradient":""}},"footnotes":""},"class_list":["post-77883","page","type-page","status-publish","hentry"],"_links":{"self":[{"href":"https:\/\/mavideniz.com.tr\/pt-pt\/wp-json\/wp\/v2\/pages\/77883","targetHints":{"allow":["GET"]}}],"collection":[{"href":"https:\/\/mavideniz.com.tr\/pt-pt\/wp-json\/wp\/v2\/pages"}],"about":[{"href":"https:\/\/mavideniz.com.tr\/pt-pt\/wp-json\/wp\/v2\/types\/page"}],"author":[{"embeddable":true,"href":"https:\/\/mavideniz.com.tr\/pt-pt\/wp-json\/wp\/v2\/users\/1"}],"replies":[{"embeddable":true,"href":"https:\/\/mavideniz.com.tr\/pt-pt\/wp-json\/wp\/v2\/comments?post=77883"}],"version-history":[{"count":0,"href":"https:\/\/mavideniz.com.tr\/pt-pt\/wp-json\/wp\/v2\/pages\/77883\/revisions"}],"up":[{"embeddable":true,"href":"https:\/\/mavideniz.com.tr\/pt-pt\/wp-json\/wp\/v2\/pages\/77873"}],"wp:attachment":[{"href":"https:\/\/mavideniz.com.tr\/pt-pt\/wp-json\/wp\/v2\/media?parent=77883"}],"curies":[{"name":"wp","href":"https:\/\/api.w.org\/{rel}","templated":true}]}}