{"id":77885,"date":"2025-05-03T16:50:42","date_gmt":"2025-05-03T16:50:42","guid":{"rendered":"https:\/\/mavideniz.com.tr\/?page_id=77885"},"modified":"2025-05-04T19:17:32","modified_gmt":"2025-05-04T19:17:32","slug":"barco-de-resposta-a-poluicao","status":"publish","type":"page","link":"https:\/\/mavideniz.com.tr\/pt-pt\/embarcacoes-barcos\/recuperacao-de-derramamento-de-oleo-navio-de-resposta\/barco-de-resposta-a-poluicao\/","title":{"rendered":"Barco de Resposta \u00e0 Polui\u00e7\u00e3o"},"content":{"rendered":"\n<p>O Pollution Response Boat foi projetado para fornecer servi\u00e7os de combate \u00e0 polui\u00e7\u00e3o limpando portos, rios, \u00e1reas portu\u00e1rias e \u00e1guas costeiras, uma s\u00e9rie de projetos e equipamentos padr\u00e3o confi\u00e1veis e comprovados com componentes e equipamentos padronizados de alta qualidade.<\/p>\n<p>O Barco de Resposta \u00e0 Polui\u00e7\u00e3o abre as portas de proa A \u00e1gua \u00e9 canalizada para a proa atrav\u00e9s de um efeito de v\u00e1cuo para o modo de varredura. A \u00e1gua do mar polu\u00edda por \u00f3leo coletada foi limpa e separada automaticamente.<\/p>\n<p>A Organiza\u00e7\u00e3o Mar\u00edtima Internacional anunciou uma estrat\u00e9gia para reduzir as emiss\u00f5es de gases de efeito estufa (GEE) a zero at\u00e9 este s\u00e9culo; as regulamenta\u00e7\u00f5es ambientais marinhas foram endurecidas em todo o mundo. A implementa\u00e7\u00e3o de zonas de controlo das emiss\u00f5es come\u00e7ou a afetar as opera\u00e7\u00f5es dos navios. A Mavi Deniz iniciou com sucesso novos regulamentos de controle de emiss\u00f5es desenvolvendo solu\u00e7\u00f5es de duplo combust\u00edvel e tecnologias de energia verde mais limpas. Mavi Deniz&#8217;s Green Power Options; Sistema de Energia Solar, Sistema de Energia de Bateria, Sistema de Pilhas de Combust\u00edvel a Hidrog\u00eanio e Sistema de GPL podem se integrar completamente no Vaso de Resposta \u00e0 Polui\u00e7\u00e3o, incluindo equipamento de conv\u00e9s e sistema de propuls\u00e3o.<\/p>\n<p><strong>Op\u00e7\u00f5es de energia verde do navio de resposta \u00e0 polui\u00e7\u00e3o<\/strong><\/p>\n<ul>\n<li>Alimentado por Sistema de Energia Solar<\/li>\n<li>Alimentado por sistema de alimenta\u00e7\u00e3o de bateria<\/li>\n<li>Alimentado por sistema de c\u00e9lula de combust\u00edvel de hidrog\u00eanio<\/li>\n<li>Alimentado por sistema de GPL<\/li>\n<\/ul>\n<p><strong>Recursos<\/strong><\/p>\n<ul>\n<li>O navio \u00e9 baseado em um robusto casco de a\u00e7o monocasco\/catamar\u00e3, e a cabine \u00e9 de alum\u00ednio opcionalmente.<\/li>\n<li>Excelente manobrabilidade.<\/li>\n<li>Alto Eficaz Excelente Rascunho superficial.<\/li>\n<li>Excelente estabilidade.<\/li>\n<li>Motores simples ou duplos<\/li>\n<li>Guindaste hidr\u00e1ulico.<\/li>\n<li>Recupera\u00e7\u00e3o de derramamento de petr\u00f3leo<\/li>\n<li>Pulveriza\u00e7\u00e3o de dispersante<\/li>\n<li>Coloca\u00e7\u00e3o de vaias de petr\u00f3leo<\/li>\n<li>Combate a inc\u00eandios<\/li>\n<li>Armazena res\u00edduos s\u00f3lidos flutuantes e semissubmersos<\/li>\n<li>Armazena res\u00edduos e l\u00edquidos de petr\u00f3leo<\/li>\n<li>Desenhos personalizados podem ser feitos de forma r\u00e1pida e econ\u00f4mica em Sea Piranha.<\/li>\n<\/ul>\n<p>[id de wptm=160]<\/p>\n","protected":false},"excerpt":{"rendered":"<p>O Pollution Response Boat foi projetado para fornecer servi\u00e7os de combate \u00e0 polui\u00e7\u00e3o limpando portos, rios, \u00e1reas portu\u00e1rias e \u00e1guas [&hellip;]<\/p>\n","protected":false},"author":1,"featured_media":0,"parent":77873,"menu_order":0,"comment_status":"closed","ping_status":"closed","template":"","meta":{"site-sidebar-layout":"default","site-content-layout":"","ast-site-content-layout":"default","site-content-style":"default","site-sidebar-style":"default","ast-global-header-display":"","ast-banner-title-visibility":"","ast-main-header-display":"","ast-hfb-above-header-display":"","ast-hfb-below-header-display":"","ast-hfb-mobile-header-display":"","site-post-title":"","ast-breadcrumbs-content":"","ast-featured-img":"","footer-sml-layout":"","ast-disable-related-posts":"","theme-transparent-header-meta":"","adv-header-id-meta":"","stick-header-meta":"","header-above-stick-meta":"","header-main-stick-meta":"","header-below-stick-meta":"","astra-migrate-meta-layouts":"default","ast-page-background-enabled":"default","ast-page-background-meta":{"desktop":{"background-color":"var(--ast-global-color-5)","background-image":"","background-repeat":"repeat","background-position":"center center","background-size":"auto","background-attachment":"scroll","background-type":"","background-media":"","overlay-type":"","overlay-color":"","overlay-opacity":"","overlay-gradient":""},"tablet":{"background-color":"","background-image":"","background-repeat":"repeat","background-position":"center center","background-size":"auto","background-attachment":"scroll","background-type":"","background-media":"","overlay-type":"","overlay-color":"","overlay-opacity":"","overlay-gradient":""},"mobile":{"background-color":"","background-image":"","background-repeat":"repeat","background-position":"center center","background-size":"auto","background-attachment":"scroll","background-type":"","background-media":"","overlay-type":"","overlay-color":"","overlay-opacity":"","overlay-gradient":""}},"ast-content-background-meta":{"desktop":{"background-color":"var(--ast-global-color-4)","background-image":"","background-repeat":"repeat","background-position":"center center","background-size":"auto","background-attachment":"scroll","background-type":"","background-media":"","overlay-type":"","overlay-color":"","overlay-opacity":"","overlay-gradient":""},"tablet":{"background-color":"var(--ast-global-color-4)","background-image":"","background-repeat":"repeat","background-position":"center center","background-size":"auto","background-attachment":"scroll","background-type":"","background-media":"","overlay-type":"","overlay-color":"","overlay-opacity":"","overlay-gradient":""},"mobile":{"background-color":"var(--ast-global-color-4)","background-image":"","background-repeat":"repeat","background-position":"center center","background-size":"auto","background-attachment":"scroll","background-type":"","background-media":"","overlay-type":"","overlay-color":"","overlay-opacity":"","overlay-gradient":""}},"footnotes":""},"class_list":["post-77885","page","type-page","status-publish","hentry"],"_links":{"self":[{"href":"https:\/\/mavideniz.com.tr\/pt-pt\/wp-json\/wp\/v2\/pages\/77885","targetHints":{"allow":["GET"]}}],"collection":[{"href":"https:\/\/mavideniz.com.tr\/pt-pt\/wp-json\/wp\/v2\/pages"}],"about":[{"href":"https:\/\/mavideniz.com.tr\/pt-pt\/wp-json\/wp\/v2\/types\/page"}],"author":[{"embeddable":true,"href":"https:\/\/mavideniz.com.tr\/pt-pt\/wp-json\/wp\/v2\/users\/1"}],"replies":[{"embeddable":true,"href":"https:\/\/mavideniz.com.tr\/pt-pt\/wp-json\/wp\/v2\/comments?post=77885"}],"version-history":[{"count":0,"href":"https:\/\/mavideniz.com.tr\/pt-pt\/wp-json\/wp\/v2\/pages\/77885\/revisions"}],"up":[{"embeddable":true,"href":"https:\/\/mavideniz.com.tr\/pt-pt\/wp-json\/wp\/v2\/pages\/77873"}],"wp:attachment":[{"href":"https:\/\/mavideniz.com.tr\/pt-pt\/wp-json\/wp\/v2\/media?parent=77885"}],"curies":[{"name":"wp","href":"https:\/\/api.w.org\/{rel}","templated":true}]}}