{"id":77887,"date":"2025-05-03T16:51:38","date_gmt":"2025-05-03T16:51:38","guid":{"rendered":"https:\/\/mavideniz.com.tr\/?page_id=77887"},"modified":"2025-05-04T19:11:30","modified_gmt":"2025-05-04T19:11:30","slug":"barcaca-de-resposta-a-derramamento-de-oleo","status":"publish","type":"page","link":"https:\/\/mavideniz.com.tr\/pt-pt\/embarcacoes-barcos\/recuperacao-de-derramamento-de-oleo-navio-de-resposta\/barcaca-de-resposta-a-derramamento-de-oleo\/","title":{"rendered":"Barca\u00e7a de Resposta a Derramamento de \u00d3leo"},"content":{"rendered":"\n<p>Barca\u00e7a de resposta a derrames de petr\u00f3leo barca\u00e7a de transporte de petr\u00f3leo convertida, equipada com os sistemas de escuma\u00e7\u00e3o espec\u00edficos, plataforma oce\u00e2nica, equipamento de implanta\u00e7\u00e3o e meios de comunica\u00e7\u00e3o necess\u00e1rios para funcionar como um navio de resposta ao largo totalmente certificado. Oil Spill Response Barge oferece uma plataforma de trabalho est\u00e1vel e espa\u00e7osa para opera\u00e7\u00f5es offshore,<\/p>\n<p><strong>Barca\u00e7a de resposta a derramamento de \u00f3leo projetada para<\/strong><\/p>\n<ul>\n<li>Apoiando a remo\u00e7\u00e3o de \u00e1gua de lavagem inclina\u00e7\u00f5es<\/li>\n<li>Opera\u00e7\u00f5es de limpeza do navio ao tanque e de ilumina\u00e7\u00e3o de emerg\u00eancia<\/li>\n<li>Recupera\u00e7\u00e3o do derrame de petr\u00f3leo no mar com um ponto de inflama\u00e7\u00e3o inferior a 60\u00b0C<\/li>\n<li>Resposta a derrames de grandes dimens\u00f5es ou de pequenas dimens\u00f5es como ponto central de recolha de \u00f3leos recuperados provenientes de escumadeiras e de navios de recupera\u00e7\u00e3o mais pequenos, com capacidade para decantar \u00e1gua limpa diretamente de volta para o ambiente sob aprova\u00e7\u00e3o\/supervis\u00e3o governamental.<\/li>\n<\/ul>\n<p>Barca\u00e7a de resposta a derrames de petr\u00f3leo \u00e9 uma barca\u00e7a de carga n\u00e3o propulsionada para a ind\u00fastria offshore, adequada para o armazenamento e transporte de \u00e1guas residuais (recebidas de outros navios ou instala\u00e7\u00f5es fixas) e equipada para recuperar derrames de petr\u00f3leo do mar que recebe. Suponha que as opera\u00e7\u00f5es de recupera\u00e7\u00e3o de \u00f3leo n\u00e3o sejam necess\u00e1rias. Nesse caso, o equipamento de recupera\u00e7\u00e3o de derramamento de \u00f3leo pode ser removido da \u00e1rea do conv\u00e9s principal e armazenado na \u00e1rea do Dep\u00f3sito: isso d\u00e1 a possibilidade de usar a barca\u00e7a como uma &#8220;barca\u00e7a plana&#8221; para a carga no conv\u00e9s principal. A forma da embarca\u00e7\u00e3o de resposta a derrames de petr\u00f3leo deve ser concebida de modo a garantir um bom comportamento quando empurrada em mar gelado, uma boa estabilidade de rumo e um comportamento de navega\u00e7\u00e3o durante o reboque em mar aberto.<\/p>\n<p>[id de wptm=81]<\/p>\n","protected":false},"excerpt":{"rendered":"<p>Barca\u00e7a de resposta a derrames de petr\u00f3leo barca\u00e7a de transporte de petr\u00f3leo convertida, equipada com os sistemas de escuma\u00e7\u00e3o espec\u00edficos, [&hellip;]<\/p>\n","protected":false},"author":1,"featured_media":0,"parent":77873,"menu_order":0,"comment_status":"closed","ping_status":"closed","template":"","meta":{"site-sidebar-layout":"default","site-content-layout":"","ast-site-content-layout":"default","site-content-style":"default","site-sidebar-style":"default","ast-global-header-display":"","ast-banner-title-visibility":"","ast-main-header-display":"","ast-hfb-above-header-display":"","ast-hfb-below-header-display":"","ast-hfb-mobile-header-display":"","site-post-title":"","ast-breadcrumbs-content":"","ast-featured-img":"","footer-sml-layout":"","ast-disable-related-posts":"","theme-transparent-header-meta":"","adv-header-id-meta":"","stick-header-meta":"","header-above-stick-meta":"","header-main-stick-meta":"","header-below-stick-meta":"","astra-migrate-meta-layouts":"default","ast-page-background-enabled":"default","ast-page-background-meta":{"desktop":{"background-color":"var(--ast-global-color-5)","background-image":"","background-repeat":"repeat","background-position":"center center","background-size":"auto","background-attachment":"scroll","background-type":"","background-media":"","overlay-type":"","overlay-color":"","overlay-opacity":"","overlay-gradient":""},"tablet":{"background-color":"","background-image":"","background-repeat":"repeat","background-position":"center center","background-size":"auto","background-attachment":"scroll","background-type":"","background-media":"","overlay-type":"","overlay-color":"","overlay-opacity":"","overlay-gradient":""},"mobile":{"background-color":"","background-image":"","background-repeat":"repeat","background-position":"center center","background-size":"auto","background-attachment":"scroll","background-type":"","background-media":"","overlay-type":"","overlay-color":"","overlay-opacity":"","overlay-gradient":""}},"ast-content-background-meta":{"desktop":{"background-color":"var(--ast-global-color-4)","background-image":"","background-repeat":"repeat","background-position":"center center","background-size":"auto","background-attachment":"scroll","background-type":"","background-media":"","overlay-type":"","overlay-color":"","overlay-opacity":"","overlay-gradient":""},"tablet":{"background-color":"var(--ast-global-color-4)","background-image":"","background-repeat":"repeat","background-position":"center center","background-size":"auto","background-attachment":"scroll","background-type":"","background-media":"","overlay-type":"","overlay-color":"","overlay-opacity":"","overlay-gradient":""},"mobile":{"background-color":"var(--ast-global-color-4)","background-image":"","background-repeat":"repeat","background-position":"center center","background-size":"auto","background-attachment":"scroll","background-type":"","background-media":"","overlay-type":"","overlay-color":"","overlay-opacity":"","overlay-gradient":""}},"footnotes":""},"class_list":["post-77887","page","type-page","status-publish","hentry"],"_links":{"self":[{"href":"https:\/\/mavideniz.com.tr\/pt-pt\/wp-json\/wp\/v2\/pages\/77887","targetHints":{"allow":["GET"]}}],"collection":[{"href":"https:\/\/mavideniz.com.tr\/pt-pt\/wp-json\/wp\/v2\/pages"}],"about":[{"href":"https:\/\/mavideniz.com.tr\/pt-pt\/wp-json\/wp\/v2\/types\/page"}],"author":[{"embeddable":true,"href":"https:\/\/mavideniz.com.tr\/pt-pt\/wp-json\/wp\/v2\/users\/1"}],"replies":[{"embeddable":true,"href":"https:\/\/mavideniz.com.tr\/pt-pt\/wp-json\/wp\/v2\/comments?post=77887"}],"version-history":[{"count":0,"href":"https:\/\/mavideniz.com.tr\/pt-pt\/wp-json\/wp\/v2\/pages\/77887\/revisions"}],"up":[{"embeddable":true,"href":"https:\/\/mavideniz.com.tr\/pt-pt\/wp-json\/wp\/v2\/pages\/77873"}],"wp:attachment":[{"href":"https:\/\/mavideniz.com.tr\/pt-pt\/wp-json\/wp\/v2\/media?parent=77887"}],"curies":[{"name":"wp","href":"https:\/\/api.w.org\/{rel}","templated":true}]}}