{"id":77891,"date":"2025-05-03T16:53:24","date_gmt":"2025-05-03T16:53:24","guid":{"rendered":"https:\/\/mavideniz.com.tr\/?page_id=77891"},"modified":"2025-05-04T19:24:00","modified_gmt":"2025-05-04T19:24:00","slug":"pescaria-navio-de-pesquisa-oceanografica","status":"publish","type":"page","link":"https:\/\/mavideniz.com.tr\/pt-pt\/embarcacoes-barcos\/navio-de-pesquisa\/pescaria-navio-de-pesquisa-oceanografica\/","title":{"rendered":"Pescaria + Navio de Pesquisa Oceanogr\u00e1fica"},"content":{"rendered":"<p>.<\/p>\n\n<p>Mavi Deniz Fishery + Oceanographic Research Vessel projetado para fazer Mapeamento de H\u00e1bitat + Estudos de Biodiversidade, Mergulho Cient\u00edfico e Fotografia Subaqu\u00e1tica + VideoCasts, Monitoramento Ambiental + Pesquisa sobre Oceanografia + Pesquisa de Pesca + Pesquisa Ambiental + Avalia\u00e7\u00e3o de Recursos Hali\u00eauticos + Clima &#8211; Ci\u00eancias Atmosf\u00e9ricas e tamb\u00e9m equipado para realizar monitoramento de recursos, levantamentos oceanogr\u00e1ficos e ambientais, investiga\u00e7\u00f5es de ecossistemas, mapeamento de h\u00e1bitat de fundo, pesca pel\u00e1gica e demersal, amostragem de \u00e1gua condutividade \/ temperatura \/ profundidade (CTD), inqu\u00e9ritos de sonda \u00fanica e multi-feixe, registro integrado de dados, recupera\u00e7\u00e3o de petr\u00f3leo, e reboque de emerg\u00eancia em nacional e internacional \u00c1guas marinhas de acordo com os requisitos de classe e bandeira. N\u00f3s podemos organizar o projeto do navio de pesquisa de pesca + oceanogr\u00e1fica para o seu perfil operacional e necessidades.<\/p>\n<p>Em pesquisa oceanogr\u00e1fica padr\u00e3o, a embarca\u00e7\u00e3o possui motores diesel como um motor opcional com duplo combust\u00edvel. Ela pode queimar combust\u00edveis navais l\u00edquidos convencionais, como fuel\u00f3leo leve (LFO), fuel\u00f3leo pesado (HFO), biocombust\u00edvel l\u00edquido ou GNL. Ele pode alternar entre combust\u00edveis sem perda de pot\u00eancia e velocidade.<\/p>\n<p>Design de Pesca + Navio de Pesquisa Oceanogr\u00e1fica Estamos trabalhando com os melhores designers e cientistas do mundo porque esse Navio de Pesquisa tem excelente desempenho hidrodin\u00e2mico, laborat\u00f3rios modernos, \u00e1reas de trabalho tranquilas e uso suficiente de equipamentos de manuseio com excelente manuten\u00e7\u00e3o do mar e plataforma est\u00e1vel que tem o sistema de posicionamento din\u00e2mico, garantindo manobras superiores e posicionamento para o desempenho ideal dos sensores cient\u00edficos. Materiais e produtos exclusivos selecionam para reduzir o ru\u00eddo a bordo e subaqu\u00e1tico com uma grande plataforma de trabalho para opera\u00e7\u00f5es e produ\u00e7\u00e3o. Os componentes da m\u00e1quina ser\u00e3o montados de forma resiliente para minimizar o ru\u00eddo e as vibra\u00e7\u00f5es.<\/p>\n<p>Depois de entregar o navio de pesquisa Pesca + Oceanogr\u00e1fica, voc\u00ea ver\u00e1 o mesmo desempenho e qualidade anos e anos depois sem altera\u00e7\u00f5es; h\u00e1 uma raz\u00e3o para pegar o desempenho e a qualidade; n\u00e3o escolhemos produtos baratos; escolhemos o melhor material e produtos para construir o navio de pesquisa e tamb\u00e9m selecionamos os melhores trabalhadores, engenheiros.<\/p>\n<p><strong>Recursos<\/strong><\/p>\n<ul>\n<li>Elevadas capacidades de reboque para investiga\u00e7\u00e3o s\u00edsmica<\/li>\n<li>Opera\u00e7\u00e3o silenciosa para os navios de pesca<\/li>\n<li>Operar em temperaturas rasas,<\/li>\n<li>Rascunho superficial<\/li>\n<li>Oceanografia f\u00edsica, qu\u00edmica e biol\u00f3gica<\/li>\n<\/ul>\n<p><strong>Alojamento + Comunica\u00e7\u00e3o | Facultativo<\/strong><\/p>\n<ul>\n<li>Sala de bagun\u00e7a<\/li>\n<li>Sala VIP<\/li>\n<li>Reuni\u00e3o<\/li>\n<li>Sala\/ Lounge<\/li>\n<li>Hospital<\/li>\n<li>Lavandaria<\/li>\n<li>Academia<\/li>\n<li>Laborat\u00f3rio de PC, LAN e acesso sem fio + comunica\u00e7\u00e3o 4g de alta capacidade +Comunica\u00e7\u00e3o via sat\u00e9lite<\/li>\n<li>Rede de Dados Cient\u00edficos<\/li>\n<li>Acesso de M\u00eddia em Tempo Real a Bordo para Observa\u00e7\u00e3o Subaqu\u00e1tica<\/li>\n<\/ul>\n<p><strong>Espa\u00e7o de Trabalho | Facultativo<\/strong><\/p>\n<ul>\n<li>Laborat\u00f3rio Molhado.<\/li>\n<li>Laborat\u00f3rio de CTD<\/li>\n<li>Laborat\u00f3rio de Bioqu\u00edmica.<\/li>\n<li>Laborat\u00f3rio Seco<\/li>\n<li>Laborat\u00f3rio de Incuba\u00e7\u00e3o.<\/li>\n<li>Laborat\u00f3rio principal<\/li>\n<li>Laborat\u00f3rio de computadores<\/li>\n<li>Frigor\u00edfico Cient\u00edfico<\/li>\n<li>Escrit\u00f3rio de baralho<\/li>\n<li>Escrit\u00f3rio de Pesquisa<\/li>\n<li>Sala de equipamentos<\/li>\n<\/ul>\n<p><strong>M\u00c1QUINAS DE CONV\u00c9S | Facultativo<\/strong><\/p>\n<ul>\n<li>Guincho de amarra\u00e7\u00e3o de \u00e2ncora<\/li>\n<li>Capst\u00f5es<\/li>\n<li>Quadro A &#8211; Lateral ou Stern<\/li>\n<li>Dividir o tambor l\u00edquido<\/li>\n<li>Tambor de rede de pesca<\/li>\n<li>Guinchos de arrasto<\/li>\n<li>Guincho Grabdredger<\/li>\n<li>Amostragem de pl\u00e2ncton &#8211; vertical + rebocado<\/li>\n<li>Guincho ( Cabo Coaxial + Umbilical + Fio de a\u00e7o )<\/li>\n<li>Guindaste de Conv\u00e9s<\/li>\n<li>CTD &#8211; Davit + guincho<\/li>\n<li>Amostra de Vibrocore<\/li>\n<li>Baralho de degraus + plataforma Stern<\/li>\n<\/ul>\n<p><strong>Equipamento + Sistema de Pesca e Oceanogr\u00e1fico | Facultativo<\/strong><\/p>\n<ul>\n<li>Sounder Cient\u00edfico Superficial ( \u00c1gua + Mar Profundo ) + Multiraio + Feixe \u00danico<\/li>\n<li>Velocidade do som @ cabe\u00e7a + sonda<\/li>\n<li>Esta\u00e7\u00e3o de medi\u00e7\u00e3o da polui\u00e7\u00e3o atmosf\u00e9rica<\/li>\n<li>Sonar de digitaliza\u00e7\u00e3o lateral<\/li>\n<li>Subinferior Profiler<\/li>\n<li>Sistema de monitoriza\u00e7\u00e3o da rede de arrasto<\/li>\n<li>Sistema SONAR Ultra-Short BaseLine<\/li>\n<li>Grava\u00e7\u00e3o digital<\/li>\n<li>Esta\u00e7\u00e3o meteorol\u00f3gica<\/li>\n<li>Amostragem dos fundos marinhos<\/li>\n<li>CPT + Vibrocorer<\/li>\n<li>Sistema CTD<\/li>\n<li>ADCP<\/li>\n<li>Registro eletromagn\u00e9tico<\/li>\n<li>Sistema de posicionamento ac\u00fastico<\/li>\n<li>Sistema de gest\u00e3o dos dados mar\u00edtimos<\/li>\n<li>Sistema de refer\u00eancia de movimento<\/li>\n<li>Roseta de Amostragem M\u00faltipla<\/li>\n<li>Sistema de dragagem de sedimentos<\/li>\n<li>ROV<\/li>\n<\/ul>\n<p>[id de wptm=70]<\/p>\n","protected":false},"excerpt":{"rendered":"<p>. Mavi Deniz Fishery + Oceanographic Research Vessel projetado para fazer Mapeamento de H\u00e1bitat + Estudos de Biodiversidade, Mergulho Cient\u00edfico [&hellip;]<\/p>\n","protected":false},"author":1,"featured_media":0,"parent":77889,"menu_order":0,"comment_status":"closed","ping_status":"closed","template":"","meta":{"site-sidebar-layout":"default","site-content-layout":"","ast-site-content-layout":"default","site-content-style":"default","site-sidebar-style":"default","ast-global-header-display":"","ast-banner-title-visibility":"","ast-main-header-display":"","ast-hfb-above-header-display":"","ast-hfb-below-header-display":"","ast-hfb-mobile-header-display":"","site-post-title":"","ast-breadcrumbs-content":"","ast-featured-img":"","footer-sml-layout":"","ast-disable-related-posts":"","theme-transparent-header-meta":"","adv-header-id-meta":"","stick-header-meta":"","header-above-stick-meta":"","header-main-stick-meta":"","header-below-stick-meta":"","astra-migrate-meta-layouts":"default","ast-page-background-enabled":"default","ast-page-background-meta":{"desktop":{"background-color":"var(--ast-global-color-5)","background-image":"","background-repeat":"repeat","background-position":"center center","background-size":"auto","background-attachment":"scroll","background-type":"","background-media":"","overlay-type":"","overlay-color":"","overlay-opacity":"","overlay-gradient":""},"tablet":{"background-color":"","background-image":"","background-repeat":"repeat","background-position":"center center","background-size":"auto","background-attachment":"scroll","background-type":"","background-media":"","overlay-type":"","overlay-color":"","overlay-opacity":"","overlay-gradient":""},"mobile":{"background-color":"","background-image":"","background-repeat":"repeat","background-position":"center center","background-size":"auto","background-attachment":"scroll","background-type":"","background-media":"","overlay-type":"","overlay-color":"","overlay-opacity":"","overlay-gradient":""}},"ast-content-background-meta":{"desktop":{"background-color":"var(--ast-global-color-4)","background-image":"","background-repeat":"repeat","background-position":"center center","background-size":"auto","background-attachment":"scroll","background-type":"","background-media":"","overlay-type":"","overlay-color":"","overlay-opacity":"","overlay-gradient":""},"tablet":{"background-color":"var(--ast-global-color-4)","background-image":"","background-repeat":"repeat","background-position":"center center","background-size":"auto","background-attachment":"scroll","background-type":"","background-media":"","overlay-type":"","overlay-color":"","overlay-opacity":"","overlay-gradient":""},"mobile":{"background-color":"var(--ast-global-color-4)","background-image":"","background-repeat":"repeat","background-position":"center center","background-size":"auto","background-attachment":"scroll","background-type":"","background-media":"","overlay-type":"","overlay-color":"","overlay-opacity":"","overlay-gradient":""}},"footnotes":""},"class_list":["post-77891","page","type-page","status-publish","hentry"],"_links":{"self":[{"href":"https:\/\/mavideniz.com.tr\/pt-pt\/wp-json\/wp\/v2\/pages\/77891","targetHints":{"allow":["GET"]}}],"collection":[{"href":"https:\/\/mavideniz.com.tr\/pt-pt\/wp-json\/wp\/v2\/pages"}],"about":[{"href":"https:\/\/mavideniz.com.tr\/pt-pt\/wp-json\/wp\/v2\/types\/page"}],"author":[{"embeddable":true,"href":"https:\/\/mavideniz.com.tr\/pt-pt\/wp-json\/wp\/v2\/users\/1"}],"replies":[{"embeddable":true,"href":"https:\/\/mavideniz.com.tr\/pt-pt\/wp-json\/wp\/v2\/comments?post=77891"}],"version-history":[{"count":0,"href":"https:\/\/mavideniz.com.tr\/pt-pt\/wp-json\/wp\/v2\/pages\/77891\/revisions"}],"up":[{"embeddable":true,"href":"https:\/\/mavideniz.com.tr\/pt-pt\/wp-json\/wp\/v2\/pages\/77889"}],"wp:attachment":[{"href":"https:\/\/mavideniz.com.tr\/pt-pt\/wp-json\/wp\/v2\/media?parent=77891"}],"curies":[{"name":"wp","href":"https:\/\/api.w.org\/{rel}","templated":true}]}}