{"id":77897,"date":"2025-05-03T16:55:30","date_gmt":"2025-05-03T16:55:30","guid":{"rendered":"https:\/\/mavideniz.com.tr\/?page_id=77897"},"modified":"2025-05-04T19:22:15","modified_gmt":"2025-05-04T19:22:15","slug":"mini-cat-barco-escumadeira-de-lixo","status":"publish","type":"page","link":"https:\/\/mavideniz.com.tr\/pt-pt\/embarcacoes-barcos\/lixo-detritos-algas-marinhas-recipiente-de-limpeza-de-sargaco\/mini-cat-barco-escumadeira-de-lixo\/","title":{"rendered":"Mini Cat &#8211; Barco Escumadeira de Lixo"},"content":{"rendered":"\n<p>A Mavi Deniz \u00e9 l\u00edder de mercado\/maior produtor mundial de Lixo &amp; Debris Cleanup Vessel. O projeto dos detritos Mavi Deniz e dos navios de recupera\u00e7\u00e3o de lixo \u00e9 o melhor, seguro, f\u00e1cil de usar e tamb\u00e9m oferece uma solu\u00e7\u00e3o pr\u00e1tica e econ\u00f4mica para muitas aplica\u00e7\u00f5es pouco profundas de controle da polui\u00e7\u00e3o marinha.<\/p>\n<p>A Organiza\u00e7\u00e3o Mar\u00edtima Internacional anunciou uma estrat\u00e9gia para reduzir as emiss\u00f5es de gases de efeito estufa (GEE) a zero at\u00e9 o final deste s\u00e9culo, e as regulamenta\u00e7\u00f5es ambientais marinhas foram endurecidas em todo o mundo. A implementa\u00e7\u00e3o de zonas de controlo das emiss\u00f5es come\u00e7ou a afetar as opera\u00e7\u00f5es dos navios. A Mavi Deniz iniciou com sucesso novos regulamentos de controle de emiss\u00f5es desenvolvendo solu\u00e7\u00f5es de duplo combust\u00edvel e tecnologias de energia verde mais limpas. Mavi Deniz&#8217;s Green Power Options; Sistema de Energia Solar, Sistema de Energia da Bateria, Sistema de C\u00e9lula a Combust\u00edvel de Hidrog\u00eanio e Sistema de GPL podem se integrar completamente no Trash Skimmer Boat, incluindo equipamento de conv\u00e9s e sistema de propuls\u00e3o.<\/p>\n<p>Detritos marinhos, lixo marinho e lixo marinho s\u00e3o prejudiciais \u00e0 vida marinha, incluindo aves protegidas, tubar\u00f5es, tartarugas e mam\u00edferos marinhos. Os detritos marinhos podem causar les\u00f5es ou morte por afogamento, entrela\u00e7amento, les\u00f5es internas ou fome ap\u00f3s a ingest\u00e3o. Algas marinhas s\u00e3o organismos semelhantes a plantas que vivem ligados \u00e0 rocha ou a outros substratos r\u00edgidos em \u00e1reas costeiras. Algas marinhas pertencem a tr\u00eas grupos, empiricamente distinguidos desde meados do s\u00e9culo XIX pela cor do talo: algas marrons, algas vermelhas e algas verdes.<\/p>\n<p>Mavi Deniz introduziu o Mini Cat, um navio ecol\u00f3gico multiuso projetado e constru\u00eddo pela equipe t\u00e9cnica do grupo para lidar com problemas ambientais de todos os navios que podem aspirar e coletar res\u00edduos s\u00f3lidos e l\u00edquidos flutuantes. Lixo &amp; Debris Cleanup Vessel pode coletar todos os poluentes flutuantes e semisubmersos, incluindo materiais pl\u00e1sticos, trastes, lixo, garrafas, cigarros, madeiras, algas, detritos s\u00f3lidos e mat\u00e9ria org\u00e2nica. Uma turbina puxa um fluxo de \u00e1gua atrav\u00e9s de um tanque com uma malha para filtrar os res\u00edduos s\u00f3lidos. Os res\u00edduos s\u00f3lidos flutuantes s\u00e3o recolhidos numa cesta pivotante\/correia transportadora, esvaziando-se automaticamente para um contentor no conv\u00e9s.<\/p>\n<p>Mini Cat est\u00e1 especialmente concebendo operar em \u00e1reas estreitas e \u00e1guas rasas, onde navios maiores com as mesmas habilidades t\u00e9cnicas n\u00e3o teriam acesso. Mini Cat \u00e9 projetado para trabalhar em uma marina, lago, rio, p\u00e2ntanos, represas, p\u00e2ntanos, \u00e1reas portu\u00e1rias, canais, ba\u00edas ao longo das costas, \u00e1reas portu\u00e1rias e \u00e1guas vizinhas. A sua apar\u00eancia atraente torna-o adequado para o trabalho em \u00e1reas tur\u00edsticas. O Mini Cat, que \u00e9 uma embarca\u00e7\u00e3o inovadora, trabalha com marinas, portos, canais e ba\u00edas, e junto com a costa Trash &amp; Debris Cleanup Vessel, est\u00e1 certificado para trabalhar em despesas de \u00e1gua interior e dentro do limite da praia) realizando os seguintes servi\u00e7os:<\/p>\n<p><strong>Lixo Skimmer op\u00e7\u00f5es de energia verde<\/strong><\/p>\n<ul>\n<li>Alimentado por Sistema de Energia Solar<\/li>\n<li>Alimentado por sistema de alimenta\u00e7\u00e3o de bateria<\/li>\n<li>Alimentado por sistema de c\u00e9lula de combust\u00edvel de hidrog\u00eanio<\/li>\n<li>Alimentado por sistema de GPL<\/li>\n<\/ul>\n<p><strong>Recursos<\/strong><\/p>\n<ul>\n<li>Recolha de res\u00edduos s\u00f3lidos flutuantes e macropoluentes semissubmersos (pl\u00e1stico, plantas, latas, madeira, algas, algas, algas, etc.)<\/li>\n<li>Recolha de res\u00edduos flutuantes l\u00edquidos (\u00f3leos e hidrocarbonetos).<\/li>\n<li>Coleta e remo\u00e7\u00e3o de espuma e filmes de superf\u00edcie.<\/li>\n<li>Lixo, Lixo e Res\u00edduos armazenados no recipiente ou na cesta<\/li>\n<li>Combate a inc\u00eandios e opera\u00e7\u00f5es de limpeza de cais com canh\u00f5es de \u00e1gua posicionados no conv\u00e9s.<\/li>\n<li>Reboque para transporte rodovi\u00e1rio.<\/li>\n<li>Seguran\u00e7a confort\u00e1vel sem ru\u00eddo, odores ofensivos e emiss\u00f5es de fuligem.<\/li>\n<\/ul>\n<p><strong>Alguns exemplos da principal fonte de detritos do oceano, lixo marinho, detritos marinhos, lixo marinho e algas marinhas s\u00e3o:<\/strong><\/p>\n<p><strong>Terrestre<\/strong><\/p>\n<ul>\n<li>Aterros<\/li>\n<li>Rios e cheias<\/li>\n<li>Sa\u00eddas industriais<\/li>\n<li>Descarga de \u00e1guas pluviais<\/li>\n<li>Saneamento municipal n\u00e3o tratado<\/li>\n<li>Lixo de praias, zonas costeiras (turismo)<\/li>\n<\/ul>\n<p><strong>\u00c0 base de mar<\/strong><\/p>\n<ul>\n<li>Setor das pescas<\/li>\n<li>Transporte mar\u00edtimo (por exemplo, transporte, turismo, pesca)<\/li>\n<li>Minera\u00e7\u00e3o e extra\u00e7\u00e3o offshore<\/li>\n<li>Despejo ilegal no mar<\/li>\n<li>Artes de pesca devolvidas ao mar<\/li>\n<li>Plataforma offshore de petr\u00f3leo e g\u00e1s<\/li>\n<li>Instala\u00e7\u00f5es aqu\u00edcolas<\/li>\n<li>Muitas embarca\u00e7\u00f5es mar\u00edtimas<\/li>\n<\/ul>\n<p><strong>Suponha que voc\u00ea n\u00e3o possa resolver as fontes prim\u00e1rias dos detritos do oceano, detritos marinhos, lixo marinho ou algas marinhas. Nesse caso, nossos modelos Mini Cat podem limpar rapidamente detritos marinhos + lixo marinho + algas marinhas na superf\u00edcie do mar.<\/strong><\/p>\n<p><strong>O Barco Escumador de Lixo de Mavi Deniz pode ser visto em uso em todo o mundo.<\/strong><\/p>\n<p>[id de wptm=71]<\/p>\n","protected":false},"excerpt":{"rendered":"<p>A Mavi Deniz \u00e9 l\u00edder de mercado\/maior produtor mundial de Lixo &amp; Debris Cleanup Vessel. O projeto dos detritos Mavi [&hellip;]<\/p>\n","protected":false},"author":1,"featured_media":0,"parent":77895,"menu_order":0,"comment_status":"closed","ping_status":"closed","template":"","meta":{"site-sidebar-layout":"default","site-content-layout":"","ast-site-content-layout":"default","site-content-style":"default","site-sidebar-style":"default","ast-global-header-display":"","ast-banner-title-visibility":"","ast-main-header-display":"","ast-hfb-above-header-display":"","ast-hfb-below-header-display":"","ast-hfb-mobile-header-display":"","site-post-title":"","ast-breadcrumbs-content":"","ast-featured-img":"","footer-sml-layout":"","ast-disable-related-posts":"","theme-transparent-header-meta":"","adv-header-id-meta":"","stick-header-meta":"","header-above-stick-meta":"","header-main-stick-meta":"","header-below-stick-meta":"","astra-migrate-meta-layouts":"default","ast-page-background-enabled":"default","ast-page-background-meta":{"desktop":{"background-color":"var(--ast-global-color-5)","background-image":"","background-repeat":"repeat","background-position":"center center","background-size":"auto","background-attachment":"scroll","background-type":"","background-media":"","overlay-type":"","overlay-color":"","overlay-opacity":"","overlay-gradient":""},"tablet":{"background-color":"","background-image":"","background-repeat":"repeat","background-position":"center center","background-size":"auto","background-attachment":"scroll","background-type":"","background-media":"","overlay-type":"","overlay-color":"","overlay-opacity":"","overlay-gradient":""},"mobile":{"background-color":"","background-image":"","background-repeat":"repeat","background-position":"center center","background-size":"auto","background-attachment":"scroll","background-type":"","background-media":"","overlay-type":"","overlay-color":"","overlay-opacity":"","overlay-gradient":""}},"ast-content-background-meta":{"desktop":{"background-color":"var(--ast-global-color-4)","background-image":"","background-repeat":"repeat","background-position":"center center","background-size":"auto","background-attachment":"scroll","background-type":"","background-media":"","overlay-type":"","overlay-color":"","overlay-opacity":"","overlay-gradient":""},"tablet":{"background-color":"var(--ast-global-color-4)","background-image":"","background-repeat":"repeat","background-position":"center center","background-size":"auto","background-attachment":"scroll","background-type":"","background-media":"","overlay-type":"","overlay-color":"","overlay-opacity":"","overlay-gradient":""},"mobile":{"background-color":"var(--ast-global-color-4)","background-image":"","background-repeat":"repeat","background-position":"center center","background-size":"auto","background-attachment":"scroll","background-type":"","background-media":"","overlay-type":"","overlay-color":"","overlay-opacity":"","overlay-gradient":""}},"footnotes":""},"class_list":["post-77897","page","type-page","status-publish","hentry"],"_links":{"self":[{"href":"https:\/\/mavideniz.com.tr\/pt-pt\/wp-json\/wp\/v2\/pages\/77897","targetHints":{"allow":["GET"]}}],"collection":[{"href":"https:\/\/mavideniz.com.tr\/pt-pt\/wp-json\/wp\/v2\/pages"}],"about":[{"href":"https:\/\/mavideniz.com.tr\/pt-pt\/wp-json\/wp\/v2\/types\/page"}],"author":[{"embeddable":true,"href":"https:\/\/mavideniz.com.tr\/pt-pt\/wp-json\/wp\/v2\/users\/1"}],"replies":[{"embeddable":true,"href":"https:\/\/mavideniz.com.tr\/pt-pt\/wp-json\/wp\/v2\/comments?post=77897"}],"version-history":[{"count":0,"href":"https:\/\/mavideniz.com.tr\/pt-pt\/wp-json\/wp\/v2\/pages\/77897\/revisions"}],"up":[{"embeddable":true,"href":"https:\/\/mavideniz.com.tr\/pt-pt\/wp-json\/wp\/v2\/pages\/77895"}],"wp:attachment":[{"href":"https:\/\/mavideniz.com.tr\/pt-pt\/wp-json\/wp\/v2\/media?parent=77897"}],"curies":[{"name":"wp","href":"https:\/\/api.w.org\/{rel}","templated":true}]}}