{"id":77899,"date":"2025-05-03T16:56:22","date_gmt":"2025-05-03T16:56:22","guid":{"rendered":"https:\/\/mavideniz.com.tr\/?page_id=77899"},"modified":"2025-05-04T19:21:44","modified_gmt":"2025-05-04T19:21:44","slug":"sea-cat-recipiente-escumador-de-lixo","status":"publish","type":"page","link":"https:\/\/mavideniz.com.tr\/pt-pt\/embarcacoes-barcos\/lixo-detritos-algas-marinhas-recipiente-de-limpeza-de-sargaco\/sea-cat-recipiente-escumador-de-lixo\/","title":{"rendered":"Sea Cat &#8211; Recipiente Escumador de Lixo"},"content":{"rendered":"\n<p>A Mavi Deniz \u00e9 l\u00edder de mercado\/maior produtor mundial no projeto e fabrica\u00e7\u00e3o da Trash Skimmer Vessel. Os detritos da Mavi Deniz e os navios de recupera\u00e7\u00e3o de lixo s\u00e3o seguros e f\u00e1ceis de usar e oferecem uma solu\u00e7\u00e3o pr\u00e1tica e econ\u00f4mica para muitas aplica\u00e7\u00f5es pouco profundas de controle de polui\u00e7\u00e3o marinha.<\/p>\n<p>Detritos marinhos, lixo marinho e lixo marinho s\u00e3o prejudiciais \u00e0 vida marinha, incluindo aves protegidas, tubar\u00f5es, tartarugas e mam\u00edferos marinhos. Os detritos marinhos podem causar les\u00f5es ou morte por afogamento, entrela\u00e7amento, les\u00f5es internas ou fome ap\u00f3s a ingest\u00e3o. Algas marinhas s\u00e3o organismos semelhantes a plantas que vivem ligados \u00e0 rocha ou a outros substratos r\u00edgidos em \u00e1reas costeiras. Algas marinhas pertencem a tr\u00eas grupos, empiricamente distinguidos desde meados do s\u00e9culo XIX pela cor do talo: algas marrons, algas vermelhas e algas verdes.<\/p>\n<p>O controle de polui\u00e7\u00e3o e a resposta \u00e0 polui\u00e7\u00e3o do navio de Skimmer de lixo vem completo com um sistema de transporte de correia entre os cascos do catamar\u00e3 para a unidade, a fim de permitir a recupera\u00e7\u00e3o de todos os tipos de poluentes flutuantes e semisubmersos, incluindo materiais pl\u00e1sticos, lixo, lixo, garrafas, cigarros, madeiras, algas, detritos s\u00f3lidos, mat\u00e9rias org\u00e2nicas. O vers\u00e1til navio de controle de polui\u00e7\u00e3o pode ser equipado com v\u00e1rios tipos de equipamentos de resposta para que possa utilizar em muitas aplica\u00e7\u00f5es diferentes, incluindo implanta\u00e7\u00e3o de lan\u00e7a, combate a inc\u00eandios, manuseio de boias, reboque, tarefas gerais de balsa, monitoramento, pulveriza\u00e7\u00e3o de dispersante, recupera\u00e7\u00e3o de \u00f3leo, coleta de lixo, armazenamento e elimina\u00e7\u00e3o de micropoluentes do mar e opera\u00e7\u00f5es de limpeza de praia.<\/p>\n<p>Embarca\u00e7\u00e3o Trash Skimmer projetada para combater a polui\u00e7\u00e3o no mar, a Pollution Control Vessel isola a \u00e1rea polu\u00edda com boias de petr\u00f3leo carregadas a bordo para recuperar vazamentos de hidrocarbonetos e armazenar dentro dos tanques, coleta e armazena res\u00edduos s\u00f3lidos flutuantes e semisubmersos; combate inc\u00eandios, rochas limpas e recifes, al\u00e9m de fornecer apoio geral na \u00e1rea.<\/p>\n<p>Trash Skimmer Vessel tem pot\u00eancia hidr\u00e1ulica, e um conv\u00e9s claro com um guindaste hidr\u00e1ulico fornece uma ferramenta vers\u00e1til para muitas opera\u00e7\u00f5es no porto ou no mar. Um rolo de lan\u00e7a opcional pode ser usado para armazenar e implantar v\u00e1rias boias de tamanhos diferentes ou monitores de espuma\/\u00e1gua para combate a inc\u00eandios. \u00c9 instalado um sistema de pulveriza\u00e7\u00e3o dispersante volunt\u00e1rio para aplicar o agente de dispers\u00e3o qu\u00edmica atrav\u00e9s de bra\u00e7os articulados montados em ambos os lados do navio. Um navio opcional de combate \u00e0 polui\u00e7\u00e3o tamb\u00e9m coleta vazamentos de \u00f3leo e hidrocarbonetos na \u00e1gua com o sistema de escumadeira de \u00f3leo. O navio de controle de polui\u00e7\u00e3o foi especialmente concebido para operar em \u00e1reas portu\u00e1rias, \u00e1guas pr\u00f3ximas e atividades em alto-mar ou ao largo.<\/p>\n<p>A Organiza\u00e7\u00e3o Mar\u00edtima Internacional anunciou uma estrat\u00e9gia para reduzir as emiss\u00f5es de gases de efeito estufa (GEE) a zero at\u00e9 este s\u00e9culo; as regulamenta\u00e7\u00f5es ambientais marinhas foram endurecidas em todo o mundo. A implementa\u00e7\u00e3o de zonas de controlo das emiss\u00f5es come\u00e7ou a afetar as opera\u00e7\u00f5es dos navios. A Mavi Deniz iniciou com sucesso novos regulamentos de controle de emiss\u00f5es desenvolvendo solu\u00e7\u00f5es de duplo combust\u00edvel e tecnologias de energia verde mais limpas. As op\u00e7\u00f5es de energia verde da Mavi Deniz; Sistema de energia solar, Sistema de energia da bateria, Sistema de c\u00e9lula a combust\u00edvel de hidrog\u00eanio e Sistema de GPL podem ser totalmente integrados no navio de lixo Skimmer, incluindo equipamento de conv\u00e9s e sistema de propuls\u00e3o.<\/p>\n<p><strong>Lixo Skimmer op\u00e7\u00f5es de energia verde<\/strong><\/p>\n<ul>\n<li>Alimentado por Sistema de Energia Solar<\/li>\n<li>Alimentado por sistema de alimenta\u00e7\u00e3o de bateria<\/li>\n<li>Alimentado por sistema de c\u00e9lula de combust\u00edvel de hidrog\u00eanio<\/li>\n<li>Alimentado por sistema de GPL<\/li>\n<\/ul>\n<p><strong>Recursos <\/strong><\/p>\n<ul>\n<li>O navio de limpeza do mar para controle de polui\u00e7\u00e3o \u00e9 baseado em um casco de catamar\u00e3 de a\u00e7o robusto.<\/li>\n<li>O navio de controle de polui\u00e7\u00e3o pode girar 360 graus no lugar.<\/li>\n<li>Trash Skimmer Vessel tem dois motores.<\/li>\n<li>Deveres gerais de barco de trabalho.<\/li>\n<li>Guindaste hidr\u00e1ulico para ajudar nas opera\u00e7\u00f5es de transfer\u00eancia de lixo.<\/li>\n<li>Pollution Response (resposta \u00e0 polui\u00e7\u00e3o) com seu sistema interno de esteiras transportadoras para recuperar todo o lixo\/detritos\/lixo do mar.<\/li>\n<li>O lixo \u00e9 armazenado em recipientes ou tanques de reten\u00e7\u00e3o.<\/li>\n<li>Dep\u00f3sito de lixo at\u00e9 30 m\u00b3.<\/li>\n<li>Sistema de recupera\u00e7\u00e3o de \u00f3leo.<\/li>\n<li>Recep\u00e7\u00e3o de \u00e1gua oleosa. (lamas, res\u00edduos, esgoto e res\u00edduos l\u00edquidos oleosos)<\/li>\n<li>Implanta\u00e7\u00e3o de booms de petr\u00f3leo e loja com rolo de lan\u00e7a.<\/li>\n<li>Combate A Inc\u00eandios.<\/li>\n<li>Sistema de pulveriza\u00e7\u00e3o por dispers\u00e3o.<\/li>\n<li>Fun\u00e7\u00f5es de reboque com gancho de reboque.<\/li>\n<li>Ar condicionado.<\/li>\n<li>Cabina para a tripula\u00e7\u00e3o<\/li>\n<li>Workshop e loja<\/li>\n<li>Seguran\u00e7a confort\u00e1vel sem ru\u00eddo, odores ofensivos e emiss\u00f5es de fuligem.<\/li>\n<\/ul>\n<p><strong>Alguns exemplos da principal fonte de detritos do oceano, lixo marinho, detritos marinhos, lixo marinho e algas marinhas s\u00e3o:<\/strong><\/p>\n<p><strong>Terrestre<\/strong><\/p>\n<ul>\n<li>Aterros<\/li>\n<li>Rios e cheias<\/li>\n<li>Sa\u00eddas industriais<\/li>\n<li>Descarga de \u00e1guas pluviais<\/li>\n<li>Saneamento municipal n\u00e3o tratado<\/li>\n<li>Lixo de praias, zonas costeiras (turismo)<\/li>\n<\/ul>\n<p><strong>\u00c0 base de mar<\/strong><\/p>\n<ul>\n<li>Setor das pescas<\/li>\n<li>Transporte mar\u00edtimo (por exemplo, transporte, turismo, pesca)<\/li>\n<li>Minera\u00e7\u00e3o e extra\u00e7\u00e3o offshore<\/li>\n<li>Despejo ilegal no mar<\/li>\n<li>Artes de pesca devolvidas ao mar<\/li>\n<li>Plataforma offshore de petr\u00f3leo e g\u00e1s<\/li>\n<li>Instala\u00e7\u00f5es aqu\u00edcolas<\/li>\n<li>Muitas embarca\u00e7\u00f5es mar\u00edtimas<\/li>\n<\/ul>\n<p><strong>A nave de controle de polui\u00e7\u00e3o de Mavi Deniz pode ser vista em uso em todo o mundo.<\/strong><\/p>\n<p>[id de wptm=72]<\/p>\n","protected":false},"excerpt":{"rendered":"<p>A Mavi Deniz \u00e9 l\u00edder de mercado\/maior produtor mundial no projeto e fabrica\u00e7\u00e3o da Trash Skimmer Vessel. Os detritos da [&hellip;]<\/p>\n","protected":false},"author":1,"featured_media":0,"parent":77895,"menu_order":0,"comment_status":"closed","ping_status":"closed","template":"","meta":{"site-sidebar-layout":"default","site-content-layout":"","ast-site-content-layout":"default","site-content-style":"default","site-sidebar-style":"default","ast-global-header-display":"","ast-banner-title-visibility":"","ast-main-header-display":"","ast-hfb-above-header-display":"","ast-hfb-below-header-display":"","ast-hfb-mobile-header-display":"","site-post-title":"","ast-breadcrumbs-content":"","ast-featured-img":"","footer-sml-layout":"","ast-disable-related-posts":"","theme-transparent-header-meta":"","adv-header-id-meta":"","stick-header-meta":"","header-above-stick-meta":"","header-main-stick-meta":"","header-below-stick-meta":"","astra-migrate-meta-layouts":"default","ast-page-background-enabled":"default","ast-page-background-meta":{"desktop":{"background-color":"var(--ast-global-color-5)","background-image":"","background-repeat":"repeat","background-position":"center center","background-size":"auto","background-attachment":"scroll","background-type":"","background-media":"","overlay-type":"","overlay-color":"","overlay-opacity":"","overlay-gradient":""},"tablet":{"background-color":"","background-image":"","background-repeat":"repeat","background-position":"center center","background-size":"auto","background-attachment":"scroll","background-type":"","background-media":"","overlay-type":"","overlay-color":"","overlay-opacity":"","overlay-gradient":""},"mobile":{"background-color":"","background-image":"","background-repeat":"repeat","background-position":"center center","background-size":"auto","background-attachment":"scroll","background-type":"","background-media":"","overlay-type":"","overlay-color":"","overlay-opacity":"","overlay-gradient":""}},"ast-content-background-meta":{"desktop":{"background-color":"var(--ast-global-color-4)","background-image":"","background-repeat":"repeat","background-position":"center center","background-size":"auto","background-attachment":"scroll","background-type":"","background-media":"","overlay-type":"","overlay-color":"","overlay-opacity":"","overlay-gradient":""},"tablet":{"background-color":"var(--ast-global-color-4)","background-image":"","background-repeat":"repeat","background-position":"center center","background-size":"auto","background-attachment":"scroll","background-type":"","background-media":"","overlay-type":"","overlay-color":"","overlay-opacity":"","overlay-gradient":""},"mobile":{"background-color":"var(--ast-global-color-4)","background-image":"","background-repeat":"repeat","background-position":"center center","background-size":"auto","background-attachment":"scroll","background-type":"","background-media":"","overlay-type":"","overlay-color":"","overlay-opacity":"","overlay-gradient":""}},"footnotes":""},"class_list":["post-77899","page","type-page","status-publish","hentry"],"_links":{"self":[{"href":"https:\/\/mavideniz.com.tr\/pt-pt\/wp-json\/wp\/v2\/pages\/77899","targetHints":{"allow":["GET"]}}],"collection":[{"href":"https:\/\/mavideniz.com.tr\/pt-pt\/wp-json\/wp\/v2\/pages"}],"about":[{"href":"https:\/\/mavideniz.com.tr\/pt-pt\/wp-json\/wp\/v2\/types\/page"}],"author":[{"embeddable":true,"href":"https:\/\/mavideniz.com.tr\/pt-pt\/wp-json\/wp\/v2\/users\/1"}],"replies":[{"embeddable":true,"href":"https:\/\/mavideniz.com.tr\/pt-pt\/wp-json\/wp\/v2\/comments?post=77899"}],"version-history":[{"count":0,"href":"https:\/\/mavideniz.com.tr\/pt-pt\/wp-json\/wp\/v2\/pages\/77899\/revisions"}],"up":[{"embeddable":true,"href":"https:\/\/mavideniz.com.tr\/pt-pt\/wp-json\/wp\/v2\/pages\/77895"}],"wp:attachment":[{"href":"https:\/\/mavideniz.com.tr\/pt-pt\/wp-json\/wp\/v2\/media?parent=77899"}],"curies":[{"name":"wp","href":"https:\/\/api.w.org\/{rel}","templated":true}]}}