{"id":77901,"date":"2025-05-03T16:57:09","date_gmt":"2025-05-03T16:57:09","guid":{"rendered":"https:\/\/mavideniz.com.tr\/?page_id=77901"},"modified":"2025-05-04T19:21:53","modified_gmt":"2025-05-04T19:21:53","slug":"autodescarregador-barco-lixeira-skimmer","status":"publish","type":"page","link":"https:\/\/mavideniz.com.tr\/pt-pt\/embarcacoes-barcos\/lixo-detritos-algas-marinhas-recipiente-de-limpeza-de-sargaco\/autodescarregador-barco-lixeira-skimmer\/","title":{"rendered":"Autodescarregador &#8211; Barco Lixeira Skimmer"},"content":{"rendered":"\n<p>Autodescarga, Trash Skimmer Boat projetado para limpar marina, lago, rio, mar, porto, canais, ba\u00edas, porto e vias naveg\u00e1veis, s\u00e9rie incorporada para o projeto padr\u00e3o confi\u00e1vel comprovado de alta qualidade padronizado componentes e equipamentos.<\/p>\n<p>Mavi Deniz \u00e9 l\u00edder de mercado \/ maior produtor mundial no design e fabrica\u00e7\u00e3o de Trash Skimmer Boat. Os detritos da Mavi Deniz e os barcos de recupera\u00e7\u00e3o de lixo s\u00e3o seguros e f\u00e1ceis de usar e oferecem uma solu\u00e7\u00e3o pr\u00e1tica e econ\u00f4mica para muitas aplica\u00e7\u00f5es pouco profundas de controle de polui\u00e7\u00e3o marinha.<\/p>\n<p>Detritos marinhos, lixo marinho e lixo marinho s\u00e3o prejudiciais \u00e0 vida marinha, incluindo aves protegidas, tubar\u00f5es, tartarugas e mam\u00edferos marinhos. Os detritos marinhos podem causar les\u00f5es ou morte por afogamento, entrela\u00e7amento, les\u00f5es internas ou fome ap\u00f3s a ingest\u00e3o. Algas marinhas s\u00e3o organismos semelhantes a plantas que vivem ligados \u00e0 rocha ou a outros substratos r\u00edgidos em \u00e1reas costeiras. Algas marinhas pertencem a tr\u00eas grupos, empiricamente distinguidos desde meados do s\u00e9culo XIX pela cor do talo: algas marrons, algas vermelhas e algas verdes.<\/p>\n<p>Self Unloader Trash Skimmer Boat \u00e9 baseado em um robusto casco de catamar\u00e3 de a\u00e7o ou alum\u00ednio. O barco Trash Skimmer pode remover facilmente detritos flutuantes feitos pelo homem e org\u00e2nicos: troncos, pneus, geladeiras, lixo, folhas, garrafas, latas, cordas, peixes e pl\u00e1sticos. Autodescarregando, o barco de Skimmer de lixo pode autocarregar lixo + detritos para a terra ou outros navios, n\u00e3o precisa de um guindaste. Trash Skimmer realiza a descarga de res\u00edduos com um sistema de correia transportadora inteligente.<\/p>\n<p>A Organiza\u00e7\u00e3o Mar\u00edtima Internacional anunciou uma estrat\u00e9gia para reduzir as emiss\u00f5es de gases de efeito estufa (GEE) a zero at\u00e9 este s\u00e9culo; as regulamenta\u00e7\u00f5es ambientais marinhas foram endurecidas em todo o mundo. A implementa\u00e7\u00e3o de \u00e1reas de controle de emiss\u00f5es come\u00e7ou a afetar as opera\u00e7\u00f5es de barcos. A Mavi Deniz iniciou com sucesso novos regulamentos de controle de emiss\u00f5es desenvolvendo solu\u00e7\u00f5es de duplo combust\u00edvel e tecnologias de energia verde mais limpas. Mavi Deniz&#8217;s Green Power Options; Sistema de Energia Solar, Sistema de Energia da Bateria, Sistema de Pilhas de Combust\u00edvel a Hidrog\u00eanio e Sistema de GPL podem ser totalmente integrados no Trash Skimmer Boat, incluindo equipamento de conv\u00e9s e sistema de propuls\u00e3o.<\/p>\n<p><strong>Lixo Skimmer op\u00e7\u00f5es de energia verde<\/strong><\/p>\n<ul>\n<li>Alimentado por Sistema de Energia Solar<\/li>\n<li>Alimentado por sistema de alimenta\u00e7\u00e3o de bateria<\/li>\n<li>Alimentado por sistema de c\u00e9lula de combust\u00edvel de hidrog\u00eanio<\/li>\n<li>Alimentado por sistema de GPL<\/li>\n<\/ul>\n<p><strong>Recursos<\/strong><\/p>\n<ul>\n<li>Autodescarga n\u00e3o precisa de um guindaste.<\/li>\n<li>Alta capacidade de recupera\u00e7\u00e3o com baixo custo<\/li>\n<li>Excelente manobrabilidade.<\/li>\n<li>Alta Efic\u00e1cia<\/li>\n<li>Excelente calado raso com estabilidade<\/li>\n<li>Motores simples ou duplos<\/li>\n<li>Recupera\u00e7\u00e3o de derramamento de petr\u00f3leo<\/li>\n<li>Coloca\u00e7\u00e3o de vaias de petr\u00f3leo<\/li>\n<li>Combate a inc\u00eandios<\/li>\n<li>Armazena res\u00edduos s\u00f3lidos flutuantes e semissubmersos<\/li>\n<li>Armazena res\u00edduos e l\u00edquidos de petr\u00f3leo<\/li>\n<li>Designs personalizados podem ser feitos de forma r\u00e1pida e econ\u00f4mica.<\/li>\n<\/ul>\n<p><strong>Alguns exemplos da principal fonte de detritos do oceano, lixo marinho, detritos marinhos, lixo marinho e algas marinhas s\u00e3o:<\/strong><\/p>\n<p><strong>Terrestre<\/strong><\/p>\n<ul>\n<li>Aterros<\/li>\n<li>Rios e cheias<\/li>\n<li>Sa\u00eddas industriais<\/li>\n<li>Descarga de \u00e1guas pluviais<\/li>\n<li>Saneamento municipal n\u00e3o tratado<\/li>\n<li>Lixo de praias, zonas costeiras (turismo)<\/li>\n<\/ul>\n<p><strong>\u00c0 base de mar<\/strong><\/p>\n<ul>\n<li>Setor das pescas<\/li>\n<li>Transporte mar\u00edtimo (por exemplo, transporte, turismo, pesca)<\/li>\n<li>Minera\u00e7\u00e3o e extra\u00e7\u00e3o offshore<\/li>\n<li>Despejo ilegal no mar<\/li>\n<li>Artes de pesca devolvidas ao mar<\/li>\n<li>Plataforma offshore de petr\u00f3leo e g\u00e1s<\/li>\n<li>Instala\u00e7\u00f5es aqu\u00edcolas<\/li>\n<li>Muitas embarca\u00e7\u00f5es mar\u00edtimas<\/li>\n<\/ul>\n<p>[id de wptm=73]<\/p>\n","protected":false},"excerpt":{"rendered":"<p>Autodescarga, Trash Skimmer Boat projetado para limpar marina, lago, rio, mar, porto, canais, ba\u00edas, porto e vias naveg\u00e1veis, s\u00e9rie incorporada [&hellip;]<\/p>\n","protected":false},"author":1,"featured_media":0,"parent":77895,"menu_order":0,"comment_status":"closed","ping_status":"closed","template":"","meta":{"site-sidebar-layout":"default","site-content-layout":"","ast-site-content-layout":"default","site-content-style":"default","site-sidebar-style":"default","ast-global-header-display":"","ast-banner-title-visibility":"","ast-main-header-display":"","ast-hfb-above-header-display":"","ast-hfb-below-header-display":"","ast-hfb-mobile-header-display":"","site-post-title":"","ast-breadcrumbs-content":"","ast-featured-img":"","footer-sml-layout":"","ast-disable-related-posts":"","theme-transparent-header-meta":"","adv-header-id-meta":"","stick-header-meta":"","header-above-stick-meta":"","header-main-stick-meta":"","header-below-stick-meta":"","astra-migrate-meta-layouts":"default","ast-page-background-enabled":"default","ast-page-background-meta":{"desktop":{"background-color":"var(--ast-global-color-5)","background-image":"","background-repeat":"repeat","background-position":"center center","background-size":"auto","background-attachment":"scroll","background-type":"","background-media":"","overlay-type":"","overlay-color":"","overlay-opacity":"","overlay-gradient":""},"tablet":{"background-color":"","background-image":"","background-repeat":"repeat","background-position":"center center","background-size":"auto","background-attachment":"scroll","background-type":"","background-media":"","overlay-type":"","overlay-color":"","overlay-opacity":"","overlay-gradient":""},"mobile":{"background-color":"","background-image":"","background-repeat":"repeat","background-position":"center center","background-size":"auto","background-attachment":"scroll","background-type":"","background-media":"","overlay-type":"","overlay-color":"","overlay-opacity":"","overlay-gradient":""}},"ast-content-background-meta":{"desktop":{"background-color":"var(--ast-global-color-4)","background-image":"","background-repeat":"repeat","background-position":"center center","background-size":"auto","background-attachment":"scroll","background-type":"","background-media":"","overlay-type":"","overlay-color":"","overlay-opacity":"","overlay-gradient":""},"tablet":{"background-color":"var(--ast-global-color-4)","background-image":"","background-repeat":"repeat","background-position":"center center","background-size":"auto","background-attachment":"scroll","background-type":"","background-media":"","overlay-type":"","overlay-color":"","overlay-opacity":"","overlay-gradient":""},"mobile":{"background-color":"var(--ast-global-color-4)","background-image":"","background-repeat":"repeat","background-position":"center center","background-size":"auto","background-attachment":"scroll","background-type":"","background-media":"","overlay-type":"","overlay-color":"","overlay-opacity":"","overlay-gradient":""}},"footnotes":""},"class_list":["post-77901","page","type-page","status-publish","hentry"],"_links":{"self":[{"href":"https:\/\/mavideniz.com.tr\/pt-pt\/wp-json\/wp\/v2\/pages\/77901","targetHints":{"allow":["GET"]}}],"collection":[{"href":"https:\/\/mavideniz.com.tr\/pt-pt\/wp-json\/wp\/v2\/pages"}],"about":[{"href":"https:\/\/mavideniz.com.tr\/pt-pt\/wp-json\/wp\/v2\/types\/page"}],"author":[{"embeddable":true,"href":"https:\/\/mavideniz.com.tr\/pt-pt\/wp-json\/wp\/v2\/users\/1"}],"replies":[{"embeddable":true,"href":"https:\/\/mavideniz.com.tr\/pt-pt\/wp-json\/wp\/v2\/comments?post=77901"}],"version-history":[{"count":0,"href":"https:\/\/mavideniz.com.tr\/pt-pt\/wp-json\/wp\/v2\/pages\/77901\/revisions"}],"up":[{"embeddable":true,"href":"https:\/\/mavideniz.com.tr\/pt-pt\/wp-json\/wp\/v2\/pages\/77895"}],"wp:attachment":[{"href":"https:\/\/mavideniz.com.tr\/pt-pt\/wp-json\/wp\/v2\/media?parent=77901"}],"curies":[{"name":"wp","href":"https:\/\/api.w.org\/{rel}","templated":true}]}}