{"id":77905,"date":"2025-05-03T16:58:35","date_gmt":"2025-05-03T16:58:35","guid":{"rendered":"https:\/\/mavideniz.com.tr\/?page_id=77905"},"modified":"2025-10-05T00:07:36","modified_gmt":"2025-10-05T00:07:36","slug":"barco-de-tripulacao-rapido","status":"publish","type":"page","link":"https:\/\/mavideniz.com.tr\/pt-pt\/embarcacoes-barcos\/transporte-aquatico-passageiro\/barco-de-tripulacao-rapido\/","title":{"rendered":"Barco de tripula\u00e7\u00e3o r\u00e1pido"},"content":{"rendered":"\n<p>Mavi Deniz Fast Crew Boat \u00e9 projetado para operar em toda a \u00e1gua e al\u00e9m dos requisitos de Classe e Bandeira.\u00a0\u00a0 O design otimizado do casco reduz o ru\u00eddo, a vibra\u00e7\u00e3o e o clima interno a bordo, de acordo com a nota\u00e7\u00e3o da classe de conforto DNV. A embarca\u00e7\u00e3o cumpre igualmente as normas do C\u00f3digo das Embarca\u00e7\u00f5es de Alta Velocidade (HSC) da OMI. Projeto do Barco de Tripula\u00e7\u00e3o R\u00e1pida, estamos trabalhando com os melhores designers em todo o mundo. Fast Crew Boat tem excelente velocidade, for\u00e7a e agilidade para transportar cargas com excelente mar e uma plataforma est\u00e1vel para opera\u00e7\u00f5es e produ\u00e7\u00e3o; veja nossa qualidade, padr\u00f5es e diferen\u00e7as.<\/p>\n<p>As esta\u00e7\u00f5es de opera\u00e7\u00e3o das pontes controlam este r\u00e1pido barco de tripula\u00e7\u00e3o. Perfeitamente integrado com o sistema de posicionamento din\u00e2mico do barco ir\u00e1 fornecer manuten\u00e7\u00e3o de esta\u00e7\u00e3o e seguran\u00e7a melhorada durante as transfer\u00eancias da tripula\u00e7\u00e3o usando o sistema de transfer\u00eancia de passageiros de passeio para o trabalho da Ampelmann. Cada esta\u00e7\u00e3o de controle consiste em um acelerador duplo e alavancas de revers\u00e3o, e um dispositivo de dire\u00e7\u00e3o com a porta e esta\u00e7\u00f5es de ponte de estibordo tamb\u00e9m possui um joystick de manobra. Todas as esta\u00e7\u00f5es s\u00e3o interfaceadas atrav\u00e9s dos m\u00f3dulos Hamilton Jet apropriados para o gravador de dados de viagem, piloto autom\u00e1tico, Sistema DP e sistema de monitoramento. O arranjo da Superstrutura de Barcos de Tripula\u00e7\u00e3o R\u00e1pida permite f\u00e1cil acesso \u00e0 sala de m\u00e1quinas durante a manuten\u00e7\u00e3o. Este arranjo ergon\u00f4mico dar\u00e1 o m\u00e1ximo conforto durante a utiliza\u00e7\u00e3o e satisfa\u00e7\u00e3o para os passageiros e a tripula\u00e7\u00e3o.<\/p>\n<p>Os passageiros dos barcos de tripula\u00e7\u00e3o r\u00e1pida s\u00e3o acomodados no andar principal e no andar m\u00e9dio; o deck principal tamb\u00e9m abriga salas VIP, \u00e1reas de armazenamento e uma oficina equipada, enquanto cabines de tripula\u00e7\u00e3o e cozinha est\u00e3o no andar m\u00e9dio. Para design de interiores feito sob medida para as condi\u00e7\u00f5es e requisitos locais ( assentos de primeira classe + LCD + Ar condicionado + Piso de longa dura\u00e7\u00e3o &#8211; tampa de teto &#8211; revestimento de parede )<\/p>\n<p>Depois de entregar o navio, voc\u00ea ver\u00e1 o mesmo desempenho e qualidade anos e anos depois, sem mudan\u00e7as; h\u00e1 uma raz\u00e3o para pegar o desempenho e qualidade; n\u00e3o escolhemos produtos baratos, escolher o melhor material e produtos para a constru\u00e7\u00e3o do Barco de Tripula\u00e7\u00e3o R\u00e1pida, e tamb\u00e9m escolher os melhores trabalhadores, engenheiros. Podemos organizar os projetos para seu perfil operacional e requisitos.<\/p>\n<p><strong>Recursos | Facultativo<\/strong><\/p>\n<ul>\n<li>Menor consumo de combust\u00edvel<\/li>\n<li>Recupera\u00e7\u00e3o de derramamento de petr\u00f3leo<\/li>\n<li>Custo operacional mais baixo<\/li>\n<li>Tripula\u00e7\u00e3o de transporte + carga r\u00e1pida<\/li>\n<li>Alta qualidade para o conforto da tripula\u00e7\u00e3o e dos passageiros<\/li>\n<li>Dispositivo de seguran\u00e7a em espera, incluindo combate a inc\u00eandios<\/li>\n<li>Davit + guindaste + arma\u00e7\u00e3o A<\/li>\n<li>Pre\u00e7os competitivos<\/li>\n<li>Gancho de reboque de emerg\u00eancia<\/li>\n<li>Design ergon\u00f4mico moderno<\/li>\n<li>Maior estabilidade e seguran\u00e7a<\/li>\n<li>Rascunho<\/li>\n<li>equipamento de comunica\u00e7\u00e3o<\/li>\n<\/ul>\n<p>[id de wptm=49]<\/p>\n","protected":false},"excerpt":{"rendered":"<p>Mavi Deniz Fast Crew Boat \u00e9 projetado para operar em toda a \u00e1gua e al\u00e9m dos requisitos de Classe e [&hellip;]<\/p>\n","protected":false},"author":1,"featured_media":0,"parent":77903,"menu_order":0,"comment_status":"closed","ping_status":"closed","template":"","meta":{"site-sidebar-layout":"default","site-content-layout":"","ast-site-content-layout":"default","site-content-style":"default","site-sidebar-style":"default","ast-global-header-display":"","ast-banner-title-visibility":"","ast-main-header-display":"","ast-hfb-above-header-display":"","ast-hfb-below-header-display":"","ast-hfb-mobile-header-display":"","site-post-title":"","ast-breadcrumbs-content":"","ast-featured-img":"","footer-sml-layout":"","ast-disable-related-posts":"","theme-transparent-header-meta":"","adv-header-id-meta":"","stick-header-meta":"","header-above-stick-meta":"","header-main-stick-meta":"","header-below-stick-meta":"","astra-migrate-meta-layouts":"default","ast-page-background-enabled":"default","ast-page-background-meta":{"desktop":{"background-color":"var(--ast-global-color-5)","background-image":"","background-repeat":"repeat","background-position":"center center","background-size":"auto","background-attachment":"scroll","background-type":"","background-media":"","overlay-type":"","overlay-color":"","overlay-opacity":"","overlay-gradient":""},"tablet":{"background-color":"","background-image":"","background-repeat":"repeat","background-position":"center center","background-size":"auto","background-attachment":"scroll","background-type":"","background-media":"","overlay-type":"","overlay-color":"","overlay-opacity":"","overlay-gradient":""},"mobile":{"background-color":"","background-image":"","background-repeat":"repeat","background-position":"center center","background-size":"auto","background-attachment":"scroll","background-type":"","background-media":"","overlay-type":"","overlay-color":"","overlay-opacity":"","overlay-gradient":""}},"ast-content-background-meta":{"desktop":{"background-color":"var(--ast-global-color-4)","background-image":"","background-repeat":"repeat","background-position":"center center","background-size":"auto","background-attachment":"scroll","background-type":"","background-media":"","overlay-type":"","overlay-color":"","overlay-opacity":"","overlay-gradient":""},"tablet":{"background-color":"var(--ast-global-color-4)","background-image":"","background-repeat":"repeat","background-position":"center center","background-size":"auto","background-attachment":"scroll","background-type":"","background-media":"","overlay-type":"","overlay-color":"","overlay-opacity":"","overlay-gradient":""},"mobile":{"background-color":"var(--ast-global-color-4)","background-image":"","background-repeat":"repeat","background-position":"center center","background-size":"auto","background-attachment":"scroll","background-type":"","background-media":"","overlay-type":"","overlay-color":"","overlay-opacity":"","overlay-gradient":""}},"footnotes":""},"class_list":["post-77905","page","type-page","status-publish","hentry"],"_links":{"self":[{"href":"https:\/\/mavideniz.com.tr\/pt-pt\/wp-json\/wp\/v2\/pages\/77905","targetHints":{"allow":["GET"]}}],"collection":[{"href":"https:\/\/mavideniz.com.tr\/pt-pt\/wp-json\/wp\/v2\/pages"}],"about":[{"href":"https:\/\/mavideniz.com.tr\/pt-pt\/wp-json\/wp\/v2\/types\/page"}],"author":[{"embeddable":true,"href":"https:\/\/mavideniz.com.tr\/pt-pt\/wp-json\/wp\/v2\/users\/1"}],"replies":[{"embeddable":true,"href":"https:\/\/mavideniz.com.tr\/pt-pt\/wp-json\/wp\/v2\/comments?post=77905"}],"version-history":[{"count":0,"href":"https:\/\/mavideniz.com.tr\/pt-pt\/wp-json\/wp\/v2\/pages\/77905\/revisions"}],"up":[{"embeddable":true,"href":"https:\/\/mavideniz.com.tr\/pt-pt\/wp-json\/wp\/v2\/pages\/77903"}],"wp:attachment":[{"href":"https:\/\/mavideniz.com.tr\/pt-pt\/wp-json\/wp\/v2\/media?parent=77905"}],"curies":[{"name":"wp","href":"https:\/\/api.w.org\/{rel}","templated":true}]}}