{"id":77907,"date":"2025-05-03T16:59:32","date_gmt":"2025-05-03T16:59:32","guid":{"rendered":"https:\/\/mavideniz.com.tr\/?page_id=77907"},"modified":"2025-10-05T00:07:36","modified_gmt":"2025-10-05T00:07:36","slug":"transporte-maritimo","status":"publish","type":"page","link":"https:\/\/mavideniz.com.tr\/pt-pt\/embarcacoes-barcos\/transporte-aquatico-passageiro\/transporte-maritimo\/","title":{"rendered":"Transporte Mar\u00edtimo"},"content":{"rendered":"\n<p>O transporte mar\u00edtimo \u00e9 projetado para transportar passageiros, carros e bicicletas atrav\u00e9s de vias naveg\u00e1veis (mar, rios, lagos, lagoas, canais, etc.). O transporte mar\u00edtimo oferece um excelente potencial como parte essencial da vida urbana, uma experi\u00eancia mais agrad\u00e1vel do que outros modos de transporte, tempo fixo de viagem sem problemas de tr\u00e1fego, viagens confort\u00e1veis e muito espa\u00e7o para carros e bicicletas. Como resultado, as cidades retornam \u00e0 \u00e1gua.<\/p>\n<p>Os modelos Mavi Deniz Sea Shuttle, voc\u00ea ver\u00e1 a diferen\u00e7a entre propuls\u00e3o silenciosa, de alta velocidade e altamente manobr\u00e1vel, e rolagem reduzida e vibra\u00e7\u00e3o para melhor conforto do passageiro em todas as situa\u00e7\u00f5es clim\u00e1ticas. Usamos isolamento exclusivo para a produ\u00e7\u00e3o do Sea Shuttle para reduzir o ru\u00eddo a bordo e subaqu\u00e1tico, e os componentes de m\u00e1quinas resilientemente ser\u00e3o montados para minimizar o ru\u00eddo e as vibra\u00e7\u00f5es.<\/p>\n<p>Projeto interior do transporte mar\u00edtimo feito sob medida para as condi\u00e7\u00f5es e requisitos locais (assentos de primeira classe + LCD + Ar condicionado + Piso de longa dura\u00e7\u00e3o &#8211; tampa de teto &#8211; revestimento de parede)<\/p>\n<p>Depois de entregar o Shuttle, voc\u00ea ver\u00e1 o mesmo desempenho e qualidade anos e anos depois n\u00e3o mudou; h\u00e1 uma raz\u00e3o para pegar o desempenho e qualidade; n\u00e3o escolhemos produtos baratos, escolher o melhor material e produtos para a constru\u00e7\u00e3o do Shuttle do Mar, e tamb\u00e9m escolher os melhores trabalhadores, engenheiros. Podemos organizar os projetos para seu perfil operacional e requisitos.<\/p>\n<p><strong>Recursos<\/strong><\/p>\n<ul>\n<li>N\u00e3o h\u00e1 necessidade de um design de terminal caro, pont\u00e3o, porta ou molhe<\/li>\n<li>Mar\u00e9s n\u00e3o s\u00e3o problema<\/li>\n<li>Viagens sem ru\u00eddo<\/li>\n<li>Prazos de entrega curtos e confi\u00e1veis<\/li>\n<li>Pre\u00e7os competitivos<\/li>\n<li>Menor consumo de combust\u00edvel<\/li>\n<li>Design ergon\u00f4mico moderno<\/li>\n<li>Maior estabilidade e seguran\u00e7a<\/li>\n<li>Rascunho<\/li>\n<li>Velocidade maior<\/li>\n<li>Lavagem baixa<\/li>\n<\/ul>\n","protected":false},"excerpt":{"rendered":"<p>O transporte mar\u00edtimo \u00e9 projetado para transportar passageiros, carros e bicicletas atrav\u00e9s de vias naveg\u00e1veis (mar, rios, lagos, lagoas, canais, [&hellip;]<\/p>\n","protected":false},"author":1,"featured_media":0,"parent":77903,"menu_order":0,"comment_status":"closed","ping_status":"closed","template":"","meta":{"site-sidebar-layout":"default","site-content-layout":"","ast-site-content-layout":"default","site-content-style":"default","site-sidebar-style":"default","ast-global-header-display":"","ast-banner-title-visibility":"","ast-main-header-display":"","ast-hfb-above-header-display":"","ast-hfb-below-header-display":"","ast-hfb-mobile-header-display":"","site-post-title":"","ast-breadcrumbs-content":"","ast-featured-img":"","footer-sml-layout":"","ast-disable-related-posts":"","theme-transparent-header-meta":"","adv-header-id-meta":"","stick-header-meta":"","header-above-stick-meta":"","header-main-stick-meta":"","header-below-stick-meta":"","astra-migrate-meta-layouts":"default","ast-page-background-enabled":"default","ast-page-background-meta":{"desktop":{"background-color":"var(--ast-global-color-5)","background-image":"","background-repeat":"repeat","background-position":"center center","background-size":"auto","background-attachment":"scroll","background-type":"","background-media":"","overlay-type":"","overlay-color":"","overlay-opacity":"","overlay-gradient":""},"tablet":{"background-color":"","background-image":"","background-repeat":"repeat","background-position":"center center","background-size":"auto","background-attachment":"scroll","background-type":"","background-media":"","overlay-type":"","overlay-color":"","overlay-opacity":"","overlay-gradient":""},"mobile":{"background-color":"","background-image":"","background-repeat":"repeat","background-position":"center center","background-size":"auto","background-attachment":"scroll","background-type":"","background-media":"","overlay-type":"","overlay-color":"","overlay-opacity":"","overlay-gradient":""}},"ast-content-background-meta":{"desktop":{"background-color":"var(--ast-global-color-4)","background-image":"","background-repeat":"repeat","background-position":"center center","background-size":"auto","background-attachment":"scroll","background-type":"","background-media":"","overlay-type":"","overlay-color":"","overlay-opacity":"","overlay-gradient":""},"tablet":{"background-color":"var(--ast-global-color-4)","background-image":"","background-repeat":"repeat","background-position":"center center","background-size":"auto","background-attachment":"scroll","background-type":"","background-media":"","overlay-type":"","overlay-color":"","overlay-opacity":"","overlay-gradient":""},"mobile":{"background-color":"var(--ast-global-color-4)","background-image":"","background-repeat":"repeat","background-position":"center center","background-size":"auto","background-attachment":"scroll","background-type":"","background-media":"","overlay-type":"","overlay-color":"","overlay-opacity":"","overlay-gradient":""}},"footnotes":""},"class_list":["post-77907","page","type-page","status-publish","hentry"],"_links":{"self":[{"href":"https:\/\/mavideniz.com.tr\/pt-pt\/wp-json\/wp\/v2\/pages\/77907","targetHints":{"allow":["GET"]}}],"collection":[{"href":"https:\/\/mavideniz.com.tr\/pt-pt\/wp-json\/wp\/v2\/pages"}],"about":[{"href":"https:\/\/mavideniz.com.tr\/pt-pt\/wp-json\/wp\/v2\/types\/page"}],"author":[{"embeddable":true,"href":"https:\/\/mavideniz.com.tr\/pt-pt\/wp-json\/wp\/v2\/users\/1"}],"replies":[{"embeddable":true,"href":"https:\/\/mavideniz.com.tr\/pt-pt\/wp-json\/wp\/v2\/comments?post=77907"}],"version-history":[{"count":0,"href":"https:\/\/mavideniz.com.tr\/pt-pt\/wp-json\/wp\/v2\/pages\/77907\/revisions"}],"up":[{"embeddable":true,"href":"https:\/\/mavideniz.com.tr\/pt-pt\/wp-json\/wp\/v2\/pages\/77903"}],"wp:attachment":[{"href":"https:\/\/mavideniz.com.tr\/pt-pt\/wp-json\/wp\/v2\/media?parent=77907"}],"curies":[{"name":"wp","href":"https:\/\/api.w.org\/{rel}","templated":true}]}}