{"id":77909,"date":"2025-05-03T17:00:19","date_gmt":"2025-05-03T17:00:19","guid":{"rendered":"https:\/\/mavideniz.com.tr\/?page_id=77909"},"modified":"2025-10-05T00:07:36","modified_gmt":"2025-10-05T00:07:36","slug":"onibus-de-agua","status":"publish","type":"page","link":"https:\/\/mavideniz.com.tr\/pt-pt\/embarcacoes-barcos\/transporte-aquatico-passageiro\/onibus-de-agua\/","title":{"rendered":"\u00d4nibus de \u00e1gua"},"content":{"rendered":"\n<p>O \u00d4nibus Aqu\u00e1tico Mavideniz foi projetado e constru\u00eddo para ser uma alternativa r\u00e1pida e confi\u00e1vel para todos para reduzir o tempo de viagem. Mais do que isso, \u00e9 uma das melhores formas de transporte de passageiros a partir do rio, mar ou lago.<\/p>\n<p>Os modelos de \u00d4nibus Aqu\u00e1tico Mavi Deniz, voc\u00ea ver\u00e1 a diferen\u00e7a entre propuls\u00e3o silenciosa, de alta velocidade e altamente manobr\u00e1vel, e rolagem e vibra\u00e7\u00e3o reduzidas para melhor conforto dos passageiros em todas as situa\u00e7\u00f5es clim\u00e1ticas.<\/p>\n<p>O arranjo da Superstrutura do \u00d4nibus Aqu\u00e1tico permite f\u00e1cil acesso \u00e0 sala de m\u00e1quinas durante a manuten\u00e7\u00e3o. Este arranjo ergon\u00f4mico dar\u00e1 o m\u00e1ximo conforto durante a utiliza\u00e7\u00e3o e satisfa\u00e7\u00e3o para os passageiros e a tripula\u00e7\u00e3o.<\/p>\n<p>Projeto interior de \u00f4nibus aqu\u00e1tico feito sob medida para as condi\u00e7\u00f5es e requisitos locais ( assentos de primeira classe + LCD + ar condicionado + piso de longa dura\u00e7\u00e3o &#8211; tampa de teto &#8211; revestimento de parede )<\/p>\n<p>Depois de entregar o navio, voc\u00ea ver\u00e1 o mesmo desempenho e qualidade anos e anos depois, sem altera\u00e7\u00f5es; h\u00e1 uma raz\u00e3o para pegar o desempenho e qualidade; n\u00e3o escolhemos produtos baratos, escolher o melhor material e produtos para a constru\u00e7\u00e3o do \u00f4nibus aqu\u00e1tico, e tamb\u00e9m escolher os melhores trabalhadores, engenheiros. Podemos organizar os projetos para seu perfil operacional e requisitos.<\/p>\n<p><strong>Recursos<\/strong><\/p>\n<ul>\n<li>Prazos de entrega curtos e confi\u00e1veis<\/li>\n<li>Pre\u00e7os competitivos<\/li>\n<li>Menor consumo de combust\u00edvel<\/li>\n<li>Design ergon\u00f4mico moderno<\/li>\n<li>Maior estabilidade e seguran\u00e7a<\/li>\n<li>Rascunho<\/li>\n<li>Velocidade maior<\/li>\n<li>Lavagem baixa<\/li>\n<\/ul>\n<p>[id de wptm=52]<\/p>\n","protected":false},"excerpt":{"rendered":"<p>O \u00d4nibus Aqu\u00e1tico Mavideniz foi projetado e constru\u00eddo para ser uma alternativa r\u00e1pida e confi\u00e1vel para todos para reduzir o [&hellip;]<\/p>\n","protected":false},"author":1,"featured_media":0,"parent":77903,"menu_order":0,"comment_status":"closed","ping_status":"closed","template":"","meta":{"site-sidebar-layout":"default","site-content-layout":"","ast-site-content-layout":"default","site-content-style":"default","site-sidebar-style":"default","ast-global-header-display":"","ast-banner-title-visibility":"","ast-main-header-display":"","ast-hfb-above-header-display":"","ast-hfb-below-header-display":"","ast-hfb-mobile-header-display":"","site-post-title":"","ast-breadcrumbs-content":"","ast-featured-img":"","footer-sml-layout":"","ast-disable-related-posts":"","theme-transparent-header-meta":"","adv-header-id-meta":"","stick-header-meta":"","header-above-stick-meta":"","header-main-stick-meta":"","header-below-stick-meta":"","astra-migrate-meta-layouts":"default","ast-page-background-enabled":"default","ast-page-background-meta":{"desktop":{"background-color":"var(--ast-global-color-5)","background-image":"","background-repeat":"repeat","background-position":"center center","background-size":"auto","background-attachment":"scroll","background-type":"","background-media":"","overlay-type":"","overlay-color":"","overlay-opacity":"","overlay-gradient":""},"tablet":{"background-color":"","background-image":"","background-repeat":"repeat","background-position":"center center","background-size":"auto","background-attachment":"scroll","background-type":"","background-media":"","overlay-type":"","overlay-color":"","overlay-opacity":"","overlay-gradient":""},"mobile":{"background-color":"","background-image":"","background-repeat":"repeat","background-position":"center center","background-size":"auto","background-attachment":"scroll","background-type":"","background-media":"","overlay-type":"","overlay-color":"","overlay-opacity":"","overlay-gradient":""}},"ast-content-background-meta":{"desktop":{"background-color":"var(--ast-global-color-4)","background-image":"","background-repeat":"repeat","background-position":"center center","background-size":"auto","background-attachment":"scroll","background-type":"","background-media":"","overlay-type":"","overlay-color":"","overlay-opacity":"","overlay-gradient":""},"tablet":{"background-color":"var(--ast-global-color-4)","background-image":"","background-repeat":"repeat","background-position":"center center","background-size":"auto","background-attachment":"scroll","background-type":"","background-media":"","overlay-type":"","overlay-color":"","overlay-opacity":"","overlay-gradient":""},"mobile":{"background-color":"var(--ast-global-color-4)","background-image":"","background-repeat":"repeat","background-position":"center center","background-size":"auto","background-attachment":"scroll","background-type":"","background-media":"","overlay-type":"","overlay-color":"","overlay-opacity":"","overlay-gradient":""}},"footnotes":""},"class_list":["post-77909","page","type-page","status-publish","hentry"],"_links":{"self":[{"href":"https:\/\/mavideniz.com.tr\/pt-pt\/wp-json\/wp\/v2\/pages\/77909","targetHints":{"allow":["GET"]}}],"collection":[{"href":"https:\/\/mavideniz.com.tr\/pt-pt\/wp-json\/wp\/v2\/pages"}],"about":[{"href":"https:\/\/mavideniz.com.tr\/pt-pt\/wp-json\/wp\/v2\/types\/page"}],"author":[{"embeddable":true,"href":"https:\/\/mavideniz.com.tr\/pt-pt\/wp-json\/wp\/v2\/users\/1"}],"replies":[{"embeddable":true,"href":"https:\/\/mavideniz.com.tr\/pt-pt\/wp-json\/wp\/v2\/comments?post=77909"}],"version-history":[{"count":0,"href":"https:\/\/mavideniz.com.tr\/pt-pt\/wp-json\/wp\/v2\/pages\/77909\/revisions"}],"up":[{"embeddable":true,"href":"https:\/\/mavideniz.com.tr\/pt-pt\/wp-json\/wp\/v2\/pages\/77903"}],"wp:attachment":[{"href":"https:\/\/mavideniz.com.tr\/pt-pt\/wp-json\/wp\/v2\/media?parent=77909"}],"curies":[{"name":"wp","href":"https:\/\/api.w.org\/{rel}","templated":true}]}}