{"id":77919,"date":"2025-05-03T17:48:32","date_gmt":"2025-05-03T17:48:32","guid":{"rendered":"https:\/\/mavideniz.com.tr\/?page_id=77919"},"modified":"2025-10-05T00:07:35","modified_gmt":"2025-10-05T00:07:35","slug":"barra-absorvente-_-oleo-quimico-universal","status":"publish","type":"page","link":"https:\/\/mavideniz.com.tr\/pt-pt\/produtos-industriais\/absorventes-kit-de-resposta-a-derramamentos\/barra-absorvente-_-oleo-quimico-universal\/","title":{"rendered":"Barra Absorvente _ \u00d3leo &#8211; Qu\u00edmico &#8211; Universal"},"content":{"rendered":"\n<p>Nosso Boom Absorvente \u00e9 projetado para usar produtos qu\u00edmicos, \u00f3leo apenas, e universal. Absorvente Boom \u00e9 a maneira mais r\u00e1pida de limpar um derramamento. Absorvente Boom est\u00e1 dispon\u00edvel em uma variedade de pesos e materiais diferentes. O Boom Absorvente de \u00d3leo, o Boom Absorvente Universal e o material do Boom Absorvente Qu\u00edmico fornecem a\u00e7\u00e3o capilar r\u00e1pida e excelente capacidade absorvente e reten\u00e7\u00e3o.<\/p>\n<p>Mavi Deniz Oil Absorbent Boom \u00e9 uma maneira econ\u00f4mica de recuperar pequenos e m\u00e9dios vazamentos de petr\u00f3leo\/produtos qu\u00edmicos de c\u00f3rregos, lagoas, lagoas de assentamentos, portos, rios ou prote\u00e7\u00e3o da costa. O Boom Absorvente de Petr\u00f3leo \u00e9 rapidamente implantado e rebocado, e diferentes tamanhos est\u00e3o dispon\u00edveis para v\u00e1rias aplica\u00e7\u00f5es marinhas e industriais.<\/p>\n<p>Petr\u00f3leo Absorvente Boom inclui clipes para formar uma barreira de qualquer comprimento. Em cada extremidade, os conectores permitem a liga\u00e7\u00e3o de v\u00e1rias boias para fornecer uma cadeia cont\u00ednua de prote\u00e7\u00e3o, permitindo a conten\u00e7\u00e3o e absor\u00e7\u00e3o de um derramamento. Esta lan\u00e7a absorvente de \u00f3leo pode ser deixada implantada indefinidamente e n\u00e3o permite que o \u00f3leo passe fora da \u00e1rea expandida.<\/p>\n<p>O Boom Absorvente de Petr\u00f3leo pode usar entre dois pequenos barcos com uma forma U ou J, e os res\u00edduos de petr\u00f3leo na superf\u00edcie do mar podem ser facilmente coletados e absorvidos.<\/p>\n<p>Petr\u00f3leo Absorvente Boom \u00e9 projetado para adsorver l\u00edquidos \u00e0 base de petr\u00f3leo e \u00e1gua repelida. Boom absorvente de \u00f3leo \u00e9 recomendado usando em pouca \u00e1gua, derramamentos de \u00f3leo e uso na planta. Excelentes oleodutos, estaleiros navais, conveses de navios e iates, f\u00e1bricas, plantas industriais, docas de carregamento, lojas de m\u00e1quinas e manuten\u00e7\u00e3o, departamentos de inc\u00eandio, resposta a derramamento municipal ou qualquer lugar que l\u00edquidos, qu\u00edmicos ou derramamentos de petr\u00f3leo ocorrem. O Boom Absorvente de \u00d3leo \u00e9 sempre facilmente colocado e recuperado. Dispon\u00edvel em azul ou branco para \u00f3leos pesados e leves.<\/p>\n<p>Universal Absorbent Boom \u00e9 projetado para limpar \u00f3leos, refrigerantes, solventes e l\u00edquidos \u00e0 base de \u00e1gua em qualquer lugar em sua instala\u00e7\u00e3o. Em torno de m\u00e1quinas, sob tubos ou acess\u00f3rios vazados, em \u00e1reas de tr\u00e1fego bagun\u00e7ado, para projetos de manuten\u00e7\u00e3o geral s\u00e3o sua primeira escolha para controle de derramamento interno. Al\u00e9m disso, Universal Absorbent Boom m\u00e1scaras de cor cinza derramamentos e manchas &#8211; ajudando voc\u00ea a resistir a vontade de pegar o absorvente antes que ele esteja totalmente saturado. Dispon\u00edvel na cor cinza para pesos pesados e leves \u00d3leos.<\/p>\n<p>O Boom Absorvente Qu\u00edmico fez uma base de polipropileno Meltblown altamente absorvente. O Chemical Absorbent Boom est\u00e1 dispon\u00edvel em v\u00e1rios formatos, \u00e9 leve e nominalmente livre de poeira. O Chemical Absorbent Boom tem uma alta capacidade de absor\u00e7\u00e3o, o que minimiza a quantidade de res\u00edduos para elimina\u00e7\u00e3o. O Boom absorvente qu\u00edmico \u00e9 adequado para adsorver uma ampla gama de l\u00edquidos, incluindo \u00e1cidos espec\u00edficos, bases, refrigerantes, fluidos \u00e0 base de petr\u00f3leo, produtos qu\u00edmicos n\u00e3o agressivos e solu\u00e7\u00f5es aquosas. Dispon\u00edvel na cor amarela para pesos pesados e leves Produtos qu\u00edmicos.<\/p>\n<h4><strong>Recursos<\/strong><\/h4>\n<ul>\n<li>Booms Absorventes de \u00d3leo s\u00e3o Part\u00edculas N\u00e3o-derramando e n\u00e3o podem escapar e contaminar \u00e1gua e equipamentos.<\/li>\n<li>Booms absorventes t\u00eam vida ao ar livre mais longa: exposi\u00e7\u00e3o mais longa \u00e0 \u00e1gua e ao \u00f3leo.<\/li>\n<li>Boias absorventes de petr\u00f3leo podem absorver at\u00e9 25 vezes seu peso: limpeza econ\u00f4mica de derramamentos.<\/li>\n<li>Hidrof\u00f3bico Repele a \u00e1gua para absorver apenas fluidos \u00e0 base de petr\u00f3leo seletivamente.<\/li>\n<li>Booms absorventes de \u00f3leo s\u00e3o f\u00e1cil aplica\u00e7\u00e3o e remo\u00e7\u00e3o: leve. F\u00e1cil de lidar.<\/li>\n<li>Reten\u00e7\u00e3o superior: os l\u00edquidos s\u00e3o mantidos firmemente para evitar a recorr\u00eancia do derramamento.<\/li>\n<li>Flutuar Indefinidamente: Permanecer flutuando antes e depois da satura\u00e7\u00e3o.<\/li>\n<\/ul>\n<p>[id de wptm=2]<\/p>\n","protected":false},"excerpt":{"rendered":"<p>Nosso Boom Absorvente \u00e9 projetado para usar produtos qu\u00edmicos, \u00f3leo apenas, e universal. Absorvente Boom \u00e9 a maneira mais r\u00e1pida [&hellip;]<\/p>\n","protected":false},"author":1,"featured_media":0,"parent":77917,"menu_order":0,"comment_status":"closed","ping_status":"closed","template":"","meta":{"site-sidebar-layout":"default","site-content-layout":"","ast-site-content-layout":"default","site-content-style":"default","site-sidebar-style":"default","ast-global-header-display":"","ast-banner-title-visibility":"","ast-main-header-display":"","ast-hfb-above-header-display":"","ast-hfb-below-header-display":"","ast-hfb-mobile-header-display":"","site-post-title":"","ast-breadcrumbs-content":"","ast-featured-img":"","footer-sml-layout":"","ast-disable-related-posts":"","theme-transparent-header-meta":"","adv-header-id-meta":"","stick-header-meta":"","header-above-stick-meta":"","header-main-stick-meta":"","header-below-stick-meta":"","astra-migrate-meta-layouts":"default","ast-page-background-enabled":"default","ast-page-background-meta":{"desktop":{"background-color":"var(--ast-global-color-5)","background-image":"","background-repeat":"repeat","background-position":"center center","background-size":"auto","background-attachment":"scroll","background-type":"","background-media":"","overlay-type":"","overlay-color":"","overlay-opacity":"","overlay-gradient":""},"tablet":{"background-color":"","background-image":"","background-repeat":"repeat","background-position":"center center","background-size":"auto","background-attachment":"scroll","background-type":"","background-media":"","overlay-type":"","overlay-color":"","overlay-opacity":"","overlay-gradient":""},"mobile":{"background-color":"","background-image":"","background-repeat":"repeat","background-position":"center center","background-size":"auto","background-attachment":"scroll","background-type":"","background-media":"","overlay-type":"","overlay-color":"","overlay-opacity":"","overlay-gradient":""}},"ast-content-background-meta":{"desktop":{"background-color":"var(--ast-global-color-4)","background-image":"","background-repeat":"repeat","background-position":"center center","background-size":"auto","background-attachment":"scroll","background-type":"","background-media":"","overlay-type":"","overlay-color":"","overlay-opacity":"","overlay-gradient":""},"tablet":{"background-color":"var(--ast-global-color-4)","background-image":"","background-repeat":"repeat","background-position":"center center","background-size":"auto","background-attachment":"scroll","background-type":"","background-media":"","overlay-type":"","overlay-color":"","overlay-opacity":"","overlay-gradient":""},"mobile":{"background-color":"var(--ast-global-color-4)","background-image":"","background-repeat":"repeat","background-position":"center center","background-size":"auto","background-attachment":"scroll","background-type":"","background-media":"","overlay-type":"","overlay-color":"","overlay-opacity":"","overlay-gradient":""}},"footnotes":""},"class_list":["post-77919","page","type-page","status-publish","hentry"],"_links":{"self":[{"href":"https:\/\/mavideniz.com.tr\/pt-pt\/wp-json\/wp\/v2\/pages\/77919","targetHints":{"allow":["GET"]}}],"collection":[{"href":"https:\/\/mavideniz.com.tr\/pt-pt\/wp-json\/wp\/v2\/pages"}],"about":[{"href":"https:\/\/mavideniz.com.tr\/pt-pt\/wp-json\/wp\/v2\/types\/page"}],"author":[{"embeddable":true,"href":"https:\/\/mavideniz.com.tr\/pt-pt\/wp-json\/wp\/v2\/users\/1"}],"replies":[{"embeddable":true,"href":"https:\/\/mavideniz.com.tr\/pt-pt\/wp-json\/wp\/v2\/comments?post=77919"}],"version-history":[{"count":0,"href":"https:\/\/mavideniz.com.tr\/pt-pt\/wp-json\/wp\/v2\/pages\/77919\/revisions"}],"up":[{"embeddable":true,"href":"https:\/\/mavideniz.com.tr\/pt-pt\/wp-json\/wp\/v2\/pages\/77917"}],"wp:attachment":[{"href":"https:\/\/mavideniz.com.tr\/pt-pt\/wp-json\/wp\/v2\/media?parent=77919"}],"curies":[{"name":"wp","href":"https:\/\/api.w.org\/{rel}","templated":true}]}}