{"id":77921,"date":"2025-05-03T17:49:14","date_gmt":"2025-05-03T17:49:14","guid":{"rendered":"https:\/\/mavideniz.com.tr\/?page_id=77921"},"modified":"2025-10-05T00:07:35","modified_gmt":"2025-10-05T00:07:35","slug":"granulo-absorvente-_-oleo-quimico-universal","status":"publish","type":"page","link":"https:\/\/mavideniz.com.tr\/pt-pt\/produtos-industriais\/absorventes-kit-de-resposta-a-derramamentos\/granulo-absorvente-_-oleo-quimico-universal\/","title":{"rendered":"Gr\u00e2nulo Absorvente _ \u00d3leo + Qu\u00edmico + Universal"},"content":{"rendered":"\n<p>Biogranular \u00e9 um granulado absorvente de \u00f3leo, um sorvente de \u00f3leo fabricado a partir de sorventes granulares de alta qualidade, \u00e0 base de vegetais. O processo de fabrica\u00e7\u00e3o produz um produto que se torna oleof\u00edlico ( hidrocarbonetos absorventes ) e hidrof\u00f3bico ( repulsivo a \u00e1gua ). Absorvente de \u00f3leo Os gr\u00e2nulos absorvem hidrocarbonetos rapidamente em contato por sua a\u00e7\u00e3o inst\u00e1vel e encapsulam \u00f3leo em contato. Absorve \u00f3leo, mas n\u00e3o \u00e1gua, para que possa ser usado na \u00e1gua ou em superf\u00edcies secas. Isso torna os gr\u00e2nulos absorventes de \u00f3leo ideais para a limpeza de hidrocarbonetos em \u00e1guas abertas e aplica\u00e7\u00f5es terrestres. Gr\u00e2nulos absorventes de \u00f3leo \u00e9 um produto leve e n\u00e3o biodegrad\u00e1vel que absorve ou encapsula hidrocarbonetos em contato, em vez de absorver o \u00f3leo atrav\u00e9s da tens\u00e3o superficial.<\/p>\n<p><strong>Recursos<\/strong><\/p>\n<ul>\n<li>Gr\u00e2nulos absorventes de \u00f3leo podem absorver at\u00e9 8-12 vezes o seu peso, absor\u00e7\u00e3o econ\u00f4mica de l\u00edquidos.<\/li>\n<li>Hidrof\u00f3bico, Repele a \u00e1gua para absorver apenas petr\u00f3leo e outros fluidos relacionados seletivamente.<\/li>\n<li>Os gr\u00e2nulos absorventes de \u00f3leo de flutua\u00e7\u00e3o podem flutuar sobre a \u00e1gua por pelo menos 51 dias.<\/li>\n<li>Org\u00e2nico, 100% natural, n\u00e3o t\u00f3xico e biodegrad\u00e1vel absorvente<\/li>\n<li>Biodegrada\u00e7\u00e3o, Aumenta a biodegrada\u00e7\u00e3o de certos hidrocarbonetos em subprodutos inofensivos.<\/li>\n<li>Os gr\u00e2nulos absorventes de \u00f3leo s\u00e3o econ\u00f4micos, geram volumes muito menores de res\u00edduos do que os produtos concorrentes.<\/li>\n<li>Gr\u00e2nulos absorventes de \u00f3leo s\u00e3o f\u00e1ceis de usar, sem treinamento especializado ou equipamentos; abrir e aplicar.<\/li>\n<li>Vers\u00e1til, aplicado em qualquer tipo de superf\u00edcie, terra ou \u00e1gua, absorve a maior variedade de l\u00edquidos do que os absorventes tradicionais.<\/li>\n<li>Inflamabilidade, N\u00e3o se inflama instantaneamente quando exposto ao calor ou \u00e0 chama; \u00e9 dif\u00edcil estabelecer um fermento.<\/li>\n<li>Os gr\u00e2nulos absorventes de \u00f3leo s\u00e3o n\u00e3o lixiviantes; segure o l\u00edquido absorvido menos bagun\u00e7a gotejando na limpeza.<\/li>\n<li>Supressor de vapor, reduz os vapores inflam\u00e1veis em 90%.<\/li>\n<li>Velocidade de Wicking r\u00e1pida, Reduzindo o tempo de inatividade para limpeza.<\/li>\n<li>Abras\u00e3o Baixa, N\u00e3o cont\u00e9m s\u00edlica.<\/li>\n<li>Baixo Teor De Cinzas, Deixa Apenas 2% De Res\u00edduo De Cinzas Quando Incinerado.<\/li>\n<li>Reten\u00e7\u00e3o superior, os l\u00edquidos s\u00e3o mantidos firmemente para evitar a recorr\u00eancia do derramamento.<\/li>\n<li>Produto universal testado em 160 poluentes (todos os tipos de hidrocarbonetos, tintas, herbicidas, pesticidas, \u00e1cidos, sangue, gorduras animais)<\/li>\n<\/ul>\n<p>[id de wptm=131]<\/p>\n","protected":false},"excerpt":{"rendered":"<p>Biogranular \u00e9 um granulado absorvente de \u00f3leo, um sorvente de \u00f3leo fabricado a partir de sorventes granulares de alta qualidade, [&hellip;]<\/p>\n","protected":false},"author":1,"featured_media":0,"parent":77917,"menu_order":0,"comment_status":"closed","ping_status":"closed","template":"","meta":{"site-sidebar-layout":"default","site-content-layout":"","ast-site-content-layout":"default","site-content-style":"default","site-sidebar-style":"default","ast-global-header-display":"","ast-banner-title-visibility":"","ast-main-header-display":"","ast-hfb-above-header-display":"","ast-hfb-below-header-display":"","ast-hfb-mobile-header-display":"","site-post-title":"","ast-breadcrumbs-content":"","ast-featured-img":"","footer-sml-layout":"","ast-disable-related-posts":"","theme-transparent-header-meta":"","adv-header-id-meta":"","stick-header-meta":"","header-above-stick-meta":"","header-main-stick-meta":"","header-below-stick-meta":"","astra-migrate-meta-layouts":"default","ast-page-background-enabled":"default","ast-page-background-meta":{"desktop":{"background-color":"var(--ast-global-color-5)","background-image":"","background-repeat":"repeat","background-position":"center center","background-size":"auto","background-attachment":"scroll","background-type":"","background-media":"","overlay-type":"","overlay-color":"","overlay-opacity":"","overlay-gradient":""},"tablet":{"background-color":"","background-image":"","background-repeat":"repeat","background-position":"center center","background-size":"auto","background-attachment":"scroll","background-type":"","background-media":"","overlay-type":"","overlay-color":"","overlay-opacity":"","overlay-gradient":""},"mobile":{"background-color":"","background-image":"","background-repeat":"repeat","background-position":"center center","background-size":"auto","background-attachment":"scroll","background-type":"","background-media":"","overlay-type":"","overlay-color":"","overlay-opacity":"","overlay-gradient":""}},"ast-content-background-meta":{"desktop":{"background-color":"var(--ast-global-color-4)","background-image":"","background-repeat":"repeat","background-position":"center center","background-size":"auto","background-attachment":"scroll","background-type":"","background-media":"","overlay-type":"","overlay-color":"","overlay-opacity":"","overlay-gradient":""},"tablet":{"background-color":"var(--ast-global-color-4)","background-image":"","background-repeat":"repeat","background-position":"center center","background-size":"auto","background-attachment":"scroll","background-type":"","background-media":"","overlay-type":"","overlay-color":"","overlay-opacity":"","overlay-gradient":""},"mobile":{"background-color":"var(--ast-global-color-4)","background-image":"","background-repeat":"repeat","background-position":"center center","background-size":"auto","background-attachment":"scroll","background-type":"","background-media":"","overlay-type":"","overlay-color":"","overlay-opacity":"","overlay-gradient":""}},"footnotes":""},"class_list":["post-77921","page","type-page","status-publish","hentry"],"_links":{"self":[{"href":"https:\/\/mavideniz.com.tr\/pt-pt\/wp-json\/wp\/v2\/pages\/77921","targetHints":{"allow":["GET"]}}],"collection":[{"href":"https:\/\/mavideniz.com.tr\/pt-pt\/wp-json\/wp\/v2\/pages"}],"about":[{"href":"https:\/\/mavideniz.com.tr\/pt-pt\/wp-json\/wp\/v2\/types\/page"}],"author":[{"embeddable":true,"href":"https:\/\/mavideniz.com.tr\/pt-pt\/wp-json\/wp\/v2\/users\/1"}],"replies":[{"embeddable":true,"href":"https:\/\/mavideniz.com.tr\/pt-pt\/wp-json\/wp\/v2\/comments?post=77921"}],"version-history":[{"count":0,"href":"https:\/\/mavideniz.com.tr\/pt-pt\/wp-json\/wp\/v2\/pages\/77921\/revisions"}],"up":[{"embeddable":true,"href":"https:\/\/mavideniz.com.tr\/pt-pt\/wp-json\/wp\/v2\/pages\/77917"}],"wp:attachment":[{"href":"https:\/\/mavideniz.com.tr\/pt-pt\/wp-json\/wp\/v2\/media?parent=77921"}],"curies":[{"name":"wp","href":"https:\/\/api.w.org\/{rel}","templated":true}]}}