{"id":77923,"date":"2025-05-03T17:50:26","date_gmt":"2025-05-03T17:50:26","guid":{"rendered":"https:\/\/mavideniz.com.tr\/?page_id=77923"},"modified":"2025-10-05T00:07:34","modified_gmt":"2025-10-05T00:07:34","slug":"almofada-absorvente-_-oleo-quimico-universal","status":"publish","type":"page","link":"https:\/\/mavideniz.com.tr\/pt-pt\/produtos-industriais\/absorventes-kit-de-resposta-a-derramamentos\/almofada-absorvente-_-oleo-quimico-universal\/","title":{"rendered":"Almofada Absorvente _ \u00d3leo &#8211; Qu\u00edmico &#8211; Universal"},"content":{"rendered":"<p>.<\/p>\n<p>Nossa almofada absorvente \u00e9 projetada para absorver produtos qu\u00edmicos, petr\u00f3leo e derramamentos universais. Absorvente Pad \u00e9 a maneira mais r\u00e1pida de limpar um derramamento. Absorvente Pad est\u00e1 dispon\u00edvel em uma variedade de pesos e materiais diferentes. Almofada absorvente de \u00f3leo, almofada absorvente universal e material absorvente qu\u00edmico da almofada fornecem a\u00e7\u00e3o capilar r\u00e1pida e excelente capacidade absorvente e reten\u00e7\u00e3o.<\/p>\n<p>A almofada absorvente de \u00f3leo \u00e9 projetada para adsorver l\u00edquidos \u00e0 base de petr\u00f3leo e \u00e1gua repelida. A almofada absorvente de \u00f3leo \u00e9 recomendada usando pequenos vazamentos de \u00f3leo na \u00e1gua e uso na planta. Excelente para oleodutos, estaleiros, navios, conveses de iates, f\u00e1bricas, plantas industriais, docas de carga, lojas de m\u00e1quinas e manuten\u00e7\u00e3o, departamentos de inc\u00eandio, resposta a derramamento municipal ou em qualquer lugar que ocorra derramamento de l\u00edquidos, produtos qu\u00edmicos ou petr\u00f3leo. A almofada absorvente de \u00f3leo \u00e9 sempre facilmente colocada e recuperada. Dispon\u00edvel em azul ou branco para \u00f3leos pesados e leves.<\/p>\n<p>Universal Absorbent Pad \u00e9 projetado para absorver \u00f3leos de limpeza, refrigerantes, solventes e fluidos \u00e0 base de \u00e1gua em qualquer lugar em sua instala\u00e7\u00e3o. Em torno de m\u00e1quinas, sob tubos ou acess\u00f3rios vazados, em \u00e1reas de tr\u00e1fego bagun\u00e7ado, para projetos de manuten\u00e7\u00e3o geral s\u00e3o sua primeira escolha para controle de derramamento interno. Al\u00e9m disso, as m\u00e1scaras de cor cinzenta da Universal Absorbent Pad derramam e manchas &#8211; ajudando voc\u00ea a resistir \u00e0 vontade de pegar o absorvente antes que ele esteja totalmente saturado. Dispon\u00edvel na cor cinza para pesos pesados e leves \u00d3leos.<\/p>\n<p>Almofada absorvente qu\u00edmica fez uma base de polipropileno fundido altamente absorvente. Almofada absorvente qu\u00edmica est\u00e1 dispon\u00edvel em muitos formatos, leve e nominalmente livre de poeira. Almofada absorvente qu\u00edmica tem uma alta capacidade de absor\u00e7\u00e3o, o que minimiza a quantidade de res\u00edduos para elimina\u00e7\u00e3o. A almofada absorvente qu\u00edmica \u00e9 adequada para adsorver uma ampla gama de l\u00edquidos, incluindo \u00e1cidos espec\u00edficos, bases, refrigerantes, fluidos \u00e0 base de petr\u00f3leo, produtos qu\u00edmicos n\u00e3o agressivos e solu\u00e7\u00f5es aquosas. Dispon\u00edvel na cor amarela para pesos pesados e leves Produtos qu\u00edmicos.<\/p>\n<h4><strong>Recursos<\/strong><\/h4>\n<ul>\n<li>Hidrof\u00f3bico<\/li>\n<li>Anti-est\u00e1tico<\/li>\n<li>Solu\u00e7\u00e3o econ\u00f4mica para limpar derramamentos, vazamentos e gotejamento<\/li>\n<li>Absorvente Pad tem o poder de absor\u00e7\u00e3o, Absorve at\u00e9 25 vezes o seu peso em \u00f3leo e outros l\u00edquidos relacionados.<\/li>\n<li>Hidrof\u00f3bico, Repele a \u00e1gua para absorver apenas petr\u00f3leo e outros fluidos relacionados seletivamente.<\/li>\n<li>Sem fiapos, Sem contamina\u00e7\u00e3o de partes vitais da m\u00e1quina<\/li>\n<li>Absorvente Pads s\u00e3o Quick Wicking Speed, Reduzindo o tempo de inatividade para a limpeza.<\/li>\n<li>Reten\u00e7\u00e3o superior, os l\u00edquidos s\u00e3o mantidos firmemente para evitar a recorr\u00eancia de um derramamento.<\/li>\n<li>Absorvente Pads s\u00e3o Baixo Conte\u00fado de Cinzas, Inciner\u00e1vel, minimizando o seu fluxo de res\u00edduos.<\/li>\n<\/ul>\n<p>[id de wptm=1]<\/p>\n","protected":false},"excerpt":{"rendered":"<p>. Nossa almofada absorvente \u00e9 projetada para absorver produtos qu\u00edmicos, petr\u00f3leo e derramamentos universais. Absorvente Pad \u00e9 a maneira mais [&hellip;]<\/p>\n","protected":false},"author":1,"featured_media":0,"parent":77917,"menu_order":0,"comment_status":"closed","ping_status":"closed","template":"","meta":{"site-sidebar-layout":"default","site-content-layout":"","ast-site-content-layout":"default","site-content-style":"default","site-sidebar-style":"default","ast-global-header-display":"","ast-banner-title-visibility":"","ast-main-header-display":"","ast-hfb-above-header-display":"","ast-hfb-below-header-display":"","ast-hfb-mobile-header-display":"","site-post-title":"","ast-breadcrumbs-content":"","ast-featured-img":"","footer-sml-layout":"","ast-disable-related-posts":"","theme-transparent-header-meta":"","adv-header-id-meta":"","stick-header-meta":"","header-above-stick-meta":"","header-main-stick-meta":"","header-below-stick-meta":"","astra-migrate-meta-layouts":"default","ast-page-background-enabled":"default","ast-page-background-meta":{"desktop":{"background-color":"var(--ast-global-color-5)","background-image":"","background-repeat":"repeat","background-position":"center center","background-size":"auto","background-attachment":"scroll","background-type":"","background-media":"","overlay-type":"","overlay-color":"","overlay-opacity":"","overlay-gradient":""},"tablet":{"background-color":"","background-image":"","background-repeat":"repeat","background-position":"center center","background-size":"auto","background-attachment":"scroll","background-type":"","background-media":"","overlay-type":"","overlay-color":"","overlay-opacity":"","overlay-gradient":""},"mobile":{"background-color":"","background-image":"","background-repeat":"repeat","background-position":"center center","background-size":"auto","background-attachment":"scroll","background-type":"","background-media":"","overlay-type":"","overlay-color":"","overlay-opacity":"","overlay-gradient":""}},"ast-content-background-meta":{"desktop":{"background-color":"var(--ast-global-color-4)","background-image":"","background-repeat":"repeat","background-position":"center center","background-size":"auto","background-attachment":"scroll","background-type":"","background-media":"","overlay-type":"","overlay-color":"","overlay-opacity":"","overlay-gradient":""},"tablet":{"background-color":"var(--ast-global-color-4)","background-image":"","background-repeat":"repeat","background-position":"center center","background-size":"auto","background-attachment":"scroll","background-type":"","background-media":"","overlay-type":"","overlay-color":"","overlay-opacity":"","overlay-gradient":""},"mobile":{"background-color":"var(--ast-global-color-4)","background-image":"","background-repeat":"repeat","background-position":"center center","background-size":"auto","background-attachment":"scroll","background-type":"","background-media":"","overlay-type":"","overlay-color":"","overlay-opacity":"","overlay-gradient":""}},"footnotes":""},"class_list":["post-77923","page","type-page","status-publish","hentry"],"_links":{"self":[{"href":"https:\/\/mavideniz.com.tr\/pt-pt\/wp-json\/wp\/v2\/pages\/77923","targetHints":{"allow":["GET"]}}],"collection":[{"href":"https:\/\/mavideniz.com.tr\/pt-pt\/wp-json\/wp\/v2\/pages"}],"about":[{"href":"https:\/\/mavideniz.com.tr\/pt-pt\/wp-json\/wp\/v2\/types\/page"}],"author":[{"embeddable":true,"href":"https:\/\/mavideniz.com.tr\/pt-pt\/wp-json\/wp\/v2\/users\/1"}],"replies":[{"embeddable":true,"href":"https:\/\/mavideniz.com.tr\/pt-pt\/wp-json\/wp\/v2\/comments?post=77923"}],"version-history":[{"count":0,"href":"https:\/\/mavideniz.com.tr\/pt-pt\/wp-json\/wp\/v2\/pages\/77923\/revisions"}],"up":[{"embeddable":true,"href":"https:\/\/mavideniz.com.tr\/pt-pt\/wp-json\/wp\/v2\/pages\/77917"}],"wp:attachment":[{"href":"https:\/\/mavideniz.com.tr\/pt-pt\/wp-json\/wp\/v2\/media?parent=77923"}],"curies":[{"name":"wp","href":"https:\/\/api.w.org\/{rel}","templated":true}]}}