{"id":77925,"date":"2025-05-03T17:54:33","date_gmt":"2025-05-03T17:54:33","guid":{"rendered":"https:\/\/mavideniz.com.tr\/?page_id=77925"},"modified":"2025-10-05T00:07:34","modified_gmt":"2025-10-05T00:07:34","slug":"almofada-absorvente-_-oleo-quimica-universal","status":"publish","type":"page","link":"https:\/\/mavideniz.com.tr\/pt-pt\/produtos-industriais\/absorventes-kit-de-resposta-a-derramamentos\/almofada-absorvente-_-oleo-quimica-universal\/","title":{"rendered":"Almofada Absorvente _ \u00d3leo &#8211; Qu\u00edmica &#8211; Universal"},"content":{"rendered":"\n<p>Travesseiro absorvente tem absor\u00e7\u00e3o mais r\u00e1pida do que as meias devido a uma \u00e1rea de superf\u00edcie mais elevada. Especialmente adequado para bacias de captura de \u00e1gua, c\u00e1rteres, ou em combina\u00e7\u00e3o com boias. Absorva grandes quantidades de l\u00edquidos de \u00f3leo em espa\u00e7os confinados, como drenos, c\u00e1rteres, valas, descargas, po\u00e7os e m\u00e1quinas com vazamento. Para vazamentos. Uso conveniente em ambientes fechados\/externos. O travesseiro absorvente pode usar para limpar o l\u00edquido derramado cercado por boias.<\/p>\n<p>O travesseiro absorvente de Mavi Deniz pode usar-se para produtos qu\u00edmicos, \u00f3leo apenas, e universal. O travesseiro absorvente \u00e9 a maneira mais r\u00e1pida de limpar um derramamento. Absorvente Pad est\u00e1 dispon\u00edvel em uma variedade de pesos e materiais diferentes. Travesseiro absorvente de \u00f3leo, travesseiro absorvente universal e material de travesseiro absorvente qu\u00edmico fornecem a\u00e7\u00e3o capilar r\u00e1pida e excelente capacidade absorvente e reten\u00e7\u00e3o.<\/p>\n<p>Travesseiro absorvente de \u00f3leo \u00e9 projetado para adsorventes l\u00edquidos \u00e0 base de petr\u00f3leo e \u00e1gua repelida. O travesseiro absorvente de \u00f3leo \u00e9 recomendado usando pequenos vazamentos de \u00f3leo na \u00e1gua e uso na planta. Excelente para oleodutos, estaleiros, navios, conveses de iates, f\u00e1bricas, plantas industriais, docas de carga, lojas de m\u00e1quinas e manuten\u00e7\u00e3o, departamentos de inc\u00eandio, resposta a derramamento municipal ou em qualquer lugar que ocorra derramamento de l\u00edquidos, produtos qu\u00edmicos ou petr\u00f3leo. O travesseiro absorvente de \u00f3leo \u00e9 sempre facilmente colocado e recuperado. Dispon\u00edvel em azul ou branco para \u00f3leos pesados e leves.<\/p>\n<p>Universal Absorvente Travesseiro projeta para absorver \u00f3leos de limpeza, refrigerantes, solventes e fluidos \u00e0 base de \u00e1gua em qualquer lugar em sua instala\u00e7\u00e3o. Em torno de m\u00e1quinas, sob tubos ou acess\u00f3rios vazados, em \u00e1reas de tr\u00e1fego bagun\u00e7ado, para projetos de manuten\u00e7\u00e3o geral s\u00e3o sua primeira escolha para controle de derramamento interno. Al\u00e9m disso, as m\u00e1scaras de cor cinza do travesseiro absorvente universal derramam e manchas &#8211; ajudando voc\u00ea a resistir \u00e0 vontade de pegar o absorvente antes que ele esteja totalmente saturado. Dispon\u00edvel na cor cinza para pesos pesados e leves \u00d3leos.<\/p>\n<p>Travesseiro absorvente qu\u00edmico fez uma base de polipropileno fundido altamente absorvente. O travesseiro absorvente qu\u00edmico est\u00e1 dispon\u00edvel em v\u00e1rios formatos, leve e nominalmente livre de poeira. Travesseiro absorvente qu\u00edmico tem uma alta capacidade de absor\u00e7\u00e3o, o que minimiza a quantidade de res\u00edduos para elimina\u00e7\u00e3o. O travesseiro absorvente qu\u00edmico \u00e9 adequado para adsorver uma ampla gama de l\u00edquidos, incluindo \u00e1cidos espec\u00edficos, bases, refrigerantes, fluidos \u00e0 base de petr\u00f3leo, produtos qu\u00edmicos n\u00e3o agressivos e solu\u00e7\u00f5es aquosas. Dispon\u00edvel na cor amarela para pesos pesados e leves Produtos qu\u00edmicos.<\/p>\n<h4><strong>Recursos<\/strong><\/h4>\n<ul>\n<li>Travesseiro Absorvente tem Poder de Absor\u00e7\u00e3o, Absorve at\u00e9 25 vezes o seu peso em \u00f3leo e outros l\u00edquidos relacionados.<\/li>\n<li>Hidrof\u00f3bico, Repele a \u00e1gua para absorver apenas petr\u00f3leo ou outros fluidos relacionados seletivamente.<\/li>\n<li>Travesseiro absorvente \u00e9 leve, f\u00e1cil de implantar e manusear.<\/li>\n<li>Velocidade de Wicking r\u00e1pida, Reduzindo o tempo de inatividade para limpeza.<\/li>\n<li>Travesseiro absorvente \u00e9 Reten\u00e7\u00e3o Superior. Os l\u00edquidos s\u00e3o mantidos firmemente para evitar a recorr\u00eancia de um derrame.<\/li>\n<li>Baixo conte\u00fado de cinzas, inciner\u00e1vel, minimizando seu fluxo de res\u00edduos<\/li>\n<\/ul>\n<div class=\"wptm_table tablesorter-bootstrap \" data-id=\"181\" data-hightlight=\"0\"><div class=\"wptm_buttons buttons_wptmTbl181\"><\/div><div class=\"wptmresponsive dataTables-wptmtable wptmtable \" id=\"wptmtable181\" data-tableid=\"wptmTbl181\"><table data-count-header=\"1\"  data-format-decimal_count=\"0\" data-format-decimal_symbol=\".\" data-format-symbol_position=\"0\" data-format-thousand_symbol=\",\"  data-format-currency_symbol=\"$\"  data-name-style=\"181_1759658202.css\" data-format=\"YYYY-MM-DD\" id=\"wptmTbl181\" data-id=\"181\" data-responsive=\"false\" data-hideCols=\"false\"  data-type=\"html\" data-paging=\"false\" data-searching=\"true\"  data-ordering=\"false\" data-table-breakpoint=\"980\" data-scroll-x=\"true\" data-scroll-collapse=\"true\" data-align=\"center\" data-range=\"[]\" data-hideColumn=\"[0,0,0,0]\"  data-colwidths=\"[285,285,285,285]\"  data-colwidths_desktop=[]  data-colwidths_tablet=[]  data-colwidths_mobile=[]  class=\"wptm_main_table  disablePager hideScrollHeader\"><colgroup><col data-dtr=\"0\" data-dtc=\"0\" class=\"dtc0\"><col data-dtr=\"0\" data-dtc=\"1\" class=\"dtc1\"><col data-dtr=\"0\" data-dtc=\"2\" class=\"dtc2\"><col data-dtr=\"0\" data-dtc=\"3\" class=\"dtc3\"><\/colgroup><thead><tr class=\"wptm-header-cells-index\"><th rowspan=\"1\" colspan=\"1\" data-dtr=\"0\" data-dtc=\"0\" class=\"dtr0 dtc0\"><\/th><th rowspan=\"1\" colspan=\"1\" data-dtr=\"0\" data-dtc=\"1\" class=\"dtr0 dtc1\"><\/th><th rowspan=\"1\" colspan=\"1\" data-dtr=\"0\" data-dtc=\"2\" class=\"dtr0 dtc2\"><\/th><th rowspan=\"1\" colspan=\"1\" data-dtr=\"0\" data-dtc=\"3\" class=\"dtr0 dtc3\"><\/th><\/tr><tr class=\" row0\"><th   data-priority=\"0\" class=\"dtr0 dtc0\"><\/th><th   data-priority=\"0\" class=\"dtr0 dtc1\">Mavi Pillow 2<\/th><th   data-priority=\"0\" class=\"dtr0 dtc2\">Mavi Pillow 6,5<\/th><th   data-priority=\"0\" class=\"dtr0 dtc3\">Mavi Pllow 13<\/th><\/thead><tbody><tr class=\" row1\"><td    class=\"dtr1 dtc0\">Absorption Capacity<\/td><td    class=\"dtr1 dtc1\">2 lt<\/td><td    class=\"dtr1 dtc2\">6,5 lt<\/td><td    class=\"dtr1 dtc3\">9 lt<\/td><\/tr><tr class=\" row2\"><td    class=\"dtr2 dtc0\">Quantity in Pack<\/td><td    class=\"dtr2 dtc1\">15 pcs<\/td><td    class=\"dtr2 dtc2\">10 pcs<\/td><td    class=\"dtr2 dtc3\">10 pcs<\/td><\/tr><tr class=\" row3\"><td    class=\"dtr3 dtc0\">Size<\/td><td    class=\"dtr3 dtc1\">17 x 38 cm<\/td><td    class=\"dtr3 dtc2\">30 x 50<\/td><td    class=\"dtr3 dtc3\">40x50<\/td><\/tr><tr class=\" row4\"><td    class=\"dtr4 dtc0\">Colour + Type<\/td><td  colspan=\"3\"   class=\"dtr4 dtc1\">White = Oil Only | Blue = Oil Only | Grey = Universal | Yellow = Chemical<\/td><td  style=\"display: none\"   class=\"dtr4 dtc2\"><\/td><td  style=\"display: none\"   class=\"dtr4 dtc3\"><\/td><\/tr><\/tbody><tfoot><tr><td class=\"dtr4 dtc0\" style=\"height: 0;\"><\/td><td class=\"dtr4 dtc1\" style=\"height: 0;\"><\/td><td class=\"dtr4 dtc2\" style=\"height: 0;\"><\/td><td class=\"dtr4 dtc3\" style=\"height: 0;\"><\/td><\/tr><\/tfoot><\/table><\/div><style>#wptmtable181 .dataTables_wrapper > .dataTables_scroll {max-height:500px;overflow: auto;}<\/style><script>window.wptm_ajaxurl = 'https:\/\/mavideniz.com.tr\/wp-admin\/admin-ajax.php?juwpfisadmin=false&action=Wptm&'; window.wptm_front = 'https:\/\/mavideniz.com.tr\/wp-content\/plugins\/wp-table-manager\/app\/site\/assets\/'; window.wptm_style = 'https:\/\/mavideniz.com.tr\/wp-content\/uploads\/wptm\/';<\/script><\/div><style><\/style>\n","protected":false},"excerpt":{"rendered":"<p>Travesseiro absorvente tem absor\u00e7\u00e3o mais r\u00e1pida do que as meias devido a uma \u00e1rea de superf\u00edcie mais elevada. Especialmente adequado [&hellip;]<\/p>\n","protected":false},"author":1,"featured_media":0,"parent":77917,"menu_order":0,"comment_status":"closed","ping_status":"closed","template":"","meta":{"site-sidebar-layout":"default","site-content-layout":"","ast-site-content-layout":"default","site-content-style":"default","site-sidebar-style":"default","ast-global-header-display":"","ast-banner-title-visibility":"","ast-main-header-display":"","ast-hfb-above-header-display":"","ast-hfb-below-header-display":"","ast-hfb-mobile-header-display":"","site-post-title":"","ast-breadcrumbs-content":"","ast-featured-img":"","footer-sml-layout":"","ast-disable-related-posts":"","theme-transparent-header-meta":"","adv-header-id-meta":"","stick-header-meta":"","header-above-stick-meta":"","header-main-stick-meta":"","header-below-stick-meta":"","astra-migrate-meta-layouts":"default","ast-page-background-enabled":"default","ast-page-background-meta":{"desktop":{"background-color":"var(--ast-global-color-5)","background-image":"","background-repeat":"repeat","background-position":"center center","background-size":"auto","background-attachment":"scroll","background-type":"","background-media":"","overlay-type":"","overlay-color":"","overlay-opacity":"","overlay-gradient":""},"tablet":{"background-color":"","background-image":"","background-repeat":"repeat","background-position":"center center","background-size":"auto","background-attachment":"scroll","background-type":"","background-media":"","overlay-type":"","overlay-color":"","overlay-opacity":"","overlay-gradient":""},"mobile":{"background-color":"","background-image":"","background-repeat":"repeat","background-position":"center center","background-size":"auto","background-attachment":"scroll","background-type":"","background-media":"","overlay-type":"","overlay-color":"","overlay-opacity":"","overlay-gradient":""}},"ast-content-background-meta":{"desktop":{"background-color":"var(--ast-global-color-4)","background-image":"","background-repeat":"repeat","background-position":"center center","background-size":"auto","background-attachment":"scroll","background-type":"","background-media":"","overlay-type":"","overlay-color":"","overlay-opacity":"","overlay-gradient":""},"tablet":{"background-color":"var(--ast-global-color-4)","background-image":"","background-repeat":"repeat","background-position":"center center","background-size":"auto","background-attachment":"scroll","background-type":"","background-media":"","overlay-type":"","overlay-color":"","overlay-opacity":"","overlay-gradient":""},"mobile":{"background-color":"var(--ast-global-color-4)","background-image":"","background-repeat":"repeat","background-position":"center center","background-size":"auto","background-attachment":"scroll","background-type":"","background-media":"","overlay-type":"","overlay-color":"","overlay-opacity":"","overlay-gradient":""}},"footnotes":""},"class_list":["post-77925","page","type-page","status-publish","hentry"],"_links":{"self":[{"href":"https:\/\/mavideniz.com.tr\/pt-pt\/wp-json\/wp\/v2\/pages\/77925","targetHints":{"allow":["GET"]}}],"collection":[{"href":"https:\/\/mavideniz.com.tr\/pt-pt\/wp-json\/wp\/v2\/pages"}],"about":[{"href":"https:\/\/mavideniz.com.tr\/pt-pt\/wp-json\/wp\/v2\/types\/page"}],"author":[{"embeddable":true,"href":"https:\/\/mavideniz.com.tr\/pt-pt\/wp-json\/wp\/v2\/users\/1"}],"replies":[{"embeddable":true,"href":"https:\/\/mavideniz.com.tr\/pt-pt\/wp-json\/wp\/v2\/comments?post=77925"}],"version-history":[{"count":0,"href":"https:\/\/mavideniz.com.tr\/pt-pt\/wp-json\/wp\/v2\/pages\/77925\/revisions"}],"up":[{"embeddable":true,"href":"https:\/\/mavideniz.com.tr\/pt-pt\/wp-json\/wp\/v2\/pages\/77917"}],"wp:attachment":[{"href":"https:\/\/mavideniz.com.tr\/pt-pt\/wp-json\/wp\/v2\/media?parent=77925"}],"curies":[{"name":"wp","href":"https:\/\/api.w.org\/{rel}","templated":true}]}}