{"id":77929,"date":"2025-05-03T17:56:17","date_gmt":"2025-05-03T17:56:17","guid":{"rendered":"https:\/\/mavideniz.com.tr\/?page_id=77929"},"modified":"2025-10-05T00:07:34","modified_gmt":"2025-10-05T00:07:34","slug":"meia-absorvente-_-oleo-quimica-universal","status":"publish","type":"page","link":"https:\/\/mavideniz.com.tr\/pt-pt\/produtos-industriais\/absorventes-kit-de-resposta-a-derramamentos\/meia-absorvente-_-oleo-quimica-universal\/","title":{"rendered":"Meia Absorvente _ \u00d3leo &#8211; Qu\u00edmica &#8211; Universal"},"content":{"rendered":"\n<p>Meias absorventes principalmente para uso industrial, uso do solo em plantas, terminais, aeroportos ou uso marinho em rios, praias, etc. A Meia Absorvente \u00e9 um formato de adsorvente em forma de tubo, ideal para formar uma barreira em torno de l\u00edquido derramado para evitar que se espalhe. Sock Absorvente \u00e9 Macio e flex\u00edvel, facilmente colocado em torno de m\u00e1quinas ou cantos gotejantes para absorver e conter l\u00edquido. Sock Absorvente \u00e9 projetado principalmente para em torno de m\u00e1quinas ou onde quer que haja vazamentos.<\/p>\n<p>Nossa Sock Absorvente \u00e9 projetado para uso de produtos qu\u00edmicos, \u00f3leo apenas, e universal. A Meia absorvente \u00e9 a maneira mais r\u00e1pida de limpar um vazamento. Sock Absorvente est\u00e1 dispon\u00edvel em uma variedade de pesos e materiais diferentes. A Meia Absorvente de \u00d3leo, a Meia Absorvente Universal e o material da Meia Absorvente Qu\u00edmica fornecem a\u00e7\u00e3o capilar r\u00e1pida e excelente capacidade e reten\u00e7\u00e3o absorvente.<\/p>\n<p>O Oil absorbent Sock \u00e9 projetado para adsorver l\u00edquidos \u00e0 base de petr\u00f3leo e \u00e1gua repelida. Meia absorvente de \u00f3leo recomendada usando pequenos vazamentos de \u00f3leo na \u00e1gua e uso na planta. Excelente para oleodutos, estaleiros, navios, conveses de iates, f\u00e1bricas, plantas industriais, docas de carga, lojas de m\u00e1quinas e manuten\u00e7\u00e3o, departamentos de inc\u00eandio, resposta a derramamento municipal ou em qualquer lugar que ocorra derramamento de l\u00edquidos, produtos qu\u00edmicos ou petr\u00f3leo. Sock absorvente de \u00f3leo \u00e9 sempre facilmente colocado e recuperado. Dispon\u00edvel em azul ou branco para \u00f3leos pesados e leves.<\/p>\n<p>Os projetos de Meias Absorventes Universais absorvem para limpar \u00f3leos, refrigerantes, solventes e fluidos \u00e0 base de \u00e1gua em qualquer lugar em suas instala\u00e7\u00f5es. Em torno de m\u00e1quinas, sob tubos ou acess\u00f3rios vazados, em \u00e1reas de tr\u00e1fego bagun\u00e7ado, para projetos de manuten\u00e7\u00e3o geral s\u00e3o sua primeira escolha para controle de derramamento interno. Al\u00e9m disso, Universal Absorbent Sock cor cinza m\u00e1scaras derramamentos e manchas &#8211; ajudando voc\u00ea a resistir a vontade de pegar o absorvente antes que ele est\u00e1 totalmente saturado. Dispon\u00edvel na cor cinza para pesos pesados e leves \u00d3leos.<\/p>\n<p>A Meia Absorvente Qu\u00edmica fez uma base de polipropileno fundido altamente absorvente. Sock absorvente qu\u00edmico est\u00e1 dispon\u00edvel em muitos formatos, leve e nominalmente livre de poeira. A Meia Absorvente Qu\u00edmica tem uma elevada capacidade de absor\u00e7\u00e3o, o que minimiza a quantidade de res\u00edduos para elimina\u00e7\u00e3o. A Meia Qu\u00edmica Absorvente \u00e9 adequada para adsorver uma ampla gama de l\u00edquidos, incluindo \u00e1cidos espec\u00edficos, bases, refrigerantes, fluidos \u00e0 base de petr\u00f3leo, produtos qu\u00edmicos n\u00e3o agressivos e solu\u00e7\u00f5es aquosas. Dispon\u00edvel na cor amarela para pesos pesados e leves Produtos qu\u00edmicos.<\/p>\n<h4><strong>Recursos<\/strong><\/h4>\n<ul>\n<li>Sock Absorvente tem Poder de Absor\u00e7\u00e3o, Absorve at\u00e9 25 vezes seu peso em \u00f3leo e outros l\u00edquidos relacionados.<\/li>\n<li>As meias absorventes s\u00e3o econ\u00f4micas, e as meias s\u00e3o ideais para programa\u00e7\u00f5es de manuten\u00e7\u00e3o de rotina.<\/li>\n<li>As meias absorventes s\u00e3o dur\u00e1veis; a pele de polipropileno melhora a for\u00e7a e reduz a poeira.<\/li>\n<li>As Meias Absorventes s\u00e3o Mold\u00e1veis, e as Meias est\u00e3o em conformidade com as bases da m\u00e1quina para capturar vazamentos.<\/li>\n<li>Sem bagun\u00e7a de limpeza; pegar o antigo e colocar um novo para baixo<\/li>\n<li>Baixo teor de cinzas, as meias inciner\u00e1veis s\u00e3o ideais para mistura de combust\u00edvel<\/li>\n<\/ul>\n<p>[id de wptm=5]<\/p>\n","protected":false},"excerpt":{"rendered":"<p>Meias absorventes principalmente para uso industrial, uso do solo em plantas, terminais, aeroportos ou uso marinho em rios, praias, etc. [&hellip;]<\/p>\n","protected":false},"author":1,"featured_media":0,"parent":77917,"menu_order":0,"comment_status":"closed","ping_status":"closed","template":"","meta":{"site-sidebar-layout":"default","site-content-layout":"","ast-site-content-layout":"default","site-content-style":"default","site-sidebar-style":"default","ast-global-header-display":"","ast-banner-title-visibility":"","ast-main-header-display":"","ast-hfb-above-header-display":"","ast-hfb-below-header-display":"","ast-hfb-mobile-header-display":"","site-post-title":"","ast-breadcrumbs-content":"","ast-featured-img":"","footer-sml-layout":"","ast-disable-related-posts":"","theme-transparent-header-meta":"","adv-header-id-meta":"","stick-header-meta":"","header-above-stick-meta":"","header-main-stick-meta":"","header-below-stick-meta":"","astra-migrate-meta-layouts":"default","ast-page-background-enabled":"default","ast-page-background-meta":{"desktop":{"background-color":"var(--ast-global-color-5)","background-image":"","background-repeat":"repeat","background-position":"center center","background-size":"auto","background-attachment":"scroll","background-type":"","background-media":"","overlay-type":"","overlay-color":"","overlay-opacity":"","overlay-gradient":""},"tablet":{"background-color":"","background-image":"","background-repeat":"repeat","background-position":"center center","background-size":"auto","background-attachment":"scroll","background-type":"","background-media":"","overlay-type":"","overlay-color":"","overlay-opacity":"","overlay-gradient":""},"mobile":{"background-color":"","background-image":"","background-repeat":"repeat","background-position":"center center","background-size":"auto","background-attachment":"scroll","background-type":"","background-media":"","overlay-type":"","overlay-color":"","overlay-opacity":"","overlay-gradient":""}},"ast-content-background-meta":{"desktop":{"background-color":"var(--ast-global-color-4)","background-image":"","background-repeat":"repeat","background-position":"center center","background-size":"auto","background-attachment":"scroll","background-type":"","background-media":"","overlay-type":"","overlay-color":"","overlay-opacity":"","overlay-gradient":""},"tablet":{"background-color":"var(--ast-global-color-4)","background-image":"","background-repeat":"repeat","background-position":"center center","background-size":"auto","background-attachment":"scroll","background-type":"","background-media":"","overlay-type":"","overlay-color":"","overlay-opacity":"","overlay-gradient":""},"mobile":{"background-color":"var(--ast-global-color-4)","background-image":"","background-repeat":"repeat","background-position":"center center","background-size":"auto","background-attachment":"scroll","background-type":"","background-media":"","overlay-type":"","overlay-color":"","overlay-opacity":"","overlay-gradient":""}},"footnotes":""},"class_list":["post-77929","page","type-page","status-publish","hentry"],"_links":{"self":[{"href":"https:\/\/mavideniz.com.tr\/pt-pt\/wp-json\/wp\/v2\/pages\/77929","targetHints":{"allow":["GET"]}}],"collection":[{"href":"https:\/\/mavideniz.com.tr\/pt-pt\/wp-json\/wp\/v2\/pages"}],"about":[{"href":"https:\/\/mavideniz.com.tr\/pt-pt\/wp-json\/wp\/v2\/types\/page"}],"author":[{"embeddable":true,"href":"https:\/\/mavideniz.com.tr\/pt-pt\/wp-json\/wp\/v2\/users\/1"}],"replies":[{"embeddable":true,"href":"https:\/\/mavideniz.com.tr\/pt-pt\/wp-json\/wp\/v2\/comments?post=77929"}],"version-history":[{"count":0,"href":"https:\/\/mavideniz.com.tr\/pt-pt\/wp-json\/wp\/v2\/pages\/77929\/revisions"}],"up":[{"embeddable":true,"href":"https:\/\/mavideniz.com.tr\/pt-pt\/wp-json\/wp\/v2\/pages\/77917"}],"wp:attachment":[{"href":"https:\/\/mavideniz.com.tr\/pt-pt\/wp-json\/wp\/v2\/media?parent=77929"}],"curies":[{"name":"wp","href":"https:\/\/api.w.org\/{rel}","templated":true}]}}