{"id":77933,"date":"2025-05-03T17:58:40","date_gmt":"2025-05-03T17:58:40","guid":{"rendered":"https:\/\/mavideniz.com.tr\/?page_id=77933"},"modified":"2025-10-05T00:07:33","modified_gmt":"2025-10-05T00:07:33","slug":"kit-de-resposta-a-derramamento-industrial_","status":"publish","type":"page","link":"https:\/\/mavideniz.com.tr\/pt-pt\/produtos-industriais\/absorventes-kit-de-resposta-a-derramamentos\/kit-de-resposta-a-derramamento-de-oleo\/kit-de-resposta-a-derramamento-industrial_\/","title":{"rendered":"Kit de Resposta a Derramamento Industrial"},"content":{"rendered":"\n<p>O Spill Response Kit combina almofadas, meias, rolos, travesseiro, booms e sacos de risco para lidar com o risco de derramamento. O kit de resposta a derramamentos projeta solu\u00e7\u00f5es port\u00e1teis para emerg\u00eancias e n\u00e3o emerg\u00eancias de resposta a derramamento de \u00f3leo\/produtos qu\u00edmicos. Para usar em bases militares, marinhas, portos, estaleiros navais, ve\u00edculos, aeroportos, marinas, armaz\u00e9ns, obras de engenharia, vias naveg\u00e1veis interiores, ind\u00fastria, gasodutos, etc.<\/p>\n<p>Um kit de derramamento de ve\u00edculos, kit de derramamento de \u00f3leo, kit de derramamento de produtos qu\u00edmicos, kit industrial de derramamento mantido e distribu\u00eddo pode proteger nossos recursos naturais e kits de derramamento com diferentes capacidades de absor\u00e7\u00e3o, adequado para aplica\u00e7\u00f5es de gama completa, a solu\u00e7\u00e3o perfeita para grandes e pequenas oficinas e \u00e1reas de p\u00e1tio.<\/p>\n<p>O Spill Response Kit pode lidar com derramamentos de 10 a 1000 litros. Dispon\u00edvel em Branco = \u00d3leo | Azul = \u00d3leo | Cinza = Universal | Amarelo = Vers\u00f5es qu\u00edmicas<\/p>\n<p><strong>Kit de Resposta a Despejo Fornecido em:<\/strong><\/p>\n<ul>\n<li>Recipiente de pl\u00e1stico dur\u00e1vel ou dur\u00e1vel frontal com quatro rodas<\/li>\n<li>Bandeja de polipropileno de duas rodas.<\/li>\n<li>Saco de vinil<\/li>\n<li>Saco do topo do clipe<\/li>\n<\/ul>\n<p>[id de wptm=98]<\/p>\n","protected":false},"excerpt":{"rendered":"<p>O Spill Response Kit combina almofadas, meias, rolos, travesseiro, booms e sacos de risco para lidar com o risco de [&hellip;]<\/p>\n","protected":false},"author":1,"featured_media":0,"parent":77931,"menu_order":0,"comment_status":"closed","ping_status":"closed","template":"","meta":{"site-sidebar-layout":"default","site-content-layout":"","ast-site-content-layout":"default","site-content-style":"default","site-sidebar-style":"default","ast-global-header-display":"","ast-banner-title-visibility":"","ast-main-header-display":"","ast-hfb-above-header-display":"","ast-hfb-below-header-display":"","ast-hfb-mobile-header-display":"","site-post-title":"","ast-breadcrumbs-content":"","ast-featured-img":"","footer-sml-layout":"","ast-disable-related-posts":"","theme-transparent-header-meta":"","adv-header-id-meta":"","stick-header-meta":"","header-above-stick-meta":"","header-main-stick-meta":"","header-below-stick-meta":"","astra-migrate-meta-layouts":"default","ast-page-background-enabled":"default","ast-page-background-meta":{"desktop":{"background-color":"var(--ast-global-color-5)","background-image":"","background-repeat":"repeat","background-position":"center center","background-size":"auto","background-attachment":"scroll","background-type":"","background-media":"","overlay-type":"","overlay-color":"","overlay-opacity":"","overlay-gradient":""},"tablet":{"background-color":"","background-image":"","background-repeat":"repeat","background-position":"center center","background-size":"auto","background-attachment":"scroll","background-type":"","background-media":"","overlay-type":"","overlay-color":"","overlay-opacity":"","overlay-gradient":""},"mobile":{"background-color":"","background-image":"","background-repeat":"repeat","background-position":"center center","background-size":"auto","background-attachment":"scroll","background-type":"","background-media":"","overlay-type":"","overlay-color":"","overlay-opacity":"","overlay-gradient":""}},"ast-content-background-meta":{"desktop":{"background-color":"var(--ast-global-color-4)","background-image":"","background-repeat":"repeat","background-position":"center center","background-size":"auto","background-attachment":"scroll","background-type":"","background-media":"","overlay-type":"","overlay-color":"","overlay-opacity":"","overlay-gradient":""},"tablet":{"background-color":"var(--ast-global-color-4)","background-image":"","background-repeat":"repeat","background-position":"center center","background-size":"auto","background-attachment":"scroll","background-type":"","background-media":"","overlay-type":"","overlay-color":"","overlay-opacity":"","overlay-gradient":""},"mobile":{"background-color":"var(--ast-global-color-4)","background-image":"","background-repeat":"repeat","background-position":"center center","background-size":"auto","background-attachment":"scroll","background-type":"","background-media":"","overlay-type":"","overlay-color":"","overlay-opacity":"","overlay-gradient":""}},"footnotes":""},"class_list":["post-77933","page","type-page","status-publish","hentry"],"_links":{"self":[{"href":"https:\/\/mavideniz.com.tr\/pt-pt\/wp-json\/wp\/v2\/pages\/77933","targetHints":{"allow":["GET"]}}],"collection":[{"href":"https:\/\/mavideniz.com.tr\/pt-pt\/wp-json\/wp\/v2\/pages"}],"about":[{"href":"https:\/\/mavideniz.com.tr\/pt-pt\/wp-json\/wp\/v2\/types\/page"}],"author":[{"embeddable":true,"href":"https:\/\/mavideniz.com.tr\/pt-pt\/wp-json\/wp\/v2\/users\/1"}],"replies":[{"embeddable":true,"href":"https:\/\/mavideniz.com.tr\/pt-pt\/wp-json\/wp\/v2\/comments?post=77933"}],"version-history":[{"count":0,"href":"https:\/\/mavideniz.com.tr\/pt-pt\/wp-json\/wp\/v2\/pages\/77933\/revisions"}],"up":[{"embeddable":true,"href":"https:\/\/mavideniz.com.tr\/pt-pt\/wp-json\/wp\/v2\/pages\/77931"}],"wp:attachment":[{"href":"https:\/\/mavideniz.com.tr\/pt-pt\/wp-json\/wp\/v2\/media?parent=77933"}],"curies":[{"name":"wp","href":"https:\/\/api.w.org\/{rel}","templated":true}]}}