{"id":77935,"date":"2025-05-03T17:59:43","date_gmt":"2025-05-03T17:59:43","guid":{"rendered":"https:\/\/mavideniz.com.tr\/?page_id=77935"},"modified":"2025-10-05T00:07:33","modified_gmt":"2025-10-05T00:07:33","slug":"kit-de-derramamento-marinho-_-kit-de-derramamento-de-oleo-kit-de-derramamento-quimico","status":"publish","type":"page","link":"https:\/\/mavideniz.com.tr\/pt-pt\/produtos-industriais\/absorventes-kit-de-resposta-a-derramamentos\/kit-de-resposta-a-derramamento-de-oleo\/kit-de-derramamento-marinho-_-kit-de-derramamento-de-oleo-kit-de-derramamento-quimico\/","title":{"rendered":"Kit de Derramamento Marinho _ Kit de Derramamento de \u00d3leo + Kit de Derramamento Qu\u00edmico"},"content":{"rendered":"\n<p>Um kit de derramamento de l\u00edquidos marinho devidamente estocado, mantido e implantado pode proteger nossos recursos naturais e derramamentos de \u00f3leo e produtos qu\u00edmicos com diferentes capacidades de absor\u00e7\u00e3o, adequadas para uma ampla gama de aplica\u00e7\u00f5es marinhas. Kit de vazamento de \u00f3leo + Kit de vazamento qu\u00edmico projetado para resposta port\u00e1til a derramamento de \u00f3leo\/qu\u00edmico de emerg\u00eancia e n\u00e3o emerg\u00eancia.<\/p>\n<p>A polui\u00e7\u00e3o aguda no mar, na \u00e1gua e na \u00e1gua pot\u00e1vel exige uma resposta r\u00e1pida e eficiente. O kit de derramamento de \u00f3leo \u00e9 a melhor maneira de responder ao mar ou aos conveses dos navios.<\/p>\n<p>Kit de Derrame Marinho &#8211; De acordo com a resolu\u00e7\u00e3o I.M.O. e a Lei de Polui\u00e7\u00e3o por Petr\u00f3leo (O.P.A.) de 1990, estes s\u00e3o kits de derramamento especialmente projetados para embarca\u00e7\u00f5es oce\u00e2nicas para recuperar at\u00e9 20000 litros de petr\u00f3leo ou produtos qu\u00edmicos flutuantes de uso \u00fanico.<\/p>\n<p>O Oil Spill Kit + Chemical Spill Kit \u00e9 composto por equipamentos bem comprovados formulados com a assist\u00eancia de grandes armadores\/operadores. O conte\u00fado cobre todas as \u00e1reas necess\u00e1rias, como absorventes de \u00f3leo, ferramentas manuais, recipientes, bombas, etc.<\/p>\n<p><strong>Conte\u00fado do kit de derramamento mar\u00edtimo de 1 barril ( 159 lt )<\/strong><\/p>\n<ul>\n<li>Dimens\u00e3o: 70 x 70 x 70 cm (L x A x P)<\/li>\n<li>Um recipiente de cores vivas<\/li>\n<li>200 pcs pads 40 cm x 50 cm &#8211; Apenas \u00f3leo<\/li>\n<li>Cinco sacos de lixo de pl\u00e1stico<\/li>\n<li>Seis pares de luvas de kit de derramamento<\/li>\n<li>Seis pares de botas de seguran\u00e7a<\/li>\n<li>Seis fatos de prote\u00e7\u00e3o descart\u00e1veis<\/li>\n<li>Um tambor de O.S.D. Chemicals<\/li>\n<li>Bomba de pulveriza\u00e7\u00e3o de uma m\u00e3o<\/li>\n<li>Um saco de kit de derramamento de \u00f3leo &#8211; 1.000 litros<\/li>\n<\/ul>\n<p><strong>Conte\u00fado do kit de derramamento mar\u00edtimo de 7 cilindros (1100 lt)<\/strong><\/p>\n<ul>\n<li>Dimens\u00e3o: 114 x 82 x 70 cm (L x A x P)<\/li>\n<li>Um recipiente de cores vivas<\/li>\n<li>200 pcs pads 40 cm x 50 cm &#8211; Apenas \u00f3leo<\/li>\n<li>Oito pe\u00e7as de boias adsorventes 13 cm x 3 m<\/li>\n<li>Dez sacos de lixo de pl\u00e1stico<\/li>\n<li>Seis pares de luvas de kit de derramamento<\/li>\n<li>Seis pares de botas de seguran\u00e7a<\/li>\n<li>Seis fatos de prote\u00e7\u00e3o descart\u00e1veis<\/li>\n<li>Um tambor de O.S.D. Chemicals<\/li>\n<li>Bomba de pulveriza\u00e7\u00e3o de uma m\u00e3o<\/li>\n<li>Um par de p\u00e1<\/li>\n<li>Um par de balde<\/li>\n<li>Um saco de kit de derramamento de \u00f3leo &#8211; 1.000 litros<\/li>\n<\/ul>\n<p><strong>12 Barril ( 1900 lt ) Marine Spill Kit Conte\u00fado<\/strong><\/p>\n<ul>\n<li>Dimens\u00e3o: 114 x 82 x 70 cm (L x A x P)<\/li>\n<li>Um recipiente de cores vivas<\/li>\n<li>200 pcs pads 40 cm x 50 cm &#8211; Apenas \u00f3leo<\/li>\n<li>100 pcs pads 40 cm x 50 cm &#8211; Universal Apenas<\/li>\n<li>Oito pe\u00e7as de boias adsorventes 13 cm x 3 m<\/li>\n<li>Dez sacos de lixo de pl\u00e1stico<\/li>\n<li>Seis pares de luvas de kit de derramamento<\/li>\n<li>Seis pares de botas de seguran\u00e7a<\/li>\n<li>Seis fatos de prote\u00e7\u00e3o descart\u00e1veis<\/li>\n<li>Um tambor de O.S.D. Chemicals &amp; Hand Cleaner<\/li>\n<li>Bomba de pulveriza\u00e7\u00e3o de uma m\u00e3o<\/li>\n<li>Um par de p\u00e1<\/li>\n<li>Um par de balde<\/li>\n<li>Dois sacos de kit de derramamento de \u00f3leo &#8211; 1.000 litros<\/li>\n<\/ul>\n<p>[wpfd_category id=&#8221;9155&#8243;]<\/p>\n","protected":false},"excerpt":{"rendered":"<p>Um kit de derramamento de l\u00edquidos marinho devidamente estocado, mantido e implantado pode proteger nossos recursos naturais e derramamentos de [&hellip;]<\/p>\n","protected":false},"author":1,"featured_media":0,"parent":77931,"menu_order":0,"comment_status":"closed","ping_status":"closed","template":"","meta":{"site-sidebar-layout":"default","site-content-layout":"","ast-site-content-layout":"default","site-content-style":"default","site-sidebar-style":"default","ast-global-header-display":"","ast-banner-title-visibility":"","ast-main-header-display":"","ast-hfb-above-header-display":"","ast-hfb-below-header-display":"","ast-hfb-mobile-header-display":"","site-post-title":"","ast-breadcrumbs-content":"","ast-featured-img":"","footer-sml-layout":"","ast-disable-related-posts":"","theme-transparent-header-meta":"","adv-header-id-meta":"","stick-header-meta":"","header-above-stick-meta":"","header-main-stick-meta":"","header-below-stick-meta":"","astra-migrate-meta-layouts":"default","ast-page-background-enabled":"default","ast-page-background-meta":{"desktop":{"background-color":"var(--ast-global-color-5)","background-image":"","background-repeat":"repeat","background-position":"center center","background-size":"auto","background-attachment":"scroll","background-type":"","background-media":"","overlay-type":"","overlay-color":"","overlay-opacity":"","overlay-gradient":""},"tablet":{"background-color":"","background-image":"","background-repeat":"repeat","background-position":"center center","background-size":"auto","background-attachment":"scroll","background-type":"","background-media":"","overlay-type":"","overlay-color":"","overlay-opacity":"","overlay-gradient":""},"mobile":{"background-color":"","background-image":"","background-repeat":"repeat","background-position":"center center","background-size":"auto","background-attachment":"scroll","background-type":"","background-media":"","overlay-type":"","overlay-color":"","overlay-opacity":"","overlay-gradient":""}},"ast-content-background-meta":{"desktop":{"background-color":"var(--ast-global-color-4)","background-image":"","background-repeat":"repeat","background-position":"center center","background-size":"auto","background-attachment":"scroll","background-type":"","background-media":"","overlay-type":"","overlay-color":"","overlay-opacity":"","overlay-gradient":""},"tablet":{"background-color":"var(--ast-global-color-4)","background-image":"","background-repeat":"repeat","background-position":"center center","background-size":"auto","background-attachment":"scroll","background-type":"","background-media":"","overlay-type":"","overlay-color":"","overlay-opacity":"","overlay-gradient":""},"mobile":{"background-color":"var(--ast-global-color-4)","background-image":"","background-repeat":"repeat","background-position":"center center","background-size":"auto","background-attachment":"scroll","background-type":"","background-media":"","overlay-type":"","overlay-color":"","overlay-opacity":"","overlay-gradient":""}},"footnotes":""},"class_list":["post-77935","page","type-page","status-publish","hentry"],"_links":{"self":[{"href":"https:\/\/mavideniz.com.tr\/pt-pt\/wp-json\/wp\/v2\/pages\/77935","targetHints":{"allow":["GET"]}}],"collection":[{"href":"https:\/\/mavideniz.com.tr\/pt-pt\/wp-json\/wp\/v2\/pages"}],"about":[{"href":"https:\/\/mavideniz.com.tr\/pt-pt\/wp-json\/wp\/v2\/types\/page"}],"author":[{"embeddable":true,"href":"https:\/\/mavideniz.com.tr\/pt-pt\/wp-json\/wp\/v2\/users\/1"}],"replies":[{"embeddable":true,"href":"https:\/\/mavideniz.com.tr\/pt-pt\/wp-json\/wp\/v2\/comments?post=77935"}],"version-history":[{"count":0,"href":"https:\/\/mavideniz.com.tr\/pt-pt\/wp-json\/wp\/v2\/pages\/77935\/revisions"}],"up":[{"embeddable":true,"href":"https:\/\/mavideniz.com.tr\/pt-pt\/wp-json\/wp\/v2\/pages\/77931"}],"wp:attachment":[{"href":"https:\/\/mavideniz.com.tr\/pt-pt\/wp-json\/wp\/v2\/media?parent=77935"}],"curies":[{"name":"wp","href":"https:\/\/api.w.org\/{rel}","templated":true}]}}