{"id":77940,"date":"2025-05-03T18:01:45","date_gmt":"2025-05-03T18:01:45","guid":{"rendered":"https:\/\/mavideniz.com.tr\/?page_id=77940"},"modified":"2025-10-05T00:07:33","modified_gmt":"2025-10-05T00:07:33","slug":"limpador-de-praia-maquina-automotora","status":"publish","type":"page","link":"https:\/\/mavideniz.com.tr\/pt-pt\/produtos-industriais\/limpador-de-praia-maquina-de-limpeza-de-praia\/limpador-de-praia-maquina-automotora\/","title":{"rendered":"Limpador de Praia &#8211; M\u00e1quina Automotora"},"content":{"rendered":"\n<p>A M\u00e1quina de Limpeza de Praia Autopropulsada da Mavideniz, a Beach Cleaner, \u00e9 econ\u00f4mica com resultados exatos de limpeza para praias grandes, m\u00e9dias, pequenas e exclusivas. Nossa autopropulsionada m\u00e1quina de limpeza de praia; Beach Cleaner pode utilizar todos os tipos de areia para limpar. A m\u00e1quina de limpeza de praia de Mavideniz pode coletar rapidamente lixo, cigarro, algas marinhas na \u00e1gua ou na praia, pedras e derramamento de \u00f3leo na costa sem deixar para tr\u00e1s ru\u00ednas, tudo feito na opera\u00e7\u00e3o \u00fanica.<\/p>\n<p><strong>Recursos<\/strong><\/p>\n<ul>\n<li>Opera\u00e7\u00e3o com uma pessoa<\/li>\n<li>N\u00e3o precisa de trator<\/li>\n<li>Triagem de duas correias<\/li>\n<li>Diferentes tipos de finalizadores<\/li>\n<li>Reservat\u00f3rios de bordo ou subterr\u00e2neos<\/li>\n<li>Diferentes tipos de cintos de seguran\u00e7a<\/li>\n<li>Diferentes tipos de dentes de primavera<\/li>\n<li>Baixa manuten\u00e7\u00e3o<\/li>\n<li>Descarregamento F\u00e1cil<\/li>\n<\/ul>\n<p><strong>Opcional<\/strong><\/p>\n<ul>\n<li>Ar condicionado<\/li>\n<li>C\u00e2mera<\/li>\n<li>Pe\u00e7as de reposi\u00e7\u00e3o<\/li>\n<li>Tendas de primavera<\/li>\n<li>Malha de Tela ( Grossa | Fina | Inoxid\u00e1vel<\/li>\n<li>Luz de trabalho<\/li>\n<li>Tampa do PVC<\/li>\n<li>Capa para trator<\/li>\n<\/ul>\n<p>[id de wptm=111]<\/p>\n","protected":false},"excerpt":{"rendered":"<p>A M\u00e1quina de Limpeza de Praia Autopropulsada da Mavideniz, a Beach Cleaner, \u00e9 econ\u00f4mica com resultados exatos de limpeza para [&hellip;]<\/p>\n","protected":false},"author":1,"featured_media":0,"parent":77937,"menu_order":0,"comment_status":"closed","ping_status":"closed","template":"","meta":{"site-sidebar-layout":"default","site-content-layout":"","ast-site-content-layout":"default","site-content-style":"default","site-sidebar-style":"default","ast-global-header-display":"","ast-banner-title-visibility":"","ast-main-header-display":"","ast-hfb-above-header-display":"","ast-hfb-below-header-display":"","ast-hfb-mobile-header-display":"","site-post-title":"","ast-breadcrumbs-content":"","ast-featured-img":"","footer-sml-layout":"","ast-disable-related-posts":"","theme-transparent-header-meta":"","adv-header-id-meta":"","stick-header-meta":"","header-above-stick-meta":"","header-main-stick-meta":"","header-below-stick-meta":"","astra-migrate-meta-layouts":"default","ast-page-background-enabled":"default","ast-page-background-meta":{"desktop":{"background-color":"var(--ast-global-color-5)","background-image":"","background-repeat":"repeat","background-position":"center center","background-size":"auto","background-attachment":"scroll","background-type":"","background-media":"","overlay-type":"","overlay-color":"","overlay-opacity":"","overlay-gradient":""},"tablet":{"background-color":"","background-image":"","background-repeat":"repeat","background-position":"center center","background-size":"auto","background-attachment":"scroll","background-type":"","background-media":"","overlay-type":"","overlay-color":"","overlay-opacity":"","overlay-gradient":""},"mobile":{"background-color":"","background-image":"","background-repeat":"repeat","background-position":"center center","background-size":"auto","background-attachment":"scroll","background-type":"","background-media":"","overlay-type":"","overlay-color":"","overlay-opacity":"","overlay-gradient":""}},"ast-content-background-meta":{"desktop":{"background-color":"var(--ast-global-color-4)","background-image":"","background-repeat":"repeat","background-position":"center center","background-size":"auto","background-attachment":"scroll","background-type":"","background-media":"","overlay-type":"","overlay-color":"","overlay-opacity":"","overlay-gradient":""},"tablet":{"background-color":"var(--ast-global-color-4)","background-image":"","background-repeat":"repeat","background-position":"center center","background-size":"auto","background-attachment":"scroll","background-type":"","background-media":"","overlay-type":"","overlay-color":"","overlay-opacity":"","overlay-gradient":""},"mobile":{"background-color":"var(--ast-global-color-4)","background-image":"","background-repeat":"repeat","background-position":"center center","background-size":"auto","background-attachment":"scroll","background-type":"","background-media":"","overlay-type":"","overlay-color":"","overlay-opacity":"","overlay-gradient":""}},"footnotes":""},"class_list":["post-77940","page","type-page","status-publish","hentry"],"_links":{"self":[{"href":"https:\/\/mavideniz.com.tr\/pt-pt\/wp-json\/wp\/v2\/pages\/77940","targetHints":{"allow":["GET"]}}],"collection":[{"href":"https:\/\/mavideniz.com.tr\/pt-pt\/wp-json\/wp\/v2\/pages"}],"about":[{"href":"https:\/\/mavideniz.com.tr\/pt-pt\/wp-json\/wp\/v2\/types\/page"}],"author":[{"embeddable":true,"href":"https:\/\/mavideniz.com.tr\/pt-pt\/wp-json\/wp\/v2\/users\/1"}],"replies":[{"embeddable":true,"href":"https:\/\/mavideniz.com.tr\/pt-pt\/wp-json\/wp\/v2\/comments?post=77940"}],"version-history":[{"count":0,"href":"https:\/\/mavideniz.com.tr\/pt-pt\/wp-json\/wp\/v2\/pages\/77940\/revisions"}],"up":[{"embeddable":true,"href":"https:\/\/mavideniz.com.tr\/pt-pt\/wp-json\/wp\/v2\/pages\/77937"}],"wp:attachment":[{"href":"https:\/\/mavideniz.com.tr\/pt-pt\/wp-json\/wp\/v2\/media?parent=77940"}],"curies":[{"name":"wp","href":"https:\/\/api.w.org\/{rel}","templated":true}]}}