{"id":77944,"date":"2025-05-03T18:37:47","date_gmt":"2025-05-03T18:37:47","guid":{"rendered":"https:\/\/mavideniz.com.tr\/?page_id=77944"},"modified":"2025-10-05T00:07:33","modified_gmt":"2025-10-05T00:07:33","slug":"limpador-de-areia-para-praia","status":"publish","type":"page","link":"https:\/\/mavideniz.com.tr\/pt-pt\/produtos-industriais\/limpador-de-praia-maquina-de-limpeza-de-praia\/limpador-de-areia-para-praia\/","title":{"rendered":"Limpador de areia para praia"},"content":{"rendered":"\n<p>Areia Sifting Beach Cleaner projetos em areia seca e superf\u00edcies macias. A areia e os res\u00edduos se acumulam atrav\u00e9s da l\u00e2mina de coleta do limpador em uma cinta de peneira\u00e7\u00e3o vibrat\u00f3ria, que deixa a areia para tr\u00e1s, e os res\u00edduos se acumulam em uma bandeja de coleta que muitas vezes est\u00e1 situada na parte de tr\u00e1s do limpador. Como a areia e o lixo se elevam sobre a cinta de peneira\u00e7\u00e3o, os peneiradores devem dar tempo para que a areia peneira atrav\u00e9s da tela e volte para a praia.<\/p>\n<p>O tamanho dos materiais removidos \u00e9 governado pelos orif\u00edcios na tela instalada. Areia Sifting Beach Cleaner standard Usando telas de 3\/8&#8243; (5mm) ou 3\/4&#8243; (20mm), os diferentes tamanhos de telas poss\u00edveis para escolher para se adaptar \u00e0s condi\u00e7\u00f5es atuais do solo.<\/p>\n<p>Sand Beach Cleaner \u00e9 uma excelente solu\u00e7\u00e3o para remover pequenos materiais de pequenas a m\u00e9dias praias, tais como conchas, pedras, bitucas de cigarro, grama rastejante, fezes de animais, vidro quebrado, galhos, tampas de garrafa e outros res\u00edduos e deixando um caminho de areia limpa.<\/p>\n<p>[id de wptm=141]<\/p>\n","protected":false},"excerpt":{"rendered":"<p>Areia Sifting Beach Cleaner projetos em areia seca e superf\u00edcies macias. A areia e os res\u00edduos se acumulam atrav\u00e9s da [&hellip;]<\/p>\n","protected":false},"author":1,"featured_media":0,"parent":77937,"menu_order":0,"comment_status":"closed","ping_status":"closed","template":"","meta":{"site-sidebar-layout":"default","site-content-layout":"","ast-site-content-layout":"default","site-content-style":"default","site-sidebar-style":"default","ast-global-header-display":"","ast-banner-title-visibility":"","ast-main-header-display":"","ast-hfb-above-header-display":"","ast-hfb-below-header-display":"","ast-hfb-mobile-header-display":"","site-post-title":"","ast-breadcrumbs-content":"","ast-featured-img":"","footer-sml-layout":"","ast-disable-related-posts":"","theme-transparent-header-meta":"","adv-header-id-meta":"","stick-header-meta":"","header-above-stick-meta":"","header-main-stick-meta":"","header-below-stick-meta":"","astra-migrate-meta-layouts":"default","ast-page-background-enabled":"default","ast-page-background-meta":{"desktop":{"background-color":"var(--ast-global-color-5)","background-image":"","background-repeat":"repeat","background-position":"center center","background-size":"auto","background-attachment":"scroll","background-type":"","background-media":"","overlay-type":"","overlay-color":"","overlay-opacity":"","overlay-gradient":""},"tablet":{"background-color":"","background-image":"","background-repeat":"repeat","background-position":"center center","background-size":"auto","background-attachment":"scroll","background-type":"","background-media":"","overlay-type":"","overlay-color":"","overlay-opacity":"","overlay-gradient":""},"mobile":{"background-color":"","background-image":"","background-repeat":"repeat","background-position":"center center","background-size":"auto","background-attachment":"scroll","background-type":"","background-media":"","overlay-type":"","overlay-color":"","overlay-opacity":"","overlay-gradient":""}},"ast-content-background-meta":{"desktop":{"background-color":"var(--ast-global-color-4)","background-image":"","background-repeat":"repeat","background-position":"center center","background-size":"auto","background-attachment":"scroll","background-type":"","background-media":"","overlay-type":"","overlay-color":"","overlay-opacity":"","overlay-gradient":""},"tablet":{"background-color":"var(--ast-global-color-4)","background-image":"","background-repeat":"repeat","background-position":"center center","background-size":"auto","background-attachment":"scroll","background-type":"","background-media":"","overlay-type":"","overlay-color":"","overlay-opacity":"","overlay-gradient":""},"mobile":{"background-color":"var(--ast-global-color-4)","background-image":"","background-repeat":"repeat","background-position":"center center","background-size":"auto","background-attachment":"scroll","background-type":"","background-media":"","overlay-type":"","overlay-color":"","overlay-opacity":"","overlay-gradient":""}},"footnotes":""},"class_list":["post-77944","page","type-page","status-publish","hentry"],"_links":{"self":[{"href":"https:\/\/mavideniz.com.tr\/pt-pt\/wp-json\/wp\/v2\/pages\/77944","targetHints":{"allow":["GET"]}}],"collection":[{"href":"https:\/\/mavideniz.com.tr\/pt-pt\/wp-json\/wp\/v2\/pages"}],"about":[{"href":"https:\/\/mavideniz.com.tr\/pt-pt\/wp-json\/wp\/v2\/types\/page"}],"author":[{"embeddable":true,"href":"https:\/\/mavideniz.com.tr\/pt-pt\/wp-json\/wp\/v2\/users\/1"}],"replies":[{"embeddable":true,"href":"https:\/\/mavideniz.com.tr\/pt-pt\/wp-json\/wp\/v2\/comments?post=77944"}],"version-history":[{"count":0,"href":"https:\/\/mavideniz.com.tr\/pt-pt\/wp-json\/wp\/v2\/pages\/77944\/revisions"}],"up":[{"embeddable":true,"href":"https:\/\/mavideniz.com.tr\/pt-pt\/wp-json\/wp\/v2\/pages\/77937"}],"wp:attachment":[{"href":"https:\/\/mavideniz.com.tr\/pt-pt\/wp-json\/wp\/v2\/media?parent=77944"}],"curies":[{"name":"wp","href":"https:\/\/api.w.org\/{rel}","templated":true}]}}