{"id":77948,"date":"2025-05-03T18:39:41","date_gmt":"2025-05-03T18:39:41","guid":{"rendered":"https:\/\/mavideniz.com.tr\/?page_id=77948"},"modified":"2025-10-05T00:07:33","modified_gmt":"2025-10-05T00:07:33","slug":"bolsa-de-flutuacao-bolsa-de-elevacao-de-ar","status":"publish","type":"page","link":"https:\/\/mavideniz.com.tr\/pt-pt\/produtos-industriais\/bolsa-de-flutuacao-bolsa-de-agua-de-teste-de-carga\/bolsa-de-flutuacao-bolsa-de-elevacao-de-ar\/","title":{"rendered":"Bolsa de flutua\u00e7\u00e3o + bolsa de eleva\u00e7\u00e3o de ar"},"content":{"rendered":"\n<p><strong>Saco de flutua\u00e7\u00e3o &#8211; fundo fechado<\/strong><\/p>\n<p>O saco de flutua\u00e7\u00e3o para servi\u00e7o pesado, saco de eleva\u00e7\u00e3o de ar, \u00e9 usado em todo o mundo para levantar objetos afundados, salvamento de embarca\u00e7\u00f5es, estabiliza\u00e7\u00e3o da estrutura marinha, transporte de equipamentos subaqu\u00e1ticos, tubula\u00e7\u00e3o e equipamento de reboque de emerg\u00eancia de flutua\u00e7\u00e3o saco.<\/p>\n<p>O modelo de <strong>estilo de<\/strong> saco de eleva\u00e7\u00e3o totalmente fechado \u00e9 uma unidade de saco infl\u00e1vel em forma de gota de l\u00e1grima usada para suportar cargas na superf\u00edcie da \u00e1gua. O Air Lift Bag est\u00e1 equipado com uma v\u00e1lvula de despejo\/al\u00edvio de ventila\u00e7\u00e3o ativa no centro da placa de eleva\u00e7\u00e3o superior. Esta v\u00e1lvula \u00e9 carregada por mola com press\u00e3o de mola definida para abrir quando sobrepressionada automaticamente.<\/p>\n<p>Todos os sacos elevat\u00f3rios de at\u00e9 10 toneladas v\u00eam com um conector rosqueado e uma tampa herm\u00e9tica. A utiliza\u00e7\u00e3o deste acess\u00f3rio inferior permite que o saco de eleva\u00e7\u00e3o seja fechado ou abra o fundo.<\/p>\n<p><strong>As caracter\u00edsticas do saco de eleva\u00e7\u00e3o inclu\u00eddo do modelo s\u00e3o:<\/strong><\/p>\n<ul>\n<li>Grande capacidade de eleva\u00e7\u00e3o em espa\u00e7o de embalagem pequeno.<\/li>\n<li>Equipado com ponto de fixa\u00e7\u00e3o de linha de inversor.<\/li>\n<li>Todas as costuras s\u00e3o soldadas por RF.<\/li>\n<li>Punho(s) de parafuso apropriado(s) e elos principais para um \u00fanico ponto de fixa\u00e7\u00e3o\/eleva\u00e7\u00e3o.<\/li>\n<li>\u00bd&#8221; ou 3\/4\u2033 NPT porta de enchimento com v\u00e1lvulas de infla\u00e7\u00e3o dispon\u00edveis.<\/li>\n<li>Manual de opera\u00e7\u00e3o com certifica\u00e7\u00f5es e di\u00e1rio de bordo.<\/li>\n<li>A v\u00e1lvula de despejo\/al\u00edvio de alto fluxo pode ser invertida e definida para a posi\u00e7\u00e3o de despejo manual para o estilo de saco de eleva\u00e7\u00e3o de fundo aberto.<\/li>\n<li>Classe Certificado de carga\/volume\/verifica\u00e7\u00e3o da capacidade dispon\u00edvel.<\/li>\n<\/ul>\n<p><strong>O aplicativo inclui, mas n\u00e3o se limita a:<\/strong><\/p>\n<ul>\n<li>Salvamento de \u00e1guas profundas e superficiais<\/li>\n<li>Reboque<\/li>\n<li>Mergulho Recreativo<\/li>\n<li>Salvamento de emerg\u00eancia<\/li>\n<li>Flutua\u00e7\u00e3o Geral<\/li>\n<li>Aux\u00edlio \u00e0 flutuabilidade est\u00e1tica<\/li>\n<li>Flutua\u00e7\u00e3o de Tubos ou Cabos<\/li>\n<li>Sob a constru\u00e7\u00e3o da \u00e1gua<\/li>\n<\/ul>\n<p>[id de wptm=15]<\/p>\n<p><strong>Flutuabilidade &#8211; Pontoon Style<\/strong><\/p>\n<p>O Pontoon Style Lift Air Bag \u00e9 um saco de flutua\u00e7\u00e3o cil\u00edndrico fechado, ideal para o salvamento de \u00e1guas rasas, reduzindo o calado da embarca\u00e7\u00e3o ou levantando um objeto mais perto da superf\u00edcie. O Air Bag do elevador \u00e9 inestim\u00e1vel em opera\u00e7\u00f5es de cabos e tubula\u00e7\u00f5es e onde os rebocadores longos s\u00e3o planejados. Os sacos de flutuabilidade s\u00e3o de baixa manuten\u00e7\u00e3o e f\u00e1ceis de limpar. Todas as costuras s\u00e3o soldadas para resist\u00eancia, durabilidade e integridade estanque. O arn\u00eas do saco de eleva\u00e7\u00e3o mant\u00e9m o saco na posi\u00e7\u00e3o horizontal, garantindo a m\u00e1xima estabilidade.<\/p>\n<p>O Pontoon Style Lift Bag, Totally Enclose Lift Bag style, est\u00e1 completamente equipado, incluindo o n\u00famero apropriado de v\u00e1lvulas de al\u00edvio de ar autom\u00e1tico, um arn\u00eas de elevador certificado com manilhas e portas de preenchimento.<\/p>\n<p><strong>As caracter\u00edsticas do saco de eleva\u00e7\u00e3o do modelo Pontoon s\u00e3o:<\/strong><\/p>\n<ul>\n<li>Feito de alta tenacidade PVC revestido tecido de poli\u00e9ster.<\/li>\n<li>Grande capacidade de eleva\u00e7\u00e3o em espa\u00e7o de embalagem pequeno.<\/li>\n<li>Todas as costuras s\u00e3o soldadas por RF.<\/li>\n<li>Forma vers\u00e1til e est\u00e1vel.<\/li>\n<li>Porta de enchimento NPT de 1\/2&#8243; ou 3\/4&#8243; com v\u00e1lvulas de infla\u00e7\u00e3o dispon\u00edveis.<\/li>\n<li>Manual de opera\u00e7\u00e3o com certifica\u00e7\u00f5es e di\u00e1rio de bordo.<\/li>\n<li>V\u00e1lvulas de al\u00edvio autom\u00e1tico de ar de alto fluxo.<\/li>\n<li>Tamanhos personalizados dispon\u00edveis.<\/li>\n<\/ul>\n<p><strong>Os aplicativos incluem, mas n\u00e3o est\u00e3o limitados a<\/strong>:<\/p>\n<ul>\n<li>Salvamento de \u00e1guas profundas e superficiais<\/li>\n<li>Reboque<\/li>\n<li>Mergulho Recreativo<\/li>\n<li>Salvamento de emerg\u00eancia<\/li>\n<li>Flutua\u00e7\u00e3o Geral<\/li>\n<li>Assist\u00eancia de flutuabilidade est\u00e1tica<\/li>\n<li>Flutua\u00e7\u00e3o de Tubos ou Cabos<\/li>\n<li>Sob a constru\u00e7\u00e3o da \u00e1gua<\/li>\n<\/ul>\n<p>[id de wptm=75]<\/p>\n","protected":false},"excerpt":{"rendered":"<p>Saco de flutua\u00e7\u00e3o &#8211; fundo fechado O saco de flutua\u00e7\u00e3o para servi\u00e7o pesado, saco de eleva\u00e7\u00e3o de ar, \u00e9 usado [&hellip;]<\/p>\n","protected":false},"author":1,"featured_media":0,"parent":77946,"menu_order":0,"comment_status":"closed","ping_status":"closed","template":"","meta":{"site-sidebar-layout":"default","site-content-layout":"","ast-site-content-layout":"default","site-content-style":"default","site-sidebar-style":"default","ast-global-header-display":"","ast-banner-title-visibility":"","ast-main-header-display":"","ast-hfb-above-header-display":"","ast-hfb-below-header-display":"","ast-hfb-mobile-header-display":"","site-post-title":"","ast-breadcrumbs-content":"","ast-featured-img":"","footer-sml-layout":"","ast-disable-related-posts":"","theme-transparent-header-meta":"","adv-header-id-meta":"","stick-header-meta":"","header-above-stick-meta":"","header-main-stick-meta":"","header-below-stick-meta":"","astra-migrate-meta-layouts":"default","ast-page-background-enabled":"default","ast-page-background-meta":{"desktop":{"background-color":"var(--ast-global-color-5)","background-image":"","background-repeat":"repeat","background-position":"center center","background-size":"auto","background-attachment":"scroll","background-type":"","background-media":"","overlay-type":"","overlay-color":"","overlay-opacity":"","overlay-gradient":""},"tablet":{"background-color":"","background-image":"","background-repeat":"repeat","background-position":"center center","background-size":"auto","background-attachment":"scroll","background-type":"","background-media":"","overlay-type":"","overlay-color":"","overlay-opacity":"","overlay-gradient":""},"mobile":{"background-color":"","background-image":"","background-repeat":"repeat","background-position":"center center","background-size":"auto","background-attachment":"scroll","background-type":"","background-media":"","overlay-type":"","overlay-color":"","overlay-opacity":"","overlay-gradient":""}},"ast-content-background-meta":{"desktop":{"background-color":"var(--ast-global-color-4)","background-image":"","background-repeat":"repeat","background-position":"center center","background-size":"auto","background-attachment":"scroll","background-type":"","background-media":"","overlay-type":"","overlay-color":"","overlay-opacity":"","overlay-gradient":""},"tablet":{"background-color":"var(--ast-global-color-4)","background-image":"","background-repeat":"repeat","background-position":"center center","background-size":"auto","background-attachment":"scroll","background-type":"","background-media":"","overlay-type":"","overlay-color":"","overlay-opacity":"","overlay-gradient":""},"mobile":{"background-color":"var(--ast-global-color-4)","background-image":"","background-repeat":"repeat","background-position":"center center","background-size":"auto","background-attachment":"scroll","background-type":"","background-media":"","overlay-type":"","overlay-color":"","overlay-opacity":"","overlay-gradient":""}},"footnotes":""},"class_list":["post-77948","page","type-page","status-publish","hentry"],"_links":{"self":[{"href":"https:\/\/mavideniz.com.tr\/pt-pt\/wp-json\/wp\/v2\/pages\/77948","targetHints":{"allow":["GET"]}}],"collection":[{"href":"https:\/\/mavideniz.com.tr\/pt-pt\/wp-json\/wp\/v2\/pages"}],"about":[{"href":"https:\/\/mavideniz.com.tr\/pt-pt\/wp-json\/wp\/v2\/types\/page"}],"author":[{"embeddable":true,"href":"https:\/\/mavideniz.com.tr\/pt-pt\/wp-json\/wp\/v2\/users\/1"}],"replies":[{"embeddable":true,"href":"https:\/\/mavideniz.com.tr\/pt-pt\/wp-json\/wp\/v2\/comments?post=77948"}],"version-history":[{"count":0,"href":"https:\/\/mavideniz.com.tr\/pt-pt\/wp-json\/wp\/v2\/pages\/77948\/revisions"}],"up":[{"embeddable":true,"href":"https:\/\/mavideniz.com.tr\/pt-pt\/wp-json\/wp\/v2\/pages\/77946"}],"wp:attachment":[{"href":"https:\/\/mavideniz.com.tr\/pt-pt\/wp-json\/wp\/v2\/media?parent=77948"}],"curies":[{"name":"wp","href":"https:\/\/api.w.org\/{rel}","templated":true}]}}