{"id":77949,"date":"2025-05-03T18:40:44","date_gmt":"2025-05-03T18:40:44","guid":{"rendered":"https:\/\/mavideniz.com.tr\/?page_id=77949"},"modified":"2025-10-05T00:07:33","modified_gmt":"2025-10-05T00:07:33","slug":"bolsa-de-agua-de-teste-de-carga-_-guindaste-barco-salva-vidas-passadicos-turco","status":"publish","type":"page","link":"https:\/\/mavideniz.com.tr\/pt-pt\/produtos-industriais\/bolsa-de-flutuacao-bolsa-de-agua-de-teste-de-carga\/bolsa-de-agua-de-teste-de-carga-_-guindaste-barco-salva-vidas-passadicos-turco\/","title":{"rendered":"Bolsa de \u00c1gua de Teste de Carga _ Guindaste + Barco Salva-vidas + Passadi\u00e7os + Turco"},"content":{"rendered":"\n<p>Mavi Deniz, um saco de teste de carga cheio de \u00e1gua projetado para guindaste, equipamento de eleva\u00e7\u00e3o, bote salva-vidas e intercomunica\u00e7\u00f5es de opera\u00e7\u00f5es de teste de carga. A capacidade de cada bolsa de \u00e1gua \u00e9 de at\u00e9 100 toneladas.<\/p>\n<p><strong>Guindaste de \u00e1gua enchido teste sacos de peso<\/strong><\/p>\n<p>Simplifique suas opera\u00e7\u00f5es de teste de guindaste com os sacos de teste de carga Mavi Deniz e produtos de medi\u00e7\u00e3o. Sacos de \u00e1gua de teste de guindaste s\u00e3o feitos de material de tecido de poli\u00e9ster revestido de PVC de &#8220;alta tenacidade&#8221; 100%, que vem pronto com: manilhas de seguran\u00e7a, liga\u00e7\u00e3o principal, acess\u00f3rios de transfer\u00eancia de fluido e v\u00e1lvulas necess\u00e1rias para a opera\u00e7\u00e3o.<\/p>\n<p>O desenvolvimento cont\u00ednuo dos Mavi Deniz Crane Load Test Bags aumentou substancialmente a praticidade, economia e seguran\u00e7a de fornecer testes de carga em guindastes em centrais el\u00e9tricas, ind\u00fastria geral, constru\u00e7\u00e3o e opera\u00e7\u00f5es mar\u00edtimas. Esses sacos tamb\u00e9m podem ser usados como recipientes de armazenamento de l\u00edquidos de emerg\u00eancia.<\/p>\n<p>Durante o transporte e estadiamento, os sacos com c\u00e9lulas de carga pesam apenas uma fra\u00e7\u00e3o de sua capacidade nominal, mantendo os custos de frete, espa\u00e7o de armazenamento, carga de ch\u00e3o, e especialmente a for\u00e7a de trabalho a um m\u00ednimo.<\/p>\n<p><strong>As caracter\u00edsticas dos sacos de \u00e1gua de teste do guindaste s\u00e3o:<\/strong><\/p>\n<ul>\n<li>Dobr\u00e1vel para f\u00e1cil armazenamento e transporte.<\/li>\n<li>Usado mundialmente para guindastes de conv\u00e9s de navios, plataformas offshore e guindastes de uso geral.<\/li>\n<li>Saco de \u00e1gua 3D Modelo FEA (An\u00e1lise de Elementos Finitos) For\u00e7a e Estresse<\/li>\n<li>Teste v\u00e1rios tamanhos de guindaste com um peso de fluido.<\/li>\n<\/ul>\n<p>Os aplicativos de teste incluem, mas n\u00e3o est\u00e3o limitados a:<\/p>\n<ul>\n<li>Guindastes<\/li>\n<li>Guinchos<\/li>\n<li>DavitsName<\/li>\n<li>Preenchimento de Olhos<\/li>\n<li>Guindastes<\/li>\n<li>Vigas<\/li>\n<li>Gantries<\/li>\n<li>Elevadores<\/li>\n<li>Monorails<\/li>\n<li>Piso<\/li>\n<li>Rampas<\/li>\n<li>Plataformas<\/li>\n<li>Corredores<\/li>\n<li>Ascensores<\/li>\n<li>Pontes<\/li>\n<\/ul>\n<p>As capacidades variam de 1 a 100 toneladas ( 1,000 a 100,000 kg).<\/p>\n<p>O desenvolvimento cont\u00ednuo de sacos de carga \u00e0 prova de \u00e1gua aumentou substancialmente a praticidade, economia e seguran\u00e7a de fornecer testes de carga \u00e0 prova em gruas em usinas de energia, ind\u00fastria geral, constru\u00e7\u00e3o e opera\u00e7\u00f5es mar\u00edtimas.<\/p>\n<p>Os sacos com c\u00e9lulas de carga pesam aproximadamente 2% de sua capacidade nominal durante o transporte e estadiamento, mantendo os custos de frete, espa\u00e7o de armazenamento, carga de ch\u00e3o, e especialmente a for\u00e7a de trabalho a um m\u00ednimo.<\/p>\n<p>A carga \u00e9 sempre medida com precis\u00e3o com uma c\u00e9lula de carga ou um medidor de caudais certificados, de modo que as varia\u00e7\u00f5es de peso exatas necess\u00e1rias durante o ensaio s\u00e3o sempre alcan\u00e7adas atrav\u00e9s do enchimento ou do despejo dos sacos.<\/p>\n<p><strong>Os aplicativos de teste incluem:<\/strong><\/p>\n<ul>\n<li>Guindaste-Davits<\/li>\n<li>Derricks<\/li>\n<li>Guinchos<\/li>\n<li>DavitsName<\/li>\n<li>Preenchimento de Olhos<\/li>\n<li>Guindastes<\/li>\n<li>Vigas<\/li>\n<li>Gantries<\/li>\n<li>Elevadores<\/li>\n<li>Monorails<\/li>\n<li>Redes<\/li>\n<li>Pontes, pisos, corredores, plataformas, rampas<\/li>\n<li>Ascensores<\/li>\n<li>Teste de guincho de barco<\/li>\n<\/ul>\n<p>[id de wptm=76]<\/p>\n<p><strong>Davit, bote salva-vidas, Gangway Sacos de ensaio de peso cheio de \u00e1gua<\/strong><\/p>\n<p>Sacos de \u00e1gua de teste de barco salva-vidas e Davit s\u00e3o usados para testes de carga uniformemente distribu\u00eddos. Estes sacos de ensaio de carga v\u00eam com acess\u00f3rios de enchimento \/ descarga, e uma v\u00e1lvula de al\u00edvio autom\u00e1tica ativado assim que os sacos salva-vidas atingem o peso desejado.<\/p>\n<p>O Mavi Deniz Lifeboat Testing Systems projeta para fornecer uma carga de teste segura e direta para dispositivos de salvamento. Os sacos de ensaio das baleeiras salva-vidas permitem uma aplica\u00e7\u00e3o gradual e uma distribui\u00e7\u00e3o uniforme da carga. A carga, a descarga e o manuseio m\u00ednimo controlados da carga de teste para atingir uma ampla gama de capacidades resultam em tempo ocioso m\u00ednimo do equipamento durante os testes de carga.<\/p>\n<p>Os sistemas de teste de botes salva-vidas s\u00e3o um m\u00e9todo extremamente seguro e direto de teste de carga de prova. Os sacos s\u00e3o leves, facilmente posicionados e cumprem uma exig\u00eancia de teste de carga uniformemente distribu\u00edda. Um coletor de controle e um sistema de bombeamento s\u00e3o usados para encher e drenar remotamente os sacos de \u00e1gua, negando a necessidade de que o pessoal esteja na embarca\u00e7\u00e3o enquanto passa por um teste de carga de prova. A carga \u00e9 medida e verificada por meio de um medidor de caudais calibrado.<\/p>\n<p>Gangway Load Testing Bags tamb\u00e9m est\u00e3o dispon\u00edveis e oferecidos em todos os tamanhos personalizados.<\/p>\n<p>Os acess\u00f3rios destes sacos incluem bombas e sistemas de coletores, mangueiras, saco de transporte\/armazenamento e caixa de madeira compensada de transporte\/armazenamento de qualidade Marine.<\/p>\n<p><strong>Alguns dos principais recursos do Lifeboat s\u00e3o:<\/strong><\/p>\n<ul>\n<li>Dobr\u00e1vel para f\u00e1cil armazenamento e transporte.<\/li>\n<li>Feito de tecidos revestidos de alta resist\u00eancia.<\/li>\n<li>Completo com todos os acess\u00f3rios e sistemas de enchimento\/descarga.<\/li>\n<li>Sacos de bote salva-vidas de fundo plano tamb\u00e9m est\u00e3o dispon\u00edveis.<\/li>\n<li>Kit completo do sistema de teste de botes salva-vidas dispon\u00edvel.<\/li>\n<\/ul>\n<p><strong>Os aplicativos de teste incluem, mas n\u00e3o se limitam a:<\/strong><\/p>\n<ul>\n<li>Ensaio de carga em baleeira<\/li>\n<li>Ensaio de carga em jangadas salva-vidas<\/li>\n<li>Teste de carga do corredor<\/li>\n<li>Ensaio em baleeira de queda livre<\/li>\n<li>Teste do Davit Launch Life Raft<\/li>\n<li>Teste de plataforma e encaixe<\/li>\n<\/ul>\n<p>[id de wptm=77]<\/p>\n","protected":false},"excerpt":{"rendered":"<p>Mavi Deniz, um saco de teste de carga cheio de \u00e1gua projetado para guindaste, equipamento de eleva\u00e7\u00e3o, bote salva-vidas e [&hellip;]<\/p>\n","protected":false},"author":1,"featured_media":0,"parent":77946,"menu_order":0,"comment_status":"closed","ping_status":"closed","template":"","meta":{"site-sidebar-layout":"default","site-content-layout":"","ast-site-content-layout":"default","site-content-style":"default","site-sidebar-style":"default","ast-global-header-display":"","ast-banner-title-visibility":"","ast-main-header-display":"","ast-hfb-above-header-display":"","ast-hfb-below-header-display":"","ast-hfb-mobile-header-display":"","site-post-title":"","ast-breadcrumbs-content":"","ast-featured-img":"","footer-sml-layout":"","ast-disable-related-posts":"","theme-transparent-header-meta":"","adv-header-id-meta":"","stick-header-meta":"","header-above-stick-meta":"","header-main-stick-meta":"","header-below-stick-meta":"","astra-migrate-meta-layouts":"default","ast-page-background-enabled":"default","ast-page-background-meta":{"desktop":{"background-color":"var(--ast-global-color-5)","background-image":"","background-repeat":"repeat","background-position":"center center","background-size":"auto","background-attachment":"scroll","background-type":"","background-media":"","overlay-type":"","overlay-color":"","overlay-opacity":"","overlay-gradient":""},"tablet":{"background-color":"","background-image":"","background-repeat":"repeat","background-position":"center center","background-size":"auto","background-attachment":"scroll","background-type":"","background-media":"","overlay-type":"","overlay-color":"","overlay-opacity":"","overlay-gradient":""},"mobile":{"background-color":"","background-image":"","background-repeat":"repeat","background-position":"center center","background-size":"auto","background-attachment":"scroll","background-type":"","background-media":"","overlay-type":"","overlay-color":"","overlay-opacity":"","overlay-gradient":""}},"ast-content-background-meta":{"desktop":{"background-color":"var(--ast-global-color-4)","background-image":"","background-repeat":"repeat","background-position":"center center","background-size":"auto","background-attachment":"scroll","background-type":"","background-media":"","overlay-type":"","overlay-color":"","overlay-opacity":"","overlay-gradient":""},"tablet":{"background-color":"var(--ast-global-color-4)","background-image":"","background-repeat":"repeat","background-position":"center center","background-size":"auto","background-attachment":"scroll","background-type":"","background-media":"","overlay-type":"","overlay-color":"","overlay-opacity":"","overlay-gradient":""},"mobile":{"background-color":"var(--ast-global-color-4)","background-image":"","background-repeat":"repeat","background-position":"center center","background-size":"auto","background-attachment":"scroll","background-type":"","background-media":"","overlay-type":"","overlay-color":"","overlay-opacity":"","overlay-gradient":""}},"footnotes":""},"class_list":["post-77949","page","type-page","status-publish","hentry"],"_links":{"self":[{"href":"https:\/\/mavideniz.com.tr\/pt-pt\/wp-json\/wp\/v2\/pages\/77949","targetHints":{"allow":["GET"]}}],"collection":[{"href":"https:\/\/mavideniz.com.tr\/pt-pt\/wp-json\/wp\/v2\/pages"}],"about":[{"href":"https:\/\/mavideniz.com.tr\/pt-pt\/wp-json\/wp\/v2\/types\/page"}],"author":[{"embeddable":true,"href":"https:\/\/mavideniz.com.tr\/pt-pt\/wp-json\/wp\/v2\/users\/1"}],"replies":[{"embeddable":true,"href":"https:\/\/mavideniz.com.tr\/pt-pt\/wp-json\/wp\/v2\/comments?post=77949"}],"version-history":[{"count":0,"href":"https:\/\/mavideniz.com.tr\/pt-pt\/wp-json\/wp\/v2\/pages\/77949\/revisions"}],"up":[{"embeddable":true,"href":"https:\/\/mavideniz.com.tr\/pt-pt\/wp-json\/wp\/v2\/pages\/77946"}],"wp:attachment":[{"href":"https:\/\/mavideniz.com.tr\/pt-pt\/wp-json\/wp\/v2\/media?parent=77949"}],"curies":[{"name":"wp","href":"https:\/\/api.w.org\/{rel}","templated":true}]}}