{"id":77954,"date":"2025-05-03T18:42:09","date_gmt":"2025-05-03T18:42:09","guid":{"rendered":"https:\/\/mavideniz.com.tr\/?page_id=77954"},"modified":"2025-10-05T00:07:32","modified_gmt":"2025-10-05T00:07:32","slug":"boia-cilindrica","status":"publish","type":"page","link":"https:\/\/mavideniz.com.tr\/pt-pt\/produtos-industriais\/boia\/boia-cilindrica\/","title":{"rendered":"B\u00f3ia Cil\u00edndrica"},"content":{"rendered":"\n<p>A boia cil\u00edndrica \u00e9 projetada para aplica\u00e7\u00f5es pesadas de amarra\u00e7\u00e3o, marca\u00e7\u00e3o e fazendas de peixes. Estas boias cil\u00edndricas fabricadas a partir de um n\u00facleo de espuma de polietileno encapsulado dentro de uma pele exterior de poliuretano autocolorida; a espuma de poliuretano garante que a boia n\u00e3o absorver\u00e1 a \u00e1gua que a pele \u00e9 perfurada, aumentando o tempo de vida do produto e reduzindo os custos de manuten\u00e7\u00e3o. O material resiliente faz com que as boias se autofabriquem com uma alta capacidade de absor\u00e7\u00e3o de impacto. A boia cil\u00edndrica \u00e9 resistente \u00e0 abras\u00e3o e \u00e0 degrada\u00e7\u00e3o ultravioleta.<\/p>\n<p><strong>N\u00f3s fabricamos tr\u00eas tipos principais de boia cil\u00edndrica s\u00e3o: <\/strong><\/p>\n<p>A boia cil\u00edndrica padr\u00e3o tem uma placa\/olho remov\u00edvel com um membro de tens\u00e3o central projetado para atender \u00e0 carga de trabalho segura do cliente.<\/p>\n<p>A boia cil\u00edndrica de corrente tem um tubo central para a cadeia passar. Dispositivo de bloqueio da corrente, numa ou em ambas as extremidades, que prende a boia \u00e0 corrente.<\/p>\n<p>Boia cil\u00edndrica de recolha para servi\u00e7os de marca\u00e7\u00e3o e recolha.<\/p>\n<p><strong>Boia Cil\u00edndrica Padr\u00e3o<\/strong><\/p>\n<p>[id de wptm=7]<\/p>\n<p><strong>Corrente atrav\u00e9s de boia cil\u00edndrica<\/strong><\/p>\n<p>[id de wptm=6]<\/p>\n<p><strong>Boia cil\u00edndrica de recolha<\/strong><\/p>\n<p>[id de wptm=9]<\/p>\n","protected":false},"excerpt":{"rendered":"<p>A boia cil\u00edndrica \u00e9 projetada para aplica\u00e7\u00f5es pesadas de amarra\u00e7\u00e3o, marca\u00e7\u00e3o e fazendas de peixes. Estas boias cil\u00edndricas fabricadas a [&hellip;]<\/p>\n","protected":false},"author":1,"featured_media":0,"parent":77952,"menu_order":0,"comment_status":"closed","ping_status":"closed","template":"","meta":{"site-sidebar-layout":"default","site-content-layout":"","ast-site-content-layout":"default","site-content-style":"default","site-sidebar-style":"default","ast-global-header-display":"","ast-banner-title-visibility":"","ast-main-header-display":"","ast-hfb-above-header-display":"","ast-hfb-below-header-display":"","ast-hfb-mobile-header-display":"","site-post-title":"","ast-breadcrumbs-content":"","ast-featured-img":"","footer-sml-layout":"","ast-disable-related-posts":"","theme-transparent-header-meta":"","adv-header-id-meta":"","stick-header-meta":"","header-above-stick-meta":"","header-main-stick-meta":"","header-below-stick-meta":"","astra-migrate-meta-layouts":"default","ast-page-background-enabled":"default","ast-page-background-meta":{"desktop":{"background-color":"var(--ast-global-color-5)","background-image":"","background-repeat":"repeat","background-position":"center center","background-size":"auto","background-attachment":"scroll","background-type":"","background-media":"","overlay-type":"","overlay-color":"","overlay-opacity":"","overlay-gradient":""},"tablet":{"background-color":"","background-image":"","background-repeat":"repeat","background-position":"center center","background-size":"auto","background-attachment":"scroll","background-type":"","background-media":"","overlay-type":"","overlay-color":"","overlay-opacity":"","overlay-gradient":""},"mobile":{"background-color":"","background-image":"","background-repeat":"repeat","background-position":"center center","background-size":"auto","background-attachment":"scroll","background-type":"","background-media":"","overlay-type":"","overlay-color":"","overlay-opacity":"","overlay-gradient":""}},"ast-content-background-meta":{"desktop":{"background-color":"var(--ast-global-color-4)","background-image":"","background-repeat":"repeat","background-position":"center center","background-size":"auto","background-attachment":"scroll","background-type":"","background-media":"","overlay-type":"","overlay-color":"","overlay-opacity":"","overlay-gradient":""},"tablet":{"background-color":"var(--ast-global-color-4)","background-image":"","background-repeat":"repeat","background-position":"center center","background-size":"auto","background-attachment":"scroll","background-type":"","background-media":"","overlay-type":"","overlay-color":"","overlay-opacity":"","overlay-gradient":""},"mobile":{"background-color":"var(--ast-global-color-4)","background-image":"","background-repeat":"repeat","background-position":"center center","background-size":"auto","background-attachment":"scroll","background-type":"","background-media":"","overlay-type":"","overlay-color":"","overlay-opacity":"","overlay-gradient":""}},"footnotes":""},"class_list":["post-77954","page","type-page","status-publish","hentry"],"_links":{"self":[{"href":"https:\/\/mavideniz.com.tr\/pt-pt\/wp-json\/wp\/v2\/pages\/77954","targetHints":{"allow":["GET"]}}],"collection":[{"href":"https:\/\/mavideniz.com.tr\/pt-pt\/wp-json\/wp\/v2\/pages"}],"about":[{"href":"https:\/\/mavideniz.com.tr\/pt-pt\/wp-json\/wp\/v2\/types\/page"}],"author":[{"embeddable":true,"href":"https:\/\/mavideniz.com.tr\/pt-pt\/wp-json\/wp\/v2\/users\/1"}],"replies":[{"embeddable":true,"href":"https:\/\/mavideniz.com.tr\/pt-pt\/wp-json\/wp\/v2\/comments?post=77954"}],"version-history":[{"count":0,"href":"https:\/\/mavideniz.com.tr\/pt-pt\/wp-json\/wp\/v2\/pages\/77954\/revisions"}],"up":[{"embeddable":true,"href":"https:\/\/mavideniz.com.tr\/pt-pt\/wp-json\/wp\/v2\/pages\/77952"}],"wp:attachment":[{"href":"https:\/\/mavideniz.com.tr\/pt-pt\/wp-json\/wp\/v2\/media?parent=77954"}],"curies":[{"name":"wp","href":"https:\/\/api.w.org\/{rel}","templated":true}]}}