{"id":77958,"date":"2025-05-03T18:49:56","date_gmt":"2025-05-03T18:49:56","guid":{"rendered":"https:\/\/mavideniz.com.tr\/?page_id=77958"},"modified":"2025-10-05T00:07:31","modified_gmt":"2025-10-05T00:07:31","slug":"flutuador-de-tubo-flutuador-de-mangueira","status":"publish","type":"page","link":"https:\/\/mavideniz.com.tr\/pt-pt\/produtos-industriais\/boia\/flutuador-de-tubo-flutuador-de-mangueira\/","title":{"rendered":"Flutuador de tubo + flutuador de mangueira"},"content":{"rendered":"\n<p>Pipe Float \u00e9 um flutuador cil\u00edndrico produzido de polietileno preenchido com poliuretano por moldagem rotacional com uma espessura de parede constante, excelente resist\u00eancia ao impacto e alta durabilidade. O Flutuador de Tubula\u00e7\u00e3o \u00e9 projetado para usar Tubula\u00e7\u00e3o HDPE, Tubula\u00e7\u00e3o de A\u00e7o e Mangueira de borracha para opera\u00e7\u00f5es de coloca\u00e7\u00e3o de tubula\u00e7\u00e3o para garantir flutuabilidade positiva<\/p>\n<p><strong>Recursos<\/strong><\/p>\n<ul>\n<li>Flutuabilidade leve e grande<\/li>\n<li>Resist\u00eancia ao choque, UV, resist\u00eancia qu\u00edmica<\/li>\n<li>F\u00e1cil de instalar e baixo custo de manuten\u00e7\u00e3o<\/li>\n<li>Montagem r\u00e1pida<\/li>\n<li>Resistente ao calor: -60-80 \u2103<\/li>\n<li>Cor: amarelo, laranja, vermelho<\/li>\n<li>Acess\u00f3rios: parafusos, arruelas, porcas, espa\u00e7adores<\/li>\n<li>Superf\u00edcie exterior: lisa ou com nervuras.<\/li>\n<\/ul>\n<p>[id de wptm=10]<\/p>\n","protected":false},"excerpt":{"rendered":"<p>Pipe Float \u00e9 um flutuador cil\u00edndrico produzido de polietileno preenchido com poliuretano por moldagem rotacional com uma espessura de parede [&hellip;]<\/p>\n","protected":false},"author":1,"featured_media":0,"parent":77952,"menu_order":0,"comment_status":"closed","ping_status":"closed","template":"","meta":{"site-sidebar-layout":"default","site-content-layout":"","ast-site-content-layout":"default","site-content-style":"default","site-sidebar-style":"default","ast-global-header-display":"","ast-banner-title-visibility":"","ast-main-header-display":"","ast-hfb-above-header-display":"","ast-hfb-below-header-display":"","ast-hfb-mobile-header-display":"","site-post-title":"","ast-breadcrumbs-content":"","ast-featured-img":"","footer-sml-layout":"","ast-disable-related-posts":"","theme-transparent-header-meta":"","adv-header-id-meta":"","stick-header-meta":"","header-above-stick-meta":"","header-main-stick-meta":"","header-below-stick-meta":"","astra-migrate-meta-layouts":"default","ast-page-background-enabled":"default","ast-page-background-meta":{"desktop":{"background-color":"var(--ast-global-color-5)","background-image":"","background-repeat":"repeat","background-position":"center center","background-size":"auto","background-attachment":"scroll","background-type":"","background-media":"","overlay-type":"","overlay-color":"","overlay-opacity":"","overlay-gradient":""},"tablet":{"background-color":"","background-image":"","background-repeat":"repeat","background-position":"center center","background-size":"auto","background-attachment":"scroll","background-type":"","background-media":"","overlay-type":"","overlay-color":"","overlay-opacity":"","overlay-gradient":""},"mobile":{"background-color":"","background-image":"","background-repeat":"repeat","background-position":"center center","background-size":"auto","background-attachment":"scroll","background-type":"","background-media":"","overlay-type":"","overlay-color":"","overlay-opacity":"","overlay-gradient":""}},"ast-content-background-meta":{"desktop":{"background-color":"var(--ast-global-color-4)","background-image":"","background-repeat":"repeat","background-position":"center center","background-size":"auto","background-attachment":"scroll","background-type":"","background-media":"","overlay-type":"","overlay-color":"","overlay-opacity":"","overlay-gradient":""},"tablet":{"background-color":"var(--ast-global-color-4)","background-image":"","background-repeat":"repeat","background-position":"center center","background-size":"auto","background-attachment":"scroll","background-type":"","background-media":"","overlay-type":"","overlay-color":"","overlay-opacity":"","overlay-gradient":""},"mobile":{"background-color":"var(--ast-global-color-4)","background-image":"","background-repeat":"repeat","background-position":"center center","background-size":"auto","background-attachment":"scroll","background-type":"","background-media":"","overlay-type":"","overlay-color":"","overlay-opacity":"","overlay-gradient":""}},"footnotes":""},"class_list":["post-77958","page","type-page","status-publish","hentry"],"_links":{"self":[{"href":"https:\/\/mavideniz.com.tr\/pt-pt\/wp-json\/wp\/v2\/pages\/77958","targetHints":{"allow":["GET"]}}],"collection":[{"href":"https:\/\/mavideniz.com.tr\/pt-pt\/wp-json\/wp\/v2\/pages"}],"about":[{"href":"https:\/\/mavideniz.com.tr\/pt-pt\/wp-json\/wp\/v2\/types\/page"}],"author":[{"embeddable":true,"href":"https:\/\/mavideniz.com.tr\/pt-pt\/wp-json\/wp\/v2\/users\/1"}],"replies":[{"embeddable":true,"href":"https:\/\/mavideniz.com.tr\/pt-pt\/wp-json\/wp\/v2\/comments?post=77958"}],"version-history":[{"count":0,"href":"https:\/\/mavideniz.com.tr\/pt-pt\/wp-json\/wp\/v2\/pages\/77958\/revisions"}],"up":[{"embeddable":true,"href":"https:\/\/mavideniz.com.tr\/pt-pt\/wp-json\/wp\/v2\/pages\/77952"}],"wp:attachment":[{"href":"https:\/\/mavideniz.com.tr\/pt-pt\/wp-json\/wp\/v2\/media?parent=77958"}],"curies":[{"name":"wp","href":"https:\/\/api.w.org\/{rel}","templated":true}]}}