{"id":77964,"date":"2025-05-03T18:51:47","date_gmt":"2025-05-03T18:51:47","guid":{"rendered":"https:\/\/mavideniz.com.tr\/?page_id=77964"},"modified":"2025-10-05T00:07:31","modified_gmt":"2025-10-05T00:07:31","slug":"sistema-de-tratamento-de-agua-de-porao","status":"publish","type":"page","link":"https:\/\/mavideniz.com.tr\/pt-pt\/produtos-industriais\/instalacoes-ambientais-tratamentos\/sistema-de-tratamento-de-agua-de-porao\/","title":{"rendered":"Sistema de Tratamento de \u00c1gua de Por\u00e3o"},"content":{"rendered":"\n<p>Separador de \u00e1gua oleosa projetado para separar \u00f3leo de misturas de \u00e1gua oleosa e a emuls\u00e3o<\/p>\n<p><strong>O ANEXO I<\/strong> do<strong> REGULAMENTO MARPOL<\/strong> limita o teor de hidrocarbonetos nas \u00e1guas de por\u00e3o que o navio pode legitimamente descarregar no mar. A regulamenta\u00e7\u00e3o da Marpol exige que todos os navios e embarca\u00e7\u00f5es disponham de um sistema de monitoriza\u00e7\u00e3o e controlo das descargas de hidrocarbonetos e de um equipamento de filtragem de hidrocarbonetos denominado &#8220;separador hidrocarbonetos\/\u00e1gua&#8221;.<\/p>\n<p>Separador de \u00e1gua oleosa <strong>consiste principalmente em tr\u00eas segmentos<\/strong><\/p>\n<ul>\n<li>Unidade separadora<\/li>\n<li>Filtrar Unidade<\/li>\n<li>Monitor de Conte\u00fado de \u00d3leo e Unidade de Controle<\/li>\n<\/ul>\n<p><strong>Recursos<\/strong><\/p>\n<ul>\n<li>Separador de \u00e1gua oleosa \u00e9 um design compacto<\/li>\n<li>Separador de \u00e1gua oleosa \u00e9 uma descarga de \u00f3leo autom\u00e1tico<\/li>\n<li>Monitor de alarme Oil-in-Water Rivertrace<\/li>\n<li>Separador de \u00e1gua oleosa pode desligamento autom\u00e1tico ou conjunto de v\u00e1lvulas de desvio<\/li>\n<li>Separador de \u00e1gua oleosa \u00e9 entrega r\u00e1pida e servi\u00e7o de pe\u00e7as de reposi\u00e7\u00e3o<\/li>\n<\/ul>\n<p>O separador das \u00e1guas de esgoto deve ser certificado em conformidade com:<\/p>\n<ul>\n<li>OMI &#8211; Resolu\u00e7\u00e3o MEPC 107(49) 60(33).<\/li>\n<li>IMO &#8211; Diretrizes revistas para a aplica\u00e7\u00e3o do Anexo IV da MARPOL 73\/78<\/li>\n<li>Lloyd Register \/ Guarda Costeira dos EUA (USCG)<\/li>\n<li>M\u00f3dulo de homologa\u00e7\u00e3o MED B e F<\/li>\n<\/ul>\n<p>[id de wptm=120]<\/p>\n","protected":false},"excerpt":{"rendered":"<p>Separador de \u00e1gua oleosa projetado para separar \u00f3leo de misturas de \u00e1gua oleosa e a emuls\u00e3o O ANEXO I do [&hellip;]<\/p>\n","protected":false},"author":1,"featured_media":0,"parent":77962,"menu_order":0,"comment_status":"closed","ping_status":"closed","template":"","meta":{"site-sidebar-layout":"default","site-content-layout":"","ast-site-content-layout":"default","site-content-style":"default","site-sidebar-style":"default","ast-global-header-display":"","ast-banner-title-visibility":"","ast-main-header-display":"","ast-hfb-above-header-display":"","ast-hfb-below-header-display":"","ast-hfb-mobile-header-display":"","site-post-title":"","ast-breadcrumbs-content":"","ast-featured-img":"","footer-sml-layout":"","ast-disable-related-posts":"","theme-transparent-header-meta":"","adv-header-id-meta":"","stick-header-meta":"","header-above-stick-meta":"","header-main-stick-meta":"","header-below-stick-meta":"","astra-migrate-meta-layouts":"default","ast-page-background-enabled":"default","ast-page-background-meta":{"desktop":{"background-color":"var(--ast-global-color-5)","background-image":"","background-repeat":"repeat","background-position":"center center","background-size":"auto","background-attachment":"scroll","background-type":"","background-media":"","overlay-type":"","overlay-color":"","overlay-opacity":"","overlay-gradient":""},"tablet":{"background-color":"","background-image":"","background-repeat":"repeat","background-position":"center center","background-size":"auto","background-attachment":"scroll","background-type":"","background-media":"","overlay-type":"","overlay-color":"","overlay-opacity":"","overlay-gradient":""},"mobile":{"background-color":"","background-image":"","background-repeat":"repeat","background-position":"center center","background-size":"auto","background-attachment":"scroll","background-type":"","background-media":"","overlay-type":"","overlay-color":"","overlay-opacity":"","overlay-gradient":""}},"ast-content-background-meta":{"desktop":{"background-color":"var(--ast-global-color-4)","background-image":"","background-repeat":"repeat","background-position":"center center","background-size":"auto","background-attachment":"scroll","background-type":"","background-media":"","overlay-type":"","overlay-color":"","overlay-opacity":"","overlay-gradient":""},"tablet":{"background-color":"var(--ast-global-color-4)","background-image":"","background-repeat":"repeat","background-position":"center center","background-size":"auto","background-attachment":"scroll","background-type":"","background-media":"","overlay-type":"","overlay-color":"","overlay-opacity":"","overlay-gradient":""},"mobile":{"background-color":"var(--ast-global-color-4)","background-image":"","background-repeat":"repeat","background-position":"center center","background-size":"auto","background-attachment":"scroll","background-type":"","background-media":"","overlay-type":"","overlay-color":"","overlay-opacity":"","overlay-gradient":""}},"footnotes":""},"class_list":["post-77964","page","type-page","status-publish","hentry"],"_links":{"self":[{"href":"https:\/\/mavideniz.com.tr\/pt-pt\/wp-json\/wp\/v2\/pages\/77964","targetHints":{"allow":["GET"]}}],"collection":[{"href":"https:\/\/mavideniz.com.tr\/pt-pt\/wp-json\/wp\/v2\/pages"}],"about":[{"href":"https:\/\/mavideniz.com.tr\/pt-pt\/wp-json\/wp\/v2\/types\/page"}],"author":[{"embeddable":true,"href":"https:\/\/mavideniz.com.tr\/pt-pt\/wp-json\/wp\/v2\/users\/1"}],"replies":[{"embeddable":true,"href":"https:\/\/mavideniz.com.tr\/pt-pt\/wp-json\/wp\/v2\/comments?post=77964"}],"version-history":[{"count":0,"href":"https:\/\/mavideniz.com.tr\/pt-pt\/wp-json\/wp\/v2\/pages\/77964\/revisions"}],"up":[{"embeddable":true,"href":"https:\/\/mavideniz.com.tr\/pt-pt\/wp-json\/wp\/v2\/pages\/77962"}],"wp:attachment":[{"href":"https:\/\/mavideniz.com.tr\/pt-pt\/wp-json\/wp\/v2\/media?parent=77964"}],"curies":[{"name":"wp","href":"https:\/\/api.w.org\/{rel}","templated":true}]}}