{"id":77966,"date":"2025-05-03T18:52:20","date_gmt":"2025-05-03T18:52:20","guid":{"rendered":"https:\/\/mavideniz.com.tr\/?page_id=77966"},"modified":"2025-10-05T00:07:31","modified_gmt":"2025-10-05T00:07:31","slug":"tratamento-de-esgoto-marinho","status":"publish","type":"page","link":"https:\/\/mavideniz.com.tr\/pt-pt\/produtos-industriais\/instalacoes-ambientais-tratamentos\/tratamento-de-esgoto-marinho\/","title":{"rendered":"Tratamento de Esgoto Marinho"},"content":{"rendered":"\n<p>O tratamento de \u00e1guas residuais marinhas \u00e9 aprovado para ambos os tipos de \u00e1guas marinhas\/terrestres. Qualquer combina\u00e7\u00e3o de \u00e1gua doce e salgada, WC \/ Chuveiros, banheiros, lavanderia, cozinha.<\/p>\n<p>Descartar o esgoto produzido a bordo de um navio \u00e9 uma das poucas tarefas que devem ser tomadas com o m\u00e1ximo cuidado se se quer salv\u00e1-lo e a sua companhia de navega\u00e7\u00e3o de uma pesada multa. As \u00e1guas residuais produzidas no navio n\u00e3o podem ser armazenadas durante muito tempo, pelo que t\u00eam de ser descarregadas para o mar.<\/p>\n<p>Embora os efluentes possam ser descarregados para o mar, n\u00e3o podemos descarreg\u00e1-los diretamente para o mar, uma vez que alguns regulamentos relativos \u00e0 remo\u00e7\u00e3o de efluentes t\u00eam de ser seguidos. O esgoto no oceano \u00e9 geralmente o lixo produzido por banheiros, urin\u00f3is e embornais WC. Segundo as regras, o esgoto s\u00f3 pode ser descarregado na \u00e1gua do mar depois de tratado, e a dist\u00e2ncia do navio \u00e9 de quatro milhas n\u00e1uticas da terra mais pr\u00f3xima.<\/p>\n<p>Mas se o esgoto n\u00e3o for tratado, ele pode ser descarregado a 12 milhas n\u00e1uticas de dist\u00e2ncia da terra mais pr\u00f3xima. Al\u00e9m disso, as \u00e1guas residuais descarregadas n\u00e3o devem produzir s\u00f3lidos flutuantes vis\u00edveis nem causar qualquer descolora\u00e7\u00e3o da \u00e1gua circundante. Os pormenores das regras relativas \u00e0s descargas de \u00e1guas residuais podem ser consultados no anexo IV da Conven\u00e7\u00e3o MARPOL.<\/p>\n<p>A ETAR est\u00e1 certificada em conformidade com:<\/p>\n<ul>\n<li>USCG sob 33 CFR Parte 159<\/li>\n<li>IMO &#8211; Resolu\u00e7\u00e3o MEPC (VI)<\/li>\n<li>IMO &#8211; Diretrizes revistas para a aplica\u00e7\u00e3o do Anexo IV da MARPOL 73\/78<\/li>\n<li>Registro Lloyd<\/li>\n<\/ul>\n<p>[id de wptm=117]<\/p>\n","protected":false},"excerpt":{"rendered":"<p>O tratamento de \u00e1guas residuais marinhas \u00e9 aprovado para ambos os tipos de \u00e1guas marinhas\/terrestres. Qualquer combina\u00e7\u00e3o de \u00e1gua doce [&hellip;]<\/p>\n","protected":false},"author":1,"featured_media":0,"parent":77962,"menu_order":0,"comment_status":"closed","ping_status":"closed","template":"","meta":{"site-sidebar-layout":"default","site-content-layout":"","ast-site-content-layout":"default","site-content-style":"default","site-sidebar-style":"default","ast-global-header-display":"","ast-banner-title-visibility":"","ast-main-header-display":"","ast-hfb-above-header-display":"","ast-hfb-below-header-display":"","ast-hfb-mobile-header-display":"","site-post-title":"","ast-breadcrumbs-content":"","ast-featured-img":"","footer-sml-layout":"","ast-disable-related-posts":"","theme-transparent-header-meta":"","adv-header-id-meta":"","stick-header-meta":"","header-above-stick-meta":"","header-main-stick-meta":"","header-below-stick-meta":"","astra-migrate-meta-layouts":"default","ast-page-background-enabled":"default","ast-page-background-meta":{"desktop":{"background-color":"var(--ast-global-color-5)","background-image":"","background-repeat":"repeat","background-position":"center center","background-size":"auto","background-attachment":"scroll","background-type":"","background-media":"","overlay-type":"","overlay-color":"","overlay-opacity":"","overlay-gradient":""},"tablet":{"background-color":"","background-image":"","background-repeat":"repeat","background-position":"center center","background-size":"auto","background-attachment":"scroll","background-type":"","background-media":"","overlay-type":"","overlay-color":"","overlay-opacity":"","overlay-gradient":""},"mobile":{"background-color":"","background-image":"","background-repeat":"repeat","background-position":"center center","background-size":"auto","background-attachment":"scroll","background-type":"","background-media":"","overlay-type":"","overlay-color":"","overlay-opacity":"","overlay-gradient":""}},"ast-content-background-meta":{"desktop":{"background-color":"var(--ast-global-color-4)","background-image":"","background-repeat":"repeat","background-position":"center center","background-size":"auto","background-attachment":"scroll","background-type":"","background-media":"","overlay-type":"","overlay-color":"","overlay-opacity":"","overlay-gradient":""},"tablet":{"background-color":"var(--ast-global-color-4)","background-image":"","background-repeat":"repeat","background-position":"center center","background-size":"auto","background-attachment":"scroll","background-type":"","background-media":"","overlay-type":"","overlay-color":"","overlay-opacity":"","overlay-gradient":""},"mobile":{"background-color":"var(--ast-global-color-4)","background-image":"","background-repeat":"repeat","background-position":"center center","background-size":"auto","background-attachment":"scroll","background-type":"","background-media":"","overlay-type":"","overlay-color":"","overlay-opacity":"","overlay-gradient":""}},"footnotes":""},"class_list":["post-77966","page","type-page","status-publish","hentry"],"_links":{"self":[{"href":"https:\/\/mavideniz.com.tr\/pt-pt\/wp-json\/wp\/v2\/pages\/77966","targetHints":{"allow":["GET"]}}],"collection":[{"href":"https:\/\/mavideniz.com.tr\/pt-pt\/wp-json\/wp\/v2\/pages"}],"about":[{"href":"https:\/\/mavideniz.com.tr\/pt-pt\/wp-json\/wp\/v2\/types\/page"}],"author":[{"embeddable":true,"href":"https:\/\/mavideniz.com.tr\/pt-pt\/wp-json\/wp\/v2\/users\/1"}],"replies":[{"embeddable":true,"href":"https:\/\/mavideniz.com.tr\/pt-pt\/wp-json\/wp\/v2\/comments?post=77966"}],"version-history":[{"count":0,"href":"https:\/\/mavideniz.com.tr\/pt-pt\/wp-json\/wp\/v2\/pages\/77966\/revisions"}],"up":[{"embeddable":true,"href":"https:\/\/mavideniz.com.tr\/pt-pt\/wp-json\/wp\/v2\/pages\/77962"}],"wp:attachment":[{"href":"https:\/\/mavideniz.com.tr\/pt-pt\/wp-json\/wp\/v2\/media?parent=77966"}],"curies":[{"name":"wp","href":"https:\/\/api.w.org\/{rel}","templated":true}]}}