{"id":77968,"date":"2025-05-03T18:53:01","date_gmt":"2025-05-03T18:53:01","guid":{"rendered":"https:\/\/mavideniz.com.tr\/?page_id=77968"},"modified":"2025-10-05T00:07:31","modified_gmt":"2025-10-05T00:07:31","slug":"instalacao-de-recepcao-de-residuos-da-marpol","status":"publish","type":"page","link":"https:\/\/mavideniz.com.tr\/pt-pt\/produtos-industriais\/instalacoes-ambientais-tratamentos\/instalacao-de-recepcao-de-residuos-da-marpol\/","title":{"rendered":"Instala\u00e7\u00e3o de Recep\u00e7\u00e3o de Res\u00edduos da Marpol"},"content":{"rendered":"\n<p>A Esta\u00e7\u00e3o de Aceita\u00e7\u00e3o de Res\u00edduos \u00e9 uma instala\u00e7\u00e3o onde as \u00e1guas de por\u00e3o, as \u00e1guas residuais, as lamas, o declive, o \u00f3leo usado e o lixo dos navios que vieram para os portos para fins de carga\/descarga s\u00e3o recebidos e separados em diferentes contentores de acordo com os Regulamentos de Recolha de Res\u00edduos de Navios e de Controlo de Res\u00edduos&#8221;. No escopo do M.A.R.P.O.L. Appendix-I, as \u00e1guas de por\u00e3o ser\u00e3o desidratadas em nossa Esta\u00e7\u00e3o de Aceita\u00e7\u00e3o de Res\u00edduos; as \u00e1guas residuais residuais ser\u00e3o tratadas em nossa usina. De acordo com as disposi\u00e7\u00f5es (Regulamento para o Controlo da Polui\u00e7\u00e3o da \u00c1gua), ser\u00e3o eliminadas nas instala\u00e7\u00f5es licenciadas as disposi\u00e7\u00f5es relativas \u00e0 descarga (Regulamento para o Controlo da Polui\u00e7\u00e3o da \u00c1gua) S.K.K.Y. Lamas, \u00f3leos usados e \u00e1guas residuais de esgoto desidratadas.<\/p>\n<p>Os res\u00edduos de lixo submetidos ao anexo V da M.A.R.P.O.L. ser\u00e3o enviados para uma \u00e1rea de processamento de dep\u00f3sitos de res\u00edduos s\u00f3lidos.<\/p>\n<p><strong>A unidade de transforma\u00e7\u00e3o divide-se em duas se\u00e7\u00f5es:<\/strong><\/p>\n<p>A se\u00e7\u00e3o de res\u00edduos s\u00f3lidos \u00e9 onde todos os res\u00edduos dom\u00e9sticos recolhidos a partir do navio s\u00e3o segregados e tratados para produzir material recicl\u00e1vel de alta qualidade. Temos uma Instala\u00e7\u00e3o de Recupera\u00e7\u00e3o de Materiais (MRF) onde todos os res\u00edduos passam por uma esteira transportadora e s\u00e3o separados em v\u00e1rias categorias: papel, papel\u00e3o, pl\u00e1stico, latas, garrafas de vidro e &#8220;res\u00edduos contaminados n\u00e3o recicl\u00e1veis&#8221;.<\/p>\n<p>Os res\u00edduos contaminados n\u00e3o recicl\u00e1veis, quando aplic\u00e1vel, s\u00e3o colocados nos incineradores de G equipados com torres de depura\u00e7\u00e3o que asseguram que os gases de combust\u00e3o expelidos cumprem n\u00edveis rigorosos de emiss\u00f5es nacionais e internacionais. As incineradoras cumprem as normas ambientais da Uni\u00e3o Europeia, que s\u00e3o extremamente rigorosas.<\/p>\n<p>[id de wptm=118]<\/p>\n","protected":false},"excerpt":{"rendered":"<p>A Esta\u00e7\u00e3o de Aceita\u00e7\u00e3o de Res\u00edduos \u00e9 uma instala\u00e7\u00e3o onde as \u00e1guas de por\u00e3o, as \u00e1guas residuais, as lamas, o [&hellip;]<\/p>\n","protected":false},"author":1,"featured_media":0,"parent":77962,"menu_order":0,"comment_status":"closed","ping_status":"closed","template":"","meta":{"site-sidebar-layout":"default","site-content-layout":"","ast-site-content-layout":"default","site-content-style":"default","site-sidebar-style":"default","ast-global-header-display":"","ast-banner-title-visibility":"","ast-main-header-display":"","ast-hfb-above-header-display":"","ast-hfb-below-header-display":"","ast-hfb-mobile-header-display":"","site-post-title":"","ast-breadcrumbs-content":"","ast-featured-img":"","footer-sml-layout":"","ast-disable-related-posts":"","theme-transparent-header-meta":"","adv-header-id-meta":"","stick-header-meta":"","header-above-stick-meta":"","header-main-stick-meta":"","header-below-stick-meta":"","astra-migrate-meta-layouts":"default","ast-page-background-enabled":"default","ast-page-background-meta":{"desktop":{"background-color":"var(--ast-global-color-5)","background-image":"","background-repeat":"repeat","background-position":"center center","background-size":"auto","background-attachment":"scroll","background-type":"","background-media":"","overlay-type":"","overlay-color":"","overlay-opacity":"","overlay-gradient":""},"tablet":{"background-color":"","background-image":"","background-repeat":"repeat","background-position":"center center","background-size":"auto","background-attachment":"scroll","background-type":"","background-media":"","overlay-type":"","overlay-color":"","overlay-opacity":"","overlay-gradient":""},"mobile":{"background-color":"","background-image":"","background-repeat":"repeat","background-position":"center center","background-size":"auto","background-attachment":"scroll","background-type":"","background-media":"","overlay-type":"","overlay-color":"","overlay-opacity":"","overlay-gradient":""}},"ast-content-background-meta":{"desktop":{"background-color":"var(--ast-global-color-4)","background-image":"","background-repeat":"repeat","background-position":"center center","background-size":"auto","background-attachment":"scroll","background-type":"","background-media":"","overlay-type":"","overlay-color":"","overlay-opacity":"","overlay-gradient":""},"tablet":{"background-color":"var(--ast-global-color-4)","background-image":"","background-repeat":"repeat","background-position":"center center","background-size":"auto","background-attachment":"scroll","background-type":"","background-media":"","overlay-type":"","overlay-color":"","overlay-opacity":"","overlay-gradient":""},"mobile":{"background-color":"var(--ast-global-color-4)","background-image":"","background-repeat":"repeat","background-position":"center center","background-size":"auto","background-attachment":"scroll","background-type":"","background-media":"","overlay-type":"","overlay-color":"","overlay-opacity":"","overlay-gradient":""}},"footnotes":""},"class_list":["post-77968","page","type-page","status-publish","hentry"],"_links":{"self":[{"href":"https:\/\/mavideniz.com.tr\/pt-pt\/wp-json\/wp\/v2\/pages\/77968","targetHints":{"allow":["GET"]}}],"collection":[{"href":"https:\/\/mavideniz.com.tr\/pt-pt\/wp-json\/wp\/v2\/pages"}],"about":[{"href":"https:\/\/mavideniz.com.tr\/pt-pt\/wp-json\/wp\/v2\/types\/page"}],"author":[{"embeddable":true,"href":"https:\/\/mavideniz.com.tr\/pt-pt\/wp-json\/wp\/v2\/users\/1"}],"replies":[{"embeddable":true,"href":"https:\/\/mavideniz.com.tr\/pt-pt\/wp-json\/wp\/v2\/comments?post=77968"}],"version-history":[{"count":0,"href":"https:\/\/mavideniz.com.tr\/pt-pt\/wp-json\/wp\/v2\/pages\/77968\/revisions"}],"up":[{"embeddable":true,"href":"https:\/\/mavideniz.com.tr\/pt-pt\/wp-json\/wp\/v2\/pages\/77962"}],"wp:attachment":[{"href":"https:\/\/mavideniz.com.tr\/pt-pt\/wp-json\/wp\/v2\/media?parent=77968"}],"curies":[{"name":"wp","href":"https:\/\/api.w.org\/{rel}","templated":true}]}}