{"id":77970,"date":"2025-05-03T18:54:45","date_gmt":"2025-05-03T18:54:45","guid":{"rendered":"https:\/\/mavideniz.com.tr\/?page_id=77970"},"modified":"2025-10-05T00:07:31","modified_gmt":"2025-10-05T00:07:31","slug":"incinerador-portatil","status":"publish","type":"page","link":"https:\/\/mavideniz.com.tr\/pt-pt\/produtos-industriais\/instalacoes-ambientais-tratamentos\/incinerador-portatil\/","title":{"rendered":"Incinerador port\u00e1til"},"content":{"rendered":"\n<p>A Incineradora Port\u00e1til Mavi Deniz foi projetada para ser uma incineradora de res\u00edduos industriais de alta temperatura especificamente projetada para queimar res\u00edduos s\u00f3lidos, \u00f3leo de lodo, lodo de esgoto, pl\u00e1sticos, papel, madeira, borracha, pano, trapos oleosos e res\u00edduos alimentares. Deve ser uniformemente carregado e distribu\u00eddo por todo o tambor em combust\u00e3o quando se queimam res\u00edduos com baixo poder calor\u00edfico ou elevado teor de humidade, tais como res\u00edduos m\u00e9dicos n\u00e3o infecciosos.<\/p>\n<p>Os dois sopradores el\u00e9tricos de alta velocidade Mini incinerador de cinzas cria uma circula\u00e7\u00e3o de v\u00f3rtice. Com o processo de combust\u00e3o em duas fases, o volume dos materiais reduz em at\u00e9 98% a redu\u00e7\u00e3o de res\u00edduos em volume. Mini Ash Incinerador port\u00e1til deixa para tr\u00e1s um res\u00edduo de cinzas inofensivas.<\/p>\n<p><strong>Recursos<\/strong><\/p>\n<ul>\n<li>Baixo custo de manuten\u00e7\u00e3o + opera\u00e7\u00e3o<\/li>\n<li>Elimina\u00e7\u00e3o total de res\u00edduos<\/li>\n<li>F\u00e1cil de mover, totalmente port\u00e1til<\/li>\n<li>Ecologicamente correto<\/li>\n<\/ul>\n<p>[id de wptm=121]<\/p>\n","protected":false},"excerpt":{"rendered":"<p>A Incineradora Port\u00e1til Mavi Deniz foi projetada para ser uma incineradora de res\u00edduos industriais de alta temperatura especificamente projetada para [&hellip;]<\/p>\n","protected":false},"author":1,"featured_media":0,"parent":77962,"menu_order":0,"comment_status":"closed","ping_status":"closed","template":"","meta":{"site-sidebar-layout":"default","site-content-layout":"","ast-site-content-layout":"default","site-content-style":"default","site-sidebar-style":"default","ast-global-header-display":"","ast-banner-title-visibility":"","ast-main-header-display":"","ast-hfb-above-header-display":"","ast-hfb-below-header-display":"","ast-hfb-mobile-header-display":"","site-post-title":"","ast-breadcrumbs-content":"","ast-featured-img":"","footer-sml-layout":"","ast-disable-related-posts":"","theme-transparent-header-meta":"","adv-header-id-meta":"","stick-header-meta":"","header-above-stick-meta":"","header-main-stick-meta":"","header-below-stick-meta":"","astra-migrate-meta-layouts":"default","ast-page-background-enabled":"default","ast-page-background-meta":{"desktop":{"background-color":"var(--ast-global-color-5)","background-image":"","background-repeat":"repeat","background-position":"center center","background-size":"auto","background-attachment":"scroll","background-type":"","background-media":"","overlay-type":"","overlay-color":"","overlay-opacity":"","overlay-gradient":""},"tablet":{"background-color":"","background-image":"","background-repeat":"repeat","background-position":"center center","background-size":"auto","background-attachment":"scroll","background-type":"","background-media":"","overlay-type":"","overlay-color":"","overlay-opacity":"","overlay-gradient":""},"mobile":{"background-color":"","background-image":"","background-repeat":"repeat","background-position":"center center","background-size":"auto","background-attachment":"scroll","background-type":"","background-media":"","overlay-type":"","overlay-color":"","overlay-opacity":"","overlay-gradient":""}},"ast-content-background-meta":{"desktop":{"background-color":"var(--ast-global-color-4)","background-image":"","background-repeat":"repeat","background-position":"center center","background-size":"auto","background-attachment":"scroll","background-type":"","background-media":"","overlay-type":"","overlay-color":"","overlay-opacity":"","overlay-gradient":""},"tablet":{"background-color":"var(--ast-global-color-4)","background-image":"","background-repeat":"repeat","background-position":"center center","background-size":"auto","background-attachment":"scroll","background-type":"","background-media":"","overlay-type":"","overlay-color":"","overlay-opacity":"","overlay-gradient":""},"mobile":{"background-color":"var(--ast-global-color-4)","background-image":"","background-repeat":"repeat","background-position":"center center","background-size":"auto","background-attachment":"scroll","background-type":"","background-media":"","overlay-type":"","overlay-color":"","overlay-opacity":"","overlay-gradient":""}},"footnotes":""},"class_list":["post-77970","page","type-page","status-publish","hentry"],"_links":{"self":[{"href":"https:\/\/mavideniz.com.tr\/pt-pt\/wp-json\/wp\/v2\/pages\/77970","targetHints":{"allow":["GET"]}}],"collection":[{"href":"https:\/\/mavideniz.com.tr\/pt-pt\/wp-json\/wp\/v2\/pages"}],"about":[{"href":"https:\/\/mavideniz.com.tr\/pt-pt\/wp-json\/wp\/v2\/types\/page"}],"author":[{"embeddable":true,"href":"https:\/\/mavideniz.com.tr\/pt-pt\/wp-json\/wp\/v2\/users\/1"}],"replies":[{"embeddable":true,"href":"https:\/\/mavideniz.com.tr\/pt-pt\/wp-json\/wp\/v2\/comments?post=77970"}],"version-history":[{"count":0,"href":"https:\/\/mavideniz.com.tr\/pt-pt\/wp-json\/wp\/v2\/pages\/77970\/revisions"}],"up":[{"embeddable":true,"href":"https:\/\/mavideniz.com.tr\/pt-pt\/wp-json\/wp\/v2\/pages\/77962"}],"wp:attachment":[{"href":"https:\/\/mavideniz.com.tr\/pt-pt\/wp-json\/wp\/v2\/media?parent=77970"}],"curies":[{"name":"wp","href":"https:\/\/api.w.org\/{rel}","templated":true}]}}