{"id":77972,"date":"2025-05-03T18:55:54","date_gmt":"2025-05-03T18:55:54","guid":{"rendered":"https:\/\/mavideniz.com.tr\/?page_id=77972"},"modified":"2025-10-05T00:07:31","modified_gmt":"2025-10-05T00:07:31","slug":"guarda-lamas","status":"publish","type":"page","link":"https:\/\/mavideniz.com.tr\/pt-pt\/produtos-industriais\/para-choque\/guarda-lamas\/","title":{"rendered":"Guarda-lamas"},"content":{"rendered":"\n<p>Mavi Deniz, o Arch Fender foi projetado para absorver a energia de colis\u00e3o entre o navio e a doca quando atracar para atracar para ber\u00e7os, cais de golfinhos, portos offshore e terminais.<\/p>\n<p>Arch Fender arco borracha pode ser um painel de face UHMW-PE ou um painel de a\u00e7o ou ser integrado em outra estrutura. Este projeto pode reduzir a tor\u00e7\u00e3o na parte inferior do para-lamas dramaticamente o prolongar a vida \u00fatil do corpo do para-lamas de borracha. As almofadas de rosto UHMW-PE t\u00eam v\u00e1rias cores e podem ser substitu\u00eddas facilmente.<\/p>\n<p><strong>Recursos<\/strong><\/p>\n<ul>\n<li>F\u00e1cil montagem e opera\u00e7\u00e3o<\/li>\n<li>For\u00e7a de rea\u00e7\u00e3o baixa e alta capacidade de absor\u00e7\u00e3o de energia<\/li>\n<li>Ampla gama de tamanhos<\/li>\n<li>Painel frontal UHMW-PE<\/li>\n<li>Painel frontal de a\u00e7o<\/li>\n<li>Pode ser instalado vertical ou horizontalmente<\/li>\n<li>PIANC testado e certificado<\/li>\n<\/ul>\n<p>[id de wptm=12]<\/p>\n","protected":false},"excerpt":{"rendered":"<p>Mavi Deniz, o Arch Fender foi projetado para absorver a energia de colis\u00e3o entre o navio e a doca quando [&hellip;]<\/p>\n","protected":false},"author":1,"featured_media":0,"parent":77974,"menu_order":0,"comment_status":"closed","ping_status":"closed","template":"","meta":{"site-sidebar-layout":"default","site-content-layout":"","ast-site-content-layout":"default","site-content-style":"default","site-sidebar-style":"default","ast-global-header-display":"","ast-banner-title-visibility":"","ast-main-header-display":"","ast-hfb-above-header-display":"","ast-hfb-below-header-display":"","ast-hfb-mobile-header-display":"","site-post-title":"","ast-breadcrumbs-content":"","ast-featured-img":"","footer-sml-layout":"","ast-disable-related-posts":"","theme-transparent-header-meta":"","adv-header-id-meta":"","stick-header-meta":"","header-above-stick-meta":"","header-main-stick-meta":"","header-below-stick-meta":"","astra-migrate-meta-layouts":"default","ast-page-background-enabled":"default","ast-page-background-meta":{"desktop":{"background-color":"var(--ast-global-color-5)","background-image":"","background-repeat":"repeat","background-position":"center center","background-size":"auto","background-attachment":"scroll","background-type":"","background-media":"","overlay-type":"","overlay-color":"","overlay-opacity":"","overlay-gradient":""},"tablet":{"background-color":"","background-image":"","background-repeat":"repeat","background-position":"center center","background-size":"auto","background-attachment":"scroll","background-type":"","background-media":"","overlay-type":"","overlay-color":"","overlay-opacity":"","overlay-gradient":""},"mobile":{"background-color":"","background-image":"","background-repeat":"repeat","background-position":"center center","background-size":"auto","background-attachment":"scroll","background-type":"","background-media":"","overlay-type":"","overlay-color":"","overlay-opacity":"","overlay-gradient":""}},"ast-content-background-meta":{"desktop":{"background-color":"var(--ast-global-color-4)","background-image":"","background-repeat":"repeat","background-position":"center center","background-size":"auto","background-attachment":"scroll","background-type":"","background-media":"","overlay-type":"","overlay-color":"","overlay-opacity":"","overlay-gradient":""},"tablet":{"background-color":"var(--ast-global-color-4)","background-image":"","background-repeat":"repeat","background-position":"center center","background-size":"auto","background-attachment":"scroll","background-type":"","background-media":"","overlay-type":"","overlay-color":"","overlay-opacity":"","overlay-gradient":""},"mobile":{"background-color":"var(--ast-global-color-4)","background-image":"","background-repeat":"repeat","background-position":"center center","background-size":"auto","background-attachment":"scroll","background-type":"","background-media":"","overlay-type":"","overlay-color":"","overlay-opacity":"","overlay-gradient":""}},"footnotes":""},"class_list":["post-77972","page","type-page","status-publish","hentry"],"_links":{"self":[{"href":"https:\/\/mavideniz.com.tr\/pt-pt\/wp-json\/wp\/v2\/pages\/77972","targetHints":{"allow":["GET"]}}],"collection":[{"href":"https:\/\/mavideniz.com.tr\/pt-pt\/wp-json\/wp\/v2\/pages"}],"about":[{"href":"https:\/\/mavideniz.com.tr\/pt-pt\/wp-json\/wp\/v2\/types\/page"}],"author":[{"embeddable":true,"href":"https:\/\/mavideniz.com.tr\/pt-pt\/wp-json\/wp\/v2\/users\/1"}],"replies":[{"embeddable":true,"href":"https:\/\/mavideniz.com.tr\/pt-pt\/wp-json\/wp\/v2\/comments?post=77972"}],"version-history":[{"count":0,"href":"https:\/\/mavideniz.com.tr\/pt-pt\/wp-json\/wp\/v2\/pages\/77972\/revisions"}],"up":[{"embeddable":true,"href":"https:\/\/mavideniz.com.tr\/pt-pt\/wp-json\/wp\/v2\/pages\/77974"}],"wp:attachment":[{"href":"https:\/\/mavideniz.com.tr\/pt-pt\/wp-json\/wp\/v2\/media?parent=77972"}],"curies":[{"name":"wp","href":"https:\/\/api.w.org\/{rel}","templated":true}]}}