{"id":77977,"date":"2025-05-03T19:22:52","date_gmt":"2025-05-03T19:22:52","guid":{"rendered":"https:\/\/mavideniz.com.tr\/?page_id=77977"},"modified":"2025-10-05T00:07:30","modified_gmt":"2025-10-05T00:07:30","slug":"para-choque-pneumatico","status":"publish","type":"page","link":"https:\/\/mavideniz.com.tr\/pt-pt\/produtos-industriais\/para-choque\/para-choque-pneumatico\/","title":{"rendered":"P\u00e1ra-choque Pneum\u00e1tico"},"content":{"rendered":"\n<p>Nossos projetos de Fender Pneum\u00e1tico Flutuante usam petroleiros maiores, VLCCs, ULCCs, navio-para-navio (STS), opera\u00e7\u00f5es de transfer\u00eancia de navio-para-doca, terminais, grandes transportadores de g\u00e1s, graneleiros, todos os tipos de navios e estruturas flutuantes.<\/p>\n<p>Nossos defensores desempenham um papel crucial na atraca\u00e7\u00e3o do navio e na opera\u00e7\u00e3o segura da amarra\u00e7\u00e3o. A Mavi Deniz confirma que todos os seus el\u00e9trodos de borracha pneum\u00e1tica inteiramente fabricados cumprem os requisitos do certificado ISO17357 e B.V.<\/p>\n<p><strong>Recursos<\/strong><\/p>\n<ul>\n<li>Nosso Fender pneum\u00e1tico \u00e9 constru\u00eddo de v\u00e1rias camadas de pneu forte e \u00e9, portanto, resistente \u00e0 press\u00e3o e ao corte.<\/li>\n<li>Nosso Fender pneum\u00e1tico utiliza a elasticidade compressiva do ar. Portanto, n\u00e3o h\u00e1 deteriora\u00e7\u00e3o do desempenho devido \u00e0 fadiga.<\/li>\n<li>A absor\u00e7\u00e3o de energia do Fender pneum\u00e1tico n\u00e3o diminui com a compress\u00e3o inclinada de at\u00e9 15 graus.<\/li>\n<li>A for\u00e7a de rea\u00e7\u00e3o do nosso Fender pneum\u00e1tico n\u00e3o aumenta acentuadamente mesmo sob condi\u00e7\u00f5es de carga excessiva.<\/li>\n<li>Os Fenders pneum\u00e1ticos s\u00e3o refor\u00e7ados adequadamente usando um cord\u00e3o de pneu forte para lidar com o corte, for\u00e7as de compress\u00e3o e press\u00e3o interna.<\/li>\n<li>A al\u00e7a pneum\u00e1tica pode ser removida rapidamente para um cais ou cais adequado quando n\u00e3o estiver em uso ou transferida para outro ponto de amarra\u00e7\u00e3o sempre que necess\u00e1rio.<\/li>\n<li>Funda\u00e7\u00f5es pneum\u00e1ticas sem marca\u00e7\u00e3o usam uma borracha externa especialmente formulada para evitar a marca\u00e7\u00e3o do casco do navio.<\/li>\n<li>O tipo de Fender pneum\u00e1tico de baixa press\u00e3o \u00e9 projetado com uma constru\u00e7\u00e3o de corpo mais leve. Nosso Fender pneum\u00e1tico \u00e9 popular para aplica\u00e7\u00f5es que exigem grande folga entre o navio e o molhe ou entre dois navios, mas n\u00e3o necessariamente precisam do alto desempenho de um fender pneum\u00e1tico de alta press\u00e3o padr\u00e3o.<\/li>\n<li>Os para-lamas verticais-pneum\u00e1ticos s\u00e3o concebidos para serem instalados verticalmente (os para-lamas hidropneum\u00e1ticos s\u00e3o balastrados com \u00e1gua). Eles s\u00e3o populares com embarca\u00e7\u00f5es cujo ponto de atraca\u00e7\u00e3o est\u00e1 abaixo da linha de \u00e1gua, como navios catamar\u00e3s, plataformas semissubmers\u00edveis ou outros submers\u00edveis. Al\u00e9m disso, eles s\u00e3o adequados como para-lamas secund\u00e1rios na proa e na popa do navio.<\/li>\n<li>O rel\u00f3gio Fender pneum\u00e1tico \u00e9 conveniente para verificar a press\u00e3o interna usando sensores instalados no corpo do fender e receptor. O receptor pode usar para um ou v\u00e1rios para-lamas simultaneamente.<\/li>\n<li>Globuoy \u00e9 um fender pneum\u00e1tico modificado usado como uma boia de superf\u00edcie ou submarina na instala\u00e7\u00e3o de equipamentos, amarra\u00e7\u00e3o, ancoragem e v\u00e1rias opera\u00e7\u00f5es offshore. Pode ser usado com press\u00e3o de trabalho mais alta ou preenchido com material resistente \u00e0 press\u00e3o para v\u00e1rias aplica\u00e7\u00f5es subaqu\u00e1ticas. \u00c9 uma boia n\u00e3o dobr\u00e1vel em caso de submers\u00e3o excessiva.<\/li>\n<\/ul>\n<p>[id de wptm=13]<\/p>\n","protected":false},"excerpt":{"rendered":"<p>Nossos projetos de Fender Pneum\u00e1tico Flutuante usam petroleiros maiores, VLCCs, ULCCs, navio-para-navio (STS), opera\u00e7\u00f5es de transfer\u00eancia de navio-para-doca, terminais, grandes [&hellip;]<\/p>\n","protected":false},"author":1,"featured_media":0,"parent":77974,"menu_order":0,"comment_status":"closed","ping_status":"closed","template":"","meta":{"site-sidebar-layout":"default","site-content-layout":"","ast-site-content-layout":"default","site-content-style":"default","site-sidebar-style":"default","ast-global-header-display":"","ast-banner-title-visibility":"","ast-main-header-display":"","ast-hfb-above-header-display":"","ast-hfb-below-header-display":"","ast-hfb-mobile-header-display":"","site-post-title":"","ast-breadcrumbs-content":"","ast-featured-img":"","footer-sml-layout":"","ast-disable-related-posts":"","theme-transparent-header-meta":"","adv-header-id-meta":"","stick-header-meta":"","header-above-stick-meta":"","header-main-stick-meta":"","header-below-stick-meta":"","astra-migrate-meta-layouts":"default","ast-page-background-enabled":"default","ast-page-background-meta":{"desktop":{"background-color":"var(--ast-global-color-5)","background-image":"","background-repeat":"repeat","background-position":"center center","background-size":"auto","background-attachment":"scroll","background-type":"","background-media":"","overlay-type":"","overlay-color":"","overlay-opacity":"","overlay-gradient":""},"tablet":{"background-color":"","background-image":"","background-repeat":"repeat","background-position":"center center","background-size":"auto","background-attachment":"scroll","background-type":"","background-media":"","overlay-type":"","overlay-color":"","overlay-opacity":"","overlay-gradient":""},"mobile":{"background-color":"","background-image":"","background-repeat":"repeat","background-position":"center center","background-size":"auto","background-attachment":"scroll","background-type":"","background-media":"","overlay-type":"","overlay-color":"","overlay-opacity":"","overlay-gradient":""}},"ast-content-background-meta":{"desktop":{"background-color":"var(--ast-global-color-4)","background-image":"","background-repeat":"repeat","background-position":"center center","background-size":"auto","background-attachment":"scroll","background-type":"","background-media":"","overlay-type":"","overlay-color":"","overlay-opacity":"","overlay-gradient":""},"tablet":{"background-color":"var(--ast-global-color-4)","background-image":"","background-repeat":"repeat","background-position":"center center","background-size":"auto","background-attachment":"scroll","background-type":"","background-media":"","overlay-type":"","overlay-color":"","overlay-opacity":"","overlay-gradient":""},"mobile":{"background-color":"var(--ast-global-color-4)","background-image":"","background-repeat":"repeat","background-position":"center center","background-size":"auto","background-attachment":"scroll","background-type":"","background-media":"","overlay-type":"","overlay-color":"","overlay-opacity":"","overlay-gradient":""}},"footnotes":""},"class_list":["post-77977","page","type-page","status-publish","hentry"],"_links":{"self":[{"href":"https:\/\/mavideniz.com.tr\/pt-pt\/wp-json\/wp\/v2\/pages\/77977","targetHints":{"allow":["GET"]}}],"collection":[{"href":"https:\/\/mavideniz.com.tr\/pt-pt\/wp-json\/wp\/v2\/pages"}],"about":[{"href":"https:\/\/mavideniz.com.tr\/pt-pt\/wp-json\/wp\/v2\/types\/page"}],"author":[{"embeddable":true,"href":"https:\/\/mavideniz.com.tr\/pt-pt\/wp-json\/wp\/v2\/users\/1"}],"replies":[{"embeddable":true,"href":"https:\/\/mavideniz.com.tr\/pt-pt\/wp-json\/wp\/v2\/comments?post=77977"}],"version-history":[{"count":0,"href":"https:\/\/mavideniz.com.tr\/pt-pt\/wp-json\/wp\/v2\/pages\/77977\/revisions"}],"up":[{"embeddable":true,"href":"https:\/\/mavideniz.com.tr\/pt-pt\/wp-json\/wp\/v2\/pages\/77974"}],"wp:attachment":[{"href":"https:\/\/mavideniz.com.tr\/pt-pt\/wp-json\/wp\/v2\/media?parent=77977"}],"curies":[{"name":"wp","href":"https:\/\/api.w.org\/{rel}","templated":true}]}}