{"id":77980,"date":"2025-05-03T19:26:32","date_gmt":"2025-05-03T19:26:32","guid":{"rendered":"https:\/\/mavideniz.com.tr\/?page_id=77980"},"modified":"2025-10-05T00:07:30","modified_gmt":"2025-10-05T00:07:30","slug":"doca-flutuante","status":"publish","type":"page","link":"https:\/\/mavideniz.com.tr\/pt-pt\/produtos-industriais\/doca-flutuante\/","title":{"rendered":"Doca Flutuante"},"content":{"rendered":"\n<p>A Doca flutuante tem diferentes tipos e configura\u00e7\u00f5es dispon\u00edveis. A doca flutuante \u00e9 adequada para residencial, comercial, marina, porto, mar, rio, lago, aplica\u00e7\u00f5es industriais e armazenamento de embarca\u00e7\u00f5es.<\/p>\n<p>A doca flutuante \u00e9 a maneira mais r\u00e1pida e conveniente de atracar a seco seu jet ski, barco ou embarca\u00e7\u00e3o na \u00e1gua. Rolos flutuantes da doca s\u00e3o ajust\u00e1veis para acomodar o casco da embarca\u00e7\u00e3o; rolos de polietileno permitem que voc\u00ea carregue e lance rapidamente.<\/p>\n<p>A doca flutuante tem um sistema de extrus\u00e3o de encravamento para configura\u00e7\u00f5es de encaixe f\u00e1cil para todos os projetos e espa\u00e7os de conv\u00e9s que permitem montar uma infinita variedade de formas, layouts e estruturas, tornando f\u00e1cil para voc\u00ea projetar o sistema de encaixe ideal para suas necessidades \u00fanicas \u00e0 beira-mar e tamb\u00e9m com nossas \u00e2ncoras, correntes e amortecedores de choque, sua doca ser\u00e1 segura e protegida para a esta\u00e7\u00e3o.<\/p>\n<p><strong>Configura\u00e7\u00f5es de Doca Flutuante<\/strong><\/p>\n<ul>\n<li>Criar Seu Layout Personalizado<\/li>\n<li>Em Forma De U<\/li>\n<li>Em Forma De P<\/li>\n<li>Em Forma De T<\/li>\n<li>Em Forma De L<\/li>\n<li>Multi-lapso reto<\/li>\n<li>&#8216;Multi-lapso angular&#8217;<\/li>\n<li>Quebrar parede com v\u00e1rios deslizamentos<\/li>\n<\/ul>\n<p><strong>Recursos<\/strong><\/p>\n<ul>\n<li>Armazenagem de embarca\u00e7\u00f5es<\/li>\n<li>Instala\u00e7\u00e3o\/montagem f\u00e1cil e r\u00e1pida.<\/li>\n<li>O Floating Dock se ajusta perfeitamente a diferentes n\u00edveis de \u00e1gua causados por mar\u00e9s e varia\u00e7\u00f5es sazonais, inunda\u00e7\u00f5es e secas, facilitando a subida e descida da sua embarca\u00e7\u00e3o.<\/li>\n<li>Sem manuten\u00e7\u00e3o: polietileno de alta densidade a 100% = 100% recicl\u00e1vel.<\/li>\n<li>Totalmente configur\u00e1vel e adapt\u00e1vel<\/li>\n<li>Dur\u00e1vel: robusto, resistente \u00e0 polui\u00e7\u00e3o e aos raios ultravioleta, garantido por 20 anos.<\/li>\n<\/ul>\n<p>[id de wptm=126]<\/p>\n","protected":false},"excerpt":{"rendered":"<p>A Doca flutuante tem diferentes tipos e configura\u00e7\u00f5es dispon\u00edveis. A doca flutuante \u00e9 adequada para residencial, comercial, marina, porto, mar, [&hellip;]<\/p>\n","protected":false},"author":1,"featured_media":0,"parent":77915,"menu_order":0,"comment_status":"closed","ping_status":"closed","template":"","meta":{"site-sidebar-layout":"default","site-content-layout":"","ast-site-content-layout":"default","site-content-style":"default","site-sidebar-style":"default","ast-global-header-display":"","ast-banner-title-visibility":"","ast-main-header-display":"","ast-hfb-above-header-display":"","ast-hfb-below-header-display":"","ast-hfb-mobile-header-display":"","site-post-title":"","ast-breadcrumbs-content":"","ast-featured-img":"","footer-sml-layout":"","ast-disable-related-posts":"","theme-transparent-header-meta":"","adv-header-id-meta":"","stick-header-meta":"","header-above-stick-meta":"","header-main-stick-meta":"","header-below-stick-meta":"","astra-migrate-meta-layouts":"default","ast-page-background-enabled":"default","ast-page-background-meta":{"desktop":{"background-color":"var(--ast-global-color-5)","background-image":"","background-repeat":"repeat","background-position":"center center","background-size":"auto","background-attachment":"scroll","background-type":"","background-media":"","overlay-type":"","overlay-color":"","overlay-opacity":"","overlay-gradient":""},"tablet":{"background-color":"","background-image":"","background-repeat":"repeat","background-position":"center center","background-size":"auto","background-attachment":"scroll","background-type":"","background-media":"","overlay-type":"","overlay-color":"","overlay-opacity":"","overlay-gradient":""},"mobile":{"background-color":"","background-image":"","background-repeat":"repeat","background-position":"center center","background-size":"auto","background-attachment":"scroll","background-type":"","background-media":"","overlay-type":"","overlay-color":"","overlay-opacity":"","overlay-gradient":""}},"ast-content-background-meta":{"desktop":{"background-color":"var(--ast-global-color-4)","background-image":"","background-repeat":"repeat","background-position":"center center","background-size":"auto","background-attachment":"scroll","background-type":"","background-media":"","overlay-type":"","overlay-color":"","overlay-opacity":"","overlay-gradient":""},"tablet":{"background-color":"var(--ast-global-color-4)","background-image":"","background-repeat":"repeat","background-position":"center center","background-size":"auto","background-attachment":"scroll","background-type":"","background-media":"","overlay-type":"","overlay-color":"","overlay-opacity":"","overlay-gradient":""},"mobile":{"background-color":"var(--ast-global-color-4)","background-image":"","background-repeat":"repeat","background-position":"center center","background-size":"auto","background-attachment":"scroll","background-type":"","background-media":"","overlay-type":"","overlay-color":"","overlay-opacity":"","overlay-gradient":""}},"footnotes":""},"class_list":["post-77980","page","type-page","status-publish","hentry"],"_links":{"self":[{"href":"https:\/\/mavideniz.com.tr\/pt-pt\/wp-json\/wp\/v2\/pages\/77980","targetHints":{"allow":["GET"]}}],"collection":[{"href":"https:\/\/mavideniz.com.tr\/pt-pt\/wp-json\/wp\/v2\/pages"}],"about":[{"href":"https:\/\/mavideniz.com.tr\/pt-pt\/wp-json\/wp\/v2\/types\/page"}],"author":[{"embeddable":true,"href":"https:\/\/mavideniz.com.tr\/pt-pt\/wp-json\/wp\/v2\/users\/1"}],"replies":[{"embeddable":true,"href":"https:\/\/mavideniz.com.tr\/pt-pt\/wp-json\/wp\/v2\/comments?post=77980"}],"version-history":[{"count":0,"href":"https:\/\/mavideniz.com.tr\/pt-pt\/wp-json\/wp\/v2\/pages\/77980\/revisions"}],"up":[{"embeddable":true,"href":"https:\/\/mavideniz.com.tr\/pt-pt\/wp-json\/wp\/v2\/pages\/77915"}],"wp:attachment":[{"href":"https:\/\/mavideniz.com.tr\/pt-pt\/wp-json\/wp\/v2\/media?parent=77980"}],"curies":[{"name":"wp","href":"https:\/\/api.w.org\/{rel}","templated":true}]}}