{"id":77986,"date":"2025-05-03T19:29:10","date_gmt":"2025-05-03T19:29:10","guid":{"rendered":"https:\/\/mavideniz.com.tr\/?page_id=77986"},"modified":"2025-10-05T00:07:29","modified_gmt":"2025-10-05T00:07:29","slug":"pacote-de-energia-hidraulica-acionado-pelo-motor","status":"publish","type":"page","link":"https:\/\/mavideniz.com.tr\/pt-pt\/produtos-industriais\/pacote-de-energia-hidraulica\/pacote-de-energia-hidraulica-acionado-pelo-motor\/","title":{"rendered":"Pacote de Energia Hidr\u00e1ulica &#8211; Acionado pelo Motor"},"content":{"rendered":"\n<p>O pacote de energia hidr\u00e1ulica Mavi Deniz \u00e9 acionado por motor para converter uma fonte de acionamento prim\u00e1ria em um fluxo de fluido hidr\u00e1ulico para fornecer a energia hidr\u00e1ulica necess\u00e1ria. O Powerpack hidr\u00e1ulico pode usar bobinas de lan\u00e7a, guinchos, escumadeiras, bombas e acionar v\u00e1rias ferramentas de constru\u00e7\u00e3o.<\/p>\n<p>V\u00e1lvulas de controle de press\u00e3o limitam ou controlam a press\u00e3o hidr\u00e1ulica dentro do sistema hidr\u00e1ulico. V\u00e1lvulas hidr\u00e1ulicas de controle direcional: v\u00e1lvulas manuais, el\u00e9tricas, pneum\u00e1ticas ou hidr\u00e1ulicas que direcionam o fluxo de \u00f3leo ao redor do sistema para usar atuadores, motores ou outras fun\u00e7\u00f5es.<\/p>\n<p>O pacote de energia hidr\u00e1ulica tem a norma europeia EN 1834-1:2000, que cobre o funcionamento do motor diesel nas zonas perigosas da Zona 1 ou da Zona 2 onde possam existir gases ou vapores inflam\u00e1veis.<\/p>\n<p>O Pacote de Energia Hidr\u00e1ulica vem em uma ampla gama de classifica\u00e7\u00f5es de energia e \u00e9 feito port\u00e1til com um quadro aberto sobre rodas, com uma estrutura fechada, pacote de energia sob medida, pacote de energia do quadro derrapante, pacote de energia em cont\u00eaineres, pacote de energia montado no reboque.<\/p>\n<p>Os Mavi Deniz Power Packs s\u00e3o feitos usando os melhores componentes dispon\u00edveis, garantindo uma longa vida com servi\u00e7o mundial e entrega de pe\u00e7as de reposi\u00e7\u00e3o em curto prazo. Pacote de energia hidr\u00e1ulica projetado e feito na Turquia.<\/p>\n<p><strong>Recursos | Op\u00e7\u00f5es<\/strong><\/p>\n<ul>\n<li>A ampla variedade de op\u00e7\u00f5es de energia<\/li>\n<li>Circuitos de controlo \u00fanico ou duplo<\/li>\n<li>Compacto, com baixo ru\u00eddo e ecologicamente correto.<\/li>\n<li>F\u00e1cil manuten\u00e7\u00e3o<\/li>\n<li>Painel de controle ergon\u00f4mico<\/li>\n<li>Acess\u00f3rios de liga\u00e7\u00e3o r\u00e1pida de lat\u00e3o resistente \u00e0 corros\u00e3o.<\/li>\n<li>Opera\u00e7\u00f5es locais ou remotas, via controlador wireless<\/li>\n<li>Acabamento atraente revestido com p\u00f3<\/li>\n<li>Rodas pesadas para f\u00e1cil transporte<\/li>\n<li>Desenvolva com componentes de classe internacional.<\/li>\n<li>Gas\u00f3leo | Gasolina | G\u00e1s | H\u00edbrido<\/li>\n<li>Padr\u00e3o | Port\u00e1til | Reboque | Montado sobre patins<\/li>\n<\/ul>\n<p>[id de wptm=96]<\/p>\n","protected":false},"excerpt":{"rendered":"<p>O pacote de energia hidr\u00e1ulica Mavi Deniz \u00e9 acionado por motor para converter uma fonte de acionamento prim\u00e1ria em um [&hellip;]<\/p>\n","protected":false},"author":1,"featured_media":0,"parent":77982,"menu_order":0,"comment_status":"closed","ping_status":"closed","template":"","meta":{"site-sidebar-layout":"default","site-content-layout":"","ast-site-content-layout":"default","site-content-style":"default","site-sidebar-style":"default","ast-global-header-display":"","ast-banner-title-visibility":"","ast-main-header-display":"","ast-hfb-above-header-display":"","ast-hfb-below-header-display":"","ast-hfb-mobile-header-display":"","site-post-title":"","ast-breadcrumbs-content":"","ast-featured-img":"","footer-sml-layout":"","ast-disable-related-posts":"","theme-transparent-header-meta":"","adv-header-id-meta":"","stick-header-meta":"","header-above-stick-meta":"","header-main-stick-meta":"","header-below-stick-meta":"","astra-migrate-meta-layouts":"default","ast-page-background-enabled":"default","ast-page-background-meta":{"desktop":{"background-color":"var(--ast-global-color-5)","background-image":"","background-repeat":"repeat","background-position":"center center","background-size":"auto","background-attachment":"scroll","background-type":"","background-media":"","overlay-type":"","overlay-color":"","overlay-opacity":"","overlay-gradient":""},"tablet":{"background-color":"","background-image":"","background-repeat":"repeat","background-position":"center center","background-size":"auto","background-attachment":"scroll","background-type":"","background-media":"","overlay-type":"","overlay-color":"","overlay-opacity":"","overlay-gradient":""},"mobile":{"background-color":"","background-image":"","background-repeat":"repeat","background-position":"center center","background-size":"auto","background-attachment":"scroll","background-type":"","background-media":"","overlay-type":"","overlay-color":"","overlay-opacity":"","overlay-gradient":""}},"ast-content-background-meta":{"desktop":{"background-color":"var(--ast-global-color-4)","background-image":"","background-repeat":"repeat","background-position":"center center","background-size":"auto","background-attachment":"scroll","background-type":"","background-media":"","overlay-type":"","overlay-color":"","overlay-opacity":"","overlay-gradient":""},"tablet":{"background-color":"var(--ast-global-color-4)","background-image":"","background-repeat":"repeat","background-position":"center center","background-size":"auto","background-attachment":"scroll","background-type":"","background-media":"","overlay-type":"","overlay-color":"","overlay-opacity":"","overlay-gradient":""},"mobile":{"background-color":"var(--ast-global-color-4)","background-image":"","background-repeat":"repeat","background-position":"center center","background-size":"auto","background-attachment":"scroll","background-type":"","background-media":"","overlay-type":"","overlay-color":"","overlay-opacity":"","overlay-gradient":""}},"footnotes":""},"class_list":["post-77986","page","type-page","status-publish","hentry"],"_links":{"self":[{"href":"https:\/\/mavideniz.com.tr\/pt-pt\/wp-json\/wp\/v2\/pages\/77986","targetHints":{"allow":["GET"]}}],"collection":[{"href":"https:\/\/mavideniz.com.tr\/pt-pt\/wp-json\/wp\/v2\/pages"}],"about":[{"href":"https:\/\/mavideniz.com.tr\/pt-pt\/wp-json\/wp\/v2\/types\/page"}],"author":[{"embeddable":true,"href":"https:\/\/mavideniz.com.tr\/pt-pt\/wp-json\/wp\/v2\/users\/1"}],"replies":[{"embeddable":true,"href":"https:\/\/mavideniz.com.tr\/pt-pt\/wp-json\/wp\/v2\/comments?post=77986"}],"version-history":[{"count":0,"href":"https:\/\/mavideniz.com.tr\/pt-pt\/wp-json\/wp\/v2\/pages\/77986\/revisions"}],"up":[{"embeddable":true,"href":"https:\/\/mavideniz.com.tr\/pt-pt\/wp-json\/wp\/v2\/pages\/77982"}],"wp:attachment":[{"href":"https:\/\/mavideniz.com.tr\/pt-pt\/wp-json\/wp\/v2\/media?parent=77986"}],"curies":[{"name":"wp","href":"https:\/\/api.w.org\/{rel}","templated":true}]}}